{"id":3043,"date":"2024-10-11T00:49:11","date_gmt":"2024-10-10T22:49:11","guid":{"rendered":"https:\/\/pressurezone.shop\/?post_type=product&#038;p=3043"},"modified":"2024-11-03T00:48:00","modified_gmt":"2024-11-02T23:48:00","slug":"glueberry-og-strain","status":"publish","type":"product","link":"https:\/\/pressurezone.shop\/it\/prodotto\/ceppo-di-mirtillo-rosso\/","title":{"rendered":"Ceppo Glueberry OG - Ibrido"},"content":{"rendered":"<div class=\"flex-shrink-0 flex flex-col relative items-end\">\n<div>\n<div class=\"pt-0\">\n<div class=\"gizmo-bot-avatar flex h-8 w-8 items-center justify-center overflow-hidden rounded-full\">\n<div class=\"relative p-1 rounded-sm flex items-center justify-center bg-token-main-surface-primary text-token-text-primary h-8 w-8\"><\/div>\n<\/div>\n<\/div>\n<\/div>\n<\/div>\n<div class=\"group\/conversation-turn relative flex w-full min-w-0 flex-col agent-turn\">\n<div class=\"flex-col gap-1 md:gap-3\">\n<div class=\"flex max-w-full flex-col flex-grow\">\n<div class=\"min-h-8 text-message flex w-full flex-col items-end gap-2 whitespace-normal break-words [.text-message+&amp;]:mt-5\" dir=\"auto\" data-message-author-role=\"assistant\" data-message-id=\"ed6d1eda-97b8-4aec-9dbd-487bf2395c6e\" data-message-model-slug=\"gpt-4o\">\n<div class=\"flex w-full flex-col gap-1 empty:hidden first:pt-[3px]\">\n<div class=\"markdown prose w-full break-words dark:prose-invert light\">\n<h3><strong>Comprare Glueberry OG Strain - Ibrido online in Europa<\/strong><\/h3>\n<p>Scoprire <strong>Ceppo Glueberry OG<\/strong>a <strong>variet\u00e0 di cannabis<\/strong> Un ibrido raro e perfettamente bilanciato (50% indica\/50% sativa). Questo potente ibrido \u00e8 il risultato della combinazione della famosa <strong>Colla Gorilla<\/strong>, <strong>OG Kush<\/strong>e <strong>Mirtillo<\/strong>combinando il meglio dei loro effetti per un'esperienza unica.<\/p>\n<h3>Effetti della variet\u00e0 Glueberry OG<\/h3>\n<p><strong>Mirtillo rosso OG<\/strong> inizia con una sensazione di euforia, sollevando la mente con una leggera chiarezza mentale prima di farvi sprofondare in uno stato di annebbiamento e disconnessione. Questo effetto cerebrale lascia gradualmente il posto a un intenso sballo fisico che rilassa profondamente senza addormentare, perfetto per un relax prolungato. Gli effetti ben bilanciati la rendono un'opzione ideale sia per gli appassionati di sativa che di indica alla ricerca di equilibrio mentale e fisico.<a href=\"https:\/\/fuelpackz.com\/\" target=\"_blank\" rel=\"noopener\">.<\/a><\/p>\n<ul>\n<li><strong>Effetti<\/strong> Euforia, rilassamento, elevazione dell'umore<\/li>\n<li><strong>Potenza<\/strong> Contenuto medio di THC da 15 a 20%, ideale per i consumatori che cercano un'intensit\u00e0 moderata ma soddisfacente.<\/li>\n<\/ul>\n<h3>Benefici terapeutici della variet\u00e0 Glueberry OG<\/h3>\n<p>Il Glueberry OG \u00e8 apprezzato anche per le sue propriet\u00e0 terapeutiche. I suoi effetti calmanti e rilassanti sono ideali per alleviare una serie di disturbi:<\/p>\n<ul>\n<li><strong>Stress e PTSD<\/strong> Lenisce i sintomi legati allo stress cronico e al disturbo post-traumatico da stress.<\/li>\n<li><strong>Depressione<\/strong> Promuove uno stato d'animo positivo e aiuta ad alleviare la tristezza e i pensieri depressivi.<\/li>\n<li><strong>Emicranie e mal di testa<\/strong> Allevia il mal di testa e riduce la tensione cranica.<\/li>\n<\/ul>\n<p>Grazie al suo equilibrio unico tra rilassamento mentale e fisico, <strong>Mirtillo rosso OG<\/strong> \u00e8 ideale per i pazienti che desiderano trattare i disturbi senza effetti eccessivamente sedativi.<\/p>\n<h3>Gusti e aromi di Glueberry OG<\/h3>\n<p>Glueberry OG offre un profilo aromatico e gustativo ricco che ricorda le sue prestigiose origini:<\/p>\n<ul>\n<li><strong>I sapori<\/strong> Note dolci e legnose con sentori di bacche e pino, che creano un sapore complesso e piacevole.<\/li>\n<li><strong>Aromi<\/strong> Una miscela di gasolio, agrumi e frutta con una nota speziata, che offre un'intensa esperienza sensoriale fin dalla prima boccata.<\/li>\n<\/ul>\n<p>I consumatori apprezzano il contrasto tra i suoi sapori dolci e legnosi e i suoi aromi fruttati e diesel, che offrono un'esperienza aromatica unica.<\/p>\n<h3>Aspetto di Glueberry OG<\/h3>\n<p>I boccioli di <strong>Mirtillo rosso OG<\/strong> si distinguono per la loro bellezza visiva. Sono di un verde neon brillante, punteggiati da pistilli arancioni e ricoperti da uno strato di tricomi cristallini che brillano alla luce. Queste caratteristiche visive non sono solo piacevoli alla vista, ma indicano anche la qualit\u00e0 e la potenza di questa pianta. <strong>variet\u00e0 di cannabis<\/strong>.<\/p>\n<h3>Perch\u00e9 acquistare la variet\u00e0 Glueberry OG da <a href=\"https:\/\/pressurezone.shop\/it\/\" target=\"_new\" rel=\"noopener\">Zona di pressione<\/a>?<\/h3>\n<p>Selezioniamo con cura i nostri prodotti per offrire variet\u00e0 di alta qualit\u00e0, e Glueberry OG Strain non fa eccezione. Quando acquistate da <strong>Zona di pressione<\/strong>vi garantisce un'esperienza di alto livello:<\/p>\n<ul>\n<li><strong>Qualit\u00e0 superiore<\/strong> I nostri prodotti sono testati per garantire purezza e potenza, offrendo un'esperienza di alta qualit\u00e0.<\/li>\n<li><strong>Servizio affidabile<\/strong> Consegna rapida e discreta in tutta Europa, per permettervi di gustare la vostra Glueberry OG senza problemi.<\/li>\n<\/ul>\n<h3>Domande frequenti<\/h3>\n<h4>Cosa distingue la variet\u00e0 Glueberry OG da altre variet\u00e0 ibride?<\/h4>\n<p>La Glueberry OG \u00e8 una variet\u00e0 perfettamente bilanciata che combina effetti cerebrali e fisici senza causare sonnolenza intensa, rendendola ideale per il relax senza sedazione.<\/p>\n<h4>Glueberry OG \u00e8 adatto per alleviare il dolore?<\/h4>\n<p>S\u00ec, questo <strong>variet\u00e0 di cannabis<\/strong> \u00e8 popolare per alleviare il dolore cronico, in particolare l'emicrania e il mal di testa.<\/p>\n<h4>Quali sono gli effetti pi\u00f9 comuni di Glueberry OG?<\/h4>\n<p>Gli utilizzatori riferiscono sensazioni di euforia, intenso rilassamento fisico e sollievo dallo stress.<\/p>\n<h3>Ordina la variet\u00e0 Glueberry OG - Ibrido online<\/h3>\n<p>Siete pronti a scoprire l'equilibrio perfetto di Glueberry OG Strain? <strong>Acquista ora online<\/strong> su <a href=\"https:\/\/pressurezone.shop\/it\/\" target=\"_new\" rel=\"noopener\">Zona di pressione<\/a> e approfittate del nostro affidabile servizio di consegna e dei nostri prodotti di alta qualit\u00e0 in Europa.<\/p>\n<\/div>\n<\/div>\n<\/div>\n<\/div>\n<\/div>\n<\/div>","protected":false},"excerpt":{"rendered":"<p>Achetez la Vari\u00e9t\u00e9 Glueberry OG Strain \u2013 Hybrid en Ligne en Europe D\u00e9couvrez Glueberry OG Strain, une vari\u00e9t\u00e9 de cannabis hybride rare et parfaitement \u00e9quilibr\u00e9e (50% indica\/50% sativa). Ce puissant hybride est le r\u00e9sultat de l\u2019alliance entre les c\u00e9l\u00e8bres souches Gorilla Glue, OG Kush, et Blueberry, combinant le meilleur de leurs effets pour une exp\u00e9rience [&hellip;]<\/p>","protected":false},"featured_media":3119,"comment_status":"closed","ping_status":"closed","template":"","meta":{"_uag_custom_page_level_css":"","site-sidebar-layout":"default","site-content-layout":"","ast-site-content-layout":"default","site-content-style":"default","site-sidebar-style":"default","ast-global-header-display":"","ast-banner-title-visibility":"","ast-main-header-display":"","ast-hfb-above-header-display":"","ast-hfb-below-header-display":"","ast-hfb-mobile-header-display":"","site-post-title":"","ast-breadcrumbs-content":"","ast-featured-img":"","footer-sml-layout":"","theme-transparent-header-meta":"default","adv-header-id-meta":"","stick-header-meta":"","header-above-stick-meta":"","header-main-stick-meta":"","header-below-stick-meta":"","astra-migrate-meta-layouts":"set","ast-page-background-enabled":"default","ast-page-background-meta":{"desktop":{"background-color":"","background-image":"","background-repeat":"repeat","background-position":"center center","background-size":"auto","background-attachment":"scroll","background-type":"","background-media":"","overlay-type":"","overlay-color":"","overlay-opacity":"","overlay-gradient":""},"tablet":{"background-color":"","background-image":"","background-repeat":"repeat","background-position":"center center","background-size":"auto","background-attachment":"scroll","background-type":"","background-media":"","overlay-type":"","overlay-color":"","overlay-opacity":"","overlay-gradient":""},"mobile":{"background-color":"","background-image":"","background-repeat":"repeat","background-position":"center center","background-size":"auto","background-attachment":"scroll","background-type":"","background-media":"","overlay-type":"","overlay-color":"","overlay-opacity":"","overlay-gradient":""}},"ast-content-background-meta":{"desktop":{"background-color":"var(--ast-global-color-5)","background-image":"","background-repeat":"repeat","background-position":"center center","background-size":"auto","background-attachment":"scroll","background-type":"","background-media":"","overlay-type":"","overlay-color":"","overlay-opacity":"","overlay-gradient":""},"tablet":{"background-color":"var(--ast-global-color-5)","background-image":"","background-repeat":"repeat","background-position":"center center","background-size":"auto","background-attachment":"scroll","background-type":"","background-media":"","overlay-type":"","overlay-color":"","overlay-opacity":"","overlay-gradient":""},"mobile":{"background-color":"var(--ast-global-color-5)","background-image":"","background-repeat":"repeat","background-position":"center center","background-size":"auto","background-attachment":"scroll","background-type":"","background-media":"","overlay-type":"","overlay-color":"","overlay-opacity":"","overlay-gradient":""}}},"product_brand":[],"product_cat":[28,277],"product_tag":[307],"class_list":{"0":"post-3043","1":"product","2":"type-product","3":"status-publish","4":"has-post-thumbnail","6":"product_cat-varietes-de-cannabis","7":"product_cat-varietes-de-cannabis-hybrides","8":"product_tag-buy-glueberry-og-strain-hybrid-europe","9":"desktop-align-left","10":"tablet-align-left","11":"mobile-align-left","13":"first","14":"instock","15":"shipping-taxable","16":"purchasable","17":"product-type-variable"},"uagb_featured_image_src":{"full":["https:\/\/pressurezone.shop\/wp-content\/uploads\/2024\/10\/Glueberry-OG-Strain-\u2013-Hybrid.jpg",2560,1707,false],"thumbnail":["https:\/\/pressurezone.shop\/wp-content\/uploads\/2024\/10\/Glueberry-OG-Strain-\u2013-Hybrid-150x150.jpg",150,150,true],"medium":["https:\/\/pressurezone.shop\/wp-content\/uploads\/2024\/10\/Glueberry-OG-Strain-\u2013-Hybrid-300x200.jpg",300,200,true],"medium_large":["https:\/\/pressurezone.shop\/wp-content\/uploads\/2024\/10\/Glueberry-OG-Strain-\u2013-Hybrid-768x512.jpg",768,512,true],"large":["https:\/\/pressurezone.shop\/wp-content\/uploads\/2024\/10\/Glueberry-OG-Strain-\u2013-Hybrid-1024x683.jpg",1024,683,true],"1536x1536":["https:\/\/pressurezone.shop\/wp-content\/uploads\/2024\/10\/Glueberry-OG-Strain-\u2013-Hybrid-1536x1024.jpg",1536,1024,true],"2048x2048":["https:\/\/pressurezone.shop\/wp-content\/uploads\/2024\/10\/Glueberry-OG-Strain-\u2013-Hybrid-2048x1366.jpg",2048,1366,true],"trp-custom-language-flag":["https:\/\/pressurezone.shop\/wp-content\/uploads\/2024\/10\/Glueberry-OG-Strain-\u2013-Hybrid-18x12.jpg",18,12,true],"woocommerce_thumbnail":["https:\/\/pressurezone.shop\/wp-content\/uploads\/2024\/10\/Glueberry-OG-Strain-\u2013-Hybrid-300x300.jpg",300,300,true],"woocommerce_single":["https:\/\/pressurezone.shop\/wp-content\/uploads\/2024\/10\/Glueberry-OG-Strain-\u2013-Hybrid-600x400.jpg",600,400,true],"woocommerce_gallery_thumbnail":["https:\/\/pressurezone.shop\/wp-content\/uploads\/2024\/10\/Glueberry-OG-Strain-\u2013-Hybrid-100x100.jpg",100,100,true]},"uagb_author_info":{"display_name":"pressurezone.shop","author_link":"https:\/\/pressurezone.shop\/it\/author\/"},"uagb_comment_info":0,"uagb_excerpt":"Achetez la Vari\u00e9t\u00e9 Glueberry OG Strain \u2013 Hybrid en Ligne en Europe D\u00e9couvrez Glueberry OG Strain, une vari\u00e9t\u00e9 de cannabis hybride rare et parfaitement \u00e9quilibr\u00e9e (50% indica\/50% sativa). Ce puissant hybride est le r\u00e9sultat de l\u2019alliance entre les c\u00e9l\u00e8bres souches Gorilla Glue, OG Kush, et Blueberry, combinant le meilleur de leurs effets pour une exp\u00e9rience&hellip;","_links":{"self":[{"href":"https:\/\/pressurezone.shop\/it\/wp-json\/wp\/v2\/product\/3043"}],"collection":[{"href":"https:\/\/pressurezone.shop\/it\/wp-json\/wp\/v2\/product"}],"about":[{"href":"https:\/\/pressurezone.shop\/it\/wp-json\/wp\/v2\/types\/product"}],"replies":[{"embeddable":true,"href":"https:\/\/pressurezone.shop\/it\/wp-json\/wp\/v2\/comments?post=3043"}],"version-history":[{"count":3,"href":"https:\/\/pressurezone.shop\/it\/wp-json\/wp\/v2\/product\/3043\/revisions"}],"predecessor-version":[{"id":3800,"href":"https:\/\/pressurezone.shop\/it\/wp-json\/wp\/v2\/product\/3043\/revisions\/3800"}],"wp:featuredmedia":[{"embeddable":true,"href":"https:\/\/pressurezone.shop\/it\/wp-json\/wp\/v2\/media\/3119"}],"wp:attachment":[{"href":"https:\/\/pressurezone.shop\/it\/wp-json\/wp\/v2\/media?parent=3043"}],"wp:term":[{"taxonomy":"product_brand","embeddable":true,"href":"https:\/\/pressurezone.shop\/it\/wp-json\/wp\/v2\/product_brand?post=3043"},{"taxonomy":"product_cat","embeddable":true,"href":"https:\/\/pressurezone.shop\/it\/wp-json\/wp\/v2\/product_cat?post=3043"},{"taxonomy":"product_tag","embeddable":true,"href":"https:\/\/pressurezone.shop\/it\/wp-json\/wp\/v2\/product_tag?post=3043"}],"curies":[{"name":"wp","href":"https:\/\/api.w.org\/{rel}","templated":true}]}}