{"id":3046,"date":"2024-10-11T00:49:11","date_gmt":"2024-10-10T22:49:11","guid":{"rendered":"https:\/\/pressurezone.shop\/?post_type=product&#038;p=3046"},"modified":"2024-11-03T22:20:35","modified_gmt":"2024-11-03T21:20:35","slug":"sour-tangie-weed-strain","status":"publish","type":"product","link":"https:\/\/pressurezone.shop\/it\/prodotto\/varieta-di-erba-sour-tangie\/","title":{"rendered":"Ceppo di erba Sour Tangie"},"content":{"rendered":"<div class=\"flex-shrink-0 flex flex-col relative items-end\">\n<div>\n<div class=\"pt-0\">\n<div class=\"gizmo-bot-avatar flex h-8 w-8 items-center justify-center overflow-hidden rounded-full\">\n<div class=\"relative p-1 rounded-sm flex items-center justify-center bg-token-main-surface-primary text-token-text-primary h-8 w-8\"><\/div>\n<\/div>\n<\/div>\n<\/div>\n<\/div>\n<div class=\"group\/conversation-turn relative flex w-full min-w-0 flex-col agent-turn\">\n<div class=\"flex-col gap-1 md:gap-3\">\n<div class=\"flex max-w-full flex-col flex-grow\">\n<div class=\"min-h-8 text-message flex w-full flex-col items-end gap-2 whitespace-normal break-words [.text-message+&amp;]:mt-5\" dir=\"auto\" data-message-author-role=\"assistant\" data-message-id=\"37db760e-9abf-48c4-bd46-253dfd9a8cea\" data-message-model-slug=\"gpt-4o\">\n<div class=\"flex w-full flex-col gap-1 empty:hidden first:pt-[3px]\">\n<div class=\"markdown prose w-full break-words dark:prose-invert light\">\n<h3><strong>Acquista la variet\u00e0 di erba Sour Tangie online in Europa su <a href=\"https:\/\/pressurezone.shop\/it\/\" target=\"_new\" rel=\"noopener\">Negozio della zona di pressione<\/a><\/strong><\/h3>\n<p>Scoprire il <strong>Ceppo di erba Sour Tangie<\/strong>una variet\u00e0 ibrida a dominante sativa (80% sativa \/ 20% indica) derivata da un incrocio tra la famosa <strong>Diesel acido della costa orientale<\/strong> e <strong>Tangie<\/strong>. Rinomato per il suo profilo gustativo unico e piccante, <strong>Tangie acide<\/strong> Fornisce un tocco di energia e chiarezza mentale, ideale per una giornata produttiva.<a href=\"https:\/\/fuelpackz.com\/\" target=\"_blank\" rel=\"noopener\">.<\/a><\/p>\n<h3>Perch\u00e9 scegliere la variet\u00e0 di erba Sour Tangie?<\/h3>\n<p><strong>Ceppo di erba Sour Tangie<\/strong> \u00e8 la variet\u00e0 perfetta per gli amanti della sativa alla ricerca di uno sballo energetico e creativo. Con un livello di THC compreso tra 21% e 22%, <strong>Tangie acide<\/strong> \u00e8 ideale per migliorare l'umore e la concentrazione, con un vibrante aroma di limone e gasolio che persiste piacevolmente.<\/p>\n<ul>\n<li><strong>Tipo<\/strong> Ibrido a predominanza sativa (80% Sativa \/ 20% Indica)<\/li>\n<li><strong>THC<\/strong> 21% - 22%, che offrono un effetto stimolante e rinfrescante<\/li>\n<\/ul>\n<h3>Effetti e benefici della variet\u00e0 di erba Sour Tangie<\/h3>\n<p>La <strong>Ceppo di erba Sour Tangie<\/strong> \u00e8 ideale per chi cerca uno sballo euforico e una stimolazione mentale senza pesantezza. Fornisce uno sballo energizzante che lascia una sensazione di attenzione, gioia e creativit\u00e0, perfetta per quei momenti in cui \u00e8 necessario rimanere attivi e concentrati.<\/p>\n<ul>\n<li><strong>Effetti<\/strong> Energizzante, euforica, concentrata, creativa<\/li>\n<li><strong>Perfetto per<\/strong> Depressione, Stanchezza, Perdita di appetito, Stress<\/li>\n<\/ul>\n<h3>Condizioni alleviate dalla variet\u00e0 di cannabis Sour Tangie<\/h3>\n<p>Con i suoi effetti sativa dominanti, <strong>Tangie acide<\/strong> \u00e8 spesso scelto per aiutare a gestire una serie di disturbi mentali e fisici:<\/p>\n<ul>\n<li><strong>Depressione e stress<\/strong> Aiuta a migliorare l'umore e a ridurre la tensione mentale.<\/li>\n<li><strong>Stanchezza e perdita di appetito<\/strong> D\u00e0 una spinta all'energia e all'appetito.<\/li>\n<li><strong>Chiarezza mentale<\/strong> Ideale per migliorare la concentrazione e la produttivit\u00e0.<\/li>\n<\/ul>\n<h3>Sapori e aromi della variet\u00e0 di erba Sour Tangie<\/h3>\n<p>La <strong>Ceppo di erba Sour Tangie<\/strong> \u00e8 famoso per il suo <strong>limoni acidi<\/strong> e<strong>erbe terrose<\/strong> con un potente sapore di <strong>diesel<\/strong>. Il suo aroma mescola note di agrumi e gasolio, creando un'esperienza olfattiva intensa che si sviluppa ad ogni boccata.<\/p>\n<ul>\n<li><strong>I sapori<\/strong> Limone, Diesel, Terra<\/li>\n<li><strong>Aromi<\/strong> Agrumi, Diesel, Terra<\/li>\n<\/ul>\n<h3>Aspetto del fiore di cannabis Sour Tangie<\/h3>\n<p>I boccioli di <strong>Tangie acide<\/strong> sono di colore verde brillante con sfumature arancioni e uno strato di tricomi cristallini, che conferiscono loro un aspetto resinoso e appetitoso. Il loro aspetto lucido e denso le rende un piacere da maneggiare e osservare per gli amanti della cannabis di qualit\u00e0.<\/p>\n<h3>Ordina la variet\u00e0 di erba Sour Tangie online dal Pressure Zone Shop<\/h3>\n<p>Pronti a godervi l'energia rinvigorente e i sapori vivaci del <strong>Ceppo di erba Sour Tangie<\/strong> ? Ordinate oggi stesso da <a href=\"https:\/\/pressurezone.shop\/it\/\" target=\"_new\" rel=\"noopener\">Negozio della zona di pressione<\/a> per un'esperienza di cannabis stimolante e rinfrescante, perfetta per dare energia alla giornata. Sia che siate alla ricerca di una spinta mentale o di un gusto zesty lemon, <strong>Tangie acide<\/strong> \u00e8 la scelta perfetta per un'esperienza superiore.<\/p>\n<\/div>\n<\/div>\n<\/div>\n<\/div>\n<\/div>\n<\/div>","protected":false},"excerpt":{"rendered":"<p>Achetez la Sour Tangie Weed Strain en Ligne en Europe sur Pressure Zone Shop D\u00e9couvrez la Sour Tangie Weed Strain, une vari\u00e9t\u00e9 hybride \u00e0 dominance sativa (80% sativa \/ 20% indica) issue du croisement entre les c\u00e9l\u00e8bres East Coast Sour Diesel et Tangie. Reconnue pour son profil de saveur unique et acidul\u00e9, Sour Tangie apporte [&hellip;]<\/p>","protected":false},"featured_media":3128,"comment_status":"closed","ping_status":"closed","template":"","meta":{"_uag_custom_page_level_css":"","site-sidebar-layout":"default","site-content-layout":"","ast-site-content-layout":"default","site-content-style":"default","site-sidebar-style":"default","ast-global-header-display":"","ast-banner-title-visibility":"","ast-main-header-display":"","ast-hfb-above-header-display":"","ast-hfb-below-header-display":"","ast-hfb-mobile-header-display":"","site-post-title":"","ast-breadcrumbs-content":"","ast-featured-img":"","footer-sml-layout":"","theme-transparent-header-meta":"default","adv-header-id-meta":"","stick-header-meta":"","header-above-stick-meta":"","header-main-stick-meta":"","header-below-stick-meta":"","astra-migrate-meta-layouts":"set","ast-page-background-enabled":"default","ast-page-background-meta":{"desktop":{"background-color":"","background-image":"","background-repeat":"repeat","background-position":"center center","background-size":"auto","background-attachment":"scroll","background-type":"","background-media":"","overlay-type":"","overlay-color":"","overlay-opacity":"","overlay-gradient":""},"tablet":{"background-color":"","background-image":"","background-repeat":"repeat","background-position":"center center","background-size":"auto","background-attachment":"scroll","background-type":"","background-media":"","overlay-type":"","overlay-color":"","overlay-opacity":"","overlay-gradient":""},"mobile":{"background-color":"","background-image":"","background-repeat":"repeat","background-position":"center center","background-size":"auto","background-attachment":"scroll","background-type":"","background-media":"","overlay-type":"","overlay-color":"","overlay-opacity":"","overlay-gradient":""}},"ast-content-background-meta":{"desktop":{"background-color":"var(--ast-global-color-5)","background-image":"","background-repeat":"repeat","background-position":"center center","background-size":"auto","background-attachment":"scroll","background-type":"","background-media":"","overlay-type":"","overlay-color":"","overlay-opacity":"","overlay-gradient":""},"tablet":{"background-color":"var(--ast-global-color-5)","background-image":"","background-repeat":"repeat","background-position":"center center","background-size":"auto","background-attachment":"scroll","background-type":"","background-media":"","overlay-type":"","overlay-color":"","overlay-opacity":"","overlay-gradient":""},"mobile":{"background-color":"var(--ast-global-color-5)","background-image":"","background-repeat":"repeat","background-position":"center center","background-size":"auto","background-attachment":"scroll","background-type":"","background-media":"","overlay-type":"","overlay-color":"","overlay-opacity":"","overlay-gradient":""}}},"product_brand":[],"product_cat":[28,273],"product_tag":[310],"class_list":{"0":"post-3046","1":"product","2":"type-product","3":"status-publish","4":"has-post-thumbnail","6":"product_cat-varietes-de-cannabis","7":"product_cat-varietes-de-cannabis-sativa","8":"product_tag-order-sour-tangie-weed-strain-europe","9":"desktop-align-left","10":"tablet-align-left","11":"mobile-align-left","13":"first","14":"instock","15":"shipping-taxable","16":"purchasable","17":"product-type-variable"},"uagb_featured_image_src":{"full":["https:\/\/pressurezone.shop\/wp-content\/uploads\/2024\/10\/Sour-Tangie-Weed-Strain.webp",2048,1365,false],"thumbnail":["https:\/\/pressurezone.shop\/wp-content\/uploads\/2024\/10\/Sour-Tangie-Weed-Strain-150x150.webp",150,150,true],"medium":["https:\/\/pressurezone.shop\/wp-content\/uploads\/2024\/10\/Sour-Tangie-Weed-Strain-300x200.webp",300,200,true],"medium_large":["https:\/\/pressurezone.shop\/wp-content\/uploads\/2024\/10\/Sour-Tangie-Weed-Strain-768x512.webp",768,512,true],"large":["https:\/\/pressurezone.shop\/wp-content\/uploads\/2024\/10\/Sour-Tangie-Weed-Strain-1024x683.webp",1024,683,true],"1536x1536":["https:\/\/pressurezone.shop\/wp-content\/uploads\/2024\/10\/Sour-Tangie-Weed-Strain-1536x1024.webp",1536,1024,true],"2048x2048":["https:\/\/pressurezone.shop\/wp-content\/uploads\/2024\/10\/Sour-Tangie-Weed-Strain.webp",2048,1365,false],"trp-custom-language-flag":["https:\/\/pressurezone.shop\/wp-content\/uploads\/2024\/10\/Sour-Tangie-Weed-Strain-18x12.webp",18,12,true],"woocommerce_thumbnail":["https:\/\/pressurezone.shop\/wp-content\/uploads\/2024\/10\/Sour-Tangie-Weed-Strain-300x300.webp",300,300,true],"woocommerce_single":["https:\/\/pressurezone.shop\/wp-content\/uploads\/2024\/10\/Sour-Tangie-Weed-Strain-600x400.webp",600,400,true],"woocommerce_gallery_thumbnail":["https:\/\/pressurezone.shop\/wp-content\/uploads\/2024\/10\/Sour-Tangie-Weed-Strain-100x100.webp",100,100,true]},"uagb_author_info":{"display_name":"pressurezone.shop","author_link":"https:\/\/pressurezone.shop\/it\/author\/"},"uagb_comment_info":0,"uagb_excerpt":"Achetez la Sour Tangie Weed Strain en Ligne en Europe sur Pressure Zone Shop D\u00e9couvrez la Sour Tangie Weed Strain, une vari\u00e9t\u00e9 hybride \u00e0 dominance sativa (80% sativa \/ 20% indica) issue du croisement entre les c\u00e9l\u00e8bres East Coast Sour Diesel et Tangie. Reconnue pour son profil de saveur unique et acidul\u00e9, Sour Tangie apporte&hellip;","_links":{"self":[{"href":"https:\/\/pressurezone.shop\/it\/wp-json\/wp\/v2\/product\/3046"}],"collection":[{"href":"https:\/\/pressurezone.shop\/it\/wp-json\/wp\/v2\/product"}],"about":[{"href":"https:\/\/pressurezone.shop\/it\/wp-json\/wp\/v2\/types\/product"}],"replies":[{"embeddable":true,"href":"https:\/\/pressurezone.shop\/it\/wp-json\/wp\/v2\/comments?post=3046"}],"version-history":[{"count":3,"href":"https:\/\/pressurezone.shop\/it\/wp-json\/wp\/v2\/product\/3046\/revisions"}],"predecessor-version":[{"id":4046,"href":"https:\/\/pressurezone.shop\/it\/wp-json\/wp\/v2\/product\/3046\/revisions\/4046"}],"wp:featuredmedia":[{"embeddable":true,"href":"https:\/\/pressurezone.shop\/it\/wp-json\/wp\/v2\/media\/3128"}],"wp:attachment":[{"href":"https:\/\/pressurezone.shop\/it\/wp-json\/wp\/v2\/media?parent=3046"}],"wp:term":[{"taxonomy":"product_brand","embeddable":true,"href":"https:\/\/pressurezone.shop\/it\/wp-json\/wp\/v2\/product_brand?post=3046"},{"taxonomy":"product_cat","embeddable":true,"href":"https:\/\/pressurezone.shop\/it\/wp-json\/wp\/v2\/product_cat?post=3046"},{"taxonomy":"product_tag","embeddable":true,"href":"https:\/\/pressurezone.shop\/it\/wp-json\/wp\/v2\/product_tag?post=3046"}],"curies":[{"name":"wp","href":"https:\/\/api.w.org\/{rel}","templated":true}]}}