{"id":3048,"date":"2024-10-11T00:49:11","date_gmt":"2024-10-10T22:49:11","guid":{"rendered":"https:\/\/pressurezone.shop\/?post_type=product&#038;p=3048"},"modified":"2024-11-03T21:19:20","modified_gmt":"2024-11-03T20:19:20","slug":"lemon-haze-strain-aaa-small-buds","status":"publish","type":"product","link":"https:\/\/pressurezone.shop\/it\/prodotto\/ceppo-lemon-haze-aaa-gemme-piccole\/","title":{"rendered":"Ceppo Lemon Haze AAA Cime piccole - Ibrido a dominanza sativa"},"content":{"rendered":"<div class=\"flex-shrink-0 flex flex-col relative items-end\">\n<div>\n<div class=\"pt-0\">\n<div class=\"gizmo-bot-avatar flex h-8 w-8 items-center justify-center overflow-hidden rounded-full\">\n<div class=\"relative p-1 rounded-sm flex items-center justify-center bg-token-main-surface-primary text-token-text-primary h-8 w-8\"><\/div>\n<\/div>\n<\/div>\n<\/div>\n<\/div>\n<div class=\"group\/conversation-turn relative flex w-full min-w-0 flex-col agent-turn\">\n<div class=\"flex-col gap-1 md:gap-3\">\n<div class=\"flex max-w-full flex-col flex-grow\">\n<div class=\"min-h-8 text-message flex w-full flex-col items-end gap-2 whitespace-normal break-words [.text-message+&amp;]:mt-5\" dir=\"auto\" data-message-author-role=\"assistant\" data-message-id=\"156cfc57-297d-419c-9a0e-9fc036d28077\" data-message-model-slug=\"gpt-4o\">\n<div class=\"flex w-full flex-col gap-1 empty:hidden first:pt-[3px]\">\n<div class=\"markdown prose w-full break-words dark:prose-invert light\">\n<h3><strong>Acquista Lemon Haze Strain AAA Small Buds - Ibrido a dominanza sativa online in Europa su <a href=\"https:\/\/pressurezone.shop\/it\/\" target=\"_new\" rel=\"noopener\">Negozio della zona di pressione<\/a><\/strong><\/h3>\n<p>&nbsp;<\/p>\n<p>Scoprire il <strong>Ceppo Lemon Haze AAA Cime piccole - Ibrido a dominanza sativa<\/strong>una variet\u00e0 eccezionale nata da un incrocio tra <strong>Nebbia d'argento<\/strong> e <strong>Lemon Skunk<\/strong>. Con il suo rapporto 70:30 sativa\/indica, <strong>Limone Haze<\/strong> \u00e8 ideale per chi cerca una scarica di energia ed euforia, godendo al contempo di un dolce rilassamento alla fine della seduta.<\/p>\n<h3>Perch\u00e9 scegliere Lemon Haze Strain AAA Small Buds - Ibrido a dominanza sativa?<\/h3>\n<p><strong>Limone Haze<\/strong> \u00e8 un must per gli appassionati di sapori vivaci ed effetti stimolanti. Offre un'esperienza rinvigorente con la sua <strong>THC di 17%<\/strong> e un tocco di <strong>CBD a 0,38%<\/strong>offrendo uno sballo ben bilanciato. La sua caratteristica fragranza di limone fresco e le sue note agrumate la rendono una scelta popolare tra coloro che cercano di migliorare il proprio umore e rilassarsi senza essere eccessivi.<\/p>\n<ul>\n<li><strong>Tipo<\/strong> Ibrido a dominanza sativa (70% Sativa \/ 30% Indica)<\/li>\n<li><strong>THC<\/strong> 17% con 0,38% di CBD, perfetto per uno sballo euforico senza eccessiva sedazione<\/li>\n<\/ul>\n<h3>Effetti e benefici della variet\u00e0 di erba Lemon Haze<\/h3>\n<p>La <strong>Ceppo di erba Lemon Haze<\/strong> \u00e8 rinomata per il suo potente effetto, che genera una sensazione di euforia e felicit\u00e0. \u00c8 ideale per chi ha bisogno di una spinta mentale dopo una giornata difficile. Il suo sballo euforico \u00e8 seguito da un dolce rilassamento che, con dosi maggiori, pu\u00f2 portare a un rilassamento totale.<\/p>\n<ul>\n<li><strong>Effetti<\/strong> Euforia, felicit\u00e0, elevazione, rilassamento<\/li>\n<li><strong>Perfetto per<\/strong> Disturbo bipolare, Dolore cronico, Depressione, Stanchezza, Mal di testa, Perdita di appetito, Emicrania, Nausea, PTSD, Stress<\/li>\n<\/ul>\n<h3>Condizioni alleviate dalla variet\u00e0 di cannabis Lemon Haze<\/h3>\n<p>Con i suoi effetti energizzanti e lenitivi, la <strong>Limone Haze<\/strong> \u00e8 efficace per alleviare molti disturbi fisici e mentali:<\/p>\n<ul>\n<li><strong>Dolore cronico e mal di testa<\/strong> Aiuta a ridurre il dolore persistente e l'emicrania.<\/li>\n<li><strong>Depressione e stress<\/strong> Fornisce una spinta mentale e un rilassamento per alleviare i pensieri ansiosi.<\/li>\n<li><strong>Nausea e perdita di appetito<\/strong> Stimola l'appetito e calma la nausea<a href=\"https:\/\/fuelpackz.com\/\" target=\"_blank\" rel=\"noopener\">.<\/a><\/li>\n<\/ul>\n<h3>Sapori e aromi della variet\u00e0 Lemon Haze<\/h3>\n<p>I fan di <strong>Limone Haze<\/strong> sono sedotti dal suo gusto unico di limone fresco, accompagnato da note di lime e di dolcezza acidula. Il suo aroma, che ricorda quello di un limone appena tagliato, \u00e8 completato da sfumature terrose, offrendo un'esperienza di gusto vivace e rinfrescante.<\/p>\n<ul>\n<li><strong>I sapori<\/strong> : Agrumi, Limone, Lime, Dolce, Acidulato<\/li>\n<li><strong>Aromi<\/strong> Limone, terroso, agrumi<\/li>\n<\/ul>\n<h3>Aspetto del fiore di cannabis Lemon Haze<\/h3>\n<p>I boccioli di <strong>Limone Haze<\/strong> si distinguono per la loro tonalit\u00e0 giallo-verde, ornata di peli ambrati e ricoperta di tricomi cristallini. Questo aspetto lucido e dorato attrae gli intenditori di cannabis, riflettendo la qualit\u00e0 e la potenza di questa variet\u00e0.<\/p>\n<h3>Ordina la variet\u00e0 Lemon Haze AAA Cime Piccole - Ibrido a dominanza sativa online da Pressure Zone Shop<\/h3>\n<p>Pronti a scoprire l'effetto rinvigorente ed euforizzante di <strong>Ceppo Lemon Haze AAA Cime piccole - Ibrido a dominanza sativa<\/strong> ? Ordinate oggi stesso da <a href=\"https:\/\/pressurezone.shop\/it\/\" target=\"_new\" rel=\"noopener\">Negozio della zona di pressione<\/a> e godetevi questa dinamica variet\u00e0 ibrida, perfetta per rallegrare la giornata e sciogliere le tensioni. <strong>Limone Haze<\/strong> \u00e8 l'alleato ideale per un'esperienza di cannabis rinvigorente e di alta qualit\u00e0.<\/p>\n<\/div>\n<\/div>\n<\/div>\n<\/div>\n<\/div>\n<\/div>","protected":false},"excerpt":{"rendered":"<div class=\"product-short-description\">\n<p>THC: 17-22%<\/p>\n<\/div>","protected":false},"featured_media":3135,"comment_status":"closed","ping_status":"closed","template":"","meta":{"_uag_custom_page_level_css":"","site-sidebar-layout":"default","site-content-layout":"","ast-site-content-layout":"default","site-content-style":"default","site-sidebar-style":"default","ast-global-header-display":"","ast-banner-title-visibility":"","ast-main-header-display":"","ast-hfb-above-header-display":"","ast-hfb-below-header-display":"","ast-hfb-mobile-header-display":"","site-post-title":"","ast-breadcrumbs-content":"","ast-featured-img":"","footer-sml-layout":"","theme-transparent-header-meta":"default","adv-header-id-meta":"","stick-header-meta":"","header-above-stick-meta":"","header-main-stick-meta":"","header-below-stick-meta":"","astra-migrate-meta-layouts":"set","ast-page-background-enabled":"default","ast-page-background-meta":{"desktop":{"background-color":"","background-image":"","background-repeat":"repeat","background-position":"center center","background-size":"auto","background-attachment":"scroll","background-type":"","background-media":"","overlay-type":"","overlay-color":"","overlay-opacity":"","overlay-gradient":""},"tablet":{"background-color":"","background-image":"","background-repeat":"repeat","background-position":"center center","background-size":"auto","background-attachment":"scroll","background-type":"","background-media":"","overlay-type":"","overlay-color":"","overlay-opacity":"","overlay-gradient":""},"mobile":{"background-color":"","background-image":"","background-repeat":"repeat","background-position":"center center","background-size":"auto","background-attachment":"scroll","background-type":"","background-media":"","overlay-type":"","overlay-color":"","overlay-opacity":"","overlay-gradient":""}},"ast-content-background-meta":{"desktop":{"background-color":"var(--ast-global-color-5)","background-image":"","background-repeat":"repeat","background-position":"center center","background-size":"auto","background-attachment":"scroll","background-type":"","background-media":"","overlay-type":"","overlay-color":"","overlay-opacity":"","overlay-gradient":""},"tablet":{"background-color":"var(--ast-global-color-5)","background-image":"","background-repeat":"repeat","background-position":"center center","background-size":"auto","background-attachment":"scroll","background-type":"","background-media":"","overlay-type":"","overlay-color":"","overlay-opacity":"","overlay-gradient":""},"mobile":{"background-color":"var(--ast-global-color-5)","background-image":"","background-repeat":"repeat","background-position":"center center","background-size":"auto","background-attachment":"scroll","background-type":"","background-media":"","overlay-type":"","overlay-color":"","overlay-opacity":"","overlay-gradient":""}}},"product_brand":[],"product_cat":[28,273],"product_tag":[312],"class_list":{"0":"post-3048","1":"product","2":"type-product","3":"status-publish","4":"has-post-thumbnail","6":"product_cat-varietes-de-cannabis","7":"product_cat-varietes-de-cannabis-sativa","8":"product_tag-order-lemon-haze-strain-aaa-small-buds-sativa-dominant-hybrid-europe","9":"desktop-align-left","10":"tablet-align-left","11":"mobile-align-left","13":"first","14":"instock","15":"shipping-taxable","16":"purchasable","17":"product-type-variable"},"uagb_featured_image_src":{"full":["https:\/\/pressurezone.shop\/wp-content\/uploads\/2024\/10\/Lemon-Haze-Strain-AAA-Small-Buds-\u2013-Sativa-Dominant-Hybrid.webp",2048,1365,false],"thumbnail":["https:\/\/pressurezone.shop\/wp-content\/uploads\/2024\/10\/Lemon-Haze-Strain-AAA-Small-Buds-\u2013-Sativa-Dominant-Hybrid-150x150.webp",150,150,true],"medium":["https:\/\/pressurezone.shop\/wp-content\/uploads\/2024\/10\/Lemon-Haze-Strain-AAA-Small-Buds-\u2013-Sativa-Dominant-Hybrid-300x200.webp",300,200,true],"medium_large":["https:\/\/pressurezone.shop\/wp-content\/uploads\/2024\/10\/Lemon-Haze-Strain-AAA-Small-Buds-\u2013-Sativa-Dominant-Hybrid-768x512.webp",768,512,true],"large":["https:\/\/pressurezone.shop\/wp-content\/uploads\/2024\/10\/Lemon-Haze-Strain-AAA-Small-Buds-\u2013-Sativa-Dominant-Hybrid-1024x683.webp",1024,683,true],"1536x1536":["https:\/\/pressurezone.shop\/wp-content\/uploads\/2024\/10\/Lemon-Haze-Strain-AAA-Small-Buds-\u2013-Sativa-Dominant-Hybrid-1536x1024.webp",1536,1024,true],"2048x2048":["https:\/\/pressurezone.shop\/wp-content\/uploads\/2024\/10\/Lemon-Haze-Strain-AAA-Small-Buds-\u2013-Sativa-Dominant-Hybrid.webp",2048,1365,false],"trp-custom-language-flag":["https:\/\/pressurezone.shop\/wp-content\/uploads\/2024\/10\/Lemon-Haze-Strain-AAA-Small-Buds-\u2013-Sativa-Dominant-Hybrid-18x12.webp",18,12,true],"woocommerce_thumbnail":["https:\/\/pressurezone.shop\/wp-content\/uploads\/2024\/10\/Lemon-Haze-Strain-AAA-Small-Buds-\u2013-Sativa-Dominant-Hybrid-300x300.webp",300,300,true],"woocommerce_single":["https:\/\/pressurezone.shop\/wp-content\/uploads\/2024\/10\/Lemon-Haze-Strain-AAA-Small-Buds-\u2013-Sativa-Dominant-Hybrid-600x400.webp",600,400,true],"woocommerce_gallery_thumbnail":["https:\/\/pressurezone.shop\/wp-content\/uploads\/2024\/10\/Lemon-Haze-Strain-AAA-Small-Buds-\u2013-Sativa-Dominant-Hybrid-100x100.webp",100,100,true]},"uagb_author_info":{"display_name":"pressurezone.shop","author_link":"https:\/\/pressurezone.shop\/it\/author\/"},"uagb_comment_info":0,"uagb_excerpt":"THC: 17-22%","_links":{"self":[{"href":"https:\/\/pressurezone.shop\/it\/wp-json\/wp\/v2\/product\/3048"}],"collection":[{"href":"https:\/\/pressurezone.shop\/it\/wp-json\/wp\/v2\/product"}],"about":[{"href":"https:\/\/pressurezone.shop\/it\/wp-json\/wp\/v2\/types\/product"}],"replies":[{"embeddable":true,"href":"https:\/\/pressurezone.shop\/it\/wp-json\/wp\/v2\/comments?post=3048"}],"version-history":[{"count":3,"href":"https:\/\/pressurezone.shop\/it\/wp-json\/wp\/v2\/product\/3048\/revisions"}],"predecessor-version":[{"id":3935,"href":"https:\/\/pressurezone.shop\/it\/wp-json\/wp\/v2\/product\/3048\/revisions\/3935"}],"wp:featuredmedia":[{"embeddable":true,"href":"https:\/\/pressurezone.shop\/it\/wp-json\/wp\/v2\/media\/3135"}],"wp:attachment":[{"href":"https:\/\/pressurezone.shop\/it\/wp-json\/wp\/v2\/media?parent=3048"}],"wp:term":[{"taxonomy":"product_brand","embeddable":true,"href":"https:\/\/pressurezone.shop\/it\/wp-json\/wp\/v2\/product_brand?post=3048"},{"taxonomy":"product_cat","embeddable":true,"href":"https:\/\/pressurezone.shop\/it\/wp-json\/wp\/v2\/product_cat?post=3048"},{"taxonomy":"product_tag","embeddable":true,"href":"https:\/\/pressurezone.shop\/it\/wp-json\/wp\/v2\/product_tag?post=3048"}],"curies":[{"name":"wp","href":"https:\/\/api.w.org\/{rel}","templated":true}]}}