{"id":3065,"date":"2024-10-11T00:49:43","date_gmt":"2024-10-10T22:49:43","guid":{"rendered":"https:\/\/pressurezone.shop\/?post_type=product&#038;p=3065"},"modified":"2024-11-03T20:23:57","modified_gmt":"2024-11-03T19:23:57","slug":"gushers-indica-dominant-hybrid-strain","status":"publish","type":"product","link":"https:\/\/pressurezone.shop\/it\/prodotto\/varieta-ibrida-a-dominanza-indica-di-gushers\/","title":{"rendered":"La variet\u00e0 ibrida a dominanza indica Gushers"},"content":{"rendered":"<h3><strong>Acquista la variet\u00e0 ibrida a dominanza indica Gushers online in Europa. <a href=\"https:\/\/pressurezone.shop\/it\/\" target=\"_new\" rel=\"noopener\">Negozio della zona di pressione<\/a><\/strong><\/h3>\n<p>Scoprire <strong>Spazzole<\/strong>una variet\u00e0 ibrida a predominanza indica risultante da un incrocio tra i famosi ceppi <strong>Gelato #41<\/strong> e <strong>Triangolo Kush<\/strong>. Conosciuta per il suo effetto calmante ed euforizzante, la <strong>La variet\u00e0 ibrida a dominanza indica Gushers<\/strong> \u00e8 perfetto per un rilassamento profondo senza addormentarsi, ideale per rilassarsi e godersi il momento.<\/p>\n<h3>Perch\u00e9 scegliere la variet\u00e0 ibrida a dominanza indica Gushers?<\/h3>\n<p>La <strong>La variet\u00e0 ibrida a dominanza indica Gushers<\/strong> \u00e8 apprezzata per il suo sballo unico, che inizia con una leggera euforia accompagnata da un formicolio alla nuca, che si diffonde delicatamente in tutto il corpo. Questa variet\u00e0 offre una sensazione di benessere totale, mantenendo la lucidit\u00e0 e la tranquillit\u00e0, perfetta per gli utenti che vogliono gestire lo stress senza sentirsi assonnati.<a href=\"https:\/\/fuelpackz.com\/\" target=\"_blank\" rel=\"noopener\">.<\/a><\/p>\n<ul>\n<li><strong>Tipo<\/strong> Ibrido a predominanza Indica<\/li>\n<li><strong>Origine<\/strong> Incrocio tra Gelato #41 e Triangle Kush<\/li>\n<\/ul>\n<h3>Effetti e benefici della variet\u00e0 di erba Gushers<\/h3>\n<p>Grazie al suo equilibrio tra effetto fisico ed elevazione mentale, <strong>Spazzole<\/strong> \u00e8 ideale per alleviare lo stress e favorire un intenso e piacevole rilassamento. Se state cercando di calmare la mente o di alleviare i dolori, questa variet\u00e0 \u00e8 in grado di soddisfare le vostre esigenze.<\/p>\n<ul>\n<li><strong>Effetti<\/strong> Eccitazione corporea, euforia, rilassamento, formicolio, sensazione di benessere<\/li>\n<li><strong>Perfetto per<\/strong> Ansia, dolore cronico, depressione, stress<\/li>\n<\/ul>\n<p>Condizioni che possono essere alleviate con <strong>Spazzole<\/strong> :<\/p>\n<ul>\n<li><strong>Ansia e stress<\/strong> Calma i pensieri stressanti e rasserena la mente.<\/li>\n<li><strong>Dolore cronico<\/strong> Rilassa il corpo riducendo la tensione e il dolore.<\/li>\n<li><strong>Depressione<\/strong> Fornisce una sensazione duratura di felicit\u00e0 e di umore elevato.<\/li>\n<\/ul>\n<h3>Sapori e aromi della variet\u00e0 ibrida a dominanza indica Gushers<\/h3>\n<p>I sapori di <strong>Ceppo di erba Gushers<\/strong> sono accattivanti come i suoi effetti. Questo ricco profilo aromatico comprende note di bacche dolci, uva e frutti tropicali, con un retrogusto leggermente acido che persiste sul palato. L'aroma, invece, \u00e8 terroso e fruttato, con tocchi erbacei e tropicali per un'esperienza sensoriale indimenticabile.<\/p>\n<ul>\n<li><strong>I sapori<\/strong> Bacca, Fruttato, Uva, Aspro, Dolce, Tropicale<\/li>\n<li><strong>Aromi<\/strong> Terroso, Fruttato, Uva, Erbaceo, Aspro, Tropicale<\/li>\n<\/ul>\n<h3>Aspetto della variet\u00e0 di cannabis Gushers<\/h3>\n<p>I boccioli di <strong>Spazzole<\/strong> si distinguono per i loro bulbi allungati di colore verde oliva intenso, circondati da foglie verde chiaro, punteggiati da sottili peli ambrati e ricoperti da uno spesso strato di tricomi ambra scintillanti. Il suo aspetto elegante e resinoso \u00e8 una vera attrazione per gli amanti della cannabis di fascia alta.<\/p>\n<h3>Ordina la variet\u00e0 ibrida a dominanza Indica Gushers online dal Pressure Zone Shop<\/h3>\n<p>Pronti a scoprire l'effetto rilassante di <strong>La variet\u00e0 ibrida a dominanza indica Gushers<\/strong> ? Ordinate oggi stesso da <a href=\"https:\/\/pressurezone.shop\/it\/\" target=\"_new\" rel=\"noopener\">Negozio della zona di pressione<\/a> per un'esperienza totalmente rilassante, perfetta per gestire l'ansia o alleviare il dolore. Che siate alla ricerca di un momento di relax o di un sollievo terapeutico, <strong>Spazzole<\/strong> \u00e8 la variet\u00e0 ideale per un'esperienza di cannabis di qualit\u00e0.<\/p>","protected":false},"excerpt":{"rendered":"<p>Achetez la Gushers Indica Dominant Hybrid Strain en Ligne en Europe sur Pressure Zone Shop D\u00e9couvrez Gushers, une vari\u00e9t\u00e9 hybride \u00e0 dominance indica, issue du croisement entre les c\u00e9l\u00e8bres souches Gelato #41 et Triangle Kush. Reconnue pour son effet apaisant et euphorique, la Gushers Indica Dominant Hybrid Strain est parfaite pour une relaxation profonde sans [&hellip;]<\/p>","protected":false},"featured_media":3144,"comment_status":"closed","ping_status":"closed","template":"","meta":{"_uag_custom_page_level_css":"","site-sidebar-layout":"default","site-content-layout":"","ast-site-content-layout":"default","site-content-style":"default","site-sidebar-style":"default","ast-global-header-display":"","ast-banner-title-visibility":"","ast-main-header-display":"","ast-hfb-above-header-display":"","ast-hfb-below-header-display":"","ast-hfb-mobile-header-display":"","site-post-title":"","ast-breadcrumbs-content":"","ast-featured-img":"","footer-sml-layout":"","theme-transparent-header-meta":"default","adv-header-id-meta":"","stick-header-meta":"","header-above-stick-meta":"","header-main-stick-meta":"","header-below-stick-meta":"","astra-migrate-meta-layouts":"set","ast-page-background-enabled":"default","ast-page-background-meta":{"desktop":{"background-color":"","background-image":"","background-repeat":"repeat","background-position":"center center","background-size":"auto","background-attachment":"scroll","background-type":"","background-media":"","overlay-type":"","overlay-color":"","overlay-opacity":"","overlay-gradient":""},"tablet":{"background-color":"","background-image":"","background-repeat":"repeat","background-position":"center center","background-size":"auto","background-attachment":"scroll","background-type":"","background-media":"","overlay-type":"","overlay-color":"","overlay-opacity":"","overlay-gradient":""},"mobile":{"background-color":"","background-image":"","background-repeat":"repeat","background-position":"center center","background-size":"auto","background-attachment":"scroll","background-type":"","background-media":"","overlay-type":"","overlay-color":"","overlay-opacity":"","overlay-gradient":""}},"ast-content-background-meta":{"desktop":{"background-color":"var(--ast-global-color-5)","background-image":"","background-repeat":"repeat","background-position":"center center","background-size":"auto","background-attachment":"scroll","background-type":"","background-media":"","overlay-type":"","overlay-color":"","overlay-opacity":"","overlay-gradient":""},"tablet":{"background-color":"var(--ast-global-color-5)","background-image":"","background-repeat":"repeat","background-position":"center center","background-size":"auto","background-attachment":"scroll","background-type":"","background-media":"","overlay-type":"","overlay-color":"","overlay-opacity":"","overlay-gradient":""},"mobile":{"background-color":"var(--ast-global-color-5)","background-image":"","background-repeat":"repeat","background-position":"center center","background-size":"auto","background-attachment":"scroll","background-type":"","background-media":"","overlay-type":"","overlay-color":"","overlay-opacity":"","overlay-gradient":""}}},"product_brand":[],"product_cat":[28,278],"product_tag":[315],"class_list":{"0":"post-3065","1":"product","2":"type-product","3":"status-publish","4":"has-post-thumbnail","6":"product_cat-varietes-de-cannabis","7":"product_cat-varietes-de-marijuana-indica","8":"product_tag-order-gushers-indica-dominant-hybrid-strain-europe","9":"desktop-align-left","10":"tablet-align-left","11":"mobile-align-left","13":"first","14":"instock","15":"shipping-taxable","16":"purchasable","17":"product-type-variable"},"uagb_featured_image_src":{"full":["https:\/\/pressurezone.shop\/wp-content\/uploads\/2024\/10\/Gushers-Indica-Dominant-Hybrid-Strain.webp",570,464,false],"thumbnail":["https:\/\/pressurezone.shop\/wp-content\/uploads\/2024\/10\/Gushers-Indica-Dominant-Hybrid-Strain-150x150.webp",150,150,true],"medium":["https:\/\/pressurezone.shop\/wp-content\/uploads\/2024\/10\/Gushers-Indica-Dominant-Hybrid-Strain-300x244.webp",300,244,true],"medium_large":["https:\/\/pressurezone.shop\/wp-content\/uploads\/2024\/10\/Gushers-Indica-Dominant-Hybrid-Strain.webp",570,464,false],"large":["https:\/\/pressurezone.shop\/wp-content\/uploads\/2024\/10\/Gushers-Indica-Dominant-Hybrid-Strain.webp",570,464,false],"1536x1536":["https:\/\/pressurezone.shop\/wp-content\/uploads\/2024\/10\/Gushers-Indica-Dominant-Hybrid-Strain.webp",570,464,false],"2048x2048":["https:\/\/pressurezone.shop\/wp-content\/uploads\/2024\/10\/Gushers-Indica-Dominant-Hybrid-Strain.webp",570,464,false],"trp-custom-language-flag":["https:\/\/pressurezone.shop\/wp-content\/uploads\/2024\/10\/Gushers-Indica-Dominant-Hybrid-Strain-15x12.webp",15,12,true],"woocommerce_thumbnail":["https:\/\/pressurezone.shop\/wp-content\/uploads\/2024\/10\/Gushers-Indica-Dominant-Hybrid-Strain-300x300.webp",300,300,true],"woocommerce_single":["https:\/\/pressurezone.shop\/wp-content\/uploads\/2024\/10\/Gushers-Indica-Dominant-Hybrid-Strain.webp",570,464,false],"woocommerce_gallery_thumbnail":["https:\/\/pressurezone.shop\/wp-content\/uploads\/2024\/10\/Gushers-Indica-Dominant-Hybrid-Strain-100x100.webp",100,100,true]},"uagb_author_info":{"display_name":"pressurezone.shop","author_link":"https:\/\/pressurezone.shop\/it\/author\/"},"uagb_comment_info":0,"uagb_excerpt":"Achetez la Gushers Indica Dominant Hybrid Strain en Ligne en Europe sur Pressure Zone Shop D\u00e9couvrez Gushers, une vari\u00e9t\u00e9 hybride \u00e0 dominance indica, issue du croisement entre les c\u00e9l\u00e8bres souches Gelato #41 et Triangle Kush. Reconnue pour son effet apaisant et euphorique, la Gushers Indica Dominant Hybrid Strain est parfaite pour une relaxation profonde sans&hellip;","_links":{"self":[{"href":"https:\/\/pressurezone.shop\/it\/wp-json\/wp\/v2\/product\/3065"}],"collection":[{"href":"https:\/\/pressurezone.shop\/it\/wp-json\/wp\/v2\/product"}],"about":[{"href":"https:\/\/pressurezone.shop\/it\/wp-json\/wp\/v2\/types\/product"}],"replies":[{"embeddable":true,"href":"https:\/\/pressurezone.shop\/it\/wp-json\/wp\/v2\/comments?post=3065"}],"version-history":[{"count":3,"href":"https:\/\/pressurezone.shop\/it\/wp-json\/wp\/v2\/product\/3065\/revisions"}],"predecessor-version":[{"id":3863,"href":"https:\/\/pressurezone.shop\/it\/wp-json\/wp\/v2\/product\/3065\/revisions\/3863"}],"wp:featuredmedia":[{"embeddable":true,"href":"https:\/\/pressurezone.shop\/it\/wp-json\/wp\/v2\/media\/3144"}],"wp:attachment":[{"href":"https:\/\/pressurezone.shop\/it\/wp-json\/wp\/v2\/media?parent=3065"}],"wp:term":[{"taxonomy":"product_brand","embeddable":true,"href":"https:\/\/pressurezone.shop\/it\/wp-json\/wp\/v2\/product_brand?post=3065"},{"taxonomy":"product_cat","embeddable":true,"href":"https:\/\/pressurezone.shop\/it\/wp-json\/wp\/v2\/product_cat?post=3065"},{"taxonomy":"product_tag","embeddable":true,"href":"https:\/\/pressurezone.shop\/it\/wp-json\/wp\/v2\/product_tag?post=3065"}],"curies":[{"name":"wp","href":"https:\/\/api.w.org\/{rel}","templated":true}]}}