{"id":3067,"date":"2024-10-11T00:49:43","date_gmt":"2024-10-10T22:49:43","guid":{"rendered":"https:\/\/pressurezone.shop\/?post_type=product&#038;p=3067"},"modified":"2024-11-02T21:56:54","modified_gmt":"2024-11-02T20:56:54","slug":"cannatonic-hybris-weed-strain","status":"publish","type":"product","link":"https:\/\/pressurezone.shop\/it\/prodotto\/varieta-di-erba-cannatonica-hybris\/","title":{"rendered":"La variet\u00e0 di erba Cannatonic Hybris"},"content":{"rendered":"<div class=\"flex-shrink-0 flex flex-col relative items-end\">\n<div>\n<div class=\"pt-0\">\n<div class=\"gizmo-bot-avatar flex h-8 w-8 items-center justify-center overflow-hidden rounded-full\">\n<div class=\"relative p-1 rounded-sm flex items-center justify-center bg-token-main-surface-primary text-token-text-primary h-8 w-8\"><\/div>\n<\/div>\n<\/div>\n<\/div>\n<\/div>\n<div class=\"group\/conversation-turn relative flex w-full min-w-0 flex-col agent-turn\">\n<div class=\"flex-col gap-1 md:gap-3\">\n<div class=\"flex max-w-full flex-col flex-grow\">\n<div class=\"min-h-8 text-message flex w-full flex-col items-end gap-2 whitespace-normal break-words [.text-message+&amp;]:mt-5\" dir=\"auto\" data-message-author-role=\"assistant\" data-message-id=\"2c0d1260-0329-48f0-9c39-8b79d93f44c9\" data-message-model-slug=\"gpt-4o\">\n<div class=\"flex w-full flex-col gap-1 empty:hidden first:pt-[3px]\">\n<div class=\"markdown prose w-full break-words dark:prose-invert light\">\n<h3><strong>Acquista la variet\u00e0 di erba Cannatonic Hybris in Europa su <a href=\"https:\/\/pressurezone.shop\/it\/\" target=\"_new\" rel=\"noopener\">Zona di pressione<\/a><\/strong><\/h3>\n<p>Scoprire <strong>La variet\u00e0 di erba Cannatonic Hybris<\/strong>a <strong>variet\u00e0 di cannabis<\/strong> un ibrido perfettamente bilanciato (50% indica \/ 50% sativa) che unisce le potenti variet\u00e0 <strong>MK Ultra<\/strong> e <strong>G13 Haze<\/strong>. La Cannatonic \u00e8 una variet\u00e0 unica, apprezzata per le sue propriet\u00e0 medicinali e per il suo effetto rilassante che calma il corpo e la mente senza causare sedazione. Con alti livelli di CBD e bassi livelli di THC, \u00e8 ideale per gli utenti che cercano un sollievo terapeutico e un dolce rilassamento.<a href=\"https:\/\/fuelpackz.com\/\" target=\"_blank\" rel=\"noopener\">.<\/a><\/p>\n<h3>Effetti e benefici della variet\u00e0 di erba Cannatonic Hybris<\/h3>\n<p>La <strong>variet\u00e0 Cannatonic Hybris<\/strong> \u00e8 noto per i suoi effetti lenitivi ed equilibrati, che danno sollievo senza sonnolenza:<\/p>\n<ul>\n<li><strong>Rilassamento rilassante<\/strong> Rilassa il corpo e la mente, perfetto per rilassarsi senza sedativi.<\/li>\n<li><strong>Buon umore e calma<\/strong> Favorisce un umore positivo e uno stato d'animo sereno.<\/li>\n<li><strong>Effetto energizzante leggermente euforico<\/strong> Fornisce un equilibrio ideale tra calma e lieve euforia, ideale per l'uso diurno.<\/li>\n<\/ul>\n<p>Con livelli di <strong>Basso THC (7-8%)<\/strong> e <strong>CBD alto (12-14%)<\/strong>Cannatonic \u00e8 perfetto per chi cerca un'esperienza medicinale delicata ma efficace.<\/p>\n<h3>Benefici terapeutici della variet\u00e0 di erba Cannatonic Hybris<\/h3>\n<p>Grazie ai suoi effetti equilibrati e al suo profilo cannabinoide, <strong>Cannatonic<\/strong> \u00e8 spesso scelta per i suoi numerosi benefici terapeutici:<\/p>\n<ul>\n<li><strong>Sollievo da dolori cronici e crampi<\/strong> Efficace nel lenire il dolore senza l'effetto pesante dell'indica.<\/li>\n<li><strong>Riduzione dell'ansia e dello stress<\/strong> Perfetto per ridurre lo stress quotidiano e promuovere un senso di calma.<\/li>\n<li><strong>Trattamento di cefalee ed emicranie<\/strong> Aiuta ad alleviare emicranie e mal di testa, ideale per chi cerca un'opzione naturale.<\/li>\n<li><strong>Riduzione degli spasmi muscolari<\/strong> Calma gli spasmi muscolari e rilassa il corpo.<\/li>\n<\/ul>\n<p>Questo <strong>variet\u00e0 di cannabis<\/strong> \u00e8 ideale per chi cerca un effetto rilassante e medicinale senza intensi effetti psicoattivi, ideale per l'uso diurno.<\/p>\n<h3>Aromi e sapori cannatonici<\/h3>\n<p>Cannatonic \u00e8 apprezzato tanto per i suoi benefici quanto per i suoi sapori e aromi unici:<\/p>\n<ul>\n<li><strong>I sapori<\/strong> Un classico aroma di limone piccante con note speziate e legnose, che aggiungono un tocco morbido e dolce.<\/li>\n<li><strong>Aromi<\/strong> Una fragranza terrosa con accenti di limone, erbe speziate e un pizzico di dolcezza.<\/li>\n<\/ul>\n<p>Questi <strong>sapori e aromi naturali<\/strong> rendono ogni sorso di Cannatonic un'esperienza rilassante, perfetta per gli amanti dei sapori freschi ed equilibrati.<\/p>\n<h3>Perch\u00e9 acquistare la variet\u00e0 di erba Cannatonic Hybris su <a href=\"https:\/\/pressurezone.shop\/it\/\" target=\"_new\" rel=\"noopener\">Zona di pressione<\/a>?<\/h3>\n<p>A <strong>Zona di pressione<\/strong>selezioniamo <strong>variet\u00e0 di cannabis<\/strong> per offrire la migliore esperienza possibile ai nostri clienti in Europa. <strong>La variet\u00e0 di erba Cannatonic Hybris<\/strong> \u00e8 una delle nostre migliori variet\u00e0 per i suoi effetti equilibrati e i suoi benefici medicinali. Ecco perch\u00e9 dovreste scegliere la Pressure Zone:<\/p>\n<ul>\n<li><strong>Qualit\u00e0 Premium<\/strong> I nostri prodotti sono accuratamente testati per garantire un'esperienza pura ed efficace.<\/li>\n<li><strong>Effetto equilibrato e medicinale<\/strong> Ideale per gli utenti che cercano un dolce rilassamento e un sollievo terapeutico.<\/li>\n<li><strong>Servizio clienti esperto<\/strong> Siamo a disposizione per guidarvi verso <strong>variet\u00e0 di cannabis<\/strong> per soddisfare le vostre esigenze.<\/li>\n<\/ul>\n<h3>Domande frequenti<\/h3>\n<h4>Quali sono gli effetti principali della Cannatonic Hybris Weed Strain?<\/h4>\n<p>Cannatonic fornisce un rilassamento rilassante senza sedazione, offrendo un perfetto equilibrio tra relax e leggera euforia. I suoi effetti sono ideali per l'uso diurno.<\/p>\n<h4>Il Cannatonic \u00e8 efficace per alleviare il dolore e l'ansia?<\/h4>\n<p>S\u00ec, questo <strong>variet\u00e0 di cannabis<\/strong> \u00e8 eccellente per ridurre il dolore cronico, i crampi, l'ansia e lo stress, offrendo un sollievo naturale e lenitivo.<\/p>\n<h4>Quali sapori e aromi dominano il Cannatonic?<\/h4>\n<p>Cannatonic offre sapori limonosi e speziati con note legnose e un aroma terroso e dolce, perfetto per un'esperienza equilibrata.<\/p>\n<h3>Ordina la variet\u00e0 di erba Cannatonic Hybris online in Europa su <a href=\"https:\/\/pressurezone.shop\/it\/\" target=\"_new\" rel=\"noopener\">Zona di pressione<\/a><\/h3>\n<p>Pronti a godere dei benefici terapeutici e rilassanti di <strong>La variet\u00e0 di erba Cannatonic Hybris<\/strong>? <strong>Ordina ora<\/strong> su <a href=\"https:\/\/pressurezone.shop\/it\/\" target=\"_new\" rel=\"noopener\">Zona di pressione<\/a> per un'esperienza di <strong>variet\u00e0 di cannabis<\/strong> Un prodotto unico e di alta qualit\u00e0, ideale per gestire dolori, stress e tensioni muscolari. Il nostro servizio di consegna veloce e discreto garantisce un'esperienza di acquisto senza preoccupazioni.<\/p>\n<\/div>\n<\/div>\n<\/div>\n<\/div>\n<\/div>\n<\/div>","protected":false},"excerpt":{"rendered":"<p>THC: 7-8%, CBD: 14%, CBN: 1%<\/p>","protected":false},"featured_media":3148,"comment_status":"closed","ping_status":"closed","template":"","meta":{"_uag_custom_page_level_css":"","site-sidebar-layout":"default","site-content-layout":"","ast-site-content-layout":"default","site-content-style":"default","site-sidebar-style":"default","ast-global-header-display":"","ast-banner-title-visibility":"","ast-main-header-display":"","ast-hfb-above-header-display":"","ast-hfb-below-header-display":"","ast-hfb-mobile-header-display":"","site-post-title":"","ast-breadcrumbs-content":"","ast-featured-img":"","footer-sml-layout":"","theme-transparent-header-meta":"default","adv-header-id-meta":"","stick-header-meta":"","header-above-stick-meta":"","header-main-stick-meta":"","header-below-stick-meta":"","astra-migrate-meta-layouts":"set","ast-page-background-enabled":"default","ast-page-background-meta":{"desktop":{"background-color":"","background-image":"","background-repeat":"repeat","background-position":"center center","background-size":"auto","background-attachment":"scroll","background-type":"","background-media":"","overlay-type":"","overlay-color":"","overlay-opacity":"","overlay-gradient":""},"tablet":{"background-color":"","background-image":"","background-repeat":"repeat","background-position":"center center","background-size":"auto","background-attachment":"scroll","background-type":"","background-media":"","overlay-type":"","overlay-color":"","overlay-opacity":"","overlay-gradient":""},"mobile":{"background-color":"","background-image":"","background-repeat":"repeat","background-position":"center center","background-size":"auto","background-attachment":"scroll","background-type":"","background-media":"","overlay-type":"","overlay-color":"","overlay-opacity":"","overlay-gradient":""}},"ast-content-background-meta":{"desktop":{"background-color":"var(--ast-global-color-5)","background-image":"","background-repeat":"repeat","background-position":"center center","background-size":"auto","background-attachment":"scroll","background-type":"","background-media":"","overlay-type":"","overlay-color":"","overlay-opacity":"","overlay-gradient":""},"tablet":{"background-color":"var(--ast-global-color-5)","background-image":"","background-repeat":"repeat","background-position":"center center","background-size":"auto","background-attachment":"scroll","background-type":"","background-media":"","overlay-type":"","overlay-color":"","overlay-opacity":"","overlay-gradient":""},"mobile":{"background-color":"var(--ast-global-color-5)","background-image":"","background-repeat":"repeat","background-position":"center center","background-size":"auto","background-attachment":"scroll","background-type":"","background-media":"","overlay-type":"","overlay-color":"","overlay-opacity":"","overlay-gradient":""}}},"product_brand":[],"product_cat":[28,277],"product_tag":[496,317],"class_list":{"0":"post-3067","1":"product","2":"type-product","3":"status-publish","4":"has-post-thumbnail","6":"product_cat-varietes-de-cannabis","7":"product_cat-varietes-de-cannabis-hybrides","8":"product_tag-cannatonic-hybris-weed-strain","9":"product_tag-cannatonic-hybris-weed-strain-for-sale","10":"desktop-align-left","11":"tablet-align-left","12":"mobile-align-left","14":"first","15":"instock","16":"shipping-taxable","17":"purchasable","18":"product-type-variable"},"uagb_featured_image_src":{"full":["https:\/\/pressurezone.shop\/wp-content\/uploads\/2024\/10\/Cannatonic-Hybris-Weed-Strain.webp",2560,1707,false],"thumbnail":["https:\/\/pressurezone.shop\/wp-content\/uploads\/2024\/10\/Cannatonic-Hybris-Weed-Strain-150x150.webp",150,150,true],"medium":["https:\/\/pressurezone.shop\/wp-content\/uploads\/2024\/10\/Cannatonic-Hybris-Weed-Strain-300x200.webp",300,200,true],"medium_large":["https:\/\/pressurezone.shop\/wp-content\/uploads\/2024\/10\/Cannatonic-Hybris-Weed-Strain-768x512.webp",768,512,true],"large":["https:\/\/pressurezone.shop\/wp-content\/uploads\/2024\/10\/Cannatonic-Hybris-Weed-Strain-1024x683.webp",1024,683,true],"1536x1536":["https:\/\/pressurezone.shop\/wp-content\/uploads\/2024\/10\/Cannatonic-Hybris-Weed-Strain-1536x1024.webp",1536,1024,true],"2048x2048":["https:\/\/pressurezone.shop\/wp-content\/uploads\/2024\/10\/Cannatonic-Hybris-Weed-Strain-2048x1366.webp",2048,1366,true],"trp-custom-language-flag":["https:\/\/pressurezone.shop\/wp-content\/uploads\/2024\/10\/Cannatonic-Hybris-Weed-Strain-18x12.webp",18,12,true],"woocommerce_thumbnail":["https:\/\/pressurezone.shop\/wp-content\/uploads\/2024\/10\/Cannatonic-Hybris-Weed-Strain-300x300.webp",300,300,true],"woocommerce_single":["https:\/\/pressurezone.shop\/wp-content\/uploads\/2024\/10\/Cannatonic-Hybris-Weed-Strain-600x400.webp",600,400,true],"woocommerce_gallery_thumbnail":["https:\/\/pressurezone.shop\/wp-content\/uploads\/2024\/10\/Cannatonic-Hybris-Weed-Strain-100x100.webp",100,100,true]},"uagb_author_info":{"display_name":"pressurezone.shop","author_link":"https:\/\/pressurezone.shop\/it\/author\/"},"uagb_comment_info":0,"uagb_excerpt":"THC: 7-8%, CBD: 14%, CBN: 1%","_links":{"self":[{"href":"https:\/\/pressurezone.shop\/it\/wp-json\/wp\/v2\/product\/3067"}],"collection":[{"href":"https:\/\/pressurezone.shop\/it\/wp-json\/wp\/v2\/product"}],"about":[{"href":"https:\/\/pressurezone.shop\/it\/wp-json\/wp\/v2\/types\/product"}],"replies":[{"embeddable":true,"href":"https:\/\/pressurezone.shop\/it\/wp-json\/wp\/v2\/comments?post=3067"}],"version-history":[{"count":3,"href":"https:\/\/pressurezone.shop\/it\/wp-json\/wp\/v2\/product\/3067\/revisions"}],"predecessor-version":[{"id":3738,"href":"https:\/\/pressurezone.shop\/it\/wp-json\/wp\/v2\/product\/3067\/revisions\/3738"}],"wp:featuredmedia":[{"embeddable":true,"href":"https:\/\/pressurezone.shop\/it\/wp-json\/wp\/v2\/media\/3148"}],"wp:attachment":[{"href":"https:\/\/pressurezone.shop\/it\/wp-json\/wp\/v2\/media?parent=3067"}],"wp:term":[{"taxonomy":"product_brand","embeddable":true,"href":"https:\/\/pressurezone.shop\/it\/wp-json\/wp\/v2\/product_brand?post=3067"},{"taxonomy":"product_cat","embeddable":true,"href":"https:\/\/pressurezone.shop\/it\/wp-json\/wp\/v2\/product_cat?post=3067"},{"taxonomy":"product_tag","embeddable":true,"href":"https:\/\/pressurezone.shop\/it\/wp-json\/wp\/v2\/product_tag?post=3067"}],"curies":[{"name":"wp","href":"https:\/\/api.w.org\/{rel}","templated":true}]}}