{"id":3074,"date":"2024-10-11T00:50:08","date_gmt":"2024-10-10T22:50:08","guid":{"rendered":"https:\/\/pressurezone.shop\/?post_type=product&#038;p=3074"},"modified":"2024-11-02T21:13:52","modified_gmt":"2024-11-02T20:13:52","slug":"blueberry-indica-dominant-hybrid-strain","status":"publish","type":"product","link":"https:\/\/pressurezone.shop\/it\/prodotto\/varieta-ibrida-a-dominanza-di-mirtillo-indica\/","title":{"rendered":"Variet\u00e0 ibrida a dominanza Indica Blueberry"},"content":{"rendered":"<div class=\"flex-shrink-0 flex flex-col relative items-end\">\n<div>\n<div class=\"pt-0\">\n<div class=\"gizmo-bot-avatar flex h-8 w-8 items-center justify-center overflow-hidden rounded-full\">\n<div class=\"relative p-1 rounded-sm flex items-center justify-center bg-token-main-surface-primary text-token-text-primary h-8 w-8\"><\/div>\n<\/div>\n<\/div>\n<\/div>\n<\/div>\n<div class=\"group\/conversation-turn relative flex w-full min-w-0 flex-col agent-turn\">\n<div class=\"flex-col gap-1 md:gap-3\">\n<div class=\"flex max-w-full flex-col flex-grow\">\n<div class=\"min-h-8 text-message flex w-full flex-col items-end gap-2 whitespace-normal break-words [.text-message+&amp;]:mt-5\" dir=\"auto\" data-message-author-role=\"assistant\" data-message-id=\"63aaa22f-ef16-464b-8e98-482d71247fb6\" data-message-model-slug=\"gpt-4o\">\n<div class=\"flex w-full flex-col gap-1 empty:hidden first:pt-[3px]\">\n<div class=\"markdown prose w-full break-words dark:prose-invert light\">\n<h3><strong>Acquista la variet\u00e0 ibrida a dominanza Indica Blueberry online su <a href=\"https:\/\/pressurezone.shop\/it\/\" target=\"_new\" rel=\"noopener\">Zona di pressione<\/a><\/strong><\/h3>\n<p>Scoprire il <strong>Variet\u00e0 ibrida a dominanza Indica Blueberry<\/strong>a <strong>variet\u00e0 di cannabis<\/strong> che combina la dominanza indica (80% indica\/20% sativa) con un indimenticabile sapore di mirtillo e vaniglia. Nota per il suo effetto potente e rilassante, questa variet\u00e0 leggendaria risale agli anni '70, quando fu sviluppata dal famoso coltivatore americano DJ Short a partire da ceppi di terra. Sebbene la sua esatta discendenza rimanga un mistero, si presume che <strong>Mirtillo<\/strong> scende dai monconi <strong>Viola Thai<\/strong> e <strong>Afgano<\/strong>.<\/p>\n<h3>Effetti e benefici della variet\u00e0 ibrida Blueberry Indica Dominante<\/h3>\n<p>La <strong>Variet\u00e0 ibrida a dominanza Indica Blueberry<\/strong> \u00e8 rinomata per i suoi effetti calmanti ed euforizzanti, che procurano un profondo senso di benessere:<\/p>\n<ul>\n<li><strong>Euforia e felicit\u00e0<\/strong> Dona una sensazione di gioia e uno stato d'animo positivo.<\/li>\n<li><strong>Sonnolenza e rilassamento<\/strong> Perfetto per le serate di relax o per favorire il sonno.<\/li>\n<li><strong>Calma profonda<\/strong> La mente si immerge in uno stato di riflessione rilassata, alleviando i pensieri stressanti.<\/li>\n<\/ul>\n<p>Con un <strong>THC medio di 16-24%<\/strong>Questa variet\u00e0 offre un rilassamento completo che si instaura dolcemente, liberando la mente e il corpo da ogni tensione.<\/p>\n<h3>Benefici terapeutici della variet\u00e0 ibrida a dominanza Indica Blueberry<\/h3>\n<p>Grazie ai suoi effetti calmanti, il mirtillo viene spesso scelto per i suoi benefici terapeutici. \u00c8 particolarmente efficace per :<\/p>\n<ul>\n<li><strong>Alleviare la depressione e l'ansia<\/strong> I suoi effetti calmanti aiutano a rasserenare la mente e a ridurre i pensieri negativi.<\/li>\n<li><strong>Riduzione del dolore e dell'emicrania<\/strong> Efficace per alleviare il dolore cronico e le emicranie persistenti.<\/li>\n<li><strong>Miglioramento del sonno<\/strong> I suoi effetti sedativi la rendono un'opzione ideale per chi lotta contro l'insonnia.<\/li>\n<li><strong>Riduzione della nausea<\/strong> Apprezzato per le sue propriet\u00e0 anti-nausea<a href=\"https:\/\/fuelpackz.com\/\" target=\"_blank\" rel=\"noopener\">.<\/a><\/li>\n<\/ul>\n<p>Questo <strong>variet\u00e0 di cannabis<\/strong> \u00e8 perfetto per chi \u00e8 alla ricerca di una soluzione naturale a stress, stanchezza cronica e mal di testa, in grado di fornire un rilassamento completo e un sollievo duraturo.<\/p>\n<h3>Sapori e aromi della variet\u00e0 ibrida a dominanza Indica Blueberry<\/h3>\n<p>Il mirtillo \u00e8 famoso sia per il suo sapore che per i suoi effetti:<\/p>\n<ul>\n<li><strong>I sapori<\/strong> Un gusto ricco e dolce di frutti di bosco e mirtilli, con note di legno e vaniglia.<\/li>\n<li><strong>Aromi<\/strong> Una fragranza fruttata e terrosa mescolata a note floreali speziate e dolci e a un pizzico di vaniglia.<\/li>\n<\/ul>\n<p>Questi <strong>sapori e aromi unici<\/strong> rende ogni boccata di questa irresistibile variet\u00e0 ideale per gli amanti dei sapori dolci e gourmet.<\/p>\n<h3>Perch\u00e9 acquistare la variet\u00e0 ibrida Blueberry Indica Dominante su <a href=\"https:\/\/pressurezone.shop\/it\/\" target=\"_new\" rel=\"noopener\">Zona di pressione<\/a>?<\/h3>\n<p>A <strong>Zona di pressione<\/strong>selezioniamo <strong>variet\u00e0 di cannabis<\/strong> di qualit\u00e0 superiore, accuratamente testati per garantire potenza e purezza. <strong>Variet\u00e0 ibrida a dominanza Indica Blueberry<\/strong> \u00e8 una delle nostre variet\u00e0 di punta, perfetta per il relax e la gestione dello stress. Ecco perch\u00e9 dovreste acquistare da noi:<\/p>\n<ul>\n<li><strong>Qualit\u00e0 superiore<\/strong> I nostri prodotti sono testati e garantiscono un'esperienza di alta qualit\u00e0.<\/li>\n<li><strong>Effetti lenitivi<\/strong> Ideale per rilassarsi e migliorare l'umore.<\/li>\n<li><strong>Servizio clienti dedicato<\/strong> : Il nostro team \u00e8 qui per guidarvi verso il <strong>variet\u00e0 di cannabis<\/strong> che soddisfa le vostre esigenze.<\/li>\n<\/ul>\n<h3>Domande frequenti<\/h3>\n<h4>Quali sono gli effetti principali della Blueberry Indica Dominant Hybrid Strain?<\/h4>\n<p>La <strong>Variet\u00e0 ibrida a dominanza Indica Blueberry<\/strong> offre uno sballo euforico e rilassante, perfetto per alleviare lo stress, migliorare l'umore e favorire il sonno.<\/p>\n<h4>Il mirtillo \u00e8 adatto all'emicrania e al dolore cronico?<\/h4>\n<p>S\u00ec, il mirtillo \u00e8 ideale per ridurre il dolore cronico, alleviare l'emicrania e calmare la tensione corporea.<\/p>\n<h4>Quali sapori e aromi dominano il mirtillo?<\/h4>\n<p>Questa variet\u00e0 offre un gusto dolce di mirtilli e vaniglia, accompagnato da aromi terrosi e floreali, con un tocco di spezie e dolcezza.<\/p>\n<h3>Ordina la variet\u00e0 ibrida a dominanza Indica Blueberry online su <a href=\"https:\/\/pressurezone.shop\/it\/\" target=\"_new\" rel=\"noopener\">Zona di pressione<\/a><\/h3>\n<p>Pronti a scoprire gli effetti rilassanti e i sapori delicati di <strong>Variet\u00e0 ibrida a dominanza Indica Blueberry<\/strong>? <strong>Ordina ora<\/strong> su <a href=\"https:\/\/pressurezone.shop\/it\/\" target=\"_new\" rel=\"noopener\">Zona di pressione<\/a> per un'esperienza di <strong>variet\u00e0 di cannabis<\/strong> ideale per calmare la mente e rilassare il corpo. Con un servizio di consegna affidabile e un'assistenza clienti eccezionale, Pressure Zone garantisce un'esperienza di acquisto senza preoccupazioni.<\/p>\n<\/div>\n<\/div>\n<\/div>\n<\/div>\n<\/div>\n<\/div>","protected":false},"excerpt":{"rendered":"<p>Achetez la Vari\u00e9t\u00e9 Blueberry Indica Dominant Hybrid Strain en Ligne sur Pressure Zone D\u00e9couvrez la Blueberry Indica Dominant Hybrid Strain, une vari\u00e9t\u00e9 de cannabis qui allie une dominance indica (80% indica\/20% sativa) \u00e0 une saveur inoubliable de myrtilles et de vanille. Connue pour son effet puissant et apaisant, cette vari\u00e9t\u00e9 l\u00e9gendaire remonte aux ann\u00e9es 70, [&hellip;]<\/p>","protected":false},"featured_media":3160,"comment_status":"closed","ping_status":"closed","template":"","meta":{"_uag_custom_page_level_css":"","site-sidebar-layout":"default","site-content-layout":"","ast-site-content-layout":"default","site-content-style":"default","site-sidebar-style":"default","ast-global-header-display":"","ast-banner-title-visibility":"","ast-main-header-display":"","ast-hfb-above-header-display":"","ast-hfb-below-header-display":"","ast-hfb-mobile-header-display":"","site-post-title":"","ast-breadcrumbs-content":"","ast-featured-img":"","footer-sml-layout":"","theme-transparent-header-meta":"default","adv-header-id-meta":"","stick-header-meta":"","header-above-stick-meta":"","header-main-stick-meta":"","header-below-stick-meta":"","astra-migrate-meta-layouts":"set","ast-page-background-enabled":"default","ast-page-background-meta":{"desktop":{"background-color":"","background-image":"","background-repeat":"repeat","background-position":"center center","background-size":"auto","background-attachment":"scroll","background-type":"","background-media":"","overlay-type":"","overlay-color":"","overlay-opacity":"","overlay-gradient":""},"tablet":{"background-color":"","background-image":"","background-repeat":"repeat","background-position":"center center","background-size":"auto","background-attachment":"scroll","background-type":"","background-media":"","overlay-type":"","overlay-color":"","overlay-opacity":"","overlay-gradient":""},"mobile":{"background-color":"","background-image":"","background-repeat":"repeat","background-position":"center center","background-size":"auto","background-attachment":"scroll","background-type":"","background-media":"","overlay-type":"","overlay-color":"","overlay-opacity":"","overlay-gradient":""}},"ast-content-background-meta":{"desktop":{"background-color":"var(--ast-global-color-5)","background-image":"","background-repeat":"repeat","background-position":"center center","background-size":"auto","background-attachment":"scroll","background-type":"","background-media":"","overlay-type":"","overlay-color":"","overlay-opacity":"","overlay-gradient":""},"tablet":{"background-color":"var(--ast-global-color-5)","background-image":"","background-repeat":"repeat","background-position":"center center","background-size":"auto","background-attachment":"scroll","background-type":"","background-media":"","overlay-type":"","overlay-color":"","overlay-opacity":"","overlay-gradient":""},"mobile":{"background-color":"var(--ast-global-color-5)","background-image":"","background-repeat":"repeat","background-position":"center center","background-size":"auto","background-attachment":"scroll","background-type":"","background-media":"","overlay-type":"","overlay-color":"","overlay-opacity":"","overlay-gradient":""}}},"product_brand":[],"product_cat":[28,278],"product_tag":[320],"class_list":{"0":"post-3074","1":"product","2":"type-product","3":"status-publish","4":"has-post-thumbnail","6":"product_cat-varietes-de-cannabis","7":"product_cat-varietes-de-marijuana-indica","8":"product_tag-order-blueberry-indica-dominant-hybrid-strain-europe","9":"desktop-align-left","10":"tablet-align-left","11":"mobile-align-left","13":"first","14":"instock","15":"shipping-taxable","16":"purchasable","17":"product-type-variable"},"uagb_featured_image_src":{"full":["https:\/\/pressurezone.shop\/wp-content\/uploads\/2024\/10\/Blueberry-Indica-Dominant-Hybrid-Strain.webp",2560,1707,false],"thumbnail":["https:\/\/pressurezone.shop\/wp-content\/uploads\/2024\/10\/Blueberry-Indica-Dominant-Hybrid-Strain-150x150.webp",150,150,true],"medium":["https:\/\/pressurezone.shop\/wp-content\/uploads\/2024\/10\/Blueberry-Indica-Dominant-Hybrid-Strain-300x200.webp",300,200,true],"medium_large":["https:\/\/pressurezone.shop\/wp-content\/uploads\/2024\/10\/Blueberry-Indica-Dominant-Hybrid-Strain-768x512.webp",768,512,true],"large":["https:\/\/pressurezone.shop\/wp-content\/uploads\/2024\/10\/Blueberry-Indica-Dominant-Hybrid-Strain-1024x683.webp",1024,683,true],"1536x1536":["https:\/\/pressurezone.shop\/wp-content\/uploads\/2024\/10\/Blueberry-Indica-Dominant-Hybrid-Strain-1536x1024.webp",1536,1024,true],"2048x2048":["https:\/\/pressurezone.shop\/wp-content\/uploads\/2024\/10\/Blueberry-Indica-Dominant-Hybrid-Strain-2048x1366.webp",2048,1366,true],"trp-custom-language-flag":["https:\/\/pressurezone.shop\/wp-content\/uploads\/2024\/10\/Blueberry-Indica-Dominant-Hybrid-Strain-18x12.webp",18,12,true],"woocommerce_thumbnail":["https:\/\/pressurezone.shop\/wp-content\/uploads\/2024\/10\/Blueberry-Indica-Dominant-Hybrid-Strain-300x300.webp",300,300,true],"woocommerce_single":["https:\/\/pressurezone.shop\/wp-content\/uploads\/2024\/10\/Blueberry-Indica-Dominant-Hybrid-Strain-600x400.webp",600,400,true],"woocommerce_gallery_thumbnail":["https:\/\/pressurezone.shop\/wp-content\/uploads\/2024\/10\/Blueberry-Indica-Dominant-Hybrid-Strain-100x100.webp",100,100,true]},"uagb_author_info":{"display_name":"pressurezone.shop","author_link":"https:\/\/pressurezone.shop\/it\/author\/"},"uagb_comment_info":0,"uagb_excerpt":"Achetez la Vari\u00e9t\u00e9 Blueberry Indica Dominant Hybrid Strain en Ligne sur Pressure Zone D\u00e9couvrez la Blueberry Indica Dominant Hybrid Strain, une vari\u00e9t\u00e9 de cannabis qui allie une dominance indica (80% indica\/20% sativa) \u00e0 une saveur inoubliable de myrtilles et de vanille. Connue pour son effet puissant et apaisant, cette vari\u00e9t\u00e9 l\u00e9gendaire remonte aux ann\u00e9es 70,&hellip;","_links":{"self":[{"href":"https:\/\/pressurezone.shop\/it\/wp-json\/wp\/v2\/product\/3074"}],"collection":[{"href":"https:\/\/pressurezone.shop\/it\/wp-json\/wp\/v2\/product"}],"about":[{"href":"https:\/\/pressurezone.shop\/it\/wp-json\/wp\/v2\/types\/product"}],"replies":[{"embeddable":true,"href":"https:\/\/pressurezone.shop\/it\/wp-json\/wp\/v2\/comments?post=3074"}],"version-history":[{"count":3,"href":"https:\/\/pressurezone.shop\/it\/wp-json\/wp\/v2\/product\/3074\/revisions"}],"predecessor-version":[{"id":3681,"href":"https:\/\/pressurezone.shop\/it\/wp-json\/wp\/v2\/product\/3074\/revisions\/3681"}],"wp:featuredmedia":[{"embeddable":true,"href":"https:\/\/pressurezone.shop\/it\/wp-json\/wp\/v2\/media\/3160"}],"wp:attachment":[{"href":"https:\/\/pressurezone.shop\/it\/wp-json\/wp\/v2\/media?parent=3074"}],"wp:term":[{"taxonomy":"product_brand","embeddable":true,"href":"https:\/\/pressurezone.shop\/it\/wp-json\/wp\/v2\/product_brand?post=3074"},{"taxonomy":"product_cat","embeddable":true,"href":"https:\/\/pressurezone.shop\/it\/wp-json\/wp\/v2\/product_cat?post=3074"},{"taxonomy":"product_tag","embeddable":true,"href":"https:\/\/pressurezone.shop\/it\/wp-json\/wp\/v2\/product_tag?post=3074"}],"curies":[{"name":"wp","href":"https:\/\/api.w.org\/{rel}","templated":true}]}}