{"id":3075,"date":"2024-10-11T00:50:08","date_gmt":"2024-10-10T22:50:08","guid":{"rendered":"https:\/\/pressurezone.shop\/?post_type=product&#038;p=3075"},"modified":"2024-11-02T20:49:58","modified_gmt":"2024-11-02T19:49:58","slug":"variete-berry-white-weed","status":"publish","type":"product","link":"https:\/\/pressurezone.shop\/it\/prodotto\/varieta-bacca-erba-bianca\/","title":{"rendered":"Ceppo di erba bianca ai frutti di bosco"},"content":{"rendered":"<h3><strong>Acquista Berry White Weed online in Europa su <a href=\"https:\/\/pressurezone.shop\/it\/\" target=\"_new\" rel=\"noopener\">Zona di pressione<\/a><\/strong><\/h3>\n<p>Scoprire <strong>Erba bianca di bosco<\/strong>nota anche come \"Bacca bianca\", una <strong>variet\u00e0 di cannabis<\/strong> a dominante indica che combina relax ed euforia. Dall'iconico incrocio tra <strong>Mirtillo<\/strong> e <strong>Vedova Bianca<\/strong>Questa variet\u00e0 \u00e8 spesso considerata un classico dagli intenditori di cannabis. <strong>Bianco bacca<\/strong> offre un'esperienza equilibrata con effetti sia lenitivi che stimolanti, ideale per una serata rilassante o per alleviare il dolore cronico.<\/p>\n<h3>Effetti e benefici dell'Erba Bianca di Bacca<\/h3>\n<p>La <strong>Variet\u00e0 di cannabis Berry White<\/strong> \u00e8 caratterizzata da rapidi effetti cerebrali che immergono immediatamente in un intenso relax. Ecco cosa ci si pu\u00f2 aspettare da questa variet\u00e0:<\/p>\n<ul>\n<li><strong>Euforia e creativit\u00e0<\/strong> Stimola la mente e favorisce una sensazione di benessere.<\/li>\n<li><strong>Rilassamento del corpo<\/strong> Un effetto fisico calmante che aiuta a rilassarsi.<\/li>\n<li><strong>Effetto morbido<\/strong> Ideale per un'esperienza delicata e rilassante, spesso accompagnata da un leggero blocco del divano.<\/li>\n<\/ul>\n<p>Grazie al suo profilo equilibrato, <strong>Bianco bacca<\/strong> \u00e8 adatto agli utenti che cercano una miscela perfetta di rilassamento fisico e di elevazione mentale. Il suono <strong>Potente THC<\/strong> \u00e8 l'opzione ideale per trascorrere una piacevole serata.<\/p>\n<h3>Benefici terapeutici dell'Erba Bianca di Bacca<\/h3>\n<p>Il Berry White \u00e8 spesso consigliato per alleviare molti sintomi grazie ai suoi effetti equilibrati:<\/p>\n<ul>\n<li><strong>Riduzione dell'ansia e dello stress<\/strong> Calma la mente e aiuta a ridurre i pensieri stressanti.<\/li>\n<li><strong>Sollievo dal dolore cronico<\/strong> Lenisce i dolori persistenti del corpo.<\/li>\n<li><strong>Trattamento dell'insonnia<\/strong> Favorisce un sonno profondo e riposante.<\/li>\n<li><strong>Miglioramento dell'umore<\/strong> Efficace per combattere la depressione e migliorare l'umore.<\/li>\n<\/ul>\n<p>Questo <strong>variet\u00e0 di cannabis<\/strong> \u00e8 apprezzato anche per i suoi effetti benefici contro emicranie, mal di testa e persino contro i sintomi dell'ADHD e del disturbo bipolare.<\/p>\n<h3>Aromi e sapori di Berry White Weed<\/h3>\n<p>La <strong>Variet\u00e0 Berry White Weed<\/strong> \u00e8 anche una festa per i sensi con il suo caratteristico profilo aromatico:<\/p>\n<ul>\n<li><strong>I sapori<\/strong> Note dolci di bacche e mirtilli, esaltate da una nota di pino e spezie.<\/li>\n<li><strong>Aromi<\/strong> Un'intensa fragranza di mirtillo, leggermente terrosa e acidula, con una nota di dolcezza.<a href=\"https:\/\/fuelpackz.com\/\" target=\"_blank\" rel=\"noopener\">.<\/a><\/li>\n<\/ul>\n<p>Il gusto di <strong>torta ai mirtilli<\/strong> d\u00e0 un tocco gourmet a questa variet\u00e0, perfetta per chi apprezza un'esperienza ricca e gustosa.<\/p>\n<h3>Perch\u00e9 acquistare Berry White Weed su <a href=\"https:\/\/pressurezone.shop\/it\/\" target=\"_new\" rel=\"noopener\">Zona di pressione<\/a>?<\/h3>\n<p>A <strong>Zona di pressione<\/strong>selezioniamo <strong>variet\u00e0 di cannabis<\/strong> per i nostri clienti in Europa. <strong>Erba bianca di bosco<\/strong> \u00e8 una delle nostre variet\u00e0 di punta, rinomata per i suoi effetti equilibrati e il suo profilo gustativo unico. Ecco perch\u00e9 dovreste acquistare da noi:<\/p>\n<ul>\n<li><strong>Qualit\u00e0 superiore<\/strong> I nostri prodotti sono testati e garantiscono potenza e purezza.<\/li>\n<li><strong>Selezione equilibrata<\/strong> Una variet\u00e0 adatta alle esigenze terapeutiche e al rilassamento.<\/li>\n<li><strong>Servizio clienti esperto<\/strong> Siamo qui per guidarvi verso <strong>variet\u00e0 di cannabis<\/strong> che soddisfa le vostre aspettative.<\/li>\n<\/ul>\n<h3>Domande frequenti<\/h3>\n<h4>Quali sono i principali effetti della Berry White Weed?<\/h4>\n<p>La <strong>Variet\u00e0 Berry White Weed<\/strong> offre un profondo rilassamento e una leggera euforia. \u00c8 ideale per rilassarsi, stimolare la creativit\u00e0 e godere di un senso di benessere.<\/p>\n<h4>Berry White \u00e8 adatto per l'insonnia?<\/h4>\n<p>S\u00ec, il Berry White \u00e8 particolarmente efficace per chi soffre di insonnia, grazie ai suoi effetti calmanti che favoriscono un sonno ristoratore.<\/p>\n<h4>Quali sono i sapori e gli aromi dominanti nel Berry White?<\/h4>\n<p>Dominano i sapori dolci e fruttati di bacche e mirtilli, con aromi terrosi e aciduli che rendono l'esperienza completa e piacevole.<\/p>\n<h3>Ordina la variet\u00e0 di erba Berry White in Europa su <a href=\"https:\/\/pressurezone.shop\/it\/\" target=\"_new\" rel=\"noopener\">Zona di pressione<\/a><\/h3>\n<p>Pronti a scoprire il perfetto equilibrio tra <strong>Erba bianca di bosco<\/strong>? <strong>Ordina ora<\/strong> su <a href=\"https:\/\/pressurezone.shop\/it\/\" target=\"_new\" rel=\"noopener\">Zona di pressione<\/a> per un'esperienza di <strong>variet\u00e0 di cannabis<\/strong> ideale per il relax e il benessere. I nostri prodotti di alta qualit\u00e0 e un servizio rapido e discreto vi garantiscono un'esperienza di acquisto online piacevole e senza problemi.<\/p>","protected":false},"excerpt":{"rendered":"<p>Achetez la Vari\u00e9t\u00e9 Berry White Weed en Ligne en Europe sur Pressure Zone D\u00e9couvrez Berry White Weed, \u00e9galement connue sous le nom de \u201cWhite Berry\u201d, une vari\u00e9t\u00e9 de cannabis indica dominante qui allie relaxation et euphorie. Issue de l\u2019iconique croisement entre Blueberry et White Widow, cette vari\u00e9t\u00e9 est souvent consid\u00e9r\u00e9e comme un classique par les [&hellip;]<\/p>","protected":false},"featured_media":3162,"comment_status":"closed","ping_status":"closed","template":"","meta":{"_uag_custom_page_level_css":"","site-sidebar-layout":"default","site-content-layout":"","ast-site-content-layout":"default","site-content-style":"default","site-sidebar-style":"default","ast-global-header-display":"","ast-banner-title-visibility":"","ast-main-header-display":"","ast-hfb-above-header-display":"","ast-hfb-below-header-display":"","ast-hfb-mobile-header-display":"","site-post-title":"","ast-breadcrumbs-content":"","ast-featured-img":"","footer-sml-layout":"","theme-transparent-header-meta":"default","adv-header-id-meta":"","stick-header-meta":"","header-above-stick-meta":"","header-main-stick-meta":"","header-below-stick-meta":"","astra-migrate-meta-layouts":"set","ast-page-background-enabled":"default","ast-page-background-meta":{"desktop":{"background-color":"","background-image":"","background-repeat":"repeat","background-position":"center center","background-size":"auto","background-attachment":"scroll","background-type":"","background-media":"","overlay-type":"","overlay-color":"","overlay-opacity":"","overlay-gradient":""},"tablet":{"background-color":"","background-image":"","background-repeat":"repeat","background-position":"center center","background-size":"auto","background-attachment":"scroll","background-type":"","background-media":"","overlay-type":"","overlay-color":"","overlay-opacity":"","overlay-gradient":""},"mobile":{"background-color":"","background-image":"","background-repeat":"repeat","background-position":"center center","background-size":"auto","background-attachment":"scroll","background-type":"","background-media":"","overlay-type":"","overlay-color":"","overlay-opacity":"","overlay-gradient":""}},"ast-content-background-meta":{"desktop":{"background-color":"var(--ast-global-color-5)","background-image":"","background-repeat":"repeat","background-position":"center center","background-size":"auto","background-attachment":"scroll","background-type":"","background-media":"","overlay-type":"","overlay-color":"","overlay-opacity":"","overlay-gradient":""},"tablet":{"background-color":"var(--ast-global-color-5)","background-image":"","background-repeat":"repeat","background-position":"center center","background-size":"auto","background-attachment":"scroll","background-type":"","background-media":"","overlay-type":"","overlay-color":"","overlay-opacity":"","overlay-gradient":""},"mobile":{"background-color":"var(--ast-global-color-5)","background-image":"","background-repeat":"repeat","background-position":"center center","background-size":"auto","background-attachment":"scroll","background-type":"","background-media":"","overlay-type":"","overlay-color":"","overlay-opacity":"","overlay-gradient":""}}},"product_brand":[],"product_cat":[28,278],"product_tag":[321],"class_list":{"0":"post-3075","1":"product","2":"type-product","3":"status-publish","4":"has-post-thumbnail","6":"product_cat-varietes-de-cannabis","7":"product_cat-varietes-de-marijuana-indica","8":"product_tag-order-berry-white-weed-strain-europe","9":"desktop-align-left","10":"tablet-align-left","11":"mobile-align-left","13":"first","14":"instock","15":"shipping-taxable","16":"purchasable","17":"product-type-variable"},"uagb_featured_image_src":{"full":["https:\/\/pressurezone.shop\/wp-content\/uploads\/2024\/10\/Berry-White-Weed-Strain.webp",2048,1365,false],"thumbnail":["https:\/\/pressurezone.shop\/wp-content\/uploads\/2024\/10\/Berry-White-Weed-Strain-150x150.webp",150,150,true],"medium":["https:\/\/pressurezone.shop\/wp-content\/uploads\/2024\/10\/Berry-White-Weed-Strain-300x200.webp",300,200,true],"medium_large":["https:\/\/pressurezone.shop\/wp-content\/uploads\/2024\/10\/Berry-White-Weed-Strain-768x512.webp",768,512,true],"large":["https:\/\/pressurezone.shop\/wp-content\/uploads\/2024\/10\/Berry-White-Weed-Strain-1024x683.webp",1024,683,true],"1536x1536":["https:\/\/pressurezone.shop\/wp-content\/uploads\/2024\/10\/Berry-White-Weed-Strain-1536x1024.webp",1536,1024,true],"2048x2048":["https:\/\/pressurezone.shop\/wp-content\/uploads\/2024\/10\/Berry-White-Weed-Strain.webp",2048,1365,false],"trp-custom-language-flag":["https:\/\/pressurezone.shop\/wp-content\/uploads\/2024\/10\/Berry-White-Weed-Strain-18x12.webp",18,12,true],"woocommerce_thumbnail":["https:\/\/pressurezone.shop\/wp-content\/uploads\/2024\/10\/Berry-White-Weed-Strain-300x300.webp",300,300,true],"woocommerce_single":["https:\/\/pressurezone.shop\/wp-content\/uploads\/2024\/10\/Berry-White-Weed-Strain-600x400.webp",600,400,true],"woocommerce_gallery_thumbnail":["https:\/\/pressurezone.shop\/wp-content\/uploads\/2024\/10\/Berry-White-Weed-Strain-100x100.webp",100,100,true]},"uagb_author_info":{"display_name":"pressurezone.shop","author_link":"https:\/\/pressurezone.shop\/it\/author\/"},"uagb_comment_info":0,"uagb_excerpt":"Achetez la Vari\u00e9t\u00e9 Berry White Weed en Ligne en Europe sur Pressure Zone D\u00e9couvrez Berry White Weed, \u00e9galement connue sous le nom de \u201cWhite Berry\u201d, une vari\u00e9t\u00e9 de cannabis indica dominante qui allie relaxation et euphorie. Issue de l\u2019iconique croisement entre Blueberry et White Widow, cette vari\u00e9t\u00e9 est souvent consid\u00e9r\u00e9e comme un classique par les&hellip;","_links":{"self":[{"href":"https:\/\/pressurezone.shop\/it\/wp-json\/wp\/v2\/product\/3075"}],"collection":[{"href":"https:\/\/pressurezone.shop\/it\/wp-json\/wp\/v2\/product"}],"about":[{"href":"https:\/\/pressurezone.shop\/it\/wp-json\/wp\/v2\/types\/product"}],"replies":[{"embeddable":true,"href":"https:\/\/pressurezone.shop\/it\/wp-json\/wp\/v2\/comments?post=3075"}],"version-history":[{"count":3,"href":"https:\/\/pressurezone.shop\/it\/wp-json\/wp\/v2\/product\/3075\/revisions"}],"predecessor-version":[{"id":3641,"href":"https:\/\/pressurezone.shop\/it\/wp-json\/wp\/v2\/product\/3075\/revisions\/3641"}],"wp:featuredmedia":[{"embeddable":true,"href":"https:\/\/pressurezone.shop\/it\/wp-json\/wp\/v2\/media\/3162"}],"wp:attachment":[{"href":"https:\/\/pressurezone.shop\/it\/wp-json\/wp\/v2\/media?parent=3075"}],"wp:term":[{"taxonomy":"product_brand","embeddable":true,"href":"https:\/\/pressurezone.shop\/it\/wp-json\/wp\/v2\/product_brand?post=3075"},{"taxonomy":"product_cat","embeddable":true,"href":"https:\/\/pressurezone.shop\/it\/wp-json\/wp\/v2\/product_cat?post=3075"},{"taxonomy":"product_tag","embeddable":true,"href":"https:\/\/pressurezone.shop\/it\/wp-json\/wp\/v2\/product_tag?post=3075"}],"curies":[{"name":"wp","href":"https:\/\/api.w.org\/{rel}","templated":true}]}}