{"id":3087,"date":"2024-10-11T00:50:35","date_gmt":"2024-10-10T22:50:35","guid":{"rendered":"https:\/\/pressurezone.shop\/?post_type=product&#038;p=3087"},"modified":"2024-11-02T20:24:09","modified_gmt":"2024-11-02T19:24:09","slug":"variete-allen-wrench-sativa","status":"publish","type":"product","link":"https:\/\/pressurezone.shop\/it\/prodotto\/varieta-allen-wrench-sativa\/","title":{"rendered":"Allen Wrench variet\u00e0 sativa"},"content":{"rendered":"<h3><strong>Acquista Allen Wrench Sativa online su <a href=\"https:\/\/pressurezone.shop\/it\/\" target=\"_new\" rel=\"noopener\">Zona di pressione<\/a><\/strong><\/h3>\n<p>Scoprite l'incredibile <strong>variet\u00e0 di cannabis Allen Wrench Sativa<\/strong>un incrocio ibrido tra il famoso <strong>NYC Diesel<\/strong> e <strong>Trainwreck<\/strong>. Combinando le migliori qualit\u00e0 di queste due rinomate variet\u00e0, Allen Wrench offre un'esperienza unica, potente e rinvigorente. Con il suo aroma caratteristico e il suo gusto fresco e delizioso, questo <strong>sativa<\/strong> \u00e8 perfetta per gli amanti della cannabis che cercano un sapore intenso ed effetti di lunga durata.<a href=\"https:\/\/fuelpackz.com\/\" target=\"_blank\" rel=\"noopener\">.<\/a><\/p>\n<h3>Effetti e benefici della Allen Wrench Sativa<\/h3>\n<p>La <strong>Variet\u00e0 Allen Wrench Sativa<\/strong> \u00e8 apprezzata per i suoi effetti energizzanti ed euforici. Ecco cosa potete aspettarvi da questa variet\u00e0 eccezionale:<\/p>\n<ul>\n<li><strong>Energia e creativit\u00e0<\/strong> Aumenta l'energia e migliora la concentrazione, ideale per le attivit\u00e0 creative.<\/li>\n<li><strong>Euforia e felicit\u00e0<\/strong> Contribuisce a risollevare l'umore e a dare una sensazione di benessere.<\/li>\n<li><strong>Effetto duraturo<\/strong> L'essenza di questa variet\u00e0 rimane nella stanza per ore, creando un'atmosfera rilassante.<\/li>\n<\/ul>\n<p>Con un contenuto di THC pari a 21%, questo <strong>Ceppo di cannabis Allen Wrench<\/strong> \u00e8 consigliato a chi vuole stimolare la propria creativit\u00e0, migliorare l'umore e rimanere vigile durante la giornata.<\/p>\n<h3>Sapori e aromi unici<\/h3>\n<p>La <strong>Ceppo di cannabis Allen Wrench<\/strong> offre una combinazione indimenticabile di sapori e aromi:<\/p>\n<ul>\n<li><strong>I sapori<\/strong> Un mix di <strong>agrumi, arancio, pino, dolce e legnoso<\/strong>con un gusto pulito e rinfrescante.<\/li>\n<li><strong>Aromi<\/strong> Una fragranza complessa che combina note di <strong>terroso, floreale, fruttato, acido e dolce<\/strong>che lascia un'impressione duratura nello spazio.<\/li>\n<\/ul>\n<p>Con note di <strong>skunky e pompelmo<\/strong>L'aroma di Allen Wrench \u00e8 intenso e piacevole, ideale per chi ama una fragranza forte e tonificante.<\/p>\n<h3>Potenziali benefici per la salute<\/h3>\n<p>La Allen Wrench Sativa viene spesso scelta per i suoi effetti benefici nel trattamento di vari disturbi:<\/p>\n<ul>\n<li><strong>Migliora l'appetito e l'umore<\/strong> Stimola l'appetito e aiuta a ridurre gli sbalzi d'umore.<\/li>\n<li><strong>Aumenta l'energia e la vigilanza<\/strong> Ideale per le giornate pi\u00f9 impegnative, quando energia e chiarezza mentale sono essenziali.<\/li>\n<li><strong>Riduzione dello stress e dell'ansia<\/strong> Calma le tensioni e dona una sensazione di tranquillit\u00e0 mentale.<\/li>\n<\/ul>\n<p>Questo <strong>variet\u00e0 di cannabis<\/strong> \u00e8 utilizzato anche per alleviare sintomi quali ADD\/ADHD, stanchezza, emicrania, dolore cronico e persino insonnia.<\/p>\n<h3>Perch\u00e9 acquistare Allen Wrench Sativa su <a href=\"https:\/\/pressurezone.shop\/it\/\" target=\"_new\" rel=\"noopener\">Zona di pressione<\/a>?<\/h3>\n<p>A <strong>Zona di pressione<\/strong>ci impegniamo a fornirvi <strong>variet\u00e0 di cannabis<\/strong> di altissima qualit\u00e0. I nostri prodotti sono testati per garantire la massima purezza ed efficacia, e la <strong>Variet\u00e0 di chiavi a brugola<\/strong> non fa eccezione. Quando scegliete una chiave a brugola da noi, beneficiate di :<\/p>\n<ul>\n<li><strong>Qualit\u00e0 superiore<\/strong> Una variet\u00e0 accuratamente coltivata e controllata per un'esperienza ottimale.<\/li>\n<li><strong>Selezione accurata<\/strong> Allen Wrench Sativa \u00e8 una variet\u00e0 unica per chi cerca sia energia che benessere.<\/li>\n<li><strong>Servizio clienti dedicato<\/strong> Siamo qui per aiutarvi a scegliere la variet\u00e0 pi\u00f9 adatta alle vostre esigenze.<\/li>\n<\/ul>\n<h3>Domande frequenti<\/h3>\n<h4>Quali sono gli effetti principali della Allen Wrench Sativa?<\/h4>\n<p>Questa variet\u00e0 \u00e8 energizzante ed euforica, ideale per stimolare la creativit\u00e0 e rimanere concentrati. Fornisce inoltre una sensazione di felicit\u00e0 duratura.<\/p>\n<h4>La chiave a brugola pu\u00f2 essere utilizzata per alleviare il dolore?<\/h4>\n<p>S\u00ec, la chiave a brugola viene utilizzata per alleviare una serie di sintomi, tra cui il dolore cronico, la depressione e l'emicrania.<\/p>\n<h4>Quali sono gli aromi dominanti in questa variet\u00e0?<\/h4>\n<p>La variet\u00e0 Allen Wrench Sativa si distingue per i suoi aromi. <strong>terroso, floreale e fruttato<\/strong>. \u00c8 forte e piacevole allo stesso tempo e offre un'esperienza sensoriale completa.<\/p>\n<h3>Ordina Allen Wrench Sativa online su <a href=\"https:\/\/pressurezone.shop\/it\/\" target=\"_new\" rel=\"noopener\">Zona di pressione<\/a><\/h3>\n<p>Siete pronti a scoprire la potenza e i benefici della Allen Wrench Sativa? <strong>Ordina ora<\/strong> su <a href=\"https:\/\/pressurezone.shop\/it\/\" target=\"_new\" rel=\"noopener\">Zona di pressione<\/a> per godere di un <strong>variet\u00e0 di cannabis<\/strong> che vi solleveranno lo spirito e vi daranno nuova energia. I nostri prodotti di prima qualit\u00e0 e il servizio rapido e discreto vi garantiscono un'esperienza di acquisto senza preoccupazioni.<\/p>","protected":false},"excerpt":{"rendered":"<p>THC: 19-22%<\/p>","protected":false},"featured_media":3169,"comment_status":"closed","ping_status":"closed","template":"","meta":{"_uag_custom_page_level_css":"","site-sidebar-layout":"default","site-content-layout":"","ast-site-content-layout":"default","site-content-style":"default","site-sidebar-style":"default","ast-global-header-display":"","ast-banner-title-visibility":"","ast-main-header-display":"","ast-hfb-above-header-display":"","ast-hfb-below-header-display":"","ast-hfb-mobile-header-display":"","site-post-title":"","ast-breadcrumbs-content":"","ast-featured-img":"","footer-sml-layout":"","theme-transparent-header-meta":"default","adv-header-id-meta":"","stick-header-meta":"","header-above-stick-meta":"","header-main-stick-meta":"","header-below-stick-meta":"","astra-migrate-meta-layouts":"set","ast-page-background-enabled":"default","ast-page-background-meta":{"desktop":{"background-color":"","background-image":"","background-repeat":"repeat","background-position":"center center","background-size":"auto","background-attachment":"scroll","background-type":"","background-media":"","overlay-type":"","overlay-color":"","overlay-opacity":"","overlay-gradient":""},"tablet":{"background-color":"","background-image":"","background-repeat":"repeat","background-position":"center center","background-size":"auto","background-attachment":"scroll","background-type":"","background-media":"","overlay-type":"","overlay-color":"","overlay-opacity":"","overlay-gradient":""},"mobile":{"background-color":"","background-image":"","background-repeat":"repeat","background-position":"center center","background-size":"auto","background-attachment":"scroll","background-type":"","background-media":"","overlay-type":"","overlay-color":"","overlay-opacity":"","overlay-gradient":""}},"ast-content-background-meta":{"desktop":{"background-color":"var(--ast-global-color-5)","background-image":"","background-repeat":"repeat","background-position":"center center","background-size":"auto","background-attachment":"scroll","background-type":"","background-media":"","overlay-type":"","overlay-color":"","overlay-opacity":"","overlay-gradient":""},"tablet":{"background-color":"var(--ast-global-color-5)","background-image":"","background-repeat":"repeat","background-position":"center center","background-size":"auto","background-attachment":"scroll","background-type":"","background-media":"","overlay-type":"","overlay-color":"","overlay-opacity":"","overlay-gradient":""},"mobile":{"background-color":"var(--ast-global-color-5)","background-image":"","background-repeat":"repeat","background-position":"center center","background-size":"auto","background-attachment":"scroll","background-type":"","background-media":"","overlay-type":"","overlay-color":"","overlay-opacity":"","overlay-gradient":""}}},"product_brand":[],"product_cat":[28,273],"product_tag":[323],"class_list":{"0":"post-3087","1":"product","2":"type-product","3":"status-publish","4":"has-post-thumbnail","6":"product_cat-varietes-de-cannabis","7":"product_cat-varietes-de-cannabis-sativa","8":"product_tag-buy-allen-wrench-sativa-strain-online-europ","9":"desktop-align-left","10":"tablet-align-left","11":"mobile-align-left","13":"first","14":"instock","15":"shipping-taxable","16":"purchasable","17":"product-type-variable"},"uagb_featured_image_src":{"full":["https:\/\/pressurezone.shop\/wp-content\/uploads\/2024\/10\/Allen-Wrench-Sativa-Strain.webp",2560,1707,false],"thumbnail":["https:\/\/pressurezone.shop\/wp-content\/uploads\/2024\/10\/Allen-Wrench-Sativa-Strain-150x150.webp",150,150,true],"medium":["https:\/\/pressurezone.shop\/wp-content\/uploads\/2024\/10\/Allen-Wrench-Sativa-Strain-300x200.webp",300,200,true],"medium_large":["https:\/\/pressurezone.shop\/wp-content\/uploads\/2024\/10\/Allen-Wrench-Sativa-Strain-768x512.webp",768,512,true],"large":["https:\/\/pressurezone.shop\/wp-content\/uploads\/2024\/10\/Allen-Wrench-Sativa-Strain-1024x683.webp",1024,683,true],"1536x1536":["https:\/\/pressurezone.shop\/wp-content\/uploads\/2024\/10\/Allen-Wrench-Sativa-Strain-1536x1024.webp",1536,1024,true],"2048x2048":["https:\/\/pressurezone.shop\/wp-content\/uploads\/2024\/10\/Allen-Wrench-Sativa-Strain-2048x1366.webp",2048,1366,true],"trp-custom-language-flag":["https:\/\/pressurezone.shop\/wp-content\/uploads\/2024\/10\/Allen-Wrench-Sativa-Strain-18x12.webp",18,12,true],"woocommerce_thumbnail":["https:\/\/pressurezone.shop\/wp-content\/uploads\/2024\/10\/Allen-Wrench-Sativa-Strain-300x300.webp",300,300,true],"woocommerce_single":["https:\/\/pressurezone.shop\/wp-content\/uploads\/2024\/10\/Allen-Wrench-Sativa-Strain-600x400.webp",600,400,true],"woocommerce_gallery_thumbnail":["https:\/\/pressurezone.shop\/wp-content\/uploads\/2024\/10\/Allen-Wrench-Sativa-Strain-100x100.webp",100,100,true]},"uagb_author_info":{"display_name":"pressurezone.shop","author_link":"https:\/\/pressurezone.shop\/it\/author\/"},"uagb_comment_info":0,"uagb_excerpt":"THC: 19-22%","_links":{"self":[{"href":"https:\/\/pressurezone.shop\/it\/wp-json\/wp\/v2\/product\/3087"}],"collection":[{"href":"https:\/\/pressurezone.shop\/it\/wp-json\/wp\/v2\/product"}],"about":[{"href":"https:\/\/pressurezone.shop\/it\/wp-json\/wp\/v2\/types\/product"}],"replies":[{"embeddable":true,"href":"https:\/\/pressurezone.shop\/it\/wp-json\/wp\/v2\/comments?post=3087"}],"version-history":[{"count":3,"href":"https:\/\/pressurezone.shop\/it\/wp-json\/wp\/v2\/product\/3087\/revisions"}],"predecessor-version":[{"id":3617,"href":"https:\/\/pressurezone.shop\/it\/wp-json\/wp\/v2\/product\/3087\/revisions\/3617"}],"wp:featuredmedia":[{"embeddable":true,"href":"https:\/\/pressurezone.shop\/it\/wp-json\/wp\/v2\/media\/3169"}],"wp:attachment":[{"href":"https:\/\/pressurezone.shop\/it\/wp-json\/wp\/v2\/media?parent=3087"}],"wp:term":[{"taxonomy":"product_brand","embeddable":true,"href":"https:\/\/pressurezone.shop\/it\/wp-json\/wp\/v2\/product_brand?post=3087"},{"taxonomy":"product_cat","embeddable":true,"href":"https:\/\/pressurezone.shop\/it\/wp-json\/wp\/v2\/product_cat?post=3087"},{"taxonomy":"product_tag","embeddable":true,"href":"https:\/\/pressurezone.shop\/it\/wp-json\/wp\/v2\/product_tag?post=3087"}],"curies":[{"name":"wp","href":"https:\/\/api.w.org\/{rel}","templated":true}]}}