{"id":3088,"date":"2024-10-11T00:50:35","date_gmt":"2024-10-10T22:50:35","guid":{"rendered":"https:\/\/pressurezone.shop\/?post_type=product&#038;p=3088"},"modified":"2024-11-02T22:18:23","modified_gmt":"2024-11-02T21:18:23","slug":"ghost-train-haze-weed-strain","status":"publish","type":"product","link":"https:\/\/pressurezone.shop\/it\/prodotto\/ceppo-di-erba-ghost-train-haze\/","title":{"rendered":"Ceppo di erba Ghost Train Haze"},"content":{"rendered":"<h3><strong>Acquista la variet\u00e0 di erba Ghost Train Haze online in Europa su <a href=\"https:\/\/pressurezone.shop\/it\/\" target=\"_new\" rel=\"noopener\">Zona di pressione<\/a><\/strong><\/h3>\n<p>Scoprire <strong>Ceppo di erba Ghost Train Haze<\/strong>a <strong>variet\u00e0 di cannabis<\/strong> il leggendario risultato di un potente incrocio tra <strong>Fantasma OG<\/strong> e <strong>Il relitto di Neville<\/strong>. Con un contenuto di THC eccezionalmente alto, questa variet\u00e0 \u00e8 prevalentemente sativa (80% sativa \/ 20% indica) e offre un'esperienza intensa, sconsigliata ai principianti o a chi soffre di ansia. Ghost Train Haze \u00e8 nota per i suoi effetti stimolanti ed euforici, perfetti per chi cerca una spinta di creativit\u00e0 ed energia.<a href=\"https:\/\/fuelpackz.com\/\" target=\"_blank\" rel=\"noopener\">.<\/a><\/p>\n<h3>Effetti e benefici della variet\u00e0 di erba Ghost Train Haze<\/h3>\n<p>La <strong>Variet\u00e0 di erba Ghost Train Haze<\/strong> \u00e8 rinomata per i suoi effetti cerebrali intensi e duraturi che risvegliano i sensi e stimolano la mente:<\/p>\n<ul>\n<li><strong>Chiarezza mentale e creativit\u00e0<\/strong> Favorisce la concentrazione e ispira la creativit\u00e0, ideale per i progetti artistici.<\/li>\n<li><strong>Energia ed euforia<\/strong> Fornisce un effetto energizzante che solleva l'umore e fa ridere a crepapelle.<\/li>\n<li><strong>Effetto psichedelico<\/strong> In dosi elevate, pu\u00f2 provocare un'esperienza quasi allucinatoria, ideale per chi ama il brivido.<\/li>\n<\/ul>\n<p>Grazie alla sua <strong>potente profilo sativa<\/strong>Ghost Train Haze \u00e8 ideale per il consumo diurno, con effetti stimolanti che aumentano l'energia e l'umore.<\/p>\n<h3>Benefici terapeutici della variet\u00e0 di erba Ghost Train Haze<\/h3>\n<p>La Ghost Train Haze viene spesso scelta per i suoi benefici terapeutici, in particolare per alleviare vari sintomi mentali e fisici:<\/p>\n<ul>\n<li><strong>Riduce la depressione e lo stress<\/strong> Calma la mente e promuove un senso di benessere, alleviando depressione e stress.<\/li>\n<li><strong>Sollievo dal dolore cronico e dall'emicrania<\/strong> Efficace contro il dolore persistente, ideale per alleviare artrite ed emicrania.<\/li>\n<li><strong>Energia contro la fatica<\/strong> D\u00e0 una spinta all'energia mentale, perfetta per combattere la stanchezza cronica.<\/li>\n<\/ul>\n<p>Questo <strong>variet\u00e0 di cannabis<\/strong> \u00e8 perfetta per chi cerca una spinta mentale e fisica senza effetti sedativi, ma deve essere assunta con cautela per evitare la paranoia negli utenti sensibili.<\/p>\n<h3>Aromi e sapori di Ghost Train Haze<\/h3>\n<p>Ghost Train Haze offre un'esperienza sensoriale audace con sapori e aromi freschi e vibranti:<\/p>\n<ul>\n<li><strong>I sapori<\/strong> Un gusto dolce di limone e agrumi, con una sottile dolcezza che rinfresca.<\/li>\n<li><strong>Aromi<\/strong> Una fragranza floreale e terrosa, arricchita da note di agrumi acidi e pino, che creano un aroma potente e persistente.<\/li>\n<\/ul>\n<p>Questi <strong>sapori e aromi unici<\/strong> rende ogni boccata di Ghost Train Haze un'esperienza indimenticabile per gli appassionati di sapori intensi e piccanti.<\/p>\n<h3>Perch\u00e9 acquistare la variet\u00e0 di erba Ghost Train Haze su <a href=\"https:\/\/pressurezone.shop\/it\/\" target=\"_new\" rel=\"noopener\">Zona di pressione<\/a>?<\/h3>\n<p>A <strong>Zona di pressione<\/strong>offriamo <strong>variet\u00e0 di cannabis<\/strong> accuratamente selezionati e testati per offrire un'esperienza unica. <strong>Ceppo di erba Ghost Train Haze<\/strong> \u00e8 una delle nostre variet\u00e0 di punta per i suoi effetti potenti e i sapori intensi. Ecco perch\u00e9 dovreste scegliere Pressure Zone:<\/p>\n<ul>\n<li><strong>Qualit\u00e0 Premium<\/strong> I nostri prodotti sono rigorosamente testati per garantire purezza e potenza.<\/li>\n<li><strong>Effetto stimolante ed energizzante<\/strong> Perfetto per i momenti di creativit\u00e0 e concentrazione.<\/li>\n<li><strong>Servizio clienti dedicato<\/strong> Siamo a vostra disposizione per aiutarvi a trovare il giusto <strong>variet\u00e0 di cannabis<\/strong> che soddisfa al meglio le vostre esigenze.<\/li>\n<\/ul>\n<h3>Domande frequenti<\/h3>\n<h4>Quali sono gli effetti principali della variet\u00e0 di erba Ghost Train Haze?<\/h4>\n<p>Ghost Train Haze fornisce uno sballo euforico ed energizzante, perfetto per la creativit\u00e0 e la socializzazione. \u00c8 ideale per i consumatori esperti che desiderano un'esperienza intensa.<\/p>\n<h4>Ghost Train Haze \u00e8 efficace per alleviare il dolore e la depressione?<\/h4>\n<p>S\u00ec, questo <strong>variet\u00e0 di cannabis<\/strong> \u00e8 eccellente per ridurre la depressione, alleviare il dolore cronico e promuovere uno stato d'animo positivo.<\/p>\n<h4>Quali sapori e aromi dominano Ghost Train Haze?<\/h4>\n<p>Ghost Train Haze offre sapori dolci di limone e agrumi, accompagnati da aromi floreali e terrosi con un pizzico di pino.<\/p>\n<h3>Ordina la variet\u00e0 di erba Ghost Train Haze in Europa su <a href=\"https:\/\/pressurezone.shop\/it\/\" target=\"_new\" rel=\"noopener\">Zona di pressione<\/a><\/h3>\n<p>Pronti a scoprire l'intensa esperienza di <strong>Ceppo di erba Ghost Train Haze<\/strong>? <strong>Ordina ora<\/strong> su <a href=\"https:\/\/pressurezone.shop\/it\/\" target=\"_new\" rel=\"noopener\">Zona di pressione<\/a> per un'esperienza di <strong>variet\u00e0 di cannabis<\/strong> perfetta per stimolare la mente e godere di uno sballo potente. Con il nostro servizio di consegna veloce e discreto, la vostra esperienza di acquisto online \u00e8 semplice e sicura.<\/p>\n<h4><\/h4>","protected":false},"excerpt":{"rendered":"<p>Achetez la Vari\u00e9t\u00e9 Ghost Train Haze Weed Strain en Ligne en Europe sur Pressure Zone D\u00e9couvrez Ghost Train Haze Weed Strain, une vari\u00e9t\u00e9 de cannabis l\u00e9gendaire issue d\u2019un croisement puissant entre Ghost OG et Neville\u2019s Wreck. Avec un taux de THC exceptionnellement \u00e9lev\u00e9, cette vari\u00e9t\u00e9 est principalement sativa (80% sativa \/ 20% indica), offrant une [&hellip;]<\/p>","protected":false},"featured_media":3171,"comment_status":"closed","ping_status":"closed","template":"","meta":{"_uag_custom_page_level_css":"","site-sidebar-layout":"default","site-content-layout":"","ast-site-content-layout":"default","site-content-style":"default","site-sidebar-style":"default","ast-global-header-display":"","ast-banner-title-visibility":"","ast-main-header-display":"","ast-hfb-above-header-display":"","ast-hfb-below-header-display":"","ast-hfb-mobile-header-display":"","site-post-title":"","ast-breadcrumbs-content":"","ast-featured-img":"","footer-sml-layout":"","theme-transparent-header-meta":"default","adv-header-id-meta":"","stick-header-meta":"","header-above-stick-meta":"","header-main-stick-meta":"","header-below-stick-meta":"","astra-migrate-meta-layouts":"set","ast-page-background-enabled":"default","ast-page-background-meta":{"desktop":{"background-color":"","background-image":"","background-repeat":"repeat","background-position":"center center","background-size":"auto","background-attachment":"scroll","background-type":"","background-media":"","overlay-type":"","overlay-color":"","overlay-opacity":"","overlay-gradient":""},"tablet":{"background-color":"","background-image":"","background-repeat":"repeat","background-position":"center center","background-size":"auto","background-attachment":"scroll","background-type":"","background-media":"","overlay-type":"","overlay-color":"","overlay-opacity":"","overlay-gradient":""},"mobile":{"background-color":"","background-image":"","background-repeat":"repeat","background-position":"center center","background-size":"auto","background-attachment":"scroll","background-type":"","background-media":"","overlay-type":"","overlay-color":"","overlay-opacity":"","overlay-gradient":""}},"ast-content-background-meta":{"desktop":{"background-color":"var(--ast-global-color-5)","background-image":"","background-repeat":"repeat","background-position":"center center","background-size":"auto","background-attachment":"scroll","background-type":"","background-media":"","overlay-type":"","overlay-color":"","overlay-opacity":"","overlay-gradient":""},"tablet":{"background-color":"var(--ast-global-color-5)","background-image":"","background-repeat":"repeat","background-position":"center center","background-size":"auto","background-attachment":"scroll","background-type":"","background-media":"","overlay-type":"","overlay-color":"","overlay-opacity":"","overlay-gradient":""},"mobile":{"background-color":"var(--ast-global-color-5)","background-image":"","background-repeat":"repeat","background-position":"center center","background-size":"auto","background-attachment":"scroll","background-type":"","background-media":"","overlay-type":"","overlay-color":"","overlay-opacity":"","overlay-gradient":""}}},"product_brand":[],"product_cat":[28,273],"product_tag":[324],"class_list":{"0":"post-3088","1":"product","2":"type-product","3":"status-publish","4":"has-post-thumbnail","6":"product_cat-varietes-de-cannabis","7":"product_cat-varietes-de-cannabis-sativa","8":"product_tag-buy-ghost-train-haze-weed-strain-online-europe","9":"desktop-align-left","10":"tablet-align-left","11":"mobile-align-left","13":"first","14":"instock","15":"shipping-taxable","16":"purchasable","17":"product-type-variable"},"uagb_featured_image_src":{"full":["https:\/\/pressurezone.shop\/wp-content\/uploads\/2024\/10\/Ghost-Train-Haze-Weed-Strain.webp",2560,1707,false],"thumbnail":["https:\/\/pressurezone.shop\/wp-content\/uploads\/2024\/10\/Ghost-Train-Haze-Weed-Strain-150x150.webp",150,150,true],"medium":["https:\/\/pressurezone.shop\/wp-content\/uploads\/2024\/10\/Ghost-Train-Haze-Weed-Strain-300x200.webp",300,200,true],"medium_large":["https:\/\/pressurezone.shop\/wp-content\/uploads\/2024\/10\/Ghost-Train-Haze-Weed-Strain-768x512.webp",768,512,true],"large":["https:\/\/pressurezone.shop\/wp-content\/uploads\/2024\/10\/Ghost-Train-Haze-Weed-Strain-1024x683.webp",1024,683,true],"1536x1536":["https:\/\/pressurezone.shop\/wp-content\/uploads\/2024\/10\/Ghost-Train-Haze-Weed-Strain-1536x1024.webp",1536,1024,true],"2048x2048":["https:\/\/pressurezone.shop\/wp-content\/uploads\/2024\/10\/Ghost-Train-Haze-Weed-Strain-2048x1366.webp",2048,1366,true],"trp-custom-language-flag":["https:\/\/pressurezone.shop\/wp-content\/uploads\/2024\/10\/Ghost-Train-Haze-Weed-Strain-18x12.webp",18,12,true],"woocommerce_thumbnail":["https:\/\/pressurezone.shop\/wp-content\/uploads\/2024\/10\/Ghost-Train-Haze-Weed-Strain-300x300.webp",300,300,true],"woocommerce_single":["https:\/\/pressurezone.shop\/wp-content\/uploads\/2024\/10\/Ghost-Train-Haze-Weed-Strain-600x400.webp",600,400,true],"woocommerce_gallery_thumbnail":["https:\/\/pressurezone.shop\/wp-content\/uploads\/2024\/10\/Ghost-Train-Haze-Weed-Strain-100x100.webp",100,100,true]},"uagb_author_info":{"display_name":"pressurezone.shop","author_link":"https:\/\/pressurezone.shop\/it\/author\/"},"uagb_comment_info":0,"uagb_excerpt":"Achetez la Vari\u00e9t\u00e9 Ghost Train Haze Weed Strain en Ligne en Europe sur Pressure Zone D\u00e9couvrez Ghost Train Haze Weed Strain, une vari\u00e9t\u00e9 de cannabis l\u00e9gendaire issue d\u2019un croisement puissant entre Ghost OG et Neville\u2019s Wreck. Avec un taux de THC exceptionnellement \u00e9lev\u00e9, cette vari\u00e9t\u00e9 est principalement sativa (80% sativa \/ 20% indica), offrant une&hellip;","_links":{"self":[{"href":"https:\/\/pressurezone.shop\/it\/wp-json\/wp\/v2\/product\/3088"}],"collection":[{"href":"https:\/\/pressurezone.shop\/it\/wp-json\/wp\/v2\/product"}],"about":[{"href":"https:\/\/pressurezone.shop\/it\/wp-json\/wp\/v2\/types\/product"}],"replies":[{"embeddable":true,"href":"https:\/\/pressurezone.shop\/it\/wp-json\/wp\/v2\/comments?post=3088"}],"version-history":[{"count":2,"href":"https:\/\/pressurezone.shop\/it\/wp-json\/wp\/v2\/product\/3088\/revisions"}],"predecessor-version":[{"id":3776,"href":"https:\/\/pressurezone.shop\/it\/wp-json\/wp\/v2\/product\/3088\/revisions\/3776"}],"wp:featuredmedia":[{"embeddable":true,"href":"https:\/\/pressurezone.shop\/it\/wp-json\/wp\/v2\/media\/3171"}],"wp:attachment":[{"href":"https:\/\/pressurezone.shop\/it\/wp-json\/wp\/v2\/media?parent=3088"}],"wp:term":[{"taxonomy":"product_brand","embeddable":true,"href":"https:\/\/pressurezone.shop\/it\/wp-json\/wp\/v2\/product_brand?post=3088"},{"taxonomy":"product_cat","embeddable":true,"href":"https:\/\/pressurezone.shop\/it\/wp-json\/wp\/v2\/product_cat?post=3088"},{"taxonomy":"product_tag","embeddable":true,"href":"https:\/\/pressurezone.shop\/it\/wp-json\/wp\/v2\/product_tag?post=3088"}],"curies":[{"name":"wp","href":"https:\/\/api.w.org\/{rel}","templated":true}]}}