{"id":3090,"date":"2024-10-11T00:50:35","date_gmt":"2024-10-10T22:50:35","guid":{"rendered":"https:\/\/pressurezone.shop\/?post_type=product&#038;p=3090"},"modified":"2024-11-02T22:04:33","modified_gmt":"2024-11-02T21:04:33","slug":"duke-nukem-sativa-dominant-hybrid-strain","status":"publish","type":"product","link":"https:\/\/pressurezone.shop\/it\/prodotto\/duke-nukem-varieta-ibrida-sativa-dominante\/","title":{"rendered":"Duke Nukem variet\u00e0 ibrida a dominanza sativa"},"content":{"rendered":"<div class=\"flex-shrink-0 flex flex-col relative items-end\">\n<div>\n<div class=\"pt-0\">\n<div class=\"gizmo-bot-avatar flex h-8 w-8 items-center justify-center overflow-hidden rounded-full\">\n<div class=\"relative p-1 rounded-sm flex items-center justify-center bg-token-main-surface-primary text-token-text-primary h-8 w-8\"><\/div>\n<\/div>\n<\/div>\n<\/div>\n<\/div>\n<div class=\"group\/conversation-turn relative flex w-full min-w-0 flex-col agent-turn\">\n<div class=\"flex-col gap-1 md:gap-3\">\n<div class=\"flex max-w-full flex-col flex-grow\">\n<div class=\"min-h-8 text-message flex w-full flex-col items-end gap-2 whitespace-normal break-words [.text-message+&amp;]:mt-5\" dir=\"auto\" data-message-author-role=\"assistant\" data-message-id=\"24535a46-a7d2-41d9-8ab7-6b9bf0f25cfe\" data-message-model-slug=\"gpt-4o\">\n<div class=\"flex w-full flex-col gap-1 empty:hidden first:pt-[3px]\">\n<div class=\"markdown prose w-full break-words dark:prose-invert light\">\n<h3><strong>Acquista la variet\u00e0 ibrida a dominanza sativa Duke Nukem online in Europa su <a href=\"https:\/\/pressurezone.shop\/it\/\" target=\"_new\" rel=\"noopener\">Zona di pressione<\/a><\/strong><\/h3>\n<p>Scoprire <strong>Duke Nukem variet\u00e0 ibrida a dominanza sativa<\/strong>a <strong>variet\u00e0 di cannabis<\/strong> sativa dominante (65% sativa \/ 35% indica) risultante da un incrocio tra una femmina e un maschio. <strong>Chernobyl<\/strong> e un maschio <strong>Chemmando<\/strong>. Duke Nukem \u00e8 rinomata per i suoi effetti stimolanti e creativi, perfetti per chi cerca una carica di energia per tutto il giorno. Questa variet\u00e0 \u00e8 ideale anche per i coltivatori principianti, poich\u00e9 \u00e8 resistente ai parassiti e ai funghi e offre rese medie e alte.<a href=\"https:\/\/fuelpackz.com\/\" target=\"_blank\" rel=\"noopener\">.<\/a><\/p>\n<h3>Effetti e benefici della variet\u00e0 ibrida dominante Duke Nukem Sativa<\/h3>\n<p>La <strong>variet\u00e0 Duke Nukem variet\u00e0 ibrida a dominanza sativa<\/strong> \u00e8 apprezzata per i suoi effetti cerebrali tonificanti, che stimolano la mente e risvegliano la creativit\u00e0:<\/p>\n<ul>\n<li><strong>Creativit\u00e0 ed energia<\/strong> Ideale per attivit\u00e0 artistiche e compiti che richiedono una maggiore concentrazione.<\/li>\n<li><strong>Euforia e buonumore<\/strong> Favorisce uno stato d'animo allegro e socievole, perfetto per socializzare.<\/li>\n<li><strong>Effetto concentrato e mirato<\/strong> Fornisce chiarezza mentale e aiuta a rimanere concentrati e produttivi.<\/li>\n<\/ul>\n<p>Grazie alla sua <strong>moderatamente potente alto<\/strong>Duke Nukem offre un'esperienza equilibrata ed \u00e8 ideale per l'uso diurno.<\/p>\n<h3>Benefici terapeutici della variet\u00e0 ibrida dominante Duke Nukem Sativa<\/h3>\n<p>Per i suoi effetti energizzanti e riequilibranti, <strong>Duke Nukem<\/strong> \u00e8 spesso scelto per aiutare ad alleviare vari sintomi:<\/p>\n<ul>\n<li><strong>Riduzione dell'ansia e della fatica<\/strong> Efficace per calmare la mente e fornire una carica di energia.<\/li>\n<li><strong>Sollievo dal mal di testa e dalla pressione oculare<\/strong> Utile per alleviare il mal di testa e la stanchezza degli occhi.<\/li>\n<li><strong>Stimolazione dell'appetito e miglioramento dell'umore<\/strong> Perfetto per chi lotta contro la perdita di appetito e gli sbalzi d'umore.<\/li>\n<\/ul>\n<p>Questo <strong>variet\u00e0 di cannabis<\/strong> \u00e8 ideale per chi cerca un rimedio naturale ed energizzante per gestire il dolore, lo stress e i disturbi dell'umore.<\/p>\n<h3>Sapori e aromi di Duke Nukem<\/h3>\n<p>Duke Nukem offre un'esperienza di gusto morbida e tropicale, accompagnata da aromi freschi e fruttati:<\/p>\n<ul>\n<li><strong>I sapori<\/strong> Un gusto dolce di arancia e limone con note tropicali rinfrescanti.<\/li>\n<li><strong>Aromi<\/strong> Una fragranza all'arancia con un tocco di skunky che aggiunge profondit\u00e0 all'esperienza sensoriale.<\/li>\n<\/ul>\n<p>Questi <strong>sapori e aromi vivaci<\/strong> fanno di Duke Nukem una variet\u00e0 imperdibile per gli appassionati di sapori fruttati e rinfrescanti.<\/p>\n<h3>Perch\u00e9 acquistare la variet\u00e0 ibrida a dominanza sativa Duke Nukem su <a href=\"https:\/\/pressurezone.shop\/it\/\" target=\"_new\" rel=\"noopener\">Zona di pressione<\/a>?<\/h3>\n<p>A <strong>Zona di pressione<\/strong>ci impegniamo a offrire <strong>variet\u00e0 di cannabis<\/strong> accuratamente testati per garantire una qualit\u00e0 impeccabile. <strong>Duke Nukem variet\u00e0 ibrida a dominanza sativa<\/strong> \u00e8 una delle nostre variet\u00e0 di punta per i suoi effetti equilibrati e i suoi sapori rinfrescanti. Ecco perch\u00e9 dovreste scegliere Pressure Zone:<\/p>\n<ul>\n<li><strong>Qualit\u00e0 superiore<\/strong> I nostri prodotti sono rigorosamente testati per garantire purezza e potenza ottimali.<\/li>\n<li><strong>Effetto energizzante e riequilibrante<\/strong> Perfetto per le attivit\u00e0 diurne e per alleviare lo stress.<\/li>\n<li><strong>Servizio clienti dedicato<\/strong> Siamo a disposizione per aiutarvi a scegliere la soluzione pi\u00f9 adatta a voi. <strong>variet\u00e0 di cannabis<\/strong> che soddisfa al meglio le vostre esigenze.<\/li>\n<\/ul>\n<h3>Domande frequenti<\/h3>\n<h4>Quali sono gli effetti principali della Duke Nukem Sativa Dominant Hybrid Strain?<\/h4>\n<p>Duke Nukem \u00e8 noto per il suo effetto energizzante e creativo, perfetto per le attivit\u00e0 creative e per rimanere produttivi. Fornisce anche un'euforia felice e socievole, ideale per le attivit\u00e0 sociali.<\/p>\n<h4>Duke Nukem \u00e8 efficace per alleviare il dolore e la fatica?<\/h4>\n<p>S\u00ec, questo <strong>variet\u00e0 di cannabis<\/strong> \u00e8 ideale per alleviare il dolore cronico, ridurre la stanchezza e migliorare l'umore, offrendo una spinta mentale e fisica.<\/p>\n<h4>Quali sapori e aromi dominano Duke Nukem?<\/h4>\n<p>Duke Nukem offre sapori di agrumi e arancia con note tropicali e un aroma di arancia, perfetto per chi ama i sapori rinfrescanti.<\/p>\n<h3>Ordina la variet\u00e0 ibrida a dominanza sativa Duke Nukem in Europa su <a href=\"https:\/\/pressurezone.shop\/it\/\" target=\"_new\" rel=\"noopener\">Zona di pressione<\/a><\/h3>\n<p>Pronti a scoprire gli effetti energizzanti e gioiosi di <strong>Duke Nukem variet\u00e0 ibrida a dominanza sativa<\/strong>? <strong>Ordina ora<\/strong> su <a href=\"https:\/\/pressurezone.shop\/it\/\" target=\"_new\" rel=\"noopener\">Zona di pressione<\/a> per un'esperienza di <strong>variet\u00e0 di cannabis<\/strong> Il modo perfetto per stimolare la creativit\u00e0 e la concentrazione. Con il nostro servizio di consegna veloce e discreto, potrete fare acquisti senza problemi.<\/p>\n<\/div>\n<\/div>\n<\/div>\n<\/div>\n<\/div>\n<\/div>","protected":false},"excerpt":{"rendered":"<p>Achetez la Vari\u00e9t\u00e9 Duke Nukem Sativa Dominant Hybrid Strain en Ligne en Europe sur Pressure Zone D\u00e9couvrez Duke Nukem Sativa Dominant Hybrid Strain, une vari\u00e9t\u00e9 de cannabis sativa dominante (65% sativa \/ 35% indica) issue du croisement entre une femelle Chernobyl et un m\u00e2le Chemmando. Duke Nukem est r\u00e9put\u00e9e pour ses effets stimulants et cr\u00e9atifs, [&hellip;]<\/p>","protected":false},"featured_media":3177,"comment_status":"closed","ping_status":"closed","template":"","meta":{"_uag_custom_page_level_css":"","site-sidebar-layout":"default","site-content-layout":"","ast-site-content-layout":"default","site-content-style":"default","site-sidebar-style":"default","ast-global-header-display":"","ast-banner-title-visibility":"","ast-main-header-display":"","ast-hfb-above-header-display":"","ast-hfb-below-header-display":"","ast-hfb-mobile-header-display":"","site-post-title":"","ast-breadcrumbs-content":"","ast-featured-img":"","footer-sml-layout":"","theme-transparent-header-meta":"default","adv-header-id-meta":"","stick-header-meta":"","header-above-stick-meta":"","header-main-stick-meta":"","header-below-stick-meta":"","astra-migrate-meta-layouts":"set","ast-page-background-enabled":"default","ast-page-background-meta":{"desktop":{"background-color":"","background-image":"","background-repeat":"repeat","background-position":"center center","background-size":"auto","background-attachment":"scroll","background-type":"","background-media":"","overlay-type":"","overlay-color":"","overlay-opacity":"","overlay-gradient":""},"tablet":{"background-color":"","background-image":"","background-repeat":"repeat","background-position":"center center","background-size":"auto","background-attachment":"scroll","background-type":"","background-media":"","overlay-type":"","overlay-color":"","overlay-opacity":"","overlay-gradient":""},"mobile":{"background-color":"","background-image":"","background-repeat":"repeat","background-position":"center center","background-size":"auto","background-attachment":"scroll","background-type":"","background-media":"","overlay-type":"","overlay-color":"","overlay-opacity":"","overlay-gradient":""}},"ast-content-background-meta":{"desktop":{"background-color":"var(--ast-global-color-5)","background-image":"","background-repeat":"repeat","background-position":"center center","background-size":"auto","background-attachment":"scroll","background-type":"","background-media":"","overlay-type":"","overlay-color":"","overlay-opacity":"","overlay-gradient":""},"tablet":{"background-color":"var(--ast-global-color-5)","background-image":"","background-repeat":"repeat","background-position":"center center","background-size":"auto","background-attachment":"scroll","background-type":"","background-media":"","overlay-type":"","overlay-color":"","overlay-opacity":"","overlay-gradient":""},"mobile":{"background-color":"var(--ast-global-color-5)","background-image":"","background-repeat":"repeat","background-position":"center center","background-size":"auto","background-attachment":"scroll","background-type":"","background-media":"","overlay-type":"","overlay-color":"","overlay-opacity":"","overlay-gradient":""}}},"product_brand":[],"product_cat":[28,273],"product_tag":[326],"class_list":{"0":"post-3090","1":"product","2":"type-product","3":"status-publish","4":"has-post-thumbnail","6":"product_cat-varietes-de-cannabis","7":"product_cat-varietes-de-cannabis-sativa","8":"product_tag-buy-duke-nukem-sativa-dominant-hybrid-strain-eu","9":"desktop-align-left","10":"tablet-align-left","11":"mobile-align-left","13":"first","14":"instock","15":"shipping-taxable","16":"purchasable","17":"product-type-variable"},"uagb_featured_image_src":{"full":["https:\/\/pressurezone.shop\/wp-content\/uploads\/2024\/10\/Duke-Nukem-Sativa-Dominant-Hybrid-Strain.webp",570,427,false],"thumbnail":["https:\/\/pressurezone.shop\/wp-content\/uploads\/2024\/10\/Duke-Nukem-Sativa-Dominant-Hybrid-Strain-150x150.webp",150,150,true],"medium":["https:\/\/pressurezone.shop\/wp-content\/uploads\/2024\/10\/Duke-Nukem-Sativa-Dominant-Hybrid-Strain-300x225.webp",300,225,true],"medium_large":["https:\/\/pressurezone.shop\/wp-content\/uploads\/2024\/10\/Duke-Nukem-Sativa-Dominant-Hybrid-Strain.webp",570,427,false],"large":["https:\/\/pressurezone.shop\/wp-content\/uploads\/2024\/10\/Duke-Nukem-Sativa-Dominant-Hybrid-Strain.webp",570,427,false],"1536x1536":["https:\/\/pressurezone.shop\/wp-content\/uploads\/2024\/10\/Duke-Nukem-Sativa-Dominant-Hybrid-Strain.webp",570,427,false],"2048x2048":["https:\/\/pressurezone.shop\/wp-content\/uploads\/2024\/10\/Duke-Nukem-Sativa-Dominant-Hybrid-Strain.webp",570,427,false],"trp-custom-language-flag":["https:\/\/pressurezone.shop\/wp-content\/uploads\/2024\/10\/Duke-Nukem-Sativa-Dominant-Hybrid-Strain-16x12.webp",16,12,true],"woocommerce_thumbnail":["https:\/\/pressurezone.shop\/wp-content\/uploads\/2024\/10\/Duke-Nukem-Sativa-Dominant-Hybrid-Strain-300x300.webp",300,300,true],"woocommerce_single":["https:\/\/pressurezone.shop\/wp-content\/uploads\/2024\/10\/Duke-Nukem-Sativa-Dominant-Hybrid-Strain.webp",570,427,false],"woocommerce_gallery_thumbnail":["https:\/\/pressurezone.shop\/wp-content\/uploads\/2024\/10\/Duke-Nukem-Sativa-Dominant-Hybrid-Strain-100x100.webp",100,100,true]},"uagb_author_info":{"display_name":"pressurezone.shop","author_link":"https:\/\/pressurezone.shop\/it\/author\/"},"uagb_comment_info":0,"uagb_excerpt":"Achetez la Vari\u00e9t\u00e9 Duke Nukem Sativa Dominant Hybrid Strain en Ligne en Europe sur Pressure Zone D\u00e9couvrez Duke Nukem Sativa Dominant Hybrid Strain, une vari\u00e9t\u00e9 de cannabis sativa dominante (65% sativa \/ 35% indica) issue du croisement entre une femelle Chernobyl et un m\u00e2le Chemmando. Duke Nukem est r\u00e9put\u00e9e pour ses effets stimulants et cr\u00e9atifs,&hellip;","_links":{"self":[{"href":"https:\/\/pressurezone.shop\/it\/wp-json\/wp\/v2\/product\/3090"}],"collection":[{"href":"https:\/\/pressurezone.shop\/it\/wp-json\/wp\/v2\/product"}],"about":[{"href":"https:\/\/pressurezone.shop\/it\/wp-json\/wp\/v2\/types\/product"}],"replies":[{"embeddable":true,"href":"https:\/\/pressurezone.shop\/it\/wp-json\/wp\/v2\/comments?post=3090"}],"version-history":[{"count":2,"href":"https:\/\/pressurezone.shop\/it\/wp-json\/wp\/v2\/product\/3090\/revisions"}],"predecessor-version":[{"id":3753,"href":"https:\/\/pressurezone.shop\/it\/wp-json\/wp\/v2\/product\/3090\/revisions\/3753"}],"wp:featuredmedia":[{"embeddable":true,"href":"https:\/\/pressurezone.shop\/it\/wp-json\/wp\/v2\/media\/3177"}],"wp:attachment":[{"href":"https:\/\/pressurezone.shop\/it\/wp-json\/wp\/v2\/media?parent=3090"}],"wp:term":[{"taxonomy":"product_brand","embeddable":true,"href":"https:\/\/pressurezone.shop\/it\/wp-json\/wp\/v2\/product_brand?post=3090"},{"taxonomy":"product_cat","embeddable":true,"href":"https:\/\/pressurezone.shop\/it\/wp-json\/wp\/v2\/product_cat?post=3090"},{"taxonomy":"product_tag","embeddable":true,"href":"https:\/\/pressurezone.shop\/it\/wp-json\/wp\/v2\/product_tag?post=3090"}],"curies":[{"name":"wp","href":"https:\/\/api.w.org\/{rel}","templated":true}]}}