{"id":3102,"date":"2024-10-11T00:51:01","date_gmt":"2024-10-10T22:51:01","guid":{"rendered":"https:\/\/pressurezone.shop\/?post_type=product&#038;p=3102"},"modified":"2024-11-02T21:38:18","modified_gmt":"2024-11-02T20:38:18","slug":"scout-master-strain","status":"publish","type":"product","link":"https:\/\/pressurezone.shop\/it\/prodotto\/ceppo-dei-maestri-scout\/","title":{"rendered":"Ceppo Scout Master"},"content":{"rendered":"<div class=\"flex-shrink-0 flex flex-col relative items-end\">\n<div>\n<div class=\"pt-0\">\n<div class=\"gizmo-bot-avatar flex h-8 w-8 items-center justify-center overflow-hidden rounded-full\">\n<div class=\"relative p-1 rounded-sm flex items-center justify-center bg-token-main-surface-primary text-token-text-primary h-8 w-8\"><\/div>\n<\/div>\n<\/div>\n<\/div>\n<\/div>\n<div class=\"group\/conversation-turn relative flex w-full min-w-0 flex-col agent-turn\">\n<div class=\"flex-col gap-1 md:gap-3\">\n<div class=\"flex max-w-full flex-col flex-grow\">\n<div class=\"min-h-8 text-message flex w-full flex-col items-end gap-2 whitespace-normal break-words [.text-message+&amp;]:mt-5\" dir=\"auto\" data-message-author-role=\"assistant\" data-message-id=\"b706f5af-8f4c-440c-ad43-4e02d613f316\" data-message-model-slug=\"gpt-4o\">\n<div class=\"flex w-full flex-col gap-1 empty:hidden first:pt-[3px]\">\n<div class=\"markdown prose w-full break-words dark:prose-invert light\">\n<h3><strong>Acquista la variet\u00e0 di ceppo Scout Master online in Europa su <a href=\"https:\/\/pressurezone.shop\/it\/\" target=\"_new\" rel=\"noopener\">Zona di pressione<\/a><\/strong><\/h3>\n<p>Scoprire <strong>Ceppo Scout Master<\/strong>a <strong>variet\u00e0 di cannabis<\/strong> sativa dominante (75% sativa \/ 25% indica) conosciuta anche come \"Master Scout\". Il risultato di un incrocio tra la famosa <strong>Biscotti Girl Scout<\/strong> e <strong>Maestro Kush<\/strong>Scout Master offre uno sballo potente ed equilibrato, perfetto per chi cerca un'esperienza rinvigorente. Con un sapore unico di limone e pino ed effetti stimolanti, questa variet\u00e0 \u00e8 ideale per i momenti di concentrazione e creativit\u00e0.<\/p>\n<h3>Effetti e benefici della variet\u00e0 Scout Master<\/h3>\n<p>La <strong>Variet\u00e0 di ceppo Scout Master<\/strong> \u00e8 rinomata per i suoi effetti cerebrali stimolanti e per l'effetto energizzante che risveglia i sensi:<\/p>\n<ul>\n<li><strong>Effetto cerebrale e creativo<\/strong> Favorisce la chiarezza mentale e stimola la creativit\u00e0.<\/li>\n<li><strong>Energia e concentrazione<\/strong> Perfetto per le attivit\u00e0 diurne, fornisce una rinnovata energia e concentrazione.<\/li>\n<li><strong>Rilassamento leggero<\/strong> Offre un equilibrio ideale tra rilassamento fisico e stimolazione mentale.<\/li>\n<\/ul>\n<p>Grazie alla sua <strong>Alto THC<\/strong>Scout Master offre uno sballo duraturo e rilassante che allontana i pensieri negativi e migliora l'umore, senza gli effetti pesanti delle indica.<\/p>\n<h3>Benefici terapeutici della variet\u00e0 Scout Master<\/h3>\n<p>Lo Scout Master \u00e8 molto apprezzato anche per i suoi benefici medicinali, che aiutano ad alleviare una serie di sintomi grazie ai suoi effetti equilibrati:<\/p>\n<ul>\n<li><strong>Riduzione dell'ansia e dello stress<\/strong> Calma la mente e favorisce un senso di benessere.<\/li>\n<li><strong>Sollievo dal dolore cronico e dalla nausea<\/strong> Efficace contro i dolori e i disturbi digestivi, in particolare la nausea.<\/li>\n<li><strong>Stimolazione dell'appetito<\/strong> Ideale per chi lotta contro la perdita di appetito.<\/li>\n<li><strong>Aiuto per ADD\/ADHD<\/strong> Scout Master \u00e8 utile anche per migliorare la concentrazione e gestire i sintomi dell'ADHD.<\/li>\n<\/ul>\n<p>Questo <strong>variet\u00e0 di cannabis<\/strong> \u00e8 perfetta per chi cerca una spinta mentale e un effetto calmante che rimanga leggero, senza l'effetto sedativo di un'indica.<\/p>\n<h3>Sapori e aromi da Scout Master<\/h3>\n<p>Scout Master ha anche un profilo aromatico ricco e complesso:<\/p>\n<ul>\n<li><strong>I sapori<\/strong> Una miscela di agrumi ed erbe con note speziate, legnose e leggermente dolci.<\/li>\n<li><strong>Aromi<\/strong> Un profumo terroso di limone con un sottofondo di pino acido e un pizzico di spezie, che diventa pi\u00f9 intenso a ogni boccata.<a href=\"https:\/\/fuelpackz.com\/\" target=\"_blank\" rel=\"noopener\">.<\/a><\/li>\n<\/ul>\n<p>Questi <strong>sapori e aromi<\/strong> Queste caratteristiche uniche rendono Scout Master una variet\u00e0 molto apprezzata dagli amanti dei sapori freschi e legnosi.<\/p>\n<h3>Perch\u00e9 acquistare Scout Master Strain su <a href=\"https:\/\/pressurezone.shop\/it\/\" target=\"_new\" rel=\"noopener\">Zona di pressione<\/a>?<\/h3>\n<p>A <strong>Zona di pressione<\/strong>offriamo <strong>variet\u00e0 di cannabis<\/strong> testato per la potenza e la purezza. <strong>Ceppo Scout Master<\/strong> \u00e8 una delle nostre migliori variet\u00e0 per i suoi effetti equilibrati e il suo profilo aromatico distinto. Ecco perch\u00e9 dovreste scegliere Pressure Zone:<\/p>\n<ul>\n<li><strong>Qualit\u00e0 superiore<\/strong> I nostri prodotti sono rigorosamente testati per garantire un'esperienza eccellente.<\/li>\n<li><strong>Effetto stimolante e leggero<\/strong> Perfetto per i momenti di creativit\u00e0 e concentrazione.<\/li>\n<li><strong>Servizio clienti esperto<\/strong> Siamo a vostra disposizione per aiutarvi a trovare il giusto <strong>variet\u00e0 di cannabis<\/strong> su misura per le vostre esigenze.<\/li>\n<\/ul>\n<h3>Domande frequenti<\/h3>\n<h4>Quali sono gli effetti principali del ceppo Scout Master?<\/h4>\n<p>Scout Master fornisce uno sballo stimolante e creativo, ideale per i momenti di concentrazione e le attivit\u00e0 diurne. Offre il perfetto equilibrio tra energia e relax.<\/p>\n<h4>Lo Scout Master \u00e8 efficace per alleviare lo stress e il dolore?<\/h4>\n<p>S\u00ec, lo Scout Master \u00e8 spesso usato per ridurre lo stress, alleviare l'ansia e alleviare il dolore cronico.<\/p>\n<h4>Quali sapori e aromi dominano lo Scout Master?<\/h4>\n<p>Scout Master offre sapori di agrumi e legno, con note di spezie e dolcezza. Il suo aroma \u00e8 una miscela terrosa con note di pino e limone acido.<\/p>\n<h3>Ordina Scout Master Strain Variety online in Europa su <a href=\"https:\/\/pressurezone.shop\/it\/\" target=\"_new\" rel=\"noopener\">Zona di pressione<\/a><\/h3>\n<p>Pronti a scoprire l'equilibrio perfetto di energia e relax di <strong>Ceppo Scout Master<\/strong>? <strong>Ordina ora<\/strong> su <a href=\"https:\/\/pressurezone.shop\/it\/\" target=\"_new\" rel=\"noopener\">Zona di pressione<\/a> per un'esperienza di <strong>variet\u00e0 di cannabis<\/strong> Pressure Zone \u00e8 un prodotto unico e di alta qualit\u00e0, ideale per i momenti di creativit\u00e0 e concentrazione. Con una consegna rapida e discreta, Pressure Zone \u00e8 la vostra scelta per un'esperienza di cannabis eccezionale.<\/p>\n<\/div>\n<\/div>\n<\/div>\n<\/div>\n<\/div>\n<\/div>","protected":false},"excerpt":{"rendered":"<p>Achetez la Vari\u00e9t\u00e9 Scout Master Strain en Ligne en Europe sur Pressure Zone D\u00e9couvrez Scout Master Strain, une vari\u00e9t\u00e9 de cannabis sativa dominante (75% sativa \/ 25% indica) \u00e9galement connue sous le nom de \u201cMaster Scout.\u201d Issue d\u2019un croisement entre les c\u00e9l\u00e8bres Girl Scout Cookies et Master Kush, Scout Master offre un high puissant et [&hellip;]<\/p>","protected":false},"featured_media":3181,"comment_status":"closed","ping_status":"closed","template":"","meta":{"_uag_custom_page_level_css":"","site-sidebar-layout":"default","site-content-layout":"","ast-site-content-layout":"default","site-content-style":"default","site-sidebar-style":"default","ast-global-header-display":"","ast-banner-title-visibility":"","ast-main-header-display":"","ast-hfb-above-header-display":"","ast-hfb-below-header-display":"","ast-hfb-mobile-header-display":"","site-post-title":"","ast-breadcrumbs-content":"","ast-featured-img":"","footer-sml-layout":"","theme-transparent-header-meta":"default","adv-header-id-meta":"","stick-header-meta":"","header-above-stick-meta":"","header-main-stick-meta":"","header-below-stick-meta":"","astra-migrate-meta-layouts":"set","ast-page-background-enabled":"default","ast-page-background-meta":{"desktop":{"background-color":"","background-image":"","background-repeat":"repeat","background-position":"center center","background-size":"auto","background-attachment":"scroll","background-type":"","background-media":"","overlay-type":"","overlay-color":"","overlay-opacity":"","overlay-gradient":""},"tablet":{"background-color":"","background-image":"","background-repeat":"repeat","background-position":"center center","background-size":"auto","background-attachment":"scroll","background-type":"","background-media":"","overlay-type":"","overlay-color":"","overlay-opacity":"","overlay-gradient":""},"mobile":{"background-color":"","background-image":"","background-repeat":"repeat","background-position":"center center","background-size":"auto","background-attachment":"scroll","background-type":"","background-media":"","overlay-type":"","overlay-color":"","overlay-opacity":"","overlay-gradient":""}},"ast-content-background-meta":{"desktop":{"background-color":"var(--ast-global-color-5)","background-image":"","background-repeat":"repeat","background-position":"center center","background-size":"auto","background-attachment":"scroll","background-type":"","background-media":"","overlay-type":"","overlay-color":"","overlay-opacity":"","overlay-gradient":""},"tablet":{"background-color":"var(--ast-global-color-5)","background-image":"","background-repeat":"repeat","background-position":"center center","background-size":"auto","background-attachment":"scroll","background-type":"","background-media":"","overlay-type":"","overlay-color":"","overlay-opacity":"","overlay-gradient":""},"mobile":{"background-color":"var(--ast-global-color-5)","background-image":"","background-repeat":"repeat","background-position":"center center","background-size":"auto","background-attachment":"scroll","background-type":"","background-media":"","overlay-type":"","overlay-color":"","overlay-opacity":"","overlay-gradient":""}}},"product_brand":[],"product_cat":[28,273],"product_tag":[328],"class_list":{"0":"post-3102","1":"product","2":"type-product","3":"status-publish","4":"has-post-thumbnail","6":"product_cat-varietes-de-cannabis","7":"product_cat-varietes-de-cannabis-sativa","8":"product_tag-buy-scout-master-strain-europe","9":"desktop-align-left","10":"tablet-align-left","11":"mobile-align-left","13":"first","14":"instock","15":"shipping-taxable","16":"purchasable","17":"product-type-variable"},"uagb_featured_image_src":{"full":["https:\/\/pressurezone.shop\/wp-content\/uploads\/2024\/10\/Buy-Scout-Master-Strain.webp",570,427,false],"thumbnail":["https:\/\/pressurezone.shop\/wp-content\/uploads\/2024\/10\/Buy-Scout-Master-Strain-150x150.webp",150,150,true],"medium":["https:\/\/pressurezone.shop\/wp-content\/uploads\/2024\/10\/Buy-Scout-Master-Strain-300x225.webp",300,225,true],"medium_large":["https:\/\/pressurezone.shop\/wp-content\/uploads\/2024\/10\/Buy-Scout-Master-Strain.webp",570,427,false],"large":["https:\/\/pressurezone.shop\/wp-content\/uploads\/2024\/10\/Buy-Scout-Master-Strain.webp",570,427,false],"1536x1536":["https:\/\/pressurezone.shop\/wp-content\/uploads\/2024\/10\/Buy-Scout-Master-Strain.webp",570,427,false],"2048x2048":["https:\/\/pressurezone.shop\/wp-content\/uploads\/2024\/10\/Buy-Scout-Master-Strain.webp",570,427,false],"trp-custom-language-flag":["https:\/\/pressurezone.shop\/wp-content\/uploads\/2024\/10\/Buy-Scout-Master-Strain-16x12.webp",16,12,true],"woocommerce_thumbnail":["https:\/\/pressurezone.shop\/wp-content\/uploads\/2024\/10\/Buy-Scout-Master-Strain-300x300.webp",300,300,true],"woocommerce_single":["https:\/\/pressurezone.shop\/wp-content\/uploads\/2024\/10\/Buy-Scout-Master-Strain.webp",570,427,false],"woocommerce_gallery_thumbnail":["https:\/\/pressurezone.shop\/wp-content\/uploads\/2024\/10\/Buy-Scout-Master-Strain-100x100.webp",100,100,true]},"uagb_author_info":{"display_name":"pressurezone.shop","author_link":"https:\/\/pressurezone.shop\/it\/author\/"},"uagb_comment_info":0,"uagb_excerpt":"Achetez la Vari\u00e9t\u00e9 Scout Master Strain en Ligne en Europe sur Pressure Zone D\u00e9couvrez Scout Master Strain, une vari\u00e9t\u00e9 de cannabis sativa dominante (75% sativa \/ 25% indica) \u00e9galement connue sous le nom de \u201cMaster Scout.\u201d Issue d\u2019un croisement entre les c\u00e9l\u00e8bres Girl Scout Cookies et Master Kush, Scout Master offre un high puissant et&hellip;","_links":{"self":[{"href":"https:\/\/pressurezone.shop\/it\/wp-json\/wp\/v2\/product\/3102"}],"collection":[{"href":"https:\/\/pressurezone.shop\/it\/wp-json\/wp\/v2\/product"}],"about":[{"href":"https:\/\/pressurezone.shop\/it\/wp-json\/wp\/v2\/types\/product"}],"replies":[{"embeddable":true,"href":"https:\/\/pressurezone.shop\/it\/wp-json\/wp\/v2\/comments?post=3102"}],"version-history":[{"count":4,"href":"https:\/\/pressurezone.shop\/it\/wp-json\/wp\/v2\/product\/3102\/revisions"}],"predecessor-version":[{"id":3714,"href":"https:\/\/pressurezone.shop\/it\/wp-json\/wp\/v2\/product\/3102\/revisions\/3714"}],"wp:featuredmedia":[{"embeddable":true,"href":"https:\/\/pressurezone.shop\/it\/wp-json\/wp\/v2\/media\/3181"}],"wp:attachment":[{"href":"https:\/\/pressurezone.shop\/it\/wp-json\/wp\/v2\/media?parent=3102"}],"wp:term":[{"taxonomy":"product_brand","embeddable":true,"href":"https:\/\/pressurezone.shop\/it\/wp-json\/wp\/v2\/product_brand?post=3102"},{"taxonomy":"product_cat","embeddable":true,"href":"https:\/\/pressurezone.shop\/it\/wp-json\/wp\/v2\/product_cat?post=3102"},{"taxonomy":"product_tag","embeddable":true,"href":"https:\/\/pressurezone.shop\/it\/wp-json\/wp\/v2\/product_tag?post=3102"}],"curies":[{"name":"wp","href":"https:\/\/api.w.org\/{rel}","templated":true}]}}