{"id":3103,"date":"2024-10-11T00:51:01","date_gmt":"2024-10-10T22:51:01","guid":{"rendered":"https:\/\/pressurezone.shop\/?post_type=product&#038;p=3103"},"modified":"2024-11-03T20:46:14","modified_gmt":"2024-11-03T19:46:14","slug":"holy-grail-cannabis-strain","status":"publish","type":"product","link":"https:\/\/pressurezone.shop\/it\/prodotto\/varieta-di-cannabis-del-santo-graal\/","title":{"rendered":"La variet\u00e0 di cannabis Holy Grail"},"content":{"rendered":"<h3><strong>Acquistare la variet\u00e0 di cannabis Holy Grail online in Europa <a href=\"https:\/\/pressurezone.shop\/it\/\" target=\"_new\" rel=\"noopener\">Negozio della zona di pressione<\/a><\/strong><\/h3>\n<p>Scoprire il <strong>La variet\u00e0 di cannabis Holy Grail<\/strong>una variet\u00e0 ibrida pluripremiata risultante da un incrocio tra <strong>OG #18<\/strong> e <strong>Kosher Kush<\/strong>. Rinomata per il suo effetto rilassante ed euforico, questa variet\u00e0 \u00e8 ideale per gli amanti della cannabis che vogliono combinare relax e creativit\u00e0. <strong>Santo Graal<\/strong> \u00e8 un fiore grande e denso, di colore verde chiaro con occasionali sfumature bluastre e marroni, che affascina sia per il suo aspetto che per la sua potenza.<a href=\"https:\/\/fuelpackz.com\/\" target=\"_blank\" rel=\"noopener\">.<\/a><\/p>\n<h3>Perch\u00e9 scegliere la variet\u00e0 di cannabis Holy Grail?<\/h3>\n<p><strong>Santo Graal<\/strong> offre uno sballo rilassante ed equilibrato, perfetto per rilassare la mente e stimolare la creativit\u00e0. Il suo effetto calmante \u00e8 ideale per i momenti di relax o per alleviare il dolore, mantenendo una chiarezza mentale che invita alla creativit\u00e0. Grazie al suo alto contenuto di THC, questa variet\u00e0 \u00e8 apprezzata per i suoi benefici terapeutici, che aiutano a gestire il dolore, l'insonnia, lo stress e la nausea.<\/p>\n<ul>\n<li><strong>Tipo<\/strong> Ibrido (50% Sativa \/ 50% Indica)<\/li>\n<li><strong>Origine<\/strong> Incrocio tra OG #18 e Kosher Kush<\/li>\n<li><strong>THC<\/strong> Potente, ideale per un rilassamento di lunga durata<\/li>\n<\/ul>\n<h3>Effetti e benefici della variet\u00e0 di erba Holy Grail<\/h3>\n<p>La <strong>Ceppo di erba Holy Grail<\/strong> \u00e8 apprezzata per i suoi effetti equilibrati, che offrono una sensazione di dolce euforia e di profondo rilassamento. Promuove uno stato di felicit\u00e0 liberando la mente da ogni tensione, ideale per i momenti di relax produttivo.<\/p>\n<ul>\n<li><strong>Effetti<\/strong> Creativit\u00e0, euforia, felicit\u00e0, rilassamento, sensazione di elevazione<\/li>\n<li><strong>Consigliato per<\/strong> : Dolore cronico, Depressione, Insonnia, Nausea, Stress<\/li>\n<\/ul>\n<h3>Condizioni alleviate dalla variet\u00e0 di cannabis Holy Grail<\/h3>\n<p>Grazie al suo potente profilo <strong>Santo Graal<\/strong> \u00e8 spesso utilizzato per alleviare una serie di condizioni mediche:<\/p>\n<ul>\n<li><strong>Dolore cronico<\/strong> Riduce i dolori muscolari e articolari, dando un sollievo duraturo all'organismo.<\/li>\n<li><strong>Insonnia<\/strong> Aiuta a rilassarsi e ad addormentarsi.<\/li>\n<li><strong>Depressione e stress<\/strong> Libera la mente e allevia i pensieri negativi.<\/li>\n<li><strong>Nausea<\/strong> Allevia i disturbi di stomaco e stimola l'appetito.<\/li>\n<\/ul>\n<h3>Sapori e aromi della variet\u00e0 di cannabis Holy Grail<\/h3>\n<p><strong>Santo Graal<\/strong> offre un profilo aromatico ricco, con note di erbe e pino che aggiungono una piacevole freschezza a ogni boccata. Il suo aroma \u00e8 altrettanto intenso, mescolando sfumature terrose, speziate e legnose per un'esperienza completa e coinvolgente.<\/p>\n<ul>\n<li><strong>I sapori<\/strong> Erbacee, pino<\/li>\n<li><strong>Aromi<\/strong> Terroso, erbaceo, speziato, legnoso, pungente<\/li>\n<\/ul>\n<h3>Aspetto della variet\u00e0 di erba Holy Grail<\/h3>\n<p>La <strong>La variet\u00e0 di cannabis Holy Grail<\/strong> si distingue per i suoi boccioli densi, grandi e ricoperti di cristalli. Le sue tonalit\u00e0 di marrone chiaro e verde, a volte sfumate di blu, rendono questa variet\u00e0 piacevole sia alla vista che al palato, attirando gli intenditori per il suo aspetto sofisticato e potente.<\/p>\n<h3>Ordina la variet\u00e0 di cannabis Holy Grail online dal Pressure Zone Shop<\/h3>\n<p>Pronti a scoprire l'esperienza rilassante ed euforica del <strong>La variet\u00e0 di cannabis Holy Grail<\/strong> ? Ordina ora su <a href=\"https:\/\/pressurezone.shop\/it\/\" target=\"_new\" rel=\"noopener\">Negozio della zona di pressione<\/a> e godetevi questa eccezionale variet\u00e0 ibrida, perfetta per alleviare il dolore o migliorare l'umore. Sia che stiate cercando di calmare la vostra mente o di esplorare la vostra creativit\u00e0, <strong>Santo Graal<\/strong> \u00e8 la scelta ideale per un'esperienza superiore.<\/p>","protected":false},"excerpt":{"rendered":"<p>Achetez la Holy Grail Cannabis Strain en Ligne en Europe sur Pressure Zone Shop D\u00e9couvrez la Holy Grail Cannabis Strain, une vari\u00e9t\u00e9 hybride prim\u00e9e issue du croisement entre OG #18 et Kosher Kush. R\u00e9put\u00e9e pour son effet apaisant et euphorique, cette vari\u00e9t\u00e9 est id\u00e9ale pour les amateurs de cannabis cherchant \u00e0 allier relaxation et cr\u00e9ativit\u00e9. [&hellip;]<\/p>","protected":false},"featured_media":3183,"comment_status":"closed","ping_status":"closed","template":"","meta":{"_uag_custom_page_level_css":"","site-sidebar-layout":"default","site-content-layout":"","ast-site-content-layout":"default","site-content-style":"default","site-sidebar-style":"default","ast-global-header-display":"","ast-banner-title-visibility":"","ast-main-header-display":"","ast-hfb-above-header-display":"","ast-hfb-below-header-display":"","ast-hfb-mobile-header-display":"","site-post-title":"","ast-breadcrumbs-content":"","ast-featured-img":"","footer-sml-layout":"","theme-transparent-header-meta":"default","adv-header-id-meta":"","stick-header-meta":"","header-above-stick-meta":"","header-main-stick-meta":"","header-below-stick-meta":"","astra-migrate-meta-layouts":"set","ast-page-background-enabled":"default","ast-page-background-meta":{"desktop":{"background-color":"","background-image":"","background-repeat":"repeat","background-position":"center center","background-size":"auto","background-attachment":"scroll","background-type":"","background-media":"","overlay-type":"","overlay-color":"","overlay-opacity":"","overlay-gradient":""},"tablet":{"background-color":"","background-image":"","background-repeat":"repeat","background-position":"center center","background-size":"auto","background-attachment":"scroll","background-type":"","background-media":"","overlay-type":"","overlay-color":"","overlay-opacity":"","overlay-gradient":""},"mobile":{"background-color":"","background-image":"","background-repeat":"repeat","background-position":"center center","background-size":"auto","background-attachment":"scroll","background-type":"","background-media":"","overlay-type":"","overlay-color":"","overlay-opacity":"","overlay-gradient":""}},"ast-content-background-meta":{"desktop":{"background-color":"var(--ast-global-color-5)","background-image":"","background-repeat":"repeat","background-position":"center center","background-size":"auto","background-attachment":"scroll","background-type":"","background-media":"","overlay-type":"","overlay-color":"","overlay-opacity":"","overlay-gradient":""},"tablet":{"background-color":"var(--ast-global-color-5)","background-image":"","background-repeat":"repeat","background-position":"center center","background-size":"auto","background-attachment":"scroll","background-type":"","background-media":"","overlay-type":"","overlay-color":"","overlay-opacity":"","overlay-gradient":""},"mobile":{"background-color":"var(--ast-global-color-5)","background-image":"","background-repeat":"repeat","background-position":"center center","background-size":"auto","background-attachment":"scroll","background-type":"","background-media":"","overlay-type":"","overlay-color":"","overlay-opacity":"","overlay-gradient":""}}},"product_brand":[],"product_cat":[28,277],"product_tag":[329],"class_list":{"0":"post-3103","1":"product","2":"type-product","3":"status-publish","4":"has-post-thumbnail","6":"product_cat-varietes-de-cannabis","7":"product_cat-varietes-de-cannabis-hybrides","8":"product_tag-buy-holy-grail-cannabis-strain-online-europe","9":"desktop-align-left","10":"tablet-align-left","11":"mobile-align-left","13":"first","14":"instock","15":"shipping-taxable","16":"purchasable","17":"product-type-variable"},"uagb_featured_image_src":{"full":["https:\/\/pressurezone.shop\/wp-content\/uploads\/2024\/10\/Holy-Grail-Cannabis-Strain.jpg",2560,1707,false],"thumbnail":["https:\/\/pressurezone.shop\/wp-content\/uploads\/2024\/10\/Holy-Grail-Cannabis-Strain-150x150.jpg",150,150,true],"medium":["https:\/\/pressurezone.shop\/wp-content\/uploads\/2024\/10\/Holy-Grail-Cannabis-Strain-300x200.jpg",300,200,true],"medium_large":["https:\/\/pressurezone.shop\/wp-content\/uploads\/2024\/10\/Holy-Grail-Cannabis-Strain-768x512.jpg",768,512,true],"large":["https:\/\/pressurezone.shop\/wp-content\/uploads\/2024\/10\/Holy-Grail-Cannabis-Strain-1024x683.jpg",1024,683,true],"1536x1536":["https:\/\/pressurezone.shop\/wp-content\/uploads\/2024\/10\/Holy-Grail-Cannabis-Strain-1536x1024.jpg",1536,1024,true],"2048x2048":["https:\/\/pressurezone.shop\/wp-content\/uploads\/2024\/10\/Holy-Grail-Cannabis-Strain-2048x1366.jpg",2048,1366,true],"trp-custom-language-flag":["https:\/\/pressurezone.shop\/wp-content\/uploads\/2024\/10\/Holy-Grail-Cannabis-Strain-18x12.jpg",18,12,true],"woocommerce_thumbnail":["https:\/\/pressurezone.shop\/wp-content\/uploads\/2024\/10\/Holy-Grail-Cannabis-Strain-300x300.jpg",300,300,true],"woocommerce_single":["https:\/\/pressurezone.shop\/wp-content\/uploads\/2024\/10\/Holy-Grail-Cannabis-Strain-600x400.jpg",600,400,true],"woocommerce_gallery_thumbnail":["https:\/\/pressurezone.shop\/wp-content\/uploads\/2024\/10\/Holy-Grail-Cannabis-Strain-100x100.jpg",100,100,true]},"uagb_author_info":{"display_name":"pressurezone.shop","author_link":"https:\/\/pressurezone.shop\/it\/author\/"},"uagb_comment_info":0,"uagb_excerpt":"Achetez la Holy Grail Cannabis Strain en Ligne en Europe sur Pressure Zone Shop D\u00e9couvrez la Holy Grail Cannabis Strain, une vari\u00e9t\u00e9 hybride prim\u00e9e issue du croisement entre OG #18 et Kosher Kush. R\u00e9put\u00e9e pour son effet apaisant et euphorique, cette vari\u00e9t\u00e9 est id\u00e9ale pour les amateurs de cannabis cherchant \u00e0 allier relaxation et cr\u00e9ativit\u00e9.&hellip;","_links":{"self":[{"href":"https:\/\/pressurezone.shop\/it\/wp-json\/wp\/v2\/product\/3103"}],"collection":[{"href":"https:\/\/pressurezone.shop\/it\/wp-json\/wp\/v2\/product"}],"about":[{"href":"https:\/\/pressurezone.shop\/it\/wp-json\/wp\/v2\/types\/product"}],"replies":[{"embeddable":true,"href":"https:\/\/pressurezone.shop\/it\/wp-json\/wp\/v2\/comments?post=3103"}],"version-history":[{"count":3,"href":"https:\/\/pressurezone.shop\/it\/wp-json\/wp\/v2\/product\/3103\/revisions"}],"predecessor-version":[{"id":3887,"href":"https:\/\/pressurezone.shop\/it\/wp-json\/wp\/v2\/product\/3103\/revisions\/3887"}],"wp:featuredmedia":[{"embeddable":true,"href":"https:\/\/pressurezone.shop\/it\/wp-json\/wp\/v2\/media\/3183"}],"wp:attachment":[{"href":"https:\/\/pressurezone.shop\/it\/wp-json\/wp\/v2\/media?parent=3103"}],"wp:term":[{"taxonomy":"product_brand","embeddable":true,"href":"https:\/\/pressurezone.shop\/it\/wp-json\/wp\/v2\/product_brand?post=3103"},{"taxonomy":"product_cat","embeddable":true,"href":"https:\/\/pressurezone.shop\/it\/wp-json\/wp\/v2\/product_cat?post=3103"},{"taxonomy":"product_tag","embeddable":true,"href":"https:\/\/pressurezone.shop\/it\/wp-json\/wp\/v2\/product_tag?post=3103"}],"curies":[{"name":"wp","href":"https:\/\/api.w.org\/{rel}","templated":true}]}}