{"id":3104,"date":"2024-10-11T00:51:01","date_gmt":"2024-10-10T22:51:01","guid":{"rendered":"https:\/\/pressurezone.shop\/?post_type=product&#038;p=3104"},"modified":"2024-11-03T00:58:05","modified_gmt":"2024-11-02T23:58:05","slug":"gosh-hybrid-weed-strain","status":"publish","type":"product","link":"https:\/\/pressurezone.shop\/it\/prodotto\/varieta-di-erba-ibrida-gosh\/","title":{"rendered":"Variet\u00e0 di erba ibrida Gosh"},"content":{"rendered":"<h3><strong>Acquista la variet\u00e0 di erba ibrida Gosh online su <a href=\"https:\/\/pressurezone.shop\/it\/\" target=\"_new\" rel=\"noopener\">Negozio della zona di pressione<\/a><\/strong><\/h3>\n<p>Scoprire il <strong>Variet\u00e0 di erba ibrida Gosh<\/strong>un ibrido unico creato da un potente incrocio tra <strong>Crepa verde<\/strong> e <strong>Nebbia d'argento<\/strong>. Questa intensa combinazione genetica d\u00e0 origine a un fiore dalle tonalit\u00e0 vibranti e radiose, ricoperto di tricomi luminosi e pistilli color fuoco. Il suo aspetto sorprendente \u00e8 all'altezza del suo nome, con insolite sfumature ocra e cime dense e compatte.<\/p>\n<h3>Perch\u00e9 scegliere la variet\u00e0 di erba ibrida Gosh?<\/h3>\n<p><strong>Caspita<\/strong> \u00e8 una variet\u00e0 ibrida perfettamente bilanciata (50% sativa \/ 50% indica), ideale per chi cerca uno sballo cerebrale ed energizzante senza l'effetto sedativo tipico di altre variet\u00e0. Con effetti stimolanti e una sensazione di leggero relax, \u00e8 una scelta eccellente per il consumo diurno. L'effetto di Gosh inizia con un high euforico che stimola la creativit\u00e0 e aiuta a rimanere concentrati, fornendo al contempo un sottile rilassamento corporeo. \u00c8 una variet\u00e0 ideale per mantenersi attivi godendo dei benefici di un buon sballo.<a href=\"https:\/\/fuelpackz.com\/\" target=\"_blank\" rel=\"noopener\">.<\/a><\/p>\n<ul>\n<li><strong>Tipo<\/strong> Ibrido - 50% Sativa \/ 50% Indica<\/li>\n<li><strong>THC<\/strong> : 15-20%<\/li>\n<\/ul>\n<h3>Effetti e benefici della variet\u00e0 di erba ibrida Gosh<\/h3>\n<p>Con un profilo aromatico e gustativo che ricorda gli agrumi e le spezie, <strong>Caspita<\/strong> offre un'esperienza sensoriale complessa e piacevole. Sia che si tratti di alleviare lo stress o di incoraggiare la creativit\u00e0, questa variet\u00e0 \u00e8 perfetta per gli utenti che cercano uno sballo dinamico ed equilibrato.<\/p>\n<ul>\n<li><strong>Effetti<\/strong> Euforia, Stimolazione cerebrale, Creativit\u00e0, Leggero rilassamento, Sensazione di fame<\/li>\n<li><strong>Perfetto per<\/strong> ADD\/ADHD, Ansia, Perdita di appetito, Dolore cronico, Depressione, Nausea, Stress<\/li>\n<\/ul>\n<p>Condizioni che possono essere alleviate con <strong>Caspita<\/strong> :<\/p>\n<ul>\n<li><strong>Ansia e stress<\/strong> Una scarica mentale rilassante, ideale per calmare la mente.<\/li>\n<li><strong>Depressione<\/strong> Fornisce una spinta euforica ed energizzante.<\/li>\n<li><strong>Dolore cronico<\/strong> Riduce la tensione muscolare senza essere pesante o sedativo.<\/li>\n<li><strong>Nausea e perdita di appetito<\/strong> Una scelta ideale per migliorare l'appetito e ridurre la nausea.<\/li>\n<\/ul>\n<h3>Sapori e aromi della variet\u00e0 di erba ibrida Gosh<\/h3>\n<p>I sapori di <strong>Variet\u00e0 di erba ibrida Gosh<\/strong> sono accattivanti come il suo aspetto. Potrete assaporare note di agrumi freschi, erbe speziate e legno, con un leggero tocco di pino e dolcezza. Ad ogni inalazione, il suo ricco aroma si sviluppa per offrire un'esperienza di gusto completa.<\/p>\n<ul>\n<li><strong>I sapori<\/strong> Agrumi, Speziato, Erbaceo, Dolce, Legnoso<\/li>\n<li><strong>Aromi<\/strong> Terroso, Lemonico, Erbaceo, Pignoso, Legnoso<\/li>\n<\/ul>\n<h3>Aspetto della variet\u00e0 di erba ibrida Gosh<\/h3>\n<p>I boccioli di <strong>Caspita<\/strong> sono uno spettacolo in s\u00e9. Ricoperte di pistilli color fuoco e di un brillante velo ocra, queste teste compatte e dense sono una vera prodezza visiva. I tricomi cristallini che ricoprono questa variet\u00e0 aggiungono una dimensione scintillante all'insieme, aumentando ulteriormente il suo fascino per gli intenditori.<\/p>\n<h3>Ordina la variet\u00e0 di erba ibrida Gosh online dal Pressure Zone Shop<\/h3>\n<p>Siete pronti a scoprire la scalata energizzante di Gosh? <strong>Ordina online<\/strong> da oggi in poi <a href=\"https:\/\/pressurezone.shop\/it\/\" target=\"_new\" rel=\"noopener\">Negozio della zona di pressione<\/a> e godetevi una consegna affidabile direttamente a casa vostra. Perfetto per giornate produttive o momenti creativi, <strong>Variet\u00e0 di erba ibrida Gosh<\/strong> \u00e8 la scelta ideale per chi cerca uno sballo equilibrato e stimolante.<\/p>","protected":false},"excerpt":{"rendered":"<p>Ibrido a dominanza sativa - 75% Sativa \/ 25% Indica<\/p>","protected":false},"featured_media":3185,"comment_status":"closed","ping_status":"closed","template":"","meta":{"_uag_custom_page_level_css":"","site-sidebar-layout":"default","site-content-layout":"","ast-site-content-layout":"default","site-content-style":"default","site-sidebar-style":"default","ast-global-header-display":"","ast-banner-title-visibility":"","ast-main-header-display":"","ast-hfb-above-header-display":"","ast-hfb-below-header-display":"","ast-hfb-mobile-header-display":"","site-post-title":"","ast-breadcrumbs-content":"","ast-featured-img":"","footer-sml-layout":"","theme-transparent-header-meta":"default","adv-header-id-meta":"","stick-header-meta":"","header-above-stick-meta":"","header-main-stick-meta":"","header-below-stick-meta":"","astra-migrate-meta-layouts":"set","ast-page-background-enabled":"default","ast-page-background-meta":{"desktop":{"background-color":"","background-image":"","background-repeat":"repeat","background-position":"center center","background-size":"auto","background-attachment":"scroll","background-type":"","background-media":"","overlay-type":"","overlay-color":"","overlay-opacity":"","overlay-gradient":""},"tablet":{"background-color":"","background-image":"","background-repeat":"repeat","background-position":"center center","background-size":"auto","background-attachment":"scroll","background-type":"","background-media":"","overlay-type":"","overlay-color":"","overlay-opacity":"","overlay-gradient":""},"mobile":{"background-color":"","background-image":"","background-repeat":"repeat","background-position":"center center","background-size":"auto","background-attachment":"scroll","background-type":"","background-media":"","overlay-type":"","overlay-color":"","overlay-opacity":"","overlay-gradient":""}},"ast-content-background-meta":{"desktop":{"background-color":"var(--ast-global-color-5)","background-image":"","background-repeat":"repeat","background-position":"center center","background-size":"auto","background-attachment":"scroll","background-type":"","background-media":"","overlay-type":"","overlay-color":"","overlay-opacity":"","overlay-gradient":""},"tablet":{"background-color":"var(--ast-global-color-5)","background-image":"","background-repeat":"repeat","background-position":"center center","background-size":"auto","background-attachment":"scroll","background-type":"","background-media":"","overlay-type":"","overlay-color":"","overlay-opacity":"","overlay-gradient":""},"mobile":{"background-color":"var(--ast-global-color-5)","background-image":"","background-repeat":"repeat","background-position":"center center","background-size":"auto","background-attachment":"scroll","background-type":"","background-media":"","overlay-type":"","overlay-color":"","overlay-opacity":"","overlay-gradient":""}}},"product_brand":[],"product_cat":[28,277],"product_tag":[330],"class_list":{"0":"post-3104","1":"product","2":"type-product","3":"status-publish","4":"has-post-thumbnail","6":"product_cat-varietes-de-cannabis","7":"product_cat-varietes-de-cannabis-hybrides","8":"product_tag-buy-gosh-hybrid-weed-strain-online-europe","9":"desktop-align-left","10":"tablet-align-left","11":"mobile-align-left","13":"first","14":"instock","15":"shipping-taxable","16":"purchasable","17":"product-type-variable"},"uagb_featured_image_src":{"full":["https:\/\/pressurezone.shop\/wp-content\/uploads\/2024\/10\/Gosh-Hybrid-Weed-Strain.jpg",2560,1707,false],"thumbnail":["https:\/\/pressurezone.shop\/wp-content\/uploads\/2024\/10\/Gosh-Hybrid-Weed-Strain-150x150.jpg",150,150,true],"medium":["https:\/\/pressurezone.shop\/wp-content\/uploads\/2024\/10\/Gosh-Hybrid-Weed-Strain-300x200.jpg",300,200,true],"medium_large":["https:\/\/pressurezone.shop\/wp-content\/uploads\/2024\/10\/Gosh-Hybrid-Weed-Strain-768x512.jpg",768,512,true],"large":["https:\/\/pressurezone.shop\/wp-content\/uploads\/2024\/10\/Gosh-Hybrid-Weed-Strain-1024x683.jpg",1024,683,true],"1536x1536":["https:\/\/pressurezone.shop\/wp-content\/uploads\/2024\/10\/Gosh-Hybrid-Weed-Strain-1536x1024.jpg",1536,1024,true],"2048x2048":["https:\/\/pressurezone.shop\/wp-content\/uploads\/2024\/10\/Gosh-Hybrid-Weed-Strain-2048x1366.jpg",2048,1366,true],"trp-custom-language-flag":["https:\/\/pressurezone.shop\/wp-content\/uploads\/2024\/10\/Gosh-Hybrid-Weed-Strain-18x12.jpg",18,12,true],"woocommerce_thumbnail":["https:\/\/pressurezone.shop\/wp-content\/uploads\/2024\/10\/Gosh-Hybrid-Weed-Strain-300x300.jpg",300,300,true],"woocommerce_single":["https:\/\/pressurezone.shop\/wp-content\/uploads\/2024\/10\/Gosh-Hybrid-Weed-Strain-600x400.jpg",600,400,true],"woocommerce_gallery_thumbnail":["https:\/\/pressurezone.shop\/wp-content\/uploads\/2024\/10\/Gosh-Hybrid-Weed-Strain-100x100.jpg",100,100,true]},"uagb_author_info":{"display_name":"pressurezone.shop","author_link":"https:\/\/pressurezone.shop\/it\/author\/"},"uagb_comment_info":0,"uagb_excerpt":"Sativa Dominant Hybrid \u2013 75% Sativa \/ 25% Indica","_links":{"self":[{"href":"https:\/\/pressurezone.shop\/it\/wp-json\/wp\/v2\/product\/3104"}],"collection":[{"href":"https:\/\/pressurezone.shop\/it\/wp-json\/wp\/v2\/product"}],"about":[{"href":"https:\/\/pressurezone.shop\/it\/wp-json\/wp\/v2\/types\/product"}],"replies":[{"embeddable":true,"href":"https:\/\/pressurezone.shop\/it\/wp-json\/wp\/v2\/comments?post=3104"}],"version-history":[{"count":3,"href":"https:\/\/pressurezone.shop\/it\/wp-json\/wp\/v2\/product\/3104\/revisions"}],"predecessor-version":[{"id":3816,"href":"https:\/\/pressurezone.shop\/it\/wp-json\/wp\/v2\/product\/3104\/revisions\/3816"}],"wp:featuredmedia":[{"embeddable":true,"href":"https:\/\/pressurezone.shop\/it\/wp-json\/wp\/v2\/media\/3185"}],"wp:attachment":[{"href":"https:\/\/pressurezone.shop\/it\/wp-json\/wp\/v2\/media?parent=3104"}],"wp:term":[{"taxonomy":"product_brand","embeddable":true,"href":"https:\/\/pressurezone.shop\/it\/wp-json\/wp\/v2\/product_brand?post=3104"},{"taxonomy":"product_cat","embeddable":true,"href":"https:\/\/pressurezone.shop\/it\/wp-json\/wp\/v2\/product_cat?post=3104"},{"taxonomy":"product_tag","embeddable":true,"href":"https:\/\/pressurezone.shop\/it\/wp-json\/wp\/v2\/product_tag?post=3104"}],"curies":[{"name":"wp","href":"https:\/\/api.w.org\/{rel}","templated":true}]}}