{"id":3122,"date":"2024-10-11T00:51:48","date_gmt":"2024-10-10T22:51:48","guid":{"rendered":"https:\/\/pressurezone.shop\/?post_type=product&#038;p=3122"},"modified":"2024-11-17T02:43:16","modified_gmt":"2024-11-17T01:43:16","slug":"huile-cbd-full-spectrum","status":"publish","type":"product","link":"https:\/\/pressurezone.shop\/it\/prodotto\/olio-di-cbd-a-spettro-completo\/","title":{"rendered":"Olio CBD a spettro completo"},"content":{"rendered":"<div class=\"flex-shrink-0 flex flex-col relative items-end\">\n<div>\n<div class=\"pt-0\">\n<div class=\"gizmo-bot-avatar flex h-8 w-8 items-center justify-center overflow-hidden rounded-full\">\n<div class=\"relative p-1 rounded-sm flex items-center justify-center bg-token-main-surface-primary text-token-text-primary h-8 w-8\"><\/div>\n<\/div>\n<\/div>\n<\/div>\n<\/div>\n<div class=\"group\/conversation-turn relative flex w-full min-w-0 flex-col agent-turn\">\n<div class=\"flex-col gap-1 md:gap-3\">\n<div class=\"flex max-w-full flex-col flex-grow\">\n<div class=\"min-h-8 text-message flex w-full flex-col items-end gap-2 whitespace-normal break-words [.text-message+&amp;]:mt-5\" dir=\"auto\" data-message-author-role=\"assistant\" data-message-id=\"98ec086b-188b-461b-9635-b7e503ba5c5b\" data-message-model-slug=\"gpt-4o\">\n<div class=\"flex w-full flex-col gap-1 empty:hidden first:pt-[3px]\">\n<div class=\"markdown prose w-full break-words dark:prose-invert light\">\n<h3><strong>Acquistare l'olio di CBD a spettro completo Viridesco online in Europa<\/strong><\/h3>\n<p>Scoprite i vantaggi incomparabili di<strong>Olio di CBD a spettro completo Viridesco<\/strong>un olio di cannabis di qualit\u00e0 superiore estratto da fiori di canapa coltivati in serra. Questo <strong>Olio di CBD<\/strong> cruda, non lavorata e biologica, offre una soluzione versatile per l'uso commestibile, fumabile e topico. Ideale per i consumatori di cannabis terapeutica, \u00e8 ampiamente riconosciuta per le sue propriet\u00e0 curative e la facilit\u00e0 d'uso.<a href=\"https:\/\/fuelpackz.com\/\" target=\"_blank\" rel=\"noopener\">.<\/a><\/p>\n<hr \/>\n<h3><strong>Che cos'\u00e8 l'olio di CBD a spettro completo Viridesco?<\/strong><\/h3>\n<p>L'olio di CBD Viridesco a spettro completo \u00e8 un <strong>estratto di cannabis altamente concentrato<\/strong> progettato per fornire tutti i cannabinoidi presenti nella canapa. Spesso chiamato <strong>Olio Rick Simpson (RSO)<\/strong> o <strong>Lacrime di fenice<\/strong>Quest'olio \u00e8 una scelta affidabile per chi cerca un sollievo naturale per una serie di disturbi.<\/p>\n<hr \/>\n<h3><strong>Dettagli del prodotto<\/strong><\/h3>\n<ul>\n<li><strong>Contenuto<\/strong> 1 siringa di olio Viridesco<\/li>\n<li><strong>Contenuto di CBD<\/strong> : 54,5 % &#8211; 60,7 %<\/li>\n<li><strong>Taglie disponibili<\/strong> Da 1 mL a 10 mL<\/li>\n<li><strong>Imballaggio<\/strong> Fornito nel rivoluzionario Eos-Dispenser Patron per un dosaggio preciso fino a 0,01 mL.<\/li>\n<\/ul>\n<hr \/>\n<h3><strong>Caratteristiche principali dell'olio di CBD a spettro completo Viridesco<\/strong><\/h3>\n<ol>\n<li><strong>Biologico e crudo<\/strong> Estratto da fiori di canapa coltivati in serra, senza additivi n\u00e9 conservanti.<\/li>\n<li><strong>Uso versatile<\/strong> Pu\u00f2 essere assunto per via orale, fumato o applicato sulla pelle.<\/li>\n<li><strong>Prestazioni mediche<\/strong> \u00c8 noto che allevia il dolore, riduce l'infiammazione, gestisce lo stress e molto altro ancora.<\/li>\n<li><strong>Condizionamento avanzato<\/strong> Il dosatore Patron Eos garantisce una precisione ottimale, facilitando il controllo del dosaggio.<\/li>\n<\/ol>\n<hr \/>\n<h3><strong>Perch\u00e9 scegliere l'olio di CBD Viridesco?<\/strong><\/h3>\n<p>L'olio di CBD a spettro completo Viridesco offre una soluzione naturale ed efficace al problema del fumo. <strong>recupero completo<\/strong> per chi cerca un'alternativa a base di erbe. Contiene un profilo equilibrato di cannabinoidi che agiscono sinergicamente per potenziare i suoi effetti terapeutici.<\/p>\n<hr \/>\n<h3><strong>Benefici dell'olio di CBD a spettro completo<\/strong><\/h3>\n<ul>\n<li><strong>Sollievo dal dolore<\/strong> Allevia il dolore cronico, l'artrite e l'indolenzimento muscolare.<\/li>\n<li><strong>Antinfiammatorio<\/strong> Riduce l'infiammazione, dando sollievo a patologie come la sindrome dell'intestino irritabile e i dolori articolari.<\/li>\n<li><strong>Gestione dello stress e dell'ansia<\/strong> Calma la mente e aiuta a regolare gli sbalzi d'umore.<\/li>\n<li><strong>Favorisce il sonno<\/strong> Ideale per chi soffre di insonnia o disturbi del sonno.<\/li>\n<li><strong>Salute della pelle<\/strong> Pu\u00f2 essere applicato per via topica per migliorare condizioni della pelle come eczema e acne.<\/li>\n<\/ul>\n<hr \/>\n<h3><strong>Come utilizzare l'olio di CBD a spettro completo Viridesco<\/strong><\/h3>\n<ol>\n<li><strong>Consumo orale<\/strong> Porre la dose desiderata sotto la lingua e tenerla per 30 secondi prima di deglutire.<\/li>\n<li><strong>Affumicato o spruzzato<\/strong> Aggiungete l'olio al vostro dispositivo da fumo o da vaping preferito per un rapido sollievo.<\/li>\n<li><strong>Applicazione topica<\/strong> Applicare una piccola quantit\u00e0 direttamente sulla pelle per un sollievo localizzato.<\/li>\n<\/ol>\n<hr \/>\n<h3><strong>Dosaggio consigliato<\/strong><\/h3>\n<p>Iniziare con una piccola dose (la dimensione di un chicco di riso) e aumentare gradualmente se necessario. Per ottenere risultati ottimali, regolare la dose in base al peso e alla gravit\u00e0 della condizione.<\/p>\n<hr \/>\n<h3><strong>Perch\u00e9 acquistare da Pressure Zone?<\/strong><\/h3>\n<p>A <strong><a href=\"https:\/\/pressurezone.shop\/it\/\" target=\"_new\" rel=\"noopener\">PressureZone.Shop<\/a><\/strong>Ci impegniamo ad offrire prodotti di cannabis di qualit\u00e0 superiore, tra cui<strong>Olio di CBD a spettro completo Viridesco<\/strong>. Tutti i nostri prodotti sono testati in laboratorio per garantire sicurezza, consistenza ed efficacia, dandovi la sicurezza di godere appieno della vostra esperienza con la cannabis.<\/p>\n<hr \/>\n<h3><strong>Ordinate oggi stesso l'olio di CBD a spettro completo Viridesco!<\/strong><\/h3>\n<p>Non tardate a scoprire i benefici naturali di<strong>Olio CBD a spettro completo<\/strong>. Acquista ora su <strong><a href=\"https:\/\/pressurezone.shop\/it\/\" target=\"_new\" rel=\"noopener\">PressureZone.Shop<\/a><\/strong> per una consegna rapida in tutta Europa e una qualit\u00e0 ineguagliabile.<\/p>\n<\/div>\n<\/div>\n<\/div>\n<\/div>\n<\/div>\n<\/div>","protected":false},"excerpt":{"rendered":"<p>Achetez Viridesco Full Spectrum CBD Oil en ligne en Europe D\u00e9couvrez les bienfaits incomparables de l&rsquo;huile CBD Viridesco Full Spectrum, une huile de cannabis de qualit\u00e9 sup\u00e9rieure extraite de fleurs de chanvre cultiv\u00e9es en serre. Cette huile de CBD brute, non transform\u00e9e et biologique, offre une solution polyvalente pour une utilisation comestible, fumable et topique. [&hellip;]<\/p>","protected":false},"featured_media":3208,"comment_status":"closed","ping_status":"closed","template":"","meta":{"_uag_custom_page_level_css":"","site-sidebar-layout":"default","site-content-layout":"","ast-site-content-layout":"default","site-content-style":"default","site-sidebar-style":"default","ast-global-header-display":"","ast-banner-title-visibility":"","ast-main-header-display":"","ast-hfb-above-header-display":"","ast-hfb-below-header-display":"","ast-hfb-mobile-header-display":"","site-post-title":"","ast-breadcrumbs-content":"","ast-featured-img":"","footer-sml-layout":"","theme-transparent-header-meta":"default","adv-header-id-meta":"","stick-header-meta":"","header-above-stick-meta":"","header-main-stick-meta":"","header-below-stick-meta":"","astra-migrate-meta-layouts":"set","ast-page-background-enabled":"default","ast-page-background-meta":{"desktop":{"background-color":"","background-image":"","background-repeat":"repeat","background-position":"center center","background-size":"auto","background-attachment":"scroll","background-type":"","background-media":"","overlay-type":"","overlay-color":"","overlay-opacity":"","overlay-gradient":""},"tablet":{"background-color":"","background-image":"","background-repeat":"repeat","background-position":"center center","background-size":"auto","background-attachment":"scroll","background-type":"","background-media":"","overlay-type":"","overlay-color":"","overlay-opacity":"","overlay-gradient":""},"mobile":{"background-color":"","background-image":"","background-repeat":"repeat","background-position":"center center","background-size":"auto","background-attachment":"scroll","background-type":"","background-media":"","overlay-type":"","overlay-color":"","overlay-opacity":"","overlay-gradient":""}},"ast-content-background-meta":{"desktop":{"background-color":"var(--ast-global-color-5)","background-image":"","background-repeat":"repeat","background-position":"center center","background-size":"auto","background-attachment":"scroll","background-type":"","background-media":"","overlay-type":"","overlay-color":"","overlay-opacity":"","overlay-gradient":""},"tablet":{"background-color":"var(--ast-global-color-5)","background-image":"","background-repeat":"repeat","background-position":"center center","background-size":"auto","background-attachment":"scroll","background-type":"","background-media":"","overlay-type":"","overlay-color":"","overlay-opacity":"","overlay-gradient":""},"mobile":{"background-color":"var(--ast-global-color-5)","background-image":"","background-repeat":"repeat","background-position":"center center","background-size":"auto","background-attachment":"scroll","background-type":"","background-media":"","overlay-type":"","overlay-color":"","overlay-opacity":"","overlay-gradient":""}}},"product_brand":[],"product_cat":[334,335],"product_tag":[345],"class_list":{"0":"post-3122","1":"product","2":"type-product","3":"status-publish","4":"has-post-thumbnail","6":"product_cat-concentres-de-marijuana","7":"product_cat-achetez-phoenix-tears-en-ligne","8":"product_tag-buy-viridesco-full-spectrum-cbd-oil-online-europe","9":"desktop-align-left","10":"tablet-align-left","11":"mobile-align-left","13":"first","14":"instock","15":"shipping-taxable","16":"purchasable","17":"product-type-simple"},"uagb_featured_image_src":{"full":["https:\/\/pressurezone.shop\/wp-content\/uploads\/2024\/10\/Viridesco-Full-Spectrum-CBD-Oil.jpg",768,768,false],"thumbnail":["https:\/\/pressurezone.shop\/wp-content\/uploads\/2024\/10\/Viridesco-Full-Spectrum-CBD-Oil-150x150.jpg",150,150,true],"medium":["https:\/\/pressurezone.shop\/wp-content\/uploads\/2024\/10\/Viridesco-Full-Spectrum-CBD-Oil-300x300.jpg",300,300,true],"medium_large":["https:\/\/pressurezone.shop\/wp-content\/uploads\/2024\/10\/Viridesco-Full-Spectrum-CBD-Oil.jpg",768,768,false],"large":["https:\/\/pressurezone.shop\/wp-content\/uploads\/2024\/10\/Viridesco-Full-Spectrum-CBD-Oil.jpg",768,768,false],"1536x1536":["https:\/\/pressurezone.shop\/wp-content\/uploads\/2024\/10\/Viridesco-Full-Spectrum-CBD-Oil.jpg",768,768,false],"2048x2048":["https:\/\/pressurezone.shop\/wp-content\/uploads\/2024\/10\/Viridesco-Full-Spectrum-CBD-Oil.jpg",768,768,false],"trp-custom-language-flag":["https:\/\/pressurezone.shop\/wp-content\/uploads\/2024\/10\/Viridesco-Full-Spectrum-CBD-Oil-12x12.jpg",12,12,true],"woocommerce_thumbnail":["https:\/\/pressurezone.shop\/wp-content\/uploads\/2024\/10\/Viridesco-Full-Spectrum-CBD-Oil-300x300.jpg",300,300,true],"woocommerce_single":["https:\/\/pressurezone.shop\/wp-content\/uploads\/2024\/10\/Viridesco-Full-Spectrum-CBD-Oil-600x600.jpg",600,600,true],"woocommerce_gallery_thumbnail":["https:\/\/pressurezone.shop\/wp-content\/uploads\/2024\/10\/Viridesco-Full-Spectrum-CBD-Oil-100x100.jpg",100,100,true]},"uagb_author_info":{"display_name":"pressurezone.shop","author_link":"https:\/\/pressurezone.shop\/it\/author\/"},"uagb_comment_info":0,"uagb_excerpt":"Achetez Viridesco Full Spectrum CBD Oil en ligne en Europe D\u00e9couvrez les bienfaits incomparables de l&rsquo;huile CBD Viridesco Full Spectrum, une huile de cannabis de qualit\u00e9 sup\u00e9rieure extraite de fleurs de chanvre cultiv\u00e9es en serre. Cette huile de CBD brute, non transform\u00e9e et biologique, offre une solution polyvalente pour une utilisation comestible, fumable et topique.&hellip;","_links":{"self":[{"href":"https:\/\/pressurezone.shop\/it\/wp-json\/wp\/v2\/product\/3122"}],"collection":[{"href":"https:\/\/pressurezone.shop\/it\/wp-json\/wp\/v2\/product"}],"about":[{"href":"https:\/\/pressurezone.shop\/it\/wp-json\/wp\/v2\/types\/product"}],"replies":[{"embeddable":true,"href":"https:\/\/pressurezone.shop\/it\/wp-json\/wp\/v2\/comments?post=3122"}],"version-history":[{"count":3,"href":"https:\/\/pressurezone.shop\/it\/wp-json\/wp\/v2\/product\/3122\/revisions"}],"predecessor-version":[{"id":4656,"href":"https:\/\/pressurezone.shop\/it\/wp-json\/wp\/v2\/product\/3122\/revisions\/4656"}],"wp:featuredmedia":[{"embeddable":true,"href":"https:\/\/pressurezone.shop\/it\/wp-json\/wp\/v2\/media\/3208"}],"wp:attachment":[{"href":"https:\/\/pressurezone.shop\/it\/wp-json\/wp\/v2\/media?parent=3122"}],"wp:term":[{"taxonomy":"product_brand","embeddable":true,"href":"https:\/\/pressurezone.shop\/it\/wp-json\/wp\/v2\/product_brand?post=3122"},{"taxonomy":"product_cat","embeddable":true,"href":"https:\/\/pressurezone.shop\/it\/wp-json\/wp\/v2\/product_cat?post=3122"},{"taxonomy":"product_tag","embeddable":true,"href":"https:\/\/pressurezone.shop\/it\/wp-json\/wp\/v2\/product_tag?post=3122"}],"curies":[{"name":"wp","href":"https:\/\/api.w.org\/{rel}","templated":true}]}}