{"id":3132,"date":"2024-10-11T00:52:15","date_gmt":"2024-10-10T22:52:15","guid":{"rendered":"https:\/\/pressurezone.shop\/?post_type=product&#038;p=3132"},"modified":"2024-11-17T01:13:03","modified_gmt":"2024-11-17T00:13:03","slug":"house-brand-phoenix-tears-1ml","status":"publish","type":"product","link":"https:\/\/pressurezone.shop\/it\/prodotto\/lacrime-di-fenice-di-marca-della-casa-1ml\/","title":{"rendered":"Marchio della casa - Lacrime di Phoenix (1ml)"},"content":{"rendered":"<div class=\"flex-shrink-0 flex flex-col relative items-end\">\n<div>\n<div class=\"pt-0\">\n<div class=\"gizmo-bot-avatar flex h-8 w-8 items-center justify-center overflow-hidden rounded-full\">\n<div class=\"relative p-1 rounded-sm flex items-center justify-center bg-token-main-surface-primary text-token-text-primary h-8 w-8\"><\/div>\n<\/div>\n<\/div>\n<\/div>\n<\/div>\n<div class=\"group\/conversation-turn relative flex w-full min-w-0 flex-col agent-turn\">\n<div class=\"flex-col gap-1 md:gap-3\">\n<div class=\"flex max-w-full flex-col flex-grow\">\n<div class=\"min-h-8 text-message flex w-full flex-col items-end gap-2 whitespace-normal break-words [.text-message+&amp;]:mt-5\" dir=\"auto\" data-message-author-role=\"assistant\" data-message-id=\"ba1973de-84c5-4b14-8f6a-d1a6067bc269\" data-message-model-slug=\"gpt-4o\">\n<div class=\"flex w-full flex-col gap-1 empty:hidden first:pt-[3px]\">\n<div class=\"markdown prose w-full break-words dark:prose-invert light\">\n<h3><strong>Acquistare Phoenix Tears - House Brand (1ml) online in Europa<\/strong><\/h3>\n<p>Scoprire il <strong>Lacrime di Phoenix - Marchio della casa (1ml)<\/strong>un estratto di cannabis di qualit\u00e0 superiore contenente THC (tetraidrocannabinolo) a pieno spettro. Specificamente progettato per la gestione del dolore, questo prodotto \u00e8 ottenuto dai seguenti fiori <strong>indica<\/strong> e non contiene additivi, ma solo estratto puro. Ogni lotto \u00e8 <strong>testato in laboratorio<\/strong> per garantire qualit\u00e0 e coerenza, offrendo una soluzione affidabile per l'uso terapeutico<a href=\"https:\/\/fuelpackz.com\/\" target=\"_blank\" rel=\"noopener\">.<\/a><\/p>\n<hr \/>\n<h3><strong>Caratteristiche e dettagli del prodotto<\/strong><\/h3>\n<ul>\n<li><strong>Dimensione della porzione<\/strong> 1ml<\/li>\n<li><strong>Dosi per contenitore<\/strong> : 10<\/li>\n<li><strong>Quantit\u00e0 di THC per dose<\/strong> 100 mg di THC<\/li>\n<li><strong>THC Totale<\/strong> 1000 mg di THC per siringa<\/li>\n<li><strong>Ingredienti<\/strong> Estratto di cannabis a spettro completo<\/li>\n<li><strong>Il gusto<\/strong> Neutro, senza aromi aggiunti<\/li>\n<\/ul>\n<p><strong>Cosa rende uniche le lacrime di Phoenix?<\/strong><br \/>\nLe lacrime di Phoenix sono un <strong>estratto di cannabis versatile e altamente concentrato<\/strong> noto per le sue eccezionali propriet\u00e0 medicinali. Ideale per la gestione del dolore, dell'infiammazione e di patologie croniche come il cancro, l'epilessia o la sclerosi multipla, questo prodotto offre risultati affidabili e costanti.<\/p>\n<hr \/>\n<h3><strong>Cosa sono le lacrime di Phoenix?<\/strong><\/h3>\n<p>Conosciuto anche come <strong>Olio Rick Simpson (RSO)<\/strong>Phoenix Tears \u00e8 un olio di cannabis altamente concentrato, tradizionalmente consumato per via orale. I suoi benefici medicinali includono :<\/p>\n<ul>\n<li><strong>Sollievo dal dolore<\/strong> Lenisce il dolore cronico e acuto.<\/li>\n<li><strong>Effetto antinfiammatorio<\/strong> Riduce il gonfiore e l'irritazione.<\/li>\n<li><strong>Gestione delle malattie<\/strong> Efficace per patologie come la sclerosi multipla, l'epilessia e il cancro.<\/li>\n<\/ul>\n<p>Facile da usare, questo formato consente di regolare il dosaggio in base alle proprie esigenze.<\/p>\n<hr \/>\n<h3><strong>Come mangiare le lacrime di fenice<\/strong><\/h3>\n<ol>\n<li><strong>Iniziare con una piccola dose<\/strong> :\n<ul>\n<li>Le lacrime di Phoenix sono molto potenti. Iniziate con una dose pari a quella di un <strong>chicco di riso<\/strong>.<\/li>\n<li>Aumentare gradualmente la dose in base alle proprie esigenze.<\/li>\n<\/ul>\n<\/li>\n<li><strong>Posto sotto la lingua<\/strong> :\n<ul>\n<li>Utilizzare uno stuzzicadenti o un piccolo strumento per posizionare l'olio <strong>sotto la lingua<\/strong>.<\/li>\n<li>Tenetelo per <strong>Da 30 secondi a 1 minuto<\/strong> per un assorbimento ottimale.<\/li>\n<\/ul>\n<\/li>\n<li><strong>Ingoiare l'olio<\/strong> :\n<ul>\n<li>Se non vi piace il sapore, potete mescolarlo in una bevanda o aggiungerlo al cibo.<\/li>\n<\/ul>\n<\/li>\n<li><strong>Ripetere se necessario<\/strong> :\n<ul>\n<li>A seconda della tolleranza e degli effetti desiderati, ripetere la dose pi\u00f9 volte al giorno.<\/li>\n<\/ul>\n<\/li>\n<\/ol>\n<hr \/>\n<h3><strong>Perch\u00e9 scegliere le lacrime di Phoenix del marchio House?<\/strong><\/h3>\n<ul>\n<li><strong>Estratto a spettro completo<\/strong> Conserva tutti i cannabinoidi e i terpeni per un effetto terapeutico potenziato.<\/li>\n<li><strong>Testato in laboratorio<\/strong> Qualit\u00e0 e potenza garantite.<\/li>\n<li><strong>Formula a base di Indica<\/strong> Ideale per la gestione del dolore e il rilassamento.<\/li>\n<li><strong>Facile da usare<\/strong> Confezionato in <strong>siringa pratica<\/strong> per un dosaggio preciso.<\/li>\n<\/ul>\n<hr \/>\n<h3><strong>Benefici medici<\/strong><\/h3>\n<p>Le lacrime di Phoenix sono ampiamente riconosciute per la loro capacit\u00e0 di trattare una serie di problemi di salute, tra cui :<\/p>\n<ul>\n<li><strong>Dolore e infiammazione<\/strong> Lenisce il disagio e riduce il gonfiore.<\/li>\n<li><strong>Malattie croniche<\/strong> Aiuta a gestire i sintomi di cancro, epilessia e sclerosi multipla.<\/li>\n<li><strong>Salute mentale<\/strong> Favorisce il rilassamento e riduce lo stress e l'ansia.<\/li>\n<li><strong>Disturbi del sonno<\/strong> Favorisce un sonno ristoratore, ideale per l'uso notturno.<\/li>\n<\/ul>\n<hr \/>\n<h3><strong>Ordinate oggi stesso il marchio Phoenix Tears House<\/strong><\/h3>\n<p>Scoprite i vantaggi di <strong>Lacrime di fenice - Marchio della casa<\/strong> e unirsi ai molti utenti che hanno trovato sollievo con questo potente estratto di cannabis. Che siate principianti o esperti, questo prodotto \u00e8 un must per l'uso terapeutico e medico.<\/p>\n<p>Visita <strong><a href=\"https:\/\/pressurezone.shop\/it\/\" target=\"_new\" rel=\"noopener\">PressureZone.Shop<\/a><\/strong> per <strong><a href=\"https:\/\/pressurezone.shop\/it\/\" target=\"_new\" rel=\"noopener\">acquistare lacrime di Phoenix online<\/a><\/strong> e godetevi un estratto di cannabis di alta qualit\u00e0 adatto alle vostre esigenze.<\/p>\n<\/div>\n<\/div>\n<\/div>\n<\/div>\n<\/div>\n<\/div>","protected":false},"excerpt":{"rendered":"<p>Acheter Phoenix Tears \u2013 House Brand (1ml) en ligne en Europe D\u00e9couvrez les Phoenix Tears \u2013 House Brand (1ml), un extrait de cannabis de qualit\u00e9 sup\u00e9rieure contenant du THC (t\u00e9trahydrocannabinol) \u00e0 spectre complet. Con\u00e7u sp\u00e9cifiquement pour la gestion de la douleur, ce produit est \u00e9labor\u00e9 \u00e0 partir de fleurs indica et ne contient aucun additif, [&hellip;]<\/p>","protected":false},"featured_media":3223,"comment_status":"closed","ping_status":"closed","template":"","meta":{"_uag_custom_page_level_css":"","site-sidebar-layout":"default","site-content-layout":"","ast-site-content-layout":"default","site-content-style":"default","site-sidebar-style":"default","ast-global-header-display":"","ast-banner-title-visibility":"","ast-main-header-display":"","ast-hfb-above-header-display":"","ast-hfb-below-header-display":"","ast-hfb-mobile-header-display":"","site-post-title":"","ast-breadcrumbs-content":"","ast-featured-img":"","footer-sml-layout":"","theme-transparent-header-meta":"default","adv-header-id-meta":"","stick-header-meta":"","header-above-stick-meta":"","header-main-stick-meta":"","header-below-stick-meta":"","astra-migrate-meta-layouts":"set","ast-page-background-enabled":"default","ast-page-background-meta":{"desktop":{"background-color":"","background-image":"","background-repeat":"repeat","background-position":"center center","background-size":"auto","background-attachment":"scroll","background-type":"","background-media":"","overlay-type":"","overlay-color":"","overlay-opacity":"","overlay-gradient":""},"tablet":{"background-color":"","background-image":"","background-repeat":"repeat","background-position":"center center","background-size":"auto","background-attachment":"scroll","background-type":"","background-media":"","overlay-type":"","overlay-color":"","overlay-opacity":"","overlay-gradient":""},"mobile":{"background-color":"","background-image":"","background-repeat":"repeat","background-position":"center center","background-size":"auto","background-attachment":"scroll","background-type":"","background-media":"","overlay-type":"","overlay-color":"","overlay-opacity":"","overlay-gradient":""}},"ast-content-background-meta":{"desktop":{"background-color":"var(--ast-global-color-5)","background-image":"","background-repeat":"repeat","background-position":"center center","background-size":"auto","background-attachment":"scroll","background-type":"","background-media":"","overlay-type":"","overlay-color":"","overlay-opacity":"","overlay-gradient":""},"tablet":{"background-color":"var(--ast-global-color-5)","background-image":"","background-repeat":"repeat","background-position":"center center","background-size":"auto","background-attachment":"scroll","background-type":"","background-media":"","overlay-type":"","overlay-color":"","overlay-opacity":"","overlay-gradient":""},"mobile":{"background-color":"var(--ast-global-color-5)","background-image":"","background-repeat":"repeat","background-position":"center center","background-size":"auto","background-attachment":"scroll","background-type":"","background-media":"","overlay-type":"","overlay-color":"","overlay-opacity":"","overlay-gradient":""}}},"product_brand":[],"product_cat":[334,335],"product_tag":[349],"class_list":{"0":"post-3132","1":"product","2":"type-product","3":"status-publish","4":"has-post-thumbnail","6":"product_cat-concentres-de-marijuana","7":"product_cat-achetez-phoenix-tears-en-ligne","8":"product_tag-420-mail-order-house-brand-phoenix-tears-1ml-europe","9":"desktop-align-left","10":"tablet-align-left","11":"mobile-align-left","13":"first","14":"instock","15":"shipping-taxable","16":"purchasable","17":"product-type-simple"},"uagb_featured_image_src":{"full":["https:\/\/pressurezone.shop\/wp-content\/uploads\/2024\/10\/House-Brand-\u2013-Phoenix-Tears-1ml.webp",1200,800,false],"thumbnail":["https:\/\/pressurezone.shop\/wp-content\/uploads\/2024\/10\/House-Brand-\u2013-Phoenix-Tears-1ml-150x150.webp",150,150,true],"medium":["https:\/\/pressurezone.shop\/wp-content\/uploads\/2024\/10\/House-Brand-\u2013-Phoenix-Tears-1ml-300x200.webp",300,200,true],"medium_large":["https:\/\/pressurezone.shop\/wp-content\/uploads\/2024\/10\/House-Brand-\u2013-Phoenix-Tears-1ml-768x512.webp",768,512,true],"large":["https:\/\/pressurezone.shop\/wp-content\/uploads\/2024\/10\/House-Brand-\u2013-Phoenix-Tears-1ml-1024x683.webp",1024,683,true],"1536x1536":["https:\/\/pressurezone.shop\/wp-content\/uploads\/2024\/10\/House-Brand-\u2013-Phoenix-Tears-1ml.webp",1200,800,false],"2048x2048":["https:\/\/pressurezone.shop\/wp-content\/uploads\/2024\/10\/House-Brand-\u2013-Phoenix-Tears-1ml.webp",1200,800,false],"trp-custom-language-flag":["https:\/\/pressurezone.shop\/wp-content\/uploads\/2024\/10\/House-Brand-\u2013-Phoenix-Tears-1ml-18x12.webp",18,12,true],"woocommerce_thumbnail":["https:\/\/pressurezone.shop\/wp-content\/uploads\/2024\/10\/House-Brand-\u2013-Phoenix-Tears-1ml-300x300.webp",300,300,true],"woocommerce_single":["https:\/\/pressurezone.shop\/wp-content\/uploads\/2024\/10\/House-Brand-\u2013-Phoenix-Tears-1ml-600x400.webp",600,400,true],"woocommerce_gallery_thumbnail":["https:\/\/pressurezone.shop\/wp-content\/uploads\/2024\/10\/House-Brand-\u2013-Phoenix-Tears-1ml-100x100.webp",100,100,true]},"uagb_author_info":{"display_name":"pressurezone.shop","author_link":"https:\/\/pressurezone.shop\/it\/author\/"},"uagb_comment_info":0,"uagb_excerpt":"Acheter Phoenix Tears \u2013 House Brand (1ml) en ligne en Europe D\u00e9couvrez les Phoenix Tears \u2013 House Brand (1ml), un extrait de cannabis de qualit\u00e9 sup\u00e9rieure contenant du THC (t\u00e9trahydrocannabinol) \u00e0 spectre complet. Con\u00e7u sp\u00e9cifiquement pour la gestion de la douleur, ce produit est \u00e9labor\u00e9 \u00e0 partir de fleurs indica et ne contient aucun additif,&hellip;","_links":{"self":[{"href":"https:\/\/pressurezone.shop\/it\/wp-json\/wp\/v2\/product\/3132"}],"collection":[{"href":"https:\/\/pressurezone.shop\/it\/wp-json\/wp\/v2\/product"}],"about":[{"href":"https:\/\/pressurezone.shop\/it\/wp-json\/wp\/v2\/types\/product"}],"replies":[{"embeddable":true,"href":"https:\/\/pressurezone.shop\/it\/wp-json\/wp\/v2\/comments?post=3132"}],"version-history":[{"count":3,"href":"https:\/\/pressurezone.shop\/it\/wp-json\/wp\/v2\/product\/3132\/revisions"}],"predecessor-version":[{"id":4650,"href":"https:\/\/pressurezone.shop\/it\/wp-json\/wp\/v2\/product\/3132\/revisions\/4650"}],"wp:featuredmedia":[{"embeddable":true,"href":"https:\/\/pressurezone.shop\/it\/wp-json\/wp\/v2\/media\/3223"}],"wp:attachment":[{"href":"https:\/\/pressurezone.shop\/it\/wp-json\/wp\/v2\/media?parent=3132"}],"wp:term":[{"taxonomy":"product_brand","embeddable":true,"href":"https:\/\/pressurezone.shop\/it\/wp-json\/wp\/v2\/product_brand?post=3132"},{"taxonomy":"product_cat","embeddable":true,"href":"https:\/\/pressurezone.shop\/it\/wp-json\/wp\/v2\/product_cat?post=3132"},{"taxonomy":"product_tag","embeddable":true,"href":"https:\/\/pressurezone.shop\/it\/wp-json\/wp\/v2\/product_tag?post=3132"}],"curies":[{"name":"wp","href":"https:\/\/api.w.org\/{rel}","templated":true}]}}