{"id":3159,"date":"2024-10-11T00:53:35","date_gmt":"2024-10-10T22:53:35","guid":{"rendered":"https:\/\/pressurezone.shop\/?post_type=product&#038;p=3159"},"modified":"2024-11-04T01:01:58","modified_gmt":"2024-11-04T00:01:58","slug":"raw-thc-sativa-distillate-syringes","status":"publish","type":"product","link":"https:\/\/pressurezone.shop\/it\/prodotto\/siringhe-di-distillato-di-thc-sativa-crudo\/","title":{"rendered":"Siringhe di distillato di THC Sativa RAW"},"content":{"rendered":"<div class=\"flex-shrink-0 flex flex-col relative items-end\">\n<div>\n<div class=\"pt-0\">\n<div class=\"gizmo-bot-avatar flex h-8 w-8 items-center justify-center overflow-hidden rounded-full\">\n<div class=\"relative p-1 rounded-sm flex items-center justify-center bg-token-main-surface-primary text-token-text-primary h-8 w-8\"><\/div>\n<\/div>\n<\/div>\n<\/div>\n<\/div>\n<div class=\"group\/conversation-turn relative flex w-full min-w-0 flex-col agent-turn\">\n<div class=\"flex-col gap-1 md:gap-3\">\n<div class=\"flex max-w-full flex-col flex-grow\">\n<div class=\"min-h-8 text-message flex w-full flex-col items-end gap-2 whitespace-normal break-words [.text-message+&amp;]:mt-5\" dir=\"auto\" data-message-author-role=\"assistant\" data-message-id=\"b870d3cd-2aba-43fd-bfd2-897311b4d153\" data-message-model-slug=\"gpt-4o\">\n<div class=\"flex w-full flex-col gap-1 empty:hidden first:pt-[3px]\">\n<div class=\"markdown prose w-full break-words dark:prose-invert light\">\n<h3><strong>Acquista le siringhe di distillato di THC Sativa RAW in linea con <a href=\"https:\/\/pressurezone.shop\/it\/\" target=\"_new\" rel=\"noopener\">Negozio della zona di pressione<\/a><\/strong><\/h3>\n<p>Scoprire il <strong>Siringhe di distillato di THC Sativa RAW<\/strong>Queste siringhe sono un modo pratico e versatile per godere della pura potenza del THC in forma di distillato. Progettate per gli appassionati di sativa alla ricerca di uno sballo energizzante e stimolante, queste siringhe sono riempite con distillato di THC puro e non diluito, offrendo una flessibilit\u00e0 d'uso ottimale.<a href=\"https:\/\/fuelpackz.com\/\" target=\"_blank\" rel=\"noopener\">.<\/a><\/p>\n<h3>Perch\u00e9 scegliere le siringhe di distillato RAW THC Sativa?<\/h3>\n<p>Il <strong>Siringhe di distillato di THC Sativa RAW<\/strong> rendono il consumo di THC facile, preciso e personalizzato. Con il loro distillato puro, queste siringhe sono perfette per chi desidera un rapido accumulo di effetti, ma vuole comunque la libert\u00e0 di aggiungere questo concentrato a una variet\u00e0 di prodotti o snack. Sia che stiate cercando una dose diretta o vogliate infondere i vostri prodotti, queste siringhe sono la scelta migliore.<\/p>\n<ul>\n<li><strong>Tipo<\/strong> Distillato puro di Sativa per un'esperienza energizzante<\/li>\n<li><strong>Utilizzo<\/strong> Versatile e facile da dosare<\/li>\n<\/ul>\n<h3>Idee per l'utilizzo delle siringhe di distillato RAW THC Sativa<\/h3>\n<p>Il <strong>Siringhe di distillato di THC Sativa RAW<\/strong> sono incredibilmente adattabili, consentendo una variet\u00e0 di metodi di consumo. Ecco solo alcuni dei modi pi\u00f9 diffusi per gustarli:<\/p>\n<ol>\n<li><strong>Aggiungetelo agli spuntini<\/strong> Mettetene una dose su un cracker, un pezzo di frutta secca o qualsiasi altro alimento.<\/li>\n<li><strong>Congelare le dosi<\/strong> Disporre le porzioni su carta oleata e congelare per un uso futuro.<\/li>\n<li><strong>Riempire una capsula<\/strong> Mettere una dose in una capsula vuota per un'ingestione discreta.<\/li>\n<li><strong>Mescolatelo alle vostre ricette<\/strong> Ideale per creare i propri prodotti commestibili a casa.<\/li>\n<li><strong>Ricarica delle cartucce<\/strong> Utilizzarlo per riempire una cartuccia ricaricabile o una penna per il vaping.<\/li>\n<li><strong>Utilizzatelo in un impianto di dab o in un bong<\/strong> Per un'esperienza pi\u00f9 intensa, aggiungetelo al vostro impianto o al bong.<\/li>\n<li><strong>Aggiungetelo a uno spinello o a un blunt<\/strong> Avvolgetelo intorno ai vostri pre-roll per una maggiore potenza.<\/li>\n<\/ol>\n<h3>Effetti e benefici delle siringhe di distillato RAW THC Sativa<\/h3>\n<p>Con il loro contenuto di THC puro <strong>Siringhe di distillato di THC Sativa RAW<\/strong> offrono uno sballo rapido e intenso. Perfette per aumentare l'energia e la creativit\u00e0, mantengono la concentrazione e danno una sensazione di euforia.<\/p>\n<ul>\n<li><strong>Effetti<\/strong> Stimolante, euforico, chiarezza mentale, concentrazione<\/li>\n<li><strong>Perfetto per<\/strong> Momenti creativi, Concentrazione, Energia durante il giorno<\/li>\n<\/ul>\n<h3>Uso sicuro delle siringhe di distillato RAW THC Sativa<\/h3>\n<p>Il <strong>Siringhe di distillato di THC Sativa RAW<\/strong> contengono un distillato molto potente, quindi \u00e8 bene iniziare con una piccola dose per valutare la propria tolleranza, soprattutto se si \u00e8 alle prime armi. Sono pratici da usare e permettono un dosaggio preciso, ma bisogna sempre tenere presente la potenza del prodotto.<\/p>\n<h3>Ordina le siringhe di distillato di THC Sativa RAW nel negozio Pressure Zone.<\/h3>\n<p>Pronti a scoprire la potenza e la flessibilit\u00e0 di <strong>Siringhe di distillato di THC Sativa RAW<\/strong> ? Ordina ora su <a href=\"https:\/\/pressurezone.shop\/it\/\" target=\"_new\" rel=\"noopener\">Negozio della zona di pressione<\/a> per un'esperienza di THC pura e personalizzabile. Che le usiate per spuntini, vapori o edibles, queste siringhe sono la scelta perfetta per gli appassionati di THC alla ricerca di un'esperienza intensa e versatile.<\/p>\n<\/div>\n<\/div>\n<\/div>\n<\/div>\n<\/div>\n<\/div>","protected":false},"excerpt":{"rendered":"<p>Achetez des RAW THC Sativa Distillate Syringes en Ligne sur Pressure Zone Shop D\u00e9couvrez les RAW THC Sativa Distillate Syringes, une m\u00e9thode pratique et polyvalente pour profiter de la puissance pure du THC sous forme de distillat. Con\u00e7ues pour les amateurs de sativa \u00e0 la recherche d&rsquo;un high \u00e9nergisant et stimulant, ces seringues sont remplies [&hellip;]<\/p>","protected":false},"featured_media":3249,"comment_status":"closed","ping_status":"closed","template":"","meta":{"_uag_custom_page_level_css":"","site-sidebar-layout":"default","site-content-layout":"","ast-site-content-layout":"default","site-content-style":"default","site-sidebar-style":"default","ast-global-header-display":"","ast-banner-title-visibility":"","ast-main-header-display":"","ast-hfb-above-header-display":"","ast-hfb-below-header-display":"","ast-hfb-mobile-header-display":"","site-post-title":"","ast-breadcrumbs-content":"","ast-featured-img":"","footer-sml-layout":"","theme-transparent-header-meta":"default","adv-header-id-meta":"","stick-header-meta":"","header-above-stick-meta":"","header-main-stick-meta":"","header-below-stick-meta":"","astra-migrate-meta-layouts":"set","ast-page-background-enabled":"default","ast-page-background-meta":{"desktop":{"background-color":"","background-image":"","background-repeat":"repeat","background-position":"center center","background-size":"auto","background-attachment":"scroll","background-type":"","background-media":"","overlay-type":"","overlay-color":"","overlay-opacity":"","overlay-gradient":""},"tablet":{"background-color":"","background-image":"","background-repeat":"repeat","background-position":"center center","background-size":"auto","background-attachment":"scroll","background-type":"","background-media":"","overlay-type":"","overlay-color":"","overlay-opacity":"","overlay-gradient":""},"mobile":{"background-color":"","background-image":"","background-repeat":"repeat","background-position":"center center","background-size":"auto","background-attachment":"scroll","background-type":"","background-media":"","overlay-type":"","overlay-color":"","overlay-opacity":"","overlay-gradient":""}},"ast-content-background-meta":{"desktop":{"background-color":"var(--ast-global-color-5)","background-image":"","background-repeat":"repeat","background-position":"center center","background-size":"auto","background-attachment":"scroll","background-type":"","background-media":"","overlay-type":"","overlay-color":"","overlay-opacity":"","overlay-gradient":""},"tablet":{"background-color":"var(--ast-global-color-5)","background-image":"","background-repeat":"repeat","background-position":"center center","background-size":"auto","background-attachment":"scroll","background-type":"","background-media":"","overlay-type":"","overlay-color":"","overlay-opacity":"","overlay-gradient":""},"mobile":{"background-color":"var(--ast-global-color-5)","background-image":"","background-repeat":"repeat","background-position":"center center","background-size":"auto","background-attachment":"scroll","background-type":"","background-media":"","overlay-type":"","overlay-color":"","overlay-opacity":"","overlay-gradient":""}}},"product_brand":[],"product_cat":[334,367],"product_tag":[368],"class_list":{"0":"post-3159","1":"product","2":"type-product","3":"status-publish","4":"has-post-thumbnail","6":"product_cat-concentres-de-marijuana","7":"product_cat-thc-distillates","8":"product_tag-buy-raw-thc-sativa-distillate-syringes-europe","9":"desktop-align-left","10":"tablet-align-left","11":"mobile-align-left","13":"first","14":"instock","15":"shipping-taxable","16":"purchasable","17":"product-type-variable"},"uagb_featured_image_src":{"full":["https:\/\/pressurezone.shop\/wp-content\/uploads\/2024\/10\/Buy-RAW-THC-Sativa-Distillate-Syringes.jpg",1000,1000,false],"thumbnail":["https:\/\/pressurezone.shop\/wp-content\/uploads\/2024\/10\/Buy-RAW-THC-Sativa-Distillate-Syringes-150x150.jpg",150,150,true],"medium":["https:\/\/pressurezone.shop\/wp-content\/uploads\/2024\/10\/Buy-RAW-THC-Sativa-Distillate-Syringes-300x300.jpg",300,300,true],"medium_large":["https:\/\/pressurezone.shop\/wp-content\/uploads\/2024\/10\/Buy-RAW-THC-Sativa-Distillate-Syringes-768x768.jpg",768,768,true],"large":["https:\/\/pressurezone.shop\/wp-content\/uploads\/2024\/10\/Buy-RAW-THC-Sativa-Distillate-Syringes.jpg",1000,1000,false],"1536x1536":["https:\/\/pressurezone.shop\/wp-content\/uploads\/2024\/10\/Buy-RAW-THC-Sativa-Distillate-Syringes.jpg",1000,1000,false],"2048x2048":["https:\/\/pressurezone.shop\/wp-content\/uploads\/2024\/10\/Buy-RAW-THC-Sativa-Distillate-Syringes.jpg",1000,1000,false],"trp-custom-language-flag":["https:\/\/pressurezone.shop\/wp-content\/uploads\/2024\/10\/Buy-RAW-THC-Sativa-Distillate-Syringes-12x12.jpg",12,12,true],"woocommerce_thumbnail":["https:\/\/pressurezone.shop\/wp-content\/uploads\/2024\/10\/Buy-RAW-THC-Sativa-Distillate-Syringes-300x300.jpg",300,300,true],"woocommerce_single":["https:\/\/pressurezone.shop\/wp-content\/uploads\/2024\/10\/Buy-RAW-THC-Sativa-Distillate-Syringes-600x600.jpg",600,600,true],"woocommerce_gallery_thumbnail":["https:\/\/pressurezone.shop\/wp-content\/uploads\/2024\/10\/Buy-RAW-THC-Sativa-Distillate-Syringes-100x100.jpg",100,100,true]},"uagb_author_info":{"display_name":"pressurezone.shop","author_link":"https:\/\/pressurezone.shop\/it\/author\/"},"uagb_comment_info":0,"uagb_excerpt":"Achetez des RAW THC Sativa Distillate Syringes en Ligne sur Pressure Zone Shop D\u00e9couvrez les RAW THC Sativa Distillate Syringes, une m\u00e9thode pratique et polyvalente pour profiter de la puissance pure du THC sous forme de distillat. Con\u00e7ues pour les amateurs de sativa \u00e0 la recherche d&rsquo;un high \u00e9nergisant et stimulant, ces seringues sont remplies&hellip;","_links":{"self":[{"href":"https:\/\/pressurezone.shop\/it\/wp-json\/wp\/v2\/product\/3159"}],"collection":[{"href":"https:\/\/pressurezone.shop\/it\/wp-json\/wp\/v2\/product"}],"about":[{"href":"https:\/\/pressurezone.shop\/it\/wp-json\/wp\/v2\/types\/product"}],"replies":[{"embeddable":true,"href":"https:\/\/pressurezone.shop\/it\/wp-json\/wp\/v2\/comments?post=3159"}],"version-history":[{"count":3,"href":"https:\/\/pressurezone.shop\/it\/wp-json\/wp\/v2\/product\/3159\/revisions"}],"predecessor-version":[{"id":4086,"href":"https:\/\/pressurezone.shop\/it\/wp-json\/wp\/v2\/product\/3159\/revisions\/4086"}],"wp:featuredmedia":[{"embeddable":true,"href":"https:\/\/pressurezone.shop\/it\/wp-json\/wp\/v2\/media\/3249"}],"wp:attachment":[{"href":"https:\/\/pressurezone.shop\/it\/wp-json\/wp\/v2\/media?parent=3159"}],"wp:term":[{"taxonomy":"product_brand","embeddable":true,"href":"https:\/\/pressurezone.shop\/it\/wp-json\/wp\/v2\/product_brand?post=3159"},{"taxonomy":"product_cat","embeddable":true,"href":"https:\/\/pressurezone.shop\/it\/wp-json\/wp\/v2\/product_cat?post=3159"},{"taxonomy":"product_tag","embeddable":true,"href":"https:\/\/pressurezone.shop\/it\/wp-json\/wp\/v2\/product_tag?post=3159"}],"curies":[{"name":"wp","href":"https:\/\/api.w.org\/{rel}","templated":true}]}}