{"id":3187,"date":"2024-10-11T00:54:53","date_gmt":"2024-10-10T22:54:53","guid":{"rendered":"https:\/\/pressurezone.shop\/?post_type=product&#038;p=3187"},"modified":"2024-11-04T01:24:26","modified_gmt":"2024-11-04T00:24:26","slug":"commandez-du-thc-distillate","status":"publish","type":"product","link":"https:\/\/pressurezone.shop\/it\/prodotto\/ordinare-il-distillato-di-thc\/","title":{"rendered":"Ordina il Distillato di THC"},"content":{"rendered":"<div class=\"flex-shrink-0 flex flex-col relative items-end\">\n<div>\n<div class=\"pt-0\">\n<div class=\"gizmo-bot-avatar flex h-8 w-8 items-center justify-center overflow-hidden rounded-full\">\n<div><\/div>\n<h4 class=\"relative p-1 rounded-sm flex items-center justify-center bg-token-main-surface-primary text-token-text-primary h-8 w-8\"><strong style=\"font-size: 1.5em;\">Ordina il Distillato di THC in Europa su <a href=\"https:\/\/pressurezone.shop\/it\/\" target=\"_new\" rel=\"noopener\">Negozio della zona di pressione<\/a><\/strong><\/h4>\n<\/div>\n<\/div>\n<\/div>\n<\/div>\n<div class=\"group\/conversation-turn relative flex w-full min-w-0 flex-col agent-turn\">\n<div class=\"flex-col gap-1 md:gap-3\">\n<div class=\"flex max-w-full flex-col flex-grow\">\n<div class=\"min-h-8 text-message flex w-full flex-col items-end gap-2 whitespace-normal break-words [.text-message+&amp;]:mt-5\" dir=\"auto\" data-message-author-role=\"assistant\" data-message-id=\"8db23d52-615c-485f-bec6-b78f69bfc040\" data-message-model-slug=\"gpt-4o\">\n<div class=\"flex w-full flex-col gap-1 empty:hidden first:pt-[3px]\">\n<div class=\"markdown prose w-full break-words dark:prose-invert light\">\n<p>Esplora la purezza di <strong>Distillato di THC<\/strong>un estratto di cannabis raffinato e privo di solventi con una concentrazione di THC di 95%. Questo concentrato chiaro e dorato \u00e8 una delle forme pi\u00f9 potenti di THC, perfetta per un uso versatile. Sia che vogliate usarlo come<strong>cibo<\/strong>, <strong>topico<\/strong> o per il <strong>fumare\/spruzzare<\/strong>Il nostro distillato di THC \u00e8 progettato per soddisfare le vostre esigenze mediche o ricreative.<\/p>\n<h3>Perch\u00e9 ordinare il Distillato di THC?<\/h3>\n<p><strong>Ordinare il distillato di THC in Europa<\/strong> \u00e8 la soluzione ideale per chi cerca un'esperienza di cannabis pura e potente. Il nostro distillato, racchiuso in una pratica siringa di vetro, \u00e8 pronto all'uso. Per facilitare l'applicazione, riscaldare leggermente la siringa prima dell'uso per una distribuzione pi\u00f9 omogenea di questo concentrato denso.<a href=\"https:\/\/fuelpackz.com\/\" target=\"_blank\" rel=\"noopener\">.<\/a><\/p>\n<ul>\n<li><strong>Tipo<\/strong> Estratto purificato di THC<\/li>\n<li><strong>THC<\/strong> 95%, per un'esperienza intensa e di lunga durata<\/li>\n<\/ul>\n<h3>Come utilizzare il Distillato di THC<\/h3>\n<p>Le <strong>Distillato di THC<\/strong> \u00e8 uno dei concentrati pi\u00f9 versatili, che consente un'ampia variet\u00e0 di metodi di consumo. Ecco alcuni modi popolari per godere della sua purezza:<\/p>\n<ol>\n<li><strong>Fumo o Spray<\/strong> Ideale per un alto immediato.<\/li>\n<li><strong>Dabbing<\/strong> Per un'esperienza intensa, perfetta per gli utenti esperti.<\/li>\n<li><strong>Incorporare nei comestibili<\/strong> Aggiungetelo alle vostre ricette per ottenere effetti duraturi.<\/li>\n<li><strong>Attuale<\/strong> Applicare localmente per un sollievo mirato.<\/li>\n<\/ol>\n<h3>Benefici ed effetti del distillato di THC<\/h3>\n<p>Le <strong>Distillato di THC<\/strong> \u00e8 apprezzata per la sua potenza e i suoi effetti ad azione rapida, perfetti per chi cerca uno sballo immediato o un sollievo prolungato. Offre un intenso rilassamento e un'euforia di lunga durata, ideale sia per i consumatori medici che per quelli ricreativi.<\/p>\n<ul>\n<li><strong>Effetti<\/strong> Euforia, Rilassamento, Alto livello di assorbimento<\/li>\n<li><strong>Perfetto per<\/strong> Sollievo dal dolore, Ansia, Insonnia, Stress<\/li>\n<\/ul>\n<h3>Perch\u00e9 scegliere il Distillato di THC?<\/h3>\n<p>Con un processo di isolamento complesso, il <strong>Distillato di THC<\/strong> viene distillato per ottenere l'estratto pi\u00f9 puro, conservando solo i cannabinoidi desiderati. Questo avanzato processo di estrazione garantisce un'alta concentrazione di THC senza impurit\u00e0, preservando i terpeni e i flavonoidi naturali della cannabis.<\/p>\n<h3>Ordinate il vostro distillato di THC in Europa tramite il Pressure Zone Shop<\/h3>\n<p>Pronti a scoprire la purezza di <strong>Distillato di THC<\/strong> ? Ordina ora su <a href=\"https:\/\/pressurezone.shop\/it\/\" target=\"_new\" rel=\"noopener\">Negozio della zona di pressione<\/a> per accedere a un estratto di cannabis ultra-puro, perfetto per tutte le vostre esigenze di THC. Sia che siate consumatori a scopo ricreativo o medico, il <strong>Distillato di THC<\/strong> \u00e8 la scelta ideale per un'esperienza di cannabis potente e flessibile.<\/p>\n<\/div>\n<\/div>\n<\/div>\n<\/div>\n<\/div>\n<\/div>","protected":false},"excerpt":{"rendered":"<h3>Ordinate il Distillato di THC in Europa tramite il Pressure Zone Shop<\/h3>\n<p>Pronti a scoprire la purezza di <strong>Distillato di THC<\/strong> ? Ordina ora su <a href=\"https:\/\/pressurezone.shop\/it\/\" target=\"_new\" rel=\"noopener\">Negozio della zona di pressione<\/a> per un estratto di cannabis purissimo, perfetto per tutte le vostre esigenze di THC.<\/p>","protected":false},"featured_media":3255,"comment_status":"closed","ping_status":"closed","template":"","meta":{"_uag_custom_page_level_css":"","site-sidebar-layout":"default","site-content-layout":"","ast-site-content-layout":"default","site-content-style":"default","site-sidebar-style":"default","ast-global-header-display":"","ast-banner-title-visibility":"","ast-main-header-display":"","ast-hfb-above-header-display":"","ast-hfb-below-header-display":"","ast-hfb-mobile-header-display":"","site-post-title":"","ast-breadcrumbs-content":"","ast-featured-img":"","footer-sml-layout":"","theme-transparent-header-meta":"default","adv-header-id-meta":"","stick-header-meta":"","header-above-stick-meta":"","header-main-stick-meta":"","header-below-stick-meta":"","astra-migrate-meta-layouts":"set","ast-page-background-enabled":"default","ast-page-background-meta":{"desktop":{"background-color":"","background-image":"","background-repeat":"repeat","background-position":"center center","background-size":"auto","background-attachment":"scroll","background-type":"","background-media":"","overlay-type":"","overlay-color":"","overlay-opacity":"","overlay-gradient":""},"tablet":{"background-color":"","background-image":"","background-repeat":"repeat","background-position":"center center","background-size":"auto","background-attachment":"scroll","background-type":"","background-media":"","overlay-type":"","overlay-color":"","overlay-opacity":"","overlay-gradient":""},"mobile":{"background-color":"","background-image":"","background-repeat":"repeat","background-position":"center center","background-size":"auto","background-attachment":"scroll","background-type":"","background-media":"","overlay-type":"","overlay-color":"","overlay-opacity":"","overlay-gradient":""}},"ast-content-background-meta":{"desktop":{"background-color":"var(--ast-global-color-5)","background-image":"","background-repeat":"repeat","background-position":"center center","background-size":"auto","background-attachment":"scroll","background-type":"","background-media":"","overlay-type":"","overlay-color":"","overlay-opacity":"","overlay-gradient":""},"tablet":{"background-color":"var(--ast-global-color-5)","background-image":"","background-repeat":"repeat","background-position":"center center","background-size":"auto","background-attachment":"scroll","background-type":"","background-media":"","overlay-type":"","overlay-color":"","overlay-opacity":"","overlay-gradient":""},"mobile":{"background-color":"var(--ast-global-color-5)","background-image":"","background-repeat":"repeat","background-position":"center center","background-size":"auto","background-attachment":"scroll","background-type":"","background-media":"","overlay-type":"","overlay-color":"","overlay-opacity":"","overlay-gradient":""}}},"product_brand":[],"product_cat":[334,367],"product_tag":[371,372,373],"class_list":{"0":"post-3187","1":"product","2":"type-product","3":"status-publish","4":"has-post-thumbnail","6":"product_cat-concentres-de-marijuana","7":"product_cat-thc-distillates","8":"product_tag-1g-thc-distillates-for-sale-in-bulk","9":"product_tag-1ml-cannabis-oil-distillates-for-sale-europe","10":"product_tag-order-thc-distillate-europe","11":"desktop-align-left","12":"tablet-align-left","13":"mobile-align-left","15":"first","16":"instock","17":"shipping-taxable","18":"purchasable","19":"product-type-simple"},"uagb_featured_image_src":{"full":["https:\/\/pressurezone.shop\/wp-content\/uploads\/2024\/10\/Order-THC-Distillate-Europe.webp",570,464,false],"thumbnail":["https:\/\/pressurezone.shop\/wp-content\/uploads\/2024\/10\/Order-THC-Distillate-Europe-150x150.webp",150,150,true],"medium":["https:\/\/pressurezone.shop\/wp-content\/uploads\/2024\/10\/Order-THC-Distillate-Europe-300x244.webp",300,244,true],"medium_large":["https:\/\/pressurezone.shop\/wp-content\/uploads\/2024\/10\/Order-THC-Distillate-Europe.webp",570,464,false],"large":["https:\/\/pressurezone.shop\/wp-content\/uploads\/2024\/10\/Order-THC-Distillate-Europe.webp",570,464,false],"1536x1536":["https:\/\/pressurezone.shop\/wp-content\/uploads\/2024\/10\/Order-THC-Distillate-Europe.webp",570,464,false],"2048x2048":["https:\/\/pressurezone.shop\/wp-content\/uploads\/2024\/10\/Order-THC-Distillate-Europe.webp",570,464,false],"trp-custom-language-flag":["https:\/\/pressurezone.shop\/wp-content\/uploads\/2024\/10\/Order-THC-Distillate-Europe-15x12.webp",15,12,true],"woocommerce_thumbnail":["https:\/\/pressurezone.shop\/wp-content\/uploads\/2024\/10\/Order-THC-Distillate-Europe-300x300.webp",300,300,true],"woocommerce_single":["https:\/\/pressurezone.shop\/wp-content\/uploads\/2024\/10\/Order-THC-Distillate-Europe.webp",570,464,false],"woocommerce_gallery_thumbnail":["https:\/\/pressurezone.shop\/wp-content\/uploads\/2024\/10\/Order-THC-Distillate-Europe-100x100.webp",100,100,true]},"uagb_author_info":{"display_name":"pressurezone.shop","author_link":"https:\/\/pressurezone.shop\/it\/author\/"},"uagb_comment_info":0,"uagb_excerpt":"Commandez du THC Distillate en Europe via Pressure Zone Shop Pr\u00eat \u00e0 d\u00e9couvrir la puret\u00e9 du THC Distillate ? Commandez d\u00e8s maintenant sur Pressure Zone Shop pour acc\u00e9der \u00e0 un extrait de cannabis ultra-pur, parfait pour r\u00e9pondre \u00e0 tous vos besoins en THC.","_links":{"self":[{"href":"https:\/\/pressurezone.shop\/it\/wp-json\/wp\/v2\/product\/3187"}],"collection":[{"href":"https:\/\/pressurezone.shop\/it\/wp-json\/wp\/v2\/product"}],"about":[{"href":"https:\/\/pressurezone.shop\/it\/wp-json\/wp\/v2\/types\/product"}],"replies":[{"embeddable":true,"href":"https:\/\/pressurezone.shop\/it\/wp-json\/wp\/v2\/comments?post=3187"}],"version-history":[{"count":3,"href":"https:\/\/pressurezone.shop\/it\/wp-json\/wp\/v2\/product\/3187\/revisions"}],"predecessor-version":[{"id":4094,"href":"https:\/\/pressurezone.shop\/it\/wp-json\/wp\/v2\/product\/3187\/revisions\/4094"}],"wp:featuredmedia":[{"embeddable":true,"href":"https:\/\/pressurezone.shop\/it\/wp-json\/wp\/v2\/media\/3255"}],"wp:attachment":[{"href":"https:\/\/pressurezone.shop\/it\/wp-json\/wp\/v2\/media?parent=3187"}],"wp:term":[{"taxonomy":"product_brand","embeddable":true,"href":"https:\/\/pressurezone.shop\/it\/wp-json\/wp\/v2\/product_brand?post=3187"},{"taxonomy":"product_cat","embeddable":true,"href":"https:\/\/pressurezone.shop\/it\/wp-json\/wp\/v2\/product_cat?post=3187"},{"taxonomy":"product_tag","embeddable":true,"href":"https:\/\/pressurezone.shop\/it\/wp-json\/wp\/v2\/product_tag?post=3187"}],"curies":[{"name":"wp","href":"https:\/\/api.w.org\/{rel}","templated":true}]}}