{"id":3191,"date":"2024-10-11T00:54:54","date_gmt":"2024-10-10T22:54:54","guid":{"rendered":"https:\/\/pressurezone.shop\/?post_type=product&#038;p=3191"},"modified":"2024-11-04T01:42:22","modified_gmt":"2024-11-04T00:42:22","slug":"purple-kush-cannabis-thc-distillate","status":"publish","type":"product","link":"https:\/\/pressurezone.shop\/it\/prodotto\/distillato-di-thc-di-cannabis-purple-kush\/","title":{"rendered":"Distillato di THC di cannabis Purple Kush"},"content":{"rendered":"<div class=\"flex-shrink-0 flex flex-col relative items-end\">\n<div>\n<div class=\"pt-0\">\n<div class=\"gizmo-bot-avatar flex h-8 w-8 items-center justify-center overflow-hidden rounded-full\">\n<div class=\"relative p-1 rounded-sm flex items-center justify-center bg-token-main-surface-primary text-token-text-primary h-8 w-8\"><\/div>\n<\/div>\n<\/div>\n<\/div>\n<\/div>\n<div class=\"group\/conversation-turn relative flex w-full min-w-0 flex-col agent-turn\">\n<div class=\"flex-col gap-1 md:gap-3\">\n<div class=\"flex max-w-full flex-col flex-grow\">\n<div class=\"min-h-8 text-message flex w-full flex-col items-end gap-2 whitespace-normal break-words [.text-message+&amp;]:mt-5\" dir=\"auto\" data-message-author-role=\"assistant\" data-message-id=\"dc55798f-4b19-4cb3-9e1d-a0ba9bf2e14c\" data-message-model-slug=\"gpt-4o\">\n<div class=\"flex w-full flex-col gap-1 empty:hidden first:pt-[3px]\">\n<div class=\"markdown prose w-full break-words dark:prose-invert light\">\n<h3><strong>Acquista il Distillato di THC di Cannabis Purple Kush in Europa. <a href=\"https:\/\/pressurezone.shop\/it\/\" target=\"_new\" rel=\"noopener\">Negozio della zona di pressione<\/a><\/strong><\/h3>\n<p>Scoprire il <strong>Distillato di THC di cannabis Purple Kush<\/strong>un distillato di THC 100% indica, creato da un potente incrocio tra le popolari variet\u00e0 <strong>Hindu Kush<\/strong> e <strong>Viola Afghani<\/strong>. Ricercato per i suoi profondi effetti rilassanti, questo distillato \u00e8 ideale per chi cerca un relax completo e duraturo, perfetto per la fine della giornata.<\/p>\n<h3>Perch\u00e9 scegliere il distillato di THC Purple Kush?<\/h3>\n<p>Le <strong>Distillato di THC Purple Kush<\/strong> \u00e8 un concentrato di cannabis pura che offre uno sballo corporeo caldo e rilassante, che inizia con una sensazione di benessere nella testa prima di diffondersi in tutto il corpo. Questo distillato \u00e8 ideale per un intenso rilassamento, offrendo un effetto sedativo che pu\u00f2 aiutare ad alleviare una variet\u00e0 di dolori e disagi.<a href=\"https:\/\/fuelpackz.com\/\" target=\"_blank\" rel=\"noopener\">.<\/a><\/p>\n<ul>\n<li><strong>Tipo<\/strong> Indica pura<\/li>\n<li><strong>Origine<\/strong> Incrocio tra Hindu Kush e Purple Afghani<\/li>\n<\/ul>\n<h3>Effetti e benefici del distillato di THC Purple Kush<\/h3>\n<p>Le <strong>Distillato di THC Purple Kush<\/strong> fornisce uno sballo euforico e rilassante, accompagnato da un profondo senso di benessere fisico. Questo intenso rilassamento \u00e8 perfetto per gli utenti che desiderano alleviare la tensione muscolare e favorire il sonno.<\/p>\n<ul>\n<li><strong>Effetti<\/strong> Euforia, Felicit\u00e0, Rilassamento, Sonnolenza, Appetito stimolato<\/li>\n<li><strong>Perfetto per<\/strong> Ansia, Dolore cronico, Insonnia, Depressione, Perdita di appetito, PTSD, Stress<\/li>\n<\/ul>\n<h3>Condizioni alleviate dal distillato di cannabis Purple Kush<\/h3>\n<p>Con il suo alto contenuto di THC <strong>Distillato di THC Purple Kush<\/strong> \u00e8 una scelta eccellente per il trattamento di una serie di disturbi fisici e mentali:<\/p>\n<ul>\n<li><strong>Insonnia e dolore cronico<\/strong> Allevia il dolore persistente e favorisce un sonno ristoratore.<\/li>\n<li><strong>Ansia e stress<\/strong> : dona un senso di calma e riduce la tensione mentale.<\/li>\n<li><strong>Perdita di appetito<\/strong> Stimola l'appetito, perfetto per chi soffre di inappetenza.<\/li>\n<\/ul>\n<h3>Aromi e sapori del distillato di THC Purple Kush<\/h3>\n<p>Le <strong>Distillato di THC Purple Kush<\/strong> offre un'esperienza di gusto unica, con sapori dolci da <strong>frutti di bosco<\/strong> e <strong>uva<\/strong> che ricorda un vino rosso terroso. L'aroma \u00e8 altrettanto incantevole e combina note terrose di uva con sfumature speziate e dolci per un profilo olfattivo memorabile.<\/p>\n<ul>\n<li><strong>I sapori<\/strong> Bacca, Uva, Dolce<\/li>\n<li><strong>Aromi<\/strong> Terroso, Uva, Piccante, Caldo, Dolce<\/li>\n<\/ul>\n<h3>Uso e dosaggio del Distillato di THC Purple Kush<\/h3>\n<p>Data la sua elevata potenza, \u00e8 consigliabile iniziare con una dose ridotta di <strong>Distillato di THC Purple Kush<\/strong> e regolare in base alla propria tolleranza. Questo distillato \u00e8 ideale per essere consumato la sera o prima di andare a dormire, offrendo il massimo relax e un sonno profondo.<\/p>\n<h3>Ordina il distillato di THC di cannabis Purple Kush online dal Pressure Zone Shop<\/h3>\n<p>Pronti a godere dei benefici rilassanti di <strong>Distillato di THC Purple Kush<\/strong> ? Ordina ora su <a href=\"https:\/\/pressurezone.shop\/it\/\" target=\"_new\" rel=\"noopener\">Negozio della zona di pressione<\/a> per un'esperienza di cannabis senza pari, perfetta per rilassare i muscoli e alleviare l'ansia. <strong>Distillato di THC Purple Kush<\/strong> \u00e8 la scelta ideale per un intenso relax e per migliorare il benessere generale.<\/p>\n<\/div>\n<\/div>\n<\/div>\n<\/div>\n<\/div>\n<\/div>","protected":false},"excerpt":{"rendered":"<p>Achetez le Purple Kush Cannabis THC Distillate en Ligne en Europe sur Pressure Zone Shop D\u00e9couvrez le Purple Kush Cannabis THC Distillate, un distillat de THC 100% indica, con\u00e7u \u00e0 partir du puissant croisement entre les souches populaires Hindu Kush et Purple Afghani. Recherch\u00e9 pour ses effets relaxants profonds, ce distillat est id\u00e9al pour ceux [&hellip;]<\/p>","protected":false},"featured_media":3273,"comment_status":"closed","ping_status":"closed","template":"","meta":{"_uag_custom_page_level_css":"","site-sidebar-layout":"default","site-content-layout":"","ast-site-content-layout":"default","site-content-style":"default","site-sidebar-style":"default","ast-global-header-display":"","ast-banner-title-visibility":"","ast-main-header-display":"","ast-hfb-above-header-display":"","ast-hfb-below-header-display":"","ast-hfb-mobile-header-display":"","site-post-title":"","ast-breadcrumbs-content":"","ast-featured-img":"","footer-sml-layout":"","theme-transparent-header-meta":"default","adv-header-id-meta":"","stick-header-meta":"","header-above-stick-meta":"","header-main-stick-meta":"","header-below-stick-meta":"","astra-migrate-meta-layouts":"set","ast-page-background-enabled":"default","ast-page-background-meta":{"desktop":{"background-color":"","background-image":"","background-repeat":"repeat","background-position":"center center","background-size":"auto","background-attachment":"scroll","background-type":"","background-media":"","overlay-type":"","overlay-color":"","overlay-opacity":"","overlay-gradient":""},"tablet":{"background-color":"","background-image":"","background-repeat":"repeat","background-position":"center center","background-size":"auto","background-attachment":"scroll","background-type":"","background-media":"","overlay-type":"","overlay-color":"","overlay-opacity":"","overlay-gradient":""},"mobile":{"background-color":"","background-image":"","background-repeat":"repeat","background-position":"center center","background-size":"auto","background-attachment":"scroll","background-type":"","background-media":"","overlay-type":"","overlay-color":"","overlay-opacity":"","overlay-gradient":""}},"ast-content-background-meta":{"desktop":{"background-color":"var(--ast-global-color-5)","background-image":"","background-repeat":"repeat","background-position":"center center","background-size":"auto","background-attachment":"scroll","background-type":"","background-media":"","overlay-type":"","overlay-color":"","overlay-opacity":"","overlay-gradient":""},"tablet":{"background-color":"var(--ast-global-color-5)","background-image":"","background-repeat":"repeat","background-position":"center center","background-size":"auto","background-attachment":"scroll","background-type":"","background-media":"","overlay-type":"","overlay-color":"","overlay-opacity":"","overlay-gradient":""},"mobile":{"background-color":"var(--ast-global-color-5)","background-image":"","background-repeat":"repeat","background-position":"center center","background-size":"auto","background-attachment":"scroll","background-type":"","background-media":"","overlay-type":"","overlay-color":"","overlay-opacity":"","overlay-gradient":""}}},"product_brand":[],"product_cat":[334,367],"product_tag":[372,382,378,379,380],"class_list":{"0":"post-3191","1":"product","2":"type-product","3":"status-publish","4":"has-post-thumbnail","6":"product_cat-concentres-de-marijuana","7":"product_cat-thc-distillates","8":"product_tag-1ml-cannabis-oil-distillates-for-sale-europe","9":"product_tag-buy-purple-kush-cannabis-thc-distillate-online-europe","10":"product_tag-cannabis-distillates-for-sale-uk","11":"product_tag-order-thc-distillates-europe","12":"product_tag-shop-1g-distillates-online","13":"desktop-align-left","14":"tablet-align-left","15":"mobile-align-left","17":"first","18":"instock","19":"shipping-taxable","20":"purchasable","21":"product-type-simple"},"uagb_featured_image_src":{"full":["https:\/\/pressurezone.shop\/wp-content\/uploads\/2024\/10\/Purple-Kush-Cannabis-THC-Distillate.webp",2560,1707,false],"thumbnail":["https:\/\/pressurezone.shop\/wp-content\/uploads\/2024\/10\/Purple-Kush-Cannabis-THC-Distillate-150x150.webp",150,150,true],"medium":["https:\/\/pressurezone.shop\/wp-content\/uploads\/2024\/10\/Purple-Kush-Cannabis-THC-Distillate-300x200.webp",300,200,true],"medium_large":["https:\/\/pressurezone.shop\/wp-content\/uploads\/2024\/10\/Purple-Kush-Cannabis-THC-Distillate-768x512.webp",768,512,true],"large":["https:\/\/pressurezone.shop\/wp-content\/uploads\/2024\/10\/Purple-Kush-Cannabis-THC-Distillate-1024x683.webp",1024,683,true],"1536x1536":["https:\/\/pressurezone.shop\/wp-content\/uploads\/2024\/10\/Purple-Kush-Cannabis-THC-Distillate-1536x1024.webp",1536,1024,true],"2048x2048":["https:\/\/pressurezone.shop\/wp-content\/uploads\/2024\/10\/Purple-Kush-Cannabis-THC-Distillate-2048x1366.webp",2048,1366,true],"trp-custom-language-flag":["https:\/\/pressurezone.shop\/wp-content\/uploads\/2024\/10\/Purple-Kush-Cannabis-THC-Distillate-18x12.webp",18,12,true],"woocommerce_thumbnail":["https:\/\/pressurezone.shop\/wp-content\/uploads\/2024\/10\/Purple-Kush-Cannabis-THC-Distillate-300x300.webp",300,300,true],"woocommerce_single":["https:\/\/pressurezone.shop\/wp-content\/uploads\/2024\/10\/Purple-Kush-Cannabis-THC-Distillate-600x400.webp",600,400,true],"woocommerce_gallery_thumbnail":["https:\/\/pressurezone.shop\/wp-content\/uploads\/2024\/10\/Purple-Kush-Cannabis-THC-Distillate-100x100.webp",100,100,true]},"uagb_author_info":{"display_name":"pressurezone.shop","author_link":"https:\/\/pressurezone.shop\/it\/author\/"},"uagb_comment_info":0,"uagb_excerpt":"Achetez le Purple Kush Cannabis THC Distillate en Ligne en Europe sur Pressure Zone Shop D\u00e9couvrez le Purple Kush Cannabis THC Distillate, un distillat de THC 100% indica, con\u00e7u \u00e0 partir du puissant croisement entre les souches populaires Hindu Kush et Purple Afghani. Recherch\u00e9 pour ses effets relaxants profonds, ce distillat est id\u00e9al pour ceux&hellip;","_links":{"self":[{"href":"https:\/\/pressurezone.shop\/it\/wp-json\/wp\/v2\/product\/3191"}],"collection":[{"href":"https:\/\/pressurezone.shop\/it\/wp-json\/wp\/v2\/product"}],"about":[{"href":"https:\/\/pressurezone.shop\/it\/wp-json\/wp\/v2\/types\/product"}],"replies":[{"embeddable":true,"href":"https:\/\/pressurezone.shop\/it\/wp-json\/wp\/v2\/comments?post=3191"}],"version-history":[{"count":3,"href":"https:\/\/pressurezone.shop\/it\/wp-json\/wp\/v2\/product\/3191\/revisions"}],"predecessor-version":[{"id":4102,"href":"https:\/\/pressurezone.shop\/it\/wp-json\/wp\/v2\/product\/3191\/revisions\/4102"}],"wp:featuredmedia":[{"embeddable":true,"href":"https:\/\/pressurezone.shop\/it\/wp-json\/wp\/v2\/media\/3273"}],"wp:attachment":[{"href":"https:\/\/pressurezone.shop\/it\/wp-json\/wp\/v2\/media?parent=3191"}],"wp:term":[{"taxonomy":"product_brand","embeddable":true,"href":"https:\/\/pressurezone.shop\/it\/wp-json\/wp\/v2\/product_brand?post=3191"},{"taxonomy":"product_cat","embeddable":true,"href":"https:\/\/pressurezone.shop\/it\/wp-json\/wp\/v2\/product_cat?post=3191"},{"taxonomy":"product_tag","embeddable":true,"href":"https:\/\/pressurezone.shop\/it\/wp-json\/wp\/v2\/product_tag?post=3191"}],"curies":[{"name":"wp","href":"https:\/\/api.w.org\/{rel}","templated":true}]}}