{"id":3192,"date":"2024-10-11T00:54:54","date_gmt":"2024-10-10T22:54:54","guid":{"rendered":"https:\/\/pressurezone.shop\/?post_type=product&#038;p=3192"},"modified":"2024-11-04T01:06:07","modified_gmt":"2024-11-04T00:06:07","slug":"fire-og-strain-thc-distillate","status":"publish","type":"product","link":"https:\/\/pressurezone.shop\/it\/prodotto\/distillato-di-thc-fire-og-strain\/","title":{"rendered":"Distillato di THC della variet\u00e0 Fire OG"},"content":{"rendered":"<div class=\"flex-shrink-0 flex flex-col relative items-end\">\n<div>\n<div class=\"pt-0\">\n<div class=\"gizmo-bot-avatar flex h-8 w-8 items-center justify-center overflow-hidden rounded-full\">\n<div class=\"relative p-1 rounded-sm flex items-center justify-center bg-token-main-surface-primary text-token-text-primary h-8 w-8\"><\/div>\n<\/div>\n<\/div>\n<\/div>\n<\/div>\n<div class=\"group\/conversation-turn relative flex w-full min-w-0 flex-col agent-turn\">\n<div class=\"flex-col gap-1 md:gap-3\">\n<div class=\"flex max-w-full flex-col flex-grow\">\n<div class=\"min-h-8 text-message flex w-full flex-col items-end gap-2 whitespace-normal break-words [.text-message+&amp;]:mt-5\" dir=\"auto\" data-message-author-role=\"assistant\" data-message-id=\"402b8b02-80b6-4c34-982d-bf6d0f271433\" data-message-model-slug=\"gpt-4o\">\n<div class=\"flex w-full flex-col gap-1 empty:hidden first:pt-[3px]\">\n<div class=\"markdown prose w-full break-words dark:prose-invert light\">\n<h3><strong>Acquista online il Distillato di THC della variet\u00e0 Fire OG in Europa. <a href=\"https:\/\/pressurezone.shop\/it\/\" target=\"_new\" rel=\"noopener\">Negozio della zona di pressione<\/a><\/strong><\/h3>\n<p>Scoprire il <strong>Distillato di THC della variet\u00e0 Fire OG<\/strong>un potente distillato risultante da un incrocio tra le variet\u00e0 emblematiche <strong>OG Kush<\/strong> e <strong>San Fernando Valley OG Kush<\/strong>. Questo distillato ibrido a predominanza indica (70% indica \/ 30% sativa) offre un'esperienza intensa, ideale per chi cerca uno sballo euforico seguito da un rilassamento profondo e rilassante.<\/p>\n<h3>Perch\u00e9 scegliere il Distillato di THC della variet\u00e0 Fire OG?<\/h3>\n<p><strong>Distillato di THC OG Fuoco<\/strong> \u00e8 stata progettata per offrire un'esperienza di cannabis potente e duratura. Con effetti euforici iniziali che si trasformano in un completo rilassamento e in un intenso effetto \"couch lock\", Fire OG \u00e8 ideale per i consumatori esperti che cercano una sensazione di profonda calma e di rilassante beatitudine.<a href=\"https:\/\/fuelpackz.com\/\" target=\"_blank\" rel=\"noopener\">.<\/a><\/p>\n<ul>\n<li><strong>Tipo<\/strong> Ibrido a dominanza Indica (70% Indica \/ 30% Sativa)<\/li>\n<li><strong>Origine<\/strong> OG Kush e incrocio di OG Kush della San Fernando Valley<\/li>\n<\/ul>\n<h3>Effetti e benefici del Distillato di THC Fire OG<\/h3>\n<p>Le <strong>Distillato di THC OG Fuoco<\/strong> offre uno sballo potente e rilassante, con un picco euforico che stimola la mente prima di trasformarsi in un intenso rilassamento corporeo. Perfetto per le serate tranquille, questo distillato \u00e8 anche efficace per alleviare una serie di sintomi fisici ed emotivi.<\/p>\n<ul>\n<li><strong>Effetti<\/strong> Euforia, Felicit\u00e0, Sonnolenza, Rilassamento intenso<\/li>\n<li><strong>Perfetto per<\/strong> Artrite, dolore cronico, depressione, insonnia, perdita di appetito, emicrania, PTSD, stress<\/li>\n<\/ul>\n<h3>Condizioni alleviate da Fire OG Cannabis Distillate<\/h3>\n<p>Con il suo alto contenuto di THC, <strong>Fuoco OG Distillato<\/strong> \u00e8 particolarmente indicato per gestire un'ampia gamma di sintomi:<\/p>\n<ul>\n<li><strong>Dolore cronico e artrite<\/strong> Allevia i dolori e le tensioni persistenti del corpo.<\/li>\n<li><strong>Insonnia e perdita di appetito<\/strong> Favorisce il sonno profondo e stimola l'appetito.<\/li>\n<li><strong>Depressione e stress<\/strong> : provoca una sensazione di calma e felicit\u00e0 che migliora l'umore.<\/li>\n<\/ul>\n<h3>Sapori e aromi del Distillato di THC Fire OGC<\/h3>\n<p>Le <strong>Distillato di THC OG Fuoco<\/strong> seduce con i suoi aromi di agrumi, limone e pino, completati da note di erbe e dolcezza speziata. Il suo aroma terroso e legnoso, accentuato da un tocco di spezie, crea un'esperienza olfattiva potente e memorabile.<\/p>\n<ul>\n<li><strong>I sapori<\/strong> : Agrumi, Erbe, Limone, Pino, Speziato, Dolce<\/li>\n<li><strong>Aromi<\/strong> Terroso, pungente, legnoso<\/li>\n<\/ul>\n<h3>Uso e dosaggio del Distillato di THC Fire OG<\/h3>\n<p>Le <strong>Distillato di THC OG Fuoco<\/strong> \u00e8 molto potente e offre effetti rapidi e duraturi. Per un'esperienza ottimale, iniziare con una dose bassa, soprattutto se si \u00e8 alle prime armi, e aumentare gradualmente in base alla propria tolleranza. Questo distillato \u00e8 perfetto per chi cerca un rilassamento intenso e prolungato.<\/p>\n<h3>Ordina il Distillato di THC Fire OG nel negozio Pressure Zone.<\/h3>\n<p>Pronti a scoprire il potere e gli effetti rilassanti di <strong>Distillato di THC OG Fuoco<\/strong> ? Ordina ora su <a href=\"https:\/\/pressurezone.shop\/it\/\" target=\"_new\" rel=\"noopener\">Negozio della zona di pressione<\/a> per un'esperienza di cannabis pura e intensa, ideale per un efficace sollievo e un profondo rilassamento. <strong>Distillato di THC OG Fuoco<\/strong> \u00e8 la scelta perfetta per rilassare le serate e gestire i disturbi cronici.<\/p>\n<\/div>\n<\/div>\n<\/div>\n<\/div>\n<\/div>\n<\/div>","protected":false},"excerpt":{"rendered":"<p>Achetez le Fire OG Strain THC Distillate en Ligne en Europe sur Pressure Zone Shop D\u00e9couvrez le Fire OG Strain THC Distillate, un distillat puissant issu du croisement entre les vari\u00e9t\u00e9s embl\u00e9matiques OG Kush et San Fernando Valley OG Kush. Ce distillat hybride \u00e0 dominance indica (70% indica \/ 30% sativa) offre une exp\u00e9rience intense, [&hellip;]<\/p>","protected":false},"featured_media":3277,"comment_status":"closed","ping_status":"closed","template":"","meta":{"_uag_custom_page_level_css":"","site-sidebar-layout":"default","site-content-layout":"","ast-site-content-layout":"default","site-content-style":"default","site-sidebar-style":"default","ast-global-header-display":"","ast-banner-title-visibility":"","ast-main-header-display":"","ast-hfb-above-header-display":"","ast-hfb-below-header-display":"","ast-hfb-mobile-header-display":"","site-post-title":"","ast-breadcrumbs-content":"","ast-featured-img":"","footer-sml-layout":"","theme-transparent-header-meta":"default","adv-header-id-meta":"","stick-header-meta":"","header-above-stick-meta":"","header-main-stick-meta":"","header-below-stick-meta":"","astra-migrate-meta-layouts":"set","ast-page-background-enabled":"default","ast-page-background-meta":{"desktop":{"background-color":"","background-image":"","background-repeat":"repeat","background-position":"center center","background-size":"auto","background-attachment":"scroll","background-type":"","background-media":"","overlay-type":"","overlay-color":"","overlay-opacity":"","overlay-gradient":""},"tablet":{"background-color":"","background-image":"","background-repeat":"repeat","background-position":"center center","background-size":"auto","background-attachment":"scroll","background-type":"","background-media":"","overlay-type":"","overlay-color":"","overlay-opacity":"","overlay-gradient":""},"mobile":{"background-color":"","background-image":"","background-repeat":"repeat","background-position":"center center","background-size":"auto","background-attachment":"scroll","background-type":"","background-media":"","overlay-type":"","overlay-color":"","overlay-opacity":"","overlay-gradient":""}},"ast-content-background-meta":{"desktop":{"background-color":"var(--ast-global-color-5)","background-image":"","background-repeat":"repeat","background-position":"center center","background-size":"auto","background-attachment":"scroll","background-type":"","background-media":"","overlay-type":"","overlay-color":"","overlay-opacity":"","overlay-gradient":""},"tablet":{"background-color":"var(--ast-global-color-5)","background-image":"","background-repeat":"repeat","background-position":"center center","background-size":"auto","background-attachment":"scroll","background-type":"","background-media":"","overlay-type":"","overlay-color":"","overlay-opacity":"","overlay-gradient":""},"mobile":{"background-color":"var(--ast-global-color-5)","background-image":"","background-repeat":"repeat","background-position":"center center","background-size":"auto","background-attachment":"scroll","background-type":"","background-media":"","overlay-type":"","overlay-color":"","overlay-opacity":"","overlay-gradient":""}}},"product_brand":[],"product_cat":[334,367],"product_tag":[372,383,500,380],"class_list":{"0":"post-3192","1":"product","2":"type-product","3":"status-publish","4":"has-post-thumbnail","6":"product_cat-concentres-de-marijuana","7":"product_cat-thc-distillates","8":"product_tag-1ml-cannabis-oil-distillates-for-sale-europe","9":"product_tag-buy-fire-og-strain-thc-distillate-online-europe","10":"product_tag-fire-og-strain-thc-distillate","11":"product_tag-shop-1g-distillates-online","12":"desktop-align-left","13":"tablet-align-left","14":"mobile-align-left","16":"first","17":"instock","18":"shipping-taxable","19":"purchasable","20":"product-type-simple"},"uagb_featured_image_src":{"full":["https:\/\/pressurezone.shop\/wp-content\/uploads\/2024\/10\/Fire-OG-Strain-THC-Distillate.webp",2560,1707,false],"thumbnail":["https:\/\/pressurezone.shop\/wp-content\/uploads\/2024\/10\/Fire-OG-Strain-THC-Distillate-150x150.webp",150,150,true],"medium":["https:\/\/pressurezone.shop\/wp-content\/uploads\/2024\/10\/Fire-OG-Strain-THC-Distillate-300x200.webp",300,200,true],"medium_large":["https:\/\/pressurezone.shop\/wp-content\/uploads\/2024\/10\/Fire-OG-Strain-THC-Distillate-768x512.webp",768,512,true],"large":["https:\/\/pressurezone.shop\/wp-content\/uploads\/2024\/10\/Fire-OG-Strain-THC-Distillate-1024x683.webp",1024,683,true],"1536x1536":["https:\/\/pressurezone.shop\/wp-content\/uploads\/2024\/10\/Fire-OG-Strain-THC-Distillate-1536x1024.webp",1536,1024,true],"2048x2048":["https:\/\/pressurezone.shop\/wp-content\/uploads\/2024\/10\/Fire-OG-Strain-THC-Distillate-2048x1366.webp",2048,1366,true],"trp-custom-language-flag":["https:\/\/pressurezone.shop\/wp-content\/uploads\/2024\/10\/Fire-OG-Strain-THC-Distillate-18x12.webp",18,12,true],"woocommerce_thumbnail":["https:\/\/pressurezone.shop\/wp-content\/uploads\/2024\/10\/Fire-OG-Strain-THC-Distillate-300x300.webp",300,300,true],"woocommerce_single":["https:\/\/pressurezone.shop\/wp-content\/uploads\/2024\/10\/Fire-OG-Strain-THC-Distillate-600x400.webp",600,400,true],"woocommerce_gallery_thumbnail":["https:\/\/pressurezone.shop\/wp-content\/uploads\/2024\/10\/Fire-OG-Strain-THC-Distillate-100x100.webp",100,100,true]},"uagb_author_info":{"display_name":"pressurezone.shop","author_link":"https:\/\/pressurezone.shop\/it\/author\/"},"uagb_comment_info":0,"uagb_excerpt":"Achetez le Fire OG Strain THC Distillate en Ligne en Europe sur Pressure Zone Shop D\u00e9couvrez le Fire OG Strain THC Distillate, un distillat puissant issu du croisement entre les vari\u00e9t\u00e9s embl\u00e9matiques OG Kush et San Fernando Valley OG Kush. Ce distillat hybride \u00e0 dominance indica (70% indica \/ 30% sativa) offre une exp\u00e9rience intense,&hellip;","_links":{"self":[{"href":"https:\/\/pressurezone.shop\/it\/wp-json\/wp\/v2\/product\/3192"}],"collection":[{"href":"https:\/\/pressurezone.shop\/it\/wp-json\/wp\/v2\/product"}],"about":[{"href":"https:\/\/pressurezone.shop\/it\/wp-json\/wp\/v2\/types\/product"}],"replies":[{"embeddable":true,"href":"https:\/\/pressurezone.shop\/it\/wp-json\/wp\/v2\/comments?post=3192"}],"version-history":[{"count":3,"href":"https:\/\/pressurezone.shop\/it\/wp-json\/wp\/v2\/product\/3192\/revisions"}],"predecessor-version":[{"id":4088,"href":"https:\/\/pressurezone.shop\/it\/wp-json\/wp\/v2\/product\/3192\/revisions\/4088"}],"wp:featuredmedia":[{"embeddable":true,"href":"https:\/\/pressurezone.shop\/it\/wp-json\/wp\/v2\/media\/3277"}],"wp:attachment":[{"href":"https:\/\/pressurezone.shop\/it\/wp-json\/wp\/v2\/media?parent=3192"}],"wp:term":[{"taxonomy":"product_brand","embeddable":true,"href":"https:\/\/pressurezone.shop\/it\/wp-json\/wp\/v2\/product_brand?post=3192"},{"taxonomy":"product_cat","embeddable":true,"href":"https:\/\/pressurezone.shop\/it\/wp-json\/wp\/v2\/product_cat?post=3192"},{"taxonomy":"product_tag","embeddable":true,"href":"https:\/\/pressurezone.shop\/it\/wp-json\/wp\/v2\/product_tag?post=3192"}],"curies":[{"name":"wp","href":"https:\/\/api.w.org\/{rel}","templated":true}]}}