{"id":3218,"date":"2024-10-11T00:55:39","date_gmt":"2024-10-10T22:55:39","guid":{"rendered":"https:\/\/pressurezone.shop\/?post_type=product&#038;p=3218"},"modified":"2024-11-17T00:33:01","modified_gmt":"2024-11-16T23:33:01","slug":"hindu-kush-strain-budder","status":"publish","type":"product","link":"https:\/\/pressurezone.shop\/it\/prodotto\/budder-della-varieta-hindu-kush\/","title":{"rendered":"Germoglio della variet\u00e0 Hindu Kush"},"content":{"rendered":"<h3><strong>Acquista la variet\u00e0 Hindu Kush Budder Indica online in Europa<\/strong><\/h3>\n<p>Immergetevi negli effetti calmanti e rilassanti di <strong>Germoglio di erba della variet\u00e0 Hindu Kush<\/strong>una variet\u00e0 indica pura 100 % proveniente dalle aspre montagne del Pakistan e dell'Afghanistan. Conosciuta in tutto il mondo per la sua <strong>effetti classici dell'indica<\/strong>Questa variet\u00e0 \u00e8 perfetta per rilassarsi in una giornata tranquilla o per godersi una notte di sonno ristoratore.<\/p>\n<hr \/>\n<h3><strong>Perch\u00e9 scegliere la Budder Hindu Kush Strain?<\/strong><\/h3>\n<h4><strong>Effetti<\/strong><\/h4>\n<ul>\n<li><strong>Calma euforica<\/strong> Dissipa i pensieri stressanti e negativi.<\/li>\n<li><strong>Rilassamento e sonno<\/strong> Rilassa profondamente e favorisce un sonno ristoratore.<\/li>\n<li><strong>Serenity Couch-Lock<\/strong> : Si immerge in una sedazione totale per ore.<\/li>\n<\/ul>\n<h4><strong>Prestazioni mediche<\/strong><\/h4>\n<p>Grazie ai suoi potenti effetti e <strong>alti livelli di THC (22-32 %)<\/strong>L'Hindu Kush Budder \u00e8 ideale per il trattamento di numerosi disturbi, tra cui :<\/p>\n<ul>\n<li><strong>Dolore cronico e spasmi muscolari<\/strong> Allevia la tensione e il dolore.<\/li>\n<li><strong>Insonnia e agitazione<\/strong> Favorisce un sonno tranquillo e ininterrotto.<\/li>\n<li><strong>Nausea e perdita di appetito<\/strong> Stimola l'appetito e calma la nausea.<\/li>\n<li><strong>IBS e stress<\/strong> Lenisce i disturbi gastrointestinali e calma la mente<a href=\"https:\/\/fuelpackz.com\/\" target=\"_blank\" rel=\"noopener\">.<\/a><\/li>\n<\/ul>\n<hr \/>\n<h3><strong>Profilo aromatico e gustativo<\/strong><\/h3>\n<h4><strong>I sapori<\/strong><\/h4>\n<ul>\n<li><strong>Erbacee e boschive<\/strong> Una base terrosa e sapida con un tocco floreale dolce.<\/li>\n<li><strong>Limone piccante e pino<\/strong> Deliziose note di limone e pino piccante ad ogni boccata.<\/li>\n<\/ul>\n<h4><strong>Aromi<\/strong><\/h4>\n<ul>\n<li><strong>Terroso e profumato<\/strong> Un aroma potente con accenti floreali.<\/li>\n<li><strong>Erbe fresche e pino piccante<\/strong> Una miscela di erbe fresche e un sottile tocco legnoso.<\/li>\n<\/ul>\n<hr \/>\n<h3><strong>Come funziona l'Hindu Kush Budder?<\/strong><\/h3>\n<p>Le <strong>Hindu Kush alto<\/strong> inizia dolcemente, infiltrandosi gradualmente nella mente e nel corpo. L'euforia si diffonde, calmando lo stress mentale e lasciando il posto a una nebbia beata. Segue un profondo rilassamento corporeo, che vi immobilizza e vi fa sprofondare in un sonno tranquillo.<\/p>\n<hr \/>\n<h3><strong>Perch\u00e9 acquistare da PressureZone.Shop?<\/strong><\/h3>\n<p>A <strong><a href=\"https:\/\/pressurezone.shop\/it\/\" target=\"_new\" rel=\"noopener\">PressureZone.Shop<\/a><\/strong>Siamo orgogliosi di offrire concentrati di cannabis della migliore qualit\u00e0, tra cui <strong>Germoglio della variet\u00e0 Hindu Kush<\/strong>. Con consegne rapide e discrete in tutta Europa, potete gustare prodotti di cannabis di alta gamma in tutta tranquillit\u00e0.<\/p>\n<hr \/>\n<h3><strong>Come gustare la Budder della variet\u00e0 Hindu Kush<\/strong><\/h3>\n<ol>\n<li><strong>Dab<\/strong> Utilizzare un impianto di dab per un'esperienza potente e gustosa.<\/li>\n<li><strong>Spray<\/strong> Aggiungerlo a un flacone spray compatibile per un'inalazione delicata e pulita.<\/li>\n<li><strong>Rafforzare le articolazioni<\/strong> Cospargetelo sui fiori di cannabis per un effetto amplificato.<\/li>\n<\/ol>","protected":false},"excerpt":{"rendered":"<p>Achetez Hindu Kush Strain Weed Budder Indica en Ligne en Europe Plongez dans les effets apaisants et relaxants du Hindu Kush Strain Weed Budder, une vari\u00e9t\u00e9 100 % indica pure originaire des montagnes accident\u00e9es du Pakistan et de l\u2019Afghanistan. Connue mondialement pour ses effets indica classiques, cette vari\u00e9t\u00e9 est parfaite pour se d\u00e9tendre lors de [&hellip;]<\/p>","protected":false},"featured_media":3292,"comment_status":"closed","ping_status":"closed","template":"","meta":{"_uag_custom_page_level_css":"","site-sidebar-layout":"default","site-content-layout":"","ast-site-content-layout":"default","site-content-style":"default","site-sidebar-style":"default","ast-global-header-display":"","ast-banner-title-visibility":"","ast-main-header-display":"","ast-hfb-above-header-display":"","ast-hfb-below-header-display":"","ast-hfb-mobile-header-display":"","site-post-title":"","ast-breadcrumbs-content":"","ast-featured-img":"","footer-sml-layout":"","theme-transparent-header-meta":"default","adv-header-id-meta":"","stick-header-meta":"","header-above-stick-meta":"","header-main-stick-meta":"","header-below-stick-meta":"","astra-migrate-meta-layouts":"set","ast-page-background-enabled":"default","ast-page-background-meta":{"desktop":{"background-color":"","background-image":"","background-repeat":"repeat","background-position":"center center","background-size":"auto","background-attachment":"scroll","background-type":"","background-media":"","overlay-type":"","overlay-color":"","overlay-opacity":"","overlay-gradient":""},"tablet":{"background-color":"","background-image":"","background-repeat":"repeat","background-position":"center center","background-size":"auto","background-attachment":"scroll","background-type":"","background-media":"","overlay-type":"","overlay-color":"","overlay-opacity":"","overlay-gradient":""},"mobile":{"background-color":"","background-image":"","background-repeat":"repeat","background-position":"center center","background-size":"auto","background-attachment":"scroll","background-type":"","background-media":"","overlay-type":"","overlay-color":"","overlay-opacity":"","overlay-gradient":""}},"ast-content-background-meta":{"desktop":{"background-color":"var(--ast-global-color-5)","background-image":"","background-repeat":"repeat","background-position":"center center","background-size":"auto","background-attachment":"scroll","background-type":"","background-media":"","overlay-type":"","overlay-color":"","overlay-opacity":"","overlay-gradient":""},"tablet":{"background-color":"var(--ast-global-color-5)","background-image":"","background-repeat":"repeat","background-position":"center center","background-size":"auto","background-attachment":"scroll","background-type":"","background-media":"","overlay-type":"","overlay-color":"","overlay-opacity":"","overlay-gradient":""},"mobile":{"background-color":"var(--ast-global-color-5)","background-image":"","background-repeat":"repeat","background-position":"center center","background-size":"auto","background-attachment":"scroll","background-type":"","background-media":"","overlay-type":"","overlay-color":"","overlay-opacity":"","overlay-gradient":""}}},"product_brand":[],"product_cat":[388,334],"product_tag":[389,390,391,392],"class_list":{"0":"post-3218","1":"product","2":"type-product","3":"status-publish","4":"has-post-thumbnail","6":"product_cat-cannabis-budder","7":"product_cat-concentres-de-marijuana","8":"product_tag-buy-budder-online-cheap","9":"product_tag-buy-marijuana-budder-eu","10":"product_tag-order-hindu-kush-strain-weed-budder-indica-europe","11":"product_tag-order-thc-budder-europe","12":"desktop-align-left","13":"tablet-align-left","14":"mobile-align-left","16":"first","17":"instock","18":"shipping-taxable","19":"purchasable","20":"product-type-variable"},"uagb_featured_image_src":{"full":["https:\/\/pressurezone.shop\/wp-content\/uploads\/2024\/10\/Hindu-Kush-Strain-Weed-Budder-Indica.webp",2048,1365,false],"thumbnail":["https:\/\/pressurezone.shop\/wp-content\/uploads\/2024\/10\/Hindu-Kush-Strain-Weed-Budder-Indica-150x150.webp",150,150,true],"medium":["https:\/\/pressurezone.shop\/wp-content\/uploads\/2024\/10\/Hindu-Kush-Strain-Weed-Budder-Indica-300x200.webp",300,200,true],"medium_large":["https:\/\/pressurezone.shop\/wp-content\/uploads\/2024\/10\/Hindu-Kush-Strain-Weed-Budder-Indica-768x512.webp",768,512,true],"large":["https:\/\/pressurezone.shop\/wp-content\/uploads\/2024\/10\/Hindu-Kush-Strain-Weed-Budder-Indica-1024x683.webp",1024,683,true],"1536x1536":["https:\/\/pressurezone.shop\/wp-content\/uploads\/2024\/10\/Hindu-Kush-Strain-Weed-Budder-Indica-1536x1024.webp",1536,1024,true],"2048x2048":["https:\/\/pressurezone.shop\/wp-content\/uploads\/2024\/10\/Hindu-Kush-Strain-Weed-Budder-Indica.webp",2048,1365,false],"trp-custom-language-flag":["https:\/\/pressurezone.shop\/wp-content\/uploads\/2024\/10\/Hindu-Kush-Strain-Weed-Budder-Indica-18x12.webp",18,12,true],"woocommerce_thumbnail":["https:\/\/pressurezone.shop\/wp-content\/uploads\/2024\/10\/Hindu-Kush-Strain-Weed-Budder-Indica-300x300.webp",300,300,true],"woocommerce_single":["https:\/\/pressurezone.shop\/wp-content\/uploads\/2024\/10\/Hindu-Kush-Strain-Weed-Budder-Indica-600x400.webp",600,400,true],"woocommerce_gallery_thumbnail":["https:\/\/pressurezone.shop\/wp-content\/uploads\/2024\/10\/Hindu-Kush-Strain-Weed-Budder-Indica-100x100.webp",100,100,true]},"uagb_author_info":{"display_name":"pressurezone.shop","author_link":"https:\/\/pressurezone.shop\/it\/author\/"},"uagb_comment_info":0,"uagb_excerpt":"Achetez Hindu Kush Strain Weed Budder Indica en Ligne en Europe Plongez dans les effets apaisants et relaxants du Hindu Kush Strain Weed Budder, une vari\u00e9t\u00e9 100 % indica pure originaire des montagnes accident\u00e9es du Pakistan et de l\u2019Afghanistan. Connue mondialement pour ses effets indica classiques, cette vari\u00e9t\u00e9 est parfaite pour se d\u00e9tendre lors de&hellip;","_links":{"self":[{"href":"https:\/\/pressurezone.shop\/it\/wp-json\/wp\/v2\/product\/3218"}],"collection":[{"href":"https:\/\/pressurezone.shop\/it\/wp-json\/wp\/v2\/product"}],"about":[{"href":"https:\/\/pressurezone.shop\/it\/wp-json\/wp\/v2\/types\/product"}],"replies":[{"embeddable":true,"href":"https:\/\/pressurezone.shop\/it\/wp-json\/wp\/v2\/comments?post=3218"}],"version-history":[{"count":3,"href":"https:\/\/pressurezone.shop\/it\/wp-json\/wp\/v2\/product\/3218\/revisions"}],"predecessor-version":[{"id":4618,"href":"https:\/\/pressurezone.shop\/it\/wp-json\/wp\/v2\/product\/3218\/revisions\/4618"}],"wp:featuredmedia":[{"embeddable":true,"href":"https:\/\/pressurezone.shop\/it\/wp-json\/wp\/v2\/media\/3292"}],"wp:attachment":[{"href":"https:\/\/pressurezone.shop\/it\/wp-json\/wp\/v2\/media?parent=3218"}],"wp:term":[{"taxonomy":"product_brand","embeddable":true,"href":"https:\/\/pressurezone.shop\/it\/wp-json\/wp\/v2\/product_brand?post=3218"},{"taxonomy":"product_cat","embeddable":true,"href":"https:\/\/pressurezone.shop\/it\/wp-json\/wp\/v2\/product_cat?post=3218"},{"taxonomy":"product_tag","embeddable":true,"href":"https:\/\/pressurezone.shop\/it\/wp-json\/wp\/v2\/product_tag?post=3218"}],"curies":[{"name":"wp","href":"https:\/\/api.w.org\/{rel}","templated":true}]}}