{"id":3219,"date":"2024-10-11T00:55:39","date_gmt":"2024-10-10T22:55:39","guid":{"rendered":"https:\/\/pressurezone.shop\/?post_type=product&#038;p=3219"},"modified":"2024-11-17T00:27:51","modified_gmt":"2024-11-16T23:27:51","slug":"pina-colada-strain-budder-hybrid","status":"publish","type":"product","link":"https:\/\/pressurezone.shop\/it\/prodotto\/ibrido-di-budder-della-varieta-pina-colada\/","title":{"rendered":"Ibrido di budder della variet\u00e0 Pina Colada"},"content":{"rendered":"<div class=\"flex-shrink-0 flex flex-col relative items-end\">\n<div>\n<div class=\"pt-0\">\n<div class=\"gizmo-bot-avatar flex h-8 w-8 items-center justify-center overflow-hidden rounded-full\">\n<div class=\"relative p-1 rounded-sm flex items-center justify-center bg-token-main-surface-primary text-token-text-primary h-8 w-8\"><\/div>\n<\/div>\n<\/div>\n<\/div>\n<\/div>\n<div class=\"group\/conversation-turn relative flex w-full min-w-0 flex-col agent-turn\">\n<div class=\"flex-col gap-1 md:gap-3\">\n<div class=\"flex max-w-full flex-col flex-grow\">\n<div class=\"min-h-8 text-message flex w-full flex-col items-end gap-2 whitespace-normal break-words [.text-message+&amp;]:mt-5\" dir=\"auto\" data-message-author-role=\"assistant\" data-message-id=\"7a87f0b2-bbd0-4e25-962a-a6fe45b81177\" data-message-model-slug=\"gpt-4o\">\n<div class=\"flex w-full flex-col gap-1 empty:hidden first:pt-[3px]\">\n<div class=\"markdown prose w-full break-words dark:prose-invert light\">\n<h3><strong>Comprare Pina Colada Strain Budder Hybrid online in Europa<\/strong><\/h3>\n<p>Scoprite un'esperienza di cannabis unica con il <strong>Ibrido di budder della variet\u00e0 Pina Colada<\/strong>un ibrido perfettamente bilanciato (50% indica\/50% sativa) famoso per i suoi sapori tropicali e gli effetti stimolanti. Un incrocio tra la classica <strong>Banana Kush X Starburst Bubba<\/strong>Questa erba offre una miscela armoniosa di euforia mentale e rilassamento fisico.<\/p>\n<hr \/>\n<h3><strong>Perch\u00e9 scegliere Pina Colada Strain Budder?<\/strong><\/h3>\n<h4><strong>Effetti<\/strong><\/h4>\n<ul>\n<li><strong>Euforia e felicit\u00e0<\/strong> Migliora immediatamente l'umore e riempie di energia.<\/li>\n<li><strong>Sensazioni tonificanti<\/strong> Combatte lo stress e motiva ad affrontare qualsiasi sfida.<\/li>\n<\/ul>\n<h4><strong>Prestazioni mediche<\/strong><\/h4>\n<p>Questo <strong>Concentrato di Pina Colada Budder<\/strong> \u00e8 una soluzione versatile per una variet\u00e0 di condizioni, come :<\/p>\n<ul>\n<li><strong>Stanchezza cronica<\/strong> Rienergizza il corpo e libera la mente.<\/li>\n<li><strong>Depressione e ansia<\/strong> Favorisce un umore positivo e riduce lo stress.<\/li>\n<li><strong>Mal di testa ed emicrania<\/strong> : Sollievo efficace per il dolore persistente<a href=\"https:\/\/fuelpackz.com\/\" target=\"_blank\" rel=\"noopener\">.<\/a><\/li>\n<li><strong>Infiammazione e spasmi muscolari<\/strong> Lenisce la tensione muscolare e riduce l'infiammazione.<\/li>\n<\/ul>\n<hr \/>\n<h3><strong>Profilo aromatico e gustativo<\/strong><\/h3>\n<h4><strong>I sapori<\/strong><\/h4>\n<ul>\n<li><strong>Agrumi e ananas<\/strong> Un'esplosione tropicale dolce e piccante.<\/li>\n<li><strong>Piccante e amaro<\/strong> Una complessit\u00e0 ben bilanciata con un tocco di speziatura.<\/li>\n<li><strong>Tropicale e delicato<\/strong> Un delizioso sapore finale che ricorda un cocktail esotico.<\/li>\n<\/ul>\n<h4><strong>Aromi<\/strong><\/h4>\n<ul>\n<li><strong>Ananas e agrumi<\/strong> Profumi tropicali rinvigorenti.<\/li>\n<li><strong>Terroso ed erboso<\/strong> Aggiunge profondit\u00e0 all'esperienza aromatica.<\/li>\n<\/ul>\n<hr \/>\n<h3><strong>Potenza e composizione<\/strong><\/h3>\n<p>Le <strong>Ibrido di budder della variet\u00e0 Pina Colada<\/strong> offre un tasso di <strong>Da 15 a 23% di THC<\/strong> e un moderato <strong>Da 1 a 2% di CBD<\/strong>ideale per un'esperienza equilibrata, adatta sia ai consumatori ricreativi che a quelli medici. I suoi effetti cerebrali immediati la rendono perfetta per l'uso diurno.<\/p>\n<hr \/>\n<h3><strong>Come utilizzare il Budder Pina Colada Strain<\/strong><\/h3>\n<ol>\n<li><strong>Dabbing<\/strong> Godetevi un'esperienza completa di sapori ed effetti con un impianto dab.<\/li>\n<li><strong>Vaporizzazione<\/strong> Godetevi un'inalazione liscia e gustosa con un vaporizzatore compatibile.<\/li>\n<li><strong>Migliorare l'articolazione<\/strong> Cospargetene una piccola quantit\u00e0 sulle vostre erbe per un'esperienza migliore.<\/li>\n<\/ol>\n<hr \/>\n<h3><strong>Perch\u00e9 acquistare da PressureZone.Shop?<\/strong><\/h3>\n<p>Visita <strong><a href=\"https:\/\/pressurezone.shop\/it\/\" target=\"_new\" rel=\"noopener\">PressureZone.Shop<\/a><\/strong>ci impegniamo a offrire <strong>concentrati di cannabis di alta qualit\u00e0<\/strong>garantendo qualit\u00e0, purezza e soddisfazione. Godetevi la comodit\u00e0 degli acquisti online con consegne rapide e discrete in tutta Europa.<\/p>\n<\/div>\n<\/div>\n<\/div>\n<\/div>\n<\/div>\n<\/div>","protected":false},"excerpt":{"rendered":"<p>Achetez Pina Colada Strain Budder Hybrid en ligne en Europe D\u00e9couvrez une exp\u00e9rience cannabis unique avec le Pina Colada Strain Budder Hybrid, un hybride parfaitement \u00e9quilibr\u00e9 (50% indica\/50% sativa) c\u00e9l\u00e8bre pour ses saveurs tropicales et ses effets stimulants. Issu du croisement des vari\u00e9t\u00e9s classiques Banana Kush X Starburst Bubba, ce budder offre un m\u00e9lange harmonieux [&hellip;]<\/p>","protected":false},"featured_media":3294,"comment_status":"closed","ping_status":"closed","template":"","meta":{"_uag_custom_page_level_css":"","site-sidebar-layout":"default","site-content-layout":"","ast-site-content-layout":"default","site-content-style":"default","site-sidebar-style":"default","ast-global-header-display":"","ast-banner-title-visibility":"","ast-main-header-display":"","ast-hfb-above-header-display":"","ast-hfb-below-header-display":"","ast-hfb-mobile-header-display":"","site-post-title":"","ast-breadcrumbs-content":"","ast-featured-img":"","footer-sml-layout":"","theme-transparent-header-meta":"default","adv-header-id-meta":"","stick-header-meta":"","header-above-stick-meta":"","header-main-stick-meta":"","header-below-stick-meta":"","astra-migrate-meta-layouts":"set","ast-page-background-enabled":"default","ast-page-background-meta":{"desktop":{"background-color":"","background-image":"","background-repeat":"repeat","background-position":"center center","background-size":"auto","background-attachment":"scroll","background-type":"","background-media":"","overlay-type":"","overlay-color":"","overlay-opacity":"","overlay-gradient":""},"tablet":{"background-color":"","background-image":"","background-repeat":"repeat","background-position":"center center","background-size":"auto","background-attachment":"scroll","background-type":"","background-media":"","overlay-type":"","overlay-color":"","overlay-opacity":"","overlay-gradient":""},"mobile":{"background-color":"","background-image":"","background-repeat":"repeat","background-position":"center center","background-size":"auto","background-attachment":"scroll","background-type":"","background-media":"","overlay-type":"","overlay-color":"","overlay-opacity":"","overlay-gradient":""}},"ast-content-background-meta":{"desktop":{"background-color":"var(--ast-global-color-5)","background-image":"","background-repeat":"repeat","background-position":"center center","background-size":"auto","background-attachment":"scroll","background-type":"","background-media":"","overlay-type":"","overlay-color":"","overlay-opacity":"","overlay-gradient":""},"tablet":{"background-color":"var(--ast-global-color-5)","background-image":"","background-repeat":"repeat","background-position":"center center","background-size":"auto","background-attachment":"scroll","background-type":"","background-media":"","overlay-type":"","overlay-color":"","overlay-opacity":"","overlay-gradient":""},"mobile":{"background-color":"var(--ast-global-color-5)","background-image":"","background-repeat":"repeat","background-position":"center center","background-size":"auto","background-attachment":"scroll","background-type":"","background-media":"","overlay-type":"","overlay-color":"","overlay-opacity":"","overlay-gradient":""}}},"product_brand":[],"product_cat":[388,334],"product_tag":[393,394,395,396,397],"class_list":{"0":"post-3219","1":"product","2":"type-product","3":"status-publish","4":"has-post-thumbnail","6":"product_cat-cannabis-budder","7":"product_cat-concentres-de-marijuana","8":"product_tag-buy-dabs-online-europe","9":"product_tag-buy-weed-budder-europe","10":"product_tag-order-pina-colada-strain-budder-hybrid-europe","11":"product_tag-order-weed-extracts-france","12":"product_tag-thc-budder-concentrates-online-near-me","13":"desktop-align-left","14":"tablet-align-left","15":"mobile-align-left","17":"first","18":"instock","19":"shipping-taxable","20":"purchasable","21":"product-type-variable"},"uagb_featured_image_src":{"full":["https:\/\/pressurezone.shop\/wp-content\/uploads\/2024\/10\/Pina-Colada-Strain-Budder-Hybrid.webp",2048,1365,false],"thumbnail":["https:\/\/pressurezone.shop\/wp-content\/uploads\/2024\/10\/Pina-Colada-Strain-Budder-Hybrid-150x150.webp",150,150,true],"medium":["https:\/\/pressurezone.shop\/wp-content\/uploads\/2024\/10\/Pina-Colada-Strain-Budder-Hybrid-300x200.webp",300,200,true],"medium_large":["https:\/\/pressurezone.shop\/wp-content\/uploads\/2024\/10\/Pina-Colada-Strain-Budder-Hybrid-768x512.webp",768,512,true],"large":["https:\/\/pressurezone.shop\/wp-content\/uploads\/2024\/10\/Pina-Colada-Strain-Budder-Hybrid-1024x683.webp",1024,683,true],"1536x1536":["https:\/\/pressurezone.shop\/wp-content\/uploads\/2024\/10\/Pina-Colada-Strain-Budder-Hybrid-1536x1024.webp",1536,1024,true],"2048x2048":["https:\/\/pressurezone.shop\/wp-content\/uploads\/2024\/10\/Pina-Colada-Strain-Budder-Hybrid.webp",2048,1365,false],"trp-custom-language-flag":["https:\/\/pressurezone.shop\/wp-content\/uploads\/2024\/10\/Pina-Colada-Strain-Budder-Hybrid-18x12.webp",18,12,true],"woocommerce_thumbnail":["https:\/\/pressurezone.shop\/wp-content\/uploads\/2024\/10\/Pina-Colada-Strain-Budder-Hybrid-300x300.webp",300,300,true],"woocommerce_single":["https:\/\/pressurezone.shop\/wp-content\/uploads\/2024\/10\/Pina-Colada-Strain-Budder-Hybrid-600x400.webp",600,400,true],"woocommerce_gallery_thumbnail":["https:\/\/pressurezone.shop\/wp-content\/uploads\/2024\/10\/Pina-Colada-Strain-Budder-Hybrid-100x100.webp",100,100,true]},"uagb_author_info":{"display_name":"pressurezone.shop","author_link":"https:\/\/pressurezone.shop\/it\/author\/"},"uagb_comment_info":0,"uagb_excerpt":"Achetez Pina Colada Strain Budder Hybrid en ligne en Europe D\u00e9couvrez une exp\u00e9rience cannabis unique avec le Pina Colada Strain Budder Hybrid, un hybride parfaitement \u00e9quilibr\u00e9 (50% indica\/50% sativa) c\u00e9l\u00e8bre pour ses saveurs tropicales et ses effets stimulants. Issu du croisement des vari\u00e9t\u00e9s classiques Banana Kush X Starburst Bubba, ce budder offre un m\u00e9lange harmonieux&hellip;","_links":{"self":[{"href":"https:\/\/pressurezone.shop\/it\/wp-json\/wp\/v2\/product\/3219"}],"collection":[{"href":"https:\/\/pressurezone.shop\/it\/wp-json\/wp\/v2\/product"}],"about":[{"href":"https:\/\/pressurezone.shop\/it\/wp-json\/wp\/v2\/types\/product"}],"replies":[{"embeddable":true,"href":"https:\/\/pressurezone.shop\/it\/wp-json\/wp\/v2\/comments?post=3219"}],"version-history":[{"count":3,"href":"https:\/\/pressurezone.shop\/it\/wp-json\/wp\/v2\/product\/3219\/revisions"}],"predecessor-version":[{"id":4610,"href":"https:\/\/pressurezone.shop\/it\/wp-json\/wp\/v2\/product\/3219\/revisions\/4610"}],"wp:featuredmedia":[{"embeddable":true,"href":"https:\/\/pressurezone.shop\/it\/wp-json\/wp\/v2\/media\/3294"}],"wp:attachment":[{"href":"https:\/\/pressurezone.shop\/it\/wp-json\/wp\/v2\/media?parent=3219"}],"wp:term":[{"taxonomy":"product_brand","embeddable":true,"href":"https:\/\/pressurezone.shop\/it\/wp-json\/wp\/v2\/product_brand?post=3219"},{"taxonomy":"product_cat","embeddable":true,"href":"https:\/\/pressurezone.shop\/it\/wp-json\/wp\/v2\/product_cat?post=3219"},{"taxonomy":"product_tag","embeddable":true,"href":"https:\/\/pressurezone.shop\/it\/wp-json\/wp\/v2\/product_tag?post=3219"}],"curies":[{"name":"wp","href":"https:\/\/api.w.org\/{rel}","templated":true}]}}