{"id":3220,"date":"2024-10-11T00:55:39","date_gmt":"2024-10-10T22:55:39","guid":{"rendered":"https:\/\/pressurezone.shop\/?post_type=product&#038;p=3220"},"modified":"2024-11-17T00:50:11","modified_gmt":"2024-11-16T23:50:11","slug":"wedding-crasher-strain-budder","status":"publish","type":"product","link":"https:\/\/pressurezone.shop\/it\/prodotto\/budder-ceppo-wedding-crasher\/","title":{"rendered":"Budder del ceppo Wedding Crasher"},"content":{"rendered":"<div class=\"flex-shrink-0 flex flex-col relative items-end\">\n<div>\n<div class=\"pt-0\">\n<div class=\"gizmo-bot-avatar flex h-8 w-8 items-center justify-center overflow-hidden rounded-full\">\n<div class=\"relative p-1 rounded-sm flex items-center justify-center bg-token-main-surface-primary text-token-text-primary h-8 w-8\"><\/div>\n<\/div>\n<\/div>\n<\/div>\n<\/div>\n<div class=\"group\/conversation-turn relative flex w-full min-w-0 flex-col agent-turn\">\n<div class=\"flex-col gap-1 md:gap-3\">\n<div class=\"flex max-w-full flex-col flex-grow\">\n<div class=\"min-h-8 text-message flex w-full flex-col items-end gap-2 whitespace-normal break-words [.text-message+&amp;]:mt-5\" dir=\"auto\" data-message-author-role=\"assistant\" data-message-id=\"0b89ff3d-22c3-4e8a-87ab-518e224d9821\" data-message-model-slug=\"gpt-4o\">\n<div class=\"flex w-full flex-col gap-1 empty:hidden first:pt-[3px]\">\n<div class=\"markdown prose w-full break-words dark:prose-invert light\">\n<h3><strong>Acquistare Budder del ceppo Wedding Crasher online in Europa<\/strong><\/h3>\n<p>Scoprire il <strong>Budder del ceppo Wedding Crasher<\/strong>un concentrato ibrido a predominanza indica che offre un'esperienza eccezionale. Il risultato dell'incrocio della famosa <strong>Torta nuziale<\/strong> e <strong>Punch viola<\/strong>Questo budder \u00e8 attraente sia per i suoi aromi che per i suoi effetti. Se siete alla ricerca di sollievo o di una spinta creativa, Wedding Crasher \u00e8 fatta per voi.<\/p>\n<hr \/>\n<h3><strong>Perch\u00e9 scegliere il Budder Wedding Crasher Strain?<\/strong><\/h3>\n<h4><strong>Effetti<\/strong><\/h4>\n<ul>\n<li><strong>Concentrazione e chiarezza<\/strong> Migliorare la concentrazione mentale e stimolare la creativit\u00e0, ideale per le giornate produttive.<\/li>\n<li><strong>Relax e felicit\u00e0<\/strong> Sentite un'onda calmante che rilassa e risolleva l'umore.<\/li>\n<li><strong>Sociabilit\u00e0<\/strong> Perfetto per conversazioni coinvolgenti e momenti conviviali.<a href=\"https:\/\/fuelpackz.com\/\" target=\"_blank\" rel=\"noopener\">.<\/a><\/li>\n<\/ul>\n<h4><strong>Prestazioni mediche<\/strong><\/h4>\n<p>La Budder del ceppo Wedding Crasher \u00e8 apprezzata per le sue propriet\u00e0 terapeutiche, tra cui :<\/p>\n<ul>\n<li><strong>Depressione<\/strong> Libera la mente e allontana i pensieri negativi.<\/li>\n<li><strong>Stanchezza<\/strong> Rivitalizza il corpo e la mente.<\/li>\n<li><strong>Infiammazione<\/strong> Lenisce il dolore cronico e il gonfiore.<\/li>\n<li><strong>Nausea e perdita di appetito<\/strong> Stimola l'appetito e combatte il malessere.<\/li>\n<li><strong>Lo stress<\/strong> Riduce la tensione e favorisce un rilassamento profondo.<\/li>\n<\/ul>\n<hr \/>\n<h3><strong>Profilo aromatico e gustativo<\/strong><\/h3>\n<h4><strong>I sapori<\/strong><\/h4>\n<ul>\n<li><strong>Dolce e fruttato<\/strong> Un'esplosione di uva e frutti di bosco con un tocco di vaniglia.<\/li>\n<li><strong>Piccante e diesel<\/strong> Una combinazione unica di note terrose e un pizzico di spezie.<\/li>\n<\/ul>\n<h4><strong>Aromi<\/strong><\/h4>\n<ul>\n<li><strong>Pungente e terroso<\/strong> Un aroma ricco e robusto con note di uva e carburante speziato.<\/li>\n<li><strong>Vaniglia dolce<\/strong> Un profumo rilassante che persiste piacevolmente.<\/li>\n<\/ul>\n<hr \/>\n<h3><strong>L'esperienza del Wedding Crasher<\/strong><\/h3>\n<p>Con un <strong>THC medio di 21%<\/strong>il <strong>Budder del ceppo Wedding Crasher<\/strong> offre un'eccezionale combinazione di concentrazione mentale e rilassamento fisico. Ideale sia per l'uso diurno che serale, passa facilmente dall'effetto energizzante a quello calmante. \u00c8 perfetto per stimolare l'interazione sociale e l'energia creativa.<\/p>\n<hr \/>\n<h3><strong>Come utilizzare il budder Wedding Crasher<\/strong><\/h3>\n<ol>\n<li><strong>Dabbing<\/strong> Utilizzare un impianto di dab per un'esperienza potente e gustosa.<\/li>\n<li><strong>Vaporizzazione<\/strong> Caricatelo in un flacone spray per un'inalazione delicata e controllata.<\/li>\n<li><strong>Migliorare le guarnizioni<\/strong> Aggiungete una piccola quantit\u00e0 allo spinello per un effetto amplificato.<\/li>\n<\/ol>\n<hr \/>\n<h3><strong>Perch\u00e9 acquistare su <a href=\"https:\/\/pressurezone.shop\/it\/\" target=\"_new\" rel=\"noopener\">PressureZone.Shop<\/a>?<\/strong><\/h3>\n<p>A <strong>PressureZone.Shop<\/strong>Siamo orgogliosi di offrire i migliori concentrati di cannabis ai nostri clienti in tutta Europa. Ecco perch\u00e9 siamo la scelta migliore:<\/p>\n<ul>\n<li><strong>Qualit\u00e0 Premium<\/strong> I nostri prodotti sono testati in laboratorio per garantirne la potenza e la purezza.<\/li>\n<li><strong>Consegna rapida e discreta<\/strong> : Godetevi la spedizione senza problemi direttamente a casa vostra.<\/li>\n<li><strong>Servizio clienti<\/strong> Siamo qui per rispondere a tutte le vostre domande e garantire la vostra soddisfazione.<\/li>\n<\/ul>\n<hr \/>\n<h3><strong>Ordinate oggi stesso la Budder della variet\u00e0 Wedding Crasher!<\/strong><\/h3>\n<p>Non perdetevi questa perfetta combinazione di sapore, potenza e benefici terapeutici. Elevate la vostra esperienza con la cannabis con <strong>Budder del ceppo Wedding Crasher<\/strong>.<\/p>\n<p><strong><a href=\"https:\/\/pressurezone.shop\/it\/\" target=\"_new\" rel=\"noopener\">Acquista ora su PressureZone.Shop<\/a><\/strong> e godetevi i concentrati premium consegnati direttamente a casa vostra!<\/p>\n<\/div>\n<\/div>\n<\/div>\n<\/div>\n<\/div>\n<\/div>","protected":false},"excerpt":{"rendered":"<p>Acheter Wedding Crasher Strain Budder en Ligne en Europe D\u00e9couvrez le Wedding Crasher Strain Budder, un concentr\u00e9 hybride \u00e0 dominance indica qui offre une exp\u00e9rience exceptionnelle. Issu du croisement des c\u00e9l\u00e8bres souches Wedding Cake et Purple Punch, ce budder s\u00e9duit autant par ses ar\u00f4mes que par ses effets. Que vous recherchiez du soulagement ou un [&hellip;]<\/p>","protected":false},"featured_media":3296,"comment_status":"closed","ping_status":"closed","template":"","meta":{"_uag_custom_page_level_css":"","site-sidebar-layout":"default","site-content-layout":"","ast-site-content-layout":"default","site-content-style":"default","site-sidebar-style":"default","ast-global-header-display":"","ast-banner-title-visibility":"","ast-main-header-display":"","ast-hfb-above-header-display":"","ast-hfb-below-header-display":"","ast-hfb-mobile-header-display":"","site-post-title":"","ast-breadcrumbs-content":"","ast-featured-img":"","footer-sml-layout":"","theme-transparent-header-meta":"default","adv-header-id-meta":"","stick-header-meta":"","header-above-stick-meta":"","header-main-stick-meta":"","header-below-stick-meta":"","astra-migrate-meta-layouts":"set","ast-page-background-enabled":"default","ast-page-background-meta":{"desktop":{"background-color":"","background-image":"","background-repeat":"repeat","background-position":"center center","background-size":"auto","background-attachment":"scroll","background-type":"","background-media":"","overlay-type":"","overlay-color":"","overlay-opacity":"","overlay-gradient":""},"tablet":{"background-color":"","background-image":"","background-repeat":"repeat","background-position":"center center","background-size":"auto","background-attachment":"scroll","background-type":"","background-media":"","overlay-type":"","overlay-color":"","overlay-opacity":"","overlay-gradient":""},"mobile":{"background-color":"","background-image":"","background-repeat":"repeat","background-position":"center center","background-size":"auto","background-attachment":"scroll","background-type":"","background-media":"","overlay-type":"","overlay-color":"","overlay-opacity":"","overlay-gradient":""}},"ast-content-background-meta":{"desktop":{"background-color":"var(--ast-global-color-5)","background-image":"","background-repeat":"repeat","background-position":"center center","background-size":"auto","background-attachment":"scroll","background-type":"","background-media":"","overlay-type":"","overlay-color":"","overlay-opacity":"","overlay-gradient":""},"tablet":{"background-color":"var(--ast-global-color-5)","background-image":"","background-repeat":"repeat","background-position":"center center","background-size":"auto","background-attachment":"scroll","background-type":"","background-media":"","overlay-type":"","overlay-color":"","overlay-opacity":"","overlay-gradient":""},"mobile":{"background-color":"var(--ast-global-color-5)","background-image":"","background-repeat":"repeat","background-position":"center center","background-size":"auto","background-attachment":"scroll","background-type":"","background-media":"","overlay-type":"","overlay-color":"","overlay-opacity":"","overlay-gradient":""}}},"product_brand":[],"product_cat":[388,334],"product_tag":[398],"class_list":{"0":"post-3220","1":"product","2":"type-product","3":"status-publish","4":"has-post-thumbnail","6":"product_cat-cannabis-budder","7":"product_cat-concentres-de-marijuana","8":"product_tag-order-wedding-crasher-strain-budder-europe","9":"desktop-align-left","10":"tablet-align-left","11":"mobile-align-left","13":"first","14":"instock","15":"shipping-taxable","16":"purchasable","17":"product-type-variable"},"uagb_featured_image_src":{"full":["https:\/\/pressurezone.shop\/wp-content\/uploads\/2024\/10\/Wedding-Crasher-Strain-Budder.webp",2048,1365,false],"thumbnail":["https:\/\/pressurezone.shop\/wp-content\/uploads\/2024\/10\/Wedding-Crasher-Strain-Budder-150x150.webp",150,150,true],"medium":["https:\/\/pressurezone.shop\/wp-content\/uploads\/2024\/10\/Wedding-Crasher-Strain-Budder-300x200.webp",300,200,true],"medium_large":["https:\/\/pressurezone.shop\/wp-content\/uploads\/2024\/10\/Wedding-Crasher-Strain-Budder-768x512.webp",768,512,true],"large":["https:\/\/pressurezone.shop\/wp-content\/uploads\/2024\/10\/Wedding-Crasher-Strain-Budder-1024x683.webp",1024,683,true],"1536x1536":["https:\/\/pressurezone.shop\/wp-content\/uploads\/2024\/10\/Wedding-Crasher-Strain-Budder-1536x1024.webp",1536,1024,true],"2048x2048":["https:\/\/pressurezone.shop\/wp-content\/uploads\/2024\/10\/Wedding-Crasher-Strain-Budder.webp",2048,1365,false],"trp-custom-language-flag":["https:\/\/pressurezone.shop\/wp-content\/uploads\/2024\/10\/Wedding-Crasher-Strain-Budder-18x12.webp",18,12,true],"woocommerce_thumbnail":["https:\/\/pressurezone.shop\/wp-content\/uploads\/2024\/10\/Wedding-Crasher-Strain-Budder-300x300.webp",300,300,true],"woocommerce_single":["https:\/\/pressurezone.shop\/wp-content\/uploads\/2024\/10\/Wedding-Crasher-Strain-Budder-600x400.webp",600,400,true],"woocommerce_gallery_thumbnail":["https:\/\/pressurezone.shop\/wp-content\/uploads\/2024\/10\/Wedding-Crasher-Strain-Budder-100x100.webp",100,100,true]},"uagb_author_info":{"display_name":"pressurezone.shop","author_link":"https:\/\/pressurezone.shop\/it\/author\/"},"uagb_comment_info":0,"uagb_excerpt":"Acheter Wedding Crasher Strain Budder en Ligne en Europe D\u00e9couvrez le Wedding Crasher Strain Budder, un concentr\u00e9 hybride \u00e0 dominance indica qui offre une exp\u00e9rience exceptionnelle. Issu du croisement des c\u00e9l\u00e8bres souches Wedding Cake et Purple Punch, ce budder s\u00e9duit autant par ses ar\u00f4mes que par ses effets. Que vous recherchiez du soulagement ou un&hellip;","_links":{"self":[{"href":"https:\/\/pressurezone.shop\/it\/wp-json\/wp\/v2\/product\/3220"}],"collection":[{"href":"https:\/\/pressurezone.shop\/it\/wp-json\/wp\/v2\/product"}],"about":[{"href":"https:\/\/pressurezone.shop\/it\/wp-json\/wp\/v2\/types\/product"}],"replies":[{"embeddable":true,"href":"https:\/\/pressurezone.shop\/it\/wp-json\/wp\/v2\/comments?post=3220"}],"version-history":[{"count":3,"href":"https:\/\/pressurezone.shop\/it\/wp-json\/wp\/v2\/product\/3220\/revisions"}],"predecessor-version":[{"id":4642,"href":"https:\/\/pressurezone.shop\/it\/wp-json\/wp\/v2\/product\/3220\/revisions\/4642"}],"wp:featuredmedia":[{"embeddable":true,"href":"https:\/\/pressurezone.shop\/it\/wp-json\/wp\/v2\/media\/3296"}],"wp:attachment":[{"href":"https:\/\/pressurezone.shop\/it\/wp-json\/wp\/v2\/media?parent=3220"}],"wp:term":[{"taxonomy":"product_brand","embeddable":true,"href":"https:\/\/pressurezone.shop\/it\/wp-json\/wp\/v2\/product_brand?post=3220"},{"taxonomy":"product_cat","embeddable":true,"href":"https:\/\/pressurezone.shop\/it\/wp-json\/wp\/v2\/product_cat?post=3220"},{"taxonomy":"product_tag","embeddable":true,"href":"https:\/\/pressurezone.shop\/it\/wp-json\/wp\/v2\/product_tag?post=3220"}],"curies":[{"name":"wp","href":"https:\/\/api.w.org\/{rel}","templated":true}]}}