{"id":3245,"date":"2024-10-11T00:56:32","date_gmt":"2024-10-10T22:56:32","guid":{"rendered":"https:\/\/pressurezone.shop\/?post_type=product&#038;p=3245"},"modified":"2024-11-16T23:01:15","modified_gmt":"2024-11-16T22:01:15","slug":"cream-caramel-strain-budder","status":"publish","type":"product","link":"https:\/\/pressurezone.shop\/it\/prodotto\/budder-al-creme-caramel\/","title":{"rendered":"Cream Caramel Strain Budder - Indica"},"content":{"rendered":"<div class=\"flex-shrink-0 flex flex-col relative items-end\">\n<div>\n<div class=\"pt-0\">\n<div class=\"gizmo-bot-avatar flex h-8 w-8 items-center justify-center overflow-hidden rounded-full\">\n<div class=\"relative p-1 rounded-sm flex items-center justify-center bg-token-main-surface-primary text-token-text-primary h-8 w-8\"><\/div>\n<\/div>\n<\/div>\n<\/div>\n<\/div>\n<div class=\"group\/conversation-turn relative flex w-full min-w-0 flex-col agent-turn\">\n<div class=\"flex-col gap-1 md:gap-3\">\n<div class=\"flex max-w-full flex-col flex-grow\">\n<div class=\"min-h-8 text-message flex w-full flex-col items-end gap-2 whitespace-normal break-words [.text-message+&amp;]:mt-5\" dir=\"auto\" data-message-author-role=\"assistant\" data-message-id=\"d985e77f-380f-443d-8b38-c46aa790ecc9\" data-message-model-slug=\"gpt-4o\">\n<div class=\"flex w-full flex-col gap-1 empty:hidden first:pt-[3px]\">\n<div class=\"markdown prose w-full break-words dark:prose-invert light\">\n<h3>Comprare Cream Caramel Strain Budder - Indica Online in Europa<\/h3>\n<p><strong>Panna Caramello Ceppo Budder<\/strong> \u00e8 un concentrato di alta gamma progettato per migliorare la vostra esperienza con la cannabis. Questo ibrido a predominanza indica, con un rapporto <strong>90:10 indica-sativa<\/strong>\u00e8 il risultato di un incrocio tra le variet\u00e0 <strong>Foglia d'acero #1<\/strong>, <strong>BlueBack<\/strong> e <strong>Ceppi di cannabis Skunk<\/strong>. Rinomata per la sua cremosa essenza di caramello e per i suoi potenti effetti, \u00e8 un must per gli appassionati di cannabis e per i consumatori medici.<\/p>\n<hr \/>\n<h3><strong>Perch\u00e9 scegliere Cream Caramel Strain Budder?<\/strong><\/h3>\n<h4><strong>Un profilo aromatico ineguagliabile<\/strong><\/h4>\n<ul>\n<li><strong>I sapori<\/strong> Burro, Caramello, Caff\u00e8, Miele, Nocciola, Dolce, Vaniglia.<\/li>\n<li><strong>Aromi<\/strong> Caramello, terra, dolce, vaniglia.<\/li>\n<\/ul>\n<p>Ogni inalazione di questo budder avvolge i sensi in un'esperienza gourmet che ricorda uno squisito dessert.<\/p>\n<hr \/>\n<h3><strong>Benefici terapeutici<\/strong><\/h3>\n<p><strong>Budder di crema e caramello<\/strong> \u00e8 ricca di potenti cannabinoidi, che la rendono un'opzione ideale per chi cerca un sollievo terapeutico:<\/p>\n<ul>\n<li><strong>Euforia e relax<\/strong> Ideale per rilassarsi dopo una giornata stressante.<\/li>\n<li><strong>Effetto corpo<\/strong> Lenisce il dolore e la tensione, favorendo il benessere.<\/li>\n<li><strong>Propriet\u00e0 sedative<\/strong> Favorisce un sonno ristoratore e combatte l'insonnia.<\/li>\n<\/ul>\n<h4><strong>Applicazioni mediche<\/strong><\/h4>\n<p>Questa variet\u00e0 \u00e8 riconosciuta per la sua efficacia nel trattamento delle seguenti condizioni:<\/p>\n<ul>\n<li>ADHD (Disturbo da Deficit di Attenzione e Iperattivit\u00e0)<\/li>\n<li>Dolore cronico<\/li>\n<li>Insonnia<\/li>\n<li>Depressione<\/li>\n<li>PTSD (Disturbo Post-Traumatico da Stress)<\/li>\n<li>Spasmi muscolari<\/li>\n<li>Infiammazione<\/li>\n<li>Malattia di Crohn<\/li>\n<\/ul>\n<hr \/>\n<h3><strong>Effetti e potenza<\/strong><\/h3>\n<p><strong>Effetti<\/strong> Effetto corpo, euforia, felicit\u00e0, fame, rilassamento, sonnolenza.<br \/>\nGrazie ai suoi effetti profondamente rilassanti e stimolanti per l'umore, <strong>Budder di crema e caramello<\/strong> \u00e8 ideale per l'uso notturno. Le sue propriet\u00e0 sedative lo rendono particolarmente utile per gestire il dolore cronico, l'ansia e gli incubi.<a href=\"https:\/\/fuelpackz.com\/\" target=\"_blank\" rel=\"noopener\">.<\/a><\/p>\n<hr \/>\n<h3><strong>Come si usa il Cream Caramel Strain Budder?<\/strong><\/h3>\n<h4><strong>Metodi consigliati<\/strong><\/h4>\n<ol>\n<li><strong>Dabbing<\/strong> Utilizzate un dab rig per sfruttare appieno i sapori e gli effetti.<\/li>\n<li><strong>Vaporizzazione<\/strong> Caricare in un flacone spray compatibile con i concentrati per un'esperienza delicata.<\/li>\n<li><strong>Infusione<\/strong> Utilizzatelo nei prodotti commestibili o aggiungetelo alle ciotole e alle articolazioni per una maggiore potenza.<\/li>\n<\/ol>\n<hr \/>\n<h3><strong>Cosa distingue il Cream Caramel Budder?<\/strong><\/h3>\n<h4><strong>Artigianato di qualit\u00e0<\/strong><\/h4>\n<p>Realizzato con cannabis di altissima qualit\u00e0 e metodi di estrazione raffinati, questo budder offre una consistenza liscia e cremosa, preservando i terpeni.<\/p>\n<h4><strong>Sollievo potente<\/strong><\/h4>\n<p>Con un profilo cannabinoide equilibrato e un alto contenuto di THC, offre un sollievo duraturo per i disturbi fisici e mentali.<\/p>\n<hr \/>\n<h3><strong>Acquistare Cream Caramel Strain Budder online in Europa<\/strong><\/h3>\n<p>Concedetevi i sapori lussuosi e i benefici terapeutici di <strong>Budder di variet\u00e0 Cream Caramel - Indica<\/strong>. Se state cercando di alleviare il dolore cronico o semplicemente di rilassarvi, questo concentrato \u00e8 la soluzione perfetta.<\/p>\n<p><strong>Ordina ora su <a href=\"https:\/\/pressurezone.shop\/it\/\" target=\"_new\" rel=\"noopener\">PressureZone.Shop<\/a><\/strong> per una consegna rapida e discreta in tutta Europa.<\/p>\n<\/div>\n<\/div>\n<\/div>\n<\/div>\n<\/div>\n<\/div>","protected":false},"excerpt":{"rendered":"<p>Acheter Cream Caramel Strain Budder \u2013 Indica en Ligne en Europe Cream Caramel Strain Budder est un concentr\u00e9 haut de gamme con\u00e7u pour sublimer votre exp\u00e9rience cannabis. Cet hybride \u00e0 dominance indica, avec un ratio 90:10 indica-sativa, est issu d\u2019un croisement entre les vari\u00e9t\u00e9s Maple Leaf #1, BlueBack et Skunk Cannabis Strains. R\u00e9put\u00e9 pour son [&hellip;]<\/p>","protected":false},"featured_media":3322,"comment_status":"closed","ping_status":"closed","template":"","meta":{"_uag_custom_page_level_css":"","site-sidebar-layout":"default","site-content-layout":"","ast-site-content-layout":"default","site-content-style":"default","site-sidebar-style":"default","ast-global-header-display":"","ast-banner-title-visibility":"","ast-main-header-display":"","ast-hfb-above-header-display":"","ast-hfb-below-header-display":"","ast-hfb-mobile-header-display":"","site-post-title":"","ast-breadcrumbs-content":"","ast-featured-img":"","footer-sml-layout":"","theme-transparent-header-meta":"default","adv-header-id-meta":"","stick-header-meta":"","header-above-stick-meta":"","header-main-stick-meta":"","header-below-stick-meta":"","astra-migrate-meta-layouts":"set","ast-page-background-enabled":"default","ast-page-background-meta":{"desktop":{"background-color":"","background-image":"","background-repeat":"repeat","background-position":"center center","background-size":"auto","background-attachment":"scroll","background-type":"","background-media":"","overlay-type":"","overlay-color":"","overlay-opacity":"","overlay-gradient":""},"tablet":{"background-color":"","background-image":"","background-repeat":"repeat","background-position":"center center","background-size":"auto","background-attachment":"scroll","background-type":"","background-media":"","overlay-type":"","overlay-color":"","overlay-opacity":"","overlay-gradient":""},"mobile":{"background-color":"","background-image":"","background-repeat":"repeat","background-position":"center center","background-size":"auto","background-attachment":"scroll","background-type":"","background-media":"","overlay-type":"","overlay-color":"","overlay-opacity":"","overlay-gradient":""}},"ast-content-background-meta":{"desktop":{"background-color":"var(--ast-global-color-5)","background-image":"","background-repeat":"repeat","background-position":"center center","background-size":"auto","background-attachment":"scroll","background-type":"","background-media":"","overlay-type":"","overlay-color":"","overlay-opacity":"","overlay-gradient":""},"tablet":{"background-color":"var(--ast-global-color-5)","background-image":"","background-repeat":"repeat","background-position":"center center","background-size":"auto","background-attachment":"scroll","background-type":"","background-media":"","overlay-type":"","overlay-color":"","overlay-opacity":"","overlay-gradient":""},"mobile":{"background-color":"var(--ast-global-color-5)","background-image":"","background-repeat":"repeat","background-position":"center center","background-size":"auto","background-attachment":"scroll","background-type":"","background-media":"","overlay-type":"","overlay-color":"","overlay-opacity":"","overlay-gradient":""}}},"product_brand":[],"product_cat":[388,334],"product_tag":[407],"class_list":{"0":"post-3245","1":"product","2":"type-product","3":"status-publish","4":"has-post-thumbnail","6":"product_cat-cannabis-budder","7":"product_cat-concentres-de-marijuana","8":"product_tag-buy-cream-caramel-strain-budder-indica-europe","9":"desktop-align-left","10":"tablet-align-left","11":"mobile-align-left","13":"first","14":"instock","15":"shipping-taxable","16":"purchasable","17":"product-type-variable"},"uagb_featured_image_src":{"full":["https:\/\/pressurezone.shop\/wp-content\/uploads\/2024\/10\/Buy-Cream-Caramel-Strain-Budder-\u2013-Indica.webp",2048,1365,false],"thumbnail":["https:\/\/pressurezone.shop\/wp-content\/uploads\/2024\/10\/Buy-Cream-Caramel-Strain-Budder-\u2013-Indica-150x150.webp",150,150,true],"medium":["https:\/\/pressurezone.shop\/wp-content\/uploads\/2024\/10\/Buy-Cream-Caramel-Strain-Budder-\u2013-Indica-300x200.webp",300,200,true],"medium_large":["https:\/\/pressurezone.shop\/wp-content\/uploads\/2024\/10\/Buy-Cream-Caramel-Strain-Budder-\u2013-Indica-768x512.webp",768,512,true],"large":["https:\/\/pressurezone.shop\/wp-content\/uploads\/2024\/10\/Buy-Cream-Caramel-Strain-Budder-\u2013-Indica-1024x683.webp",1024,683,true],"1536x1536":["https:\/\/pressurezone.shop\/wp-content\/uploads\/2024\/10\/Buy-Cream-Caramel-Strain-Budder-\u2013-Indica-1536x1024.webp",1536,1024,true],"2048x2048":["https:\/\/pressurezone.shop\/wp-content\/uploads\/2024\/10\/Buy-Cream-Caramel-Strain-Budder-\u2013-Indica.webp",2048,1365,false],"trp-custom-language-flag":["https:\/\/pressurezone.shop\/wp-content\/uploads\/2024\/10\/Buy-Cream-Caramel-Strain-Budder-\u2013-Indica-18x12.webp",18,12,true],"woocommerce_thumbnail":["https:\/\/pressurezone.shop\/wp-content\/uploads\/2024\/10\/Buy-Cream-Caramel-Strain-Budder-\u2013-Indica-300x300.webp",300,300,true],"woocommerce_single":["https:\/\/pressurezone.shop\/wp-content\/uploads\/2024\/10\/Buy-Cream-Caramel-Strain-Budder-\u2013-Indica-600x400.webp",600,400,true],"woocommerce_gallery_thumbnail":["https:\/\/pressurezone.shop\/wp-content\/uploads\/2024\/10\/Buy-Cream-Caramel-Strain-Budder-\u2013-Indica-100x100.webp",100,100,true]},"uagb_author_info":{"display_name":"pressurezone.shop","author_link":"https:\/\/pressurezone.shop\/it\/author\/"},"uagb_comment_info":0,"uagb_excerpt":"Acheter Cream Caramel Strain Budder \u2013 Indica en Ligne en Europe Cream Caramel Strain Budder est un concentr\u00e9 haut de gamme con\u00e7u pour sublimer votre exp\u00e9rience cannabis. Cet hybride \u00e0 dominance indica, avec un ratio 90:10 indica-sativa, est issu d\u2019un croisement entre les vari\u00e9t\u00e9s Maple Leaf #1, BlueBack et Skunk Cannabis Strains. R\u00e9put\u00e9 pour son&hellip;","_links":{"self":[{"href":"https:\/\/pressurezone.shop\/it\/wp-json\/wp\/v2\/product\/3245"}],"collection":[{"href":"https:\/\/pressurezone.shop\/it\/wp-json\/wp\/v2\/product"}],"about":[{"href":"https:\/\/pressurezone.shop\/it\/wp-json\/wp\/v2\/types\/product"}],"replies":[{"embeddable":true,"href":"https:\/\/pressurezone.shop\/it\/wp-json\/wp\/v2\/comments?post=3245"}],"version-history":[{"count":3,"href":"https:\/\/pressurezone.shop\/it\/wp-json\/wp\/v2\/product\/3245\/revisions"}],"predecessor-version":[{"id":4555,"href":"https:\/\/pressurezone.shop\/it\/wp-json\/wp\/v2\/product\/3245\/revisions\/4555"}],"wp:featuredmedia":[{"embeddable":true,"href":"https:\/\/pressurezone.shop\/it\/wp-json\/wp\/v2\/media\/3322"}],"wp:attachment":[{"href":"https:\/\/pressurezone.shop\/it\/wp-json\/wp\/v2\/media?parent=3245"}],"wp:term":[{"taxonomy":"product_brand","embeddable":true,"href":"https:\/\/pressurezone.shop\/it\/wp-json\/wp\/v2\/product_brand?post=3245"},{"taxonomy":"product_cat","embeddable":true,"href":"https:\/\/pressurezone.shop\/it\/wp-json\/wp\/v2\/product_cat?post=3245"},{"taxonomy":"product_tag","embeddable":true,"href":"https:\/\/pressurezone.shop\/it\/wp-json\/wp\/v2\/product_tag?post=3245"}],"curies":[{"name":"wp","href":"https:\/\/api.w.org\/{rel}","templated":true}]}}