{"id":3265,"date":"2024-10-11T00:57:01","date_gmt":"2024-10-10T22:57:01","guid":{"rendered":"https:\/\/pressurezone.shop\/?post_type=product&#038;p=3265"},"modified":"2024-11-08T18:32:07","modified_gmt":"2024-11-08T17:32:07","slug":"live-resin-blackberry-kush","status":"publish","type":"product","link":"https:\/\/pressurezone.shop\/it\/prodotto\/resina-viva-blackberry-kush\/","title":{"rendered":"Resina viva Blackberry Kush"},"content":{"rendered":"<div class=\"flex-shrink-0 flex flex-col relative items-end\">\n<div>\n<div class=\"pt-0\">\n<div class=\"gizmo-bot-avatar flex h-8 w-8 items-center justify-center overflow-hidden rounded-full\">\n<div class=\"relative p-1 rounded-sm flex items-center justify-center bg-token-main-surface-primary text-token-text-primary h-8 w-8\"><\/div>\n<\/div>\n<\/div>\n<\/div>\n<\/div>\n<div class=\"group\/conversation-turn relative flex w-full min-w-0 flex-col agent-turn\">\n<div class=\"flex-col gap-1 md:gap-3\">\n<div class=\"flex max-w-full flex-col flex-grow\">\n<div class=\"min-h-8 text-message flex w-full flex-col items-end gap-2 whitespace-normal break-words [.text-message+&amp;]:mt-5\" dir=\"auto\" data-message-author-role=\"assistant\" data-message-id=\"a6e230e0-06ee-4d1a-9a8c-638badf3f92f\" data-message-model-slug=\"gpt-4o\">\n<div class=\"flex w-full flex-col gap-1 empty:hidden first:pt-[3px]\">\n<div class=\"markdown prose w-full break-words dark:prose-invert light\">\n<h3><strong>Acquista Live Resin Blackberry Kush Strain su <a href=\"https:\/\/pressurezone.shop\/it\/\" target=\"_new\" rel=\"noopener\">Negozio della zona di pressione<\/a><\/strong><\/h3>\n<p>Scoprire il <strong>Resina viva Blackberry Kush<\/strong>Live Resin \u00e8 un concentrato di indica estremamente potente, ideale per un rilassamento profondo e duraturo. Questa Live Resin proviene dalla famosa variet\u00e0 Blackberry Kush, nota per i suoi effetti calmanti e per i livelli di THC fino a 20%, offrendo un'esperienza gratificante per gli amanti della cannabis in cerca di sollievo fisico e mentale.<\/p>\n<h3>Perch\u00e9 scegliere la Blackberry Kush Live Resin?<\/h3>\n<p>Le <strong>Resina viva di Blackberry Kush<\/strong> \u00e8 rinomata per la sua consistenza fluida, con una concentrazione di terpeni che ne intensifica i sapori e gli aromi naturali. Questo concentrato \"simile a una salsa\" \u00e8 perfetto per chi cerca un'esperienza aromatica eccezionale con una maggiore potenza. Progettata per il relax notturno, questa resina viva \u00e8 ideale per calmare la mente e rilassare il corpo.<\/p>\n<ul>\n<li><strong>Tipo<\/strong> : Resina viva Indica<\/li>\n<li><strong>Origine<\/strong> : Blackberry Kush<\/li>\n<\/ul>\n<h3>Sapori e aromi di Live Resin Blackberry Kush<\/h3>\n<p>Le <strong>Resina viva Blackberry Kush<\/strong> \u00e8 ricco di sapore e aroma, con note di frutti di bosco e gasolio, offrendo un gusto dolce e leggermente terroso. Il suo profilo aromatico lo rende una scelta perfetta per gli amanti dei sapori intensi e unici.<\/p>\n<ul>\n<li><strong>I sapori<\/strong> Bacca, Diesel, Dolce<\/li>\n<li><strong>Aromi<\/strong> Bacca, Diesel, Dolce<\/li>\n<\/ul>\n<h3>Effetti e benefici di Live Resin Blackberry Kush<\/h3>\n<p>Questo concentrato produce un effetto euforico e rilassante, perfetto per alleviare lo stress e indurre un sonno ristoratore. Con le sue propriet\u00e0 calmanti <strong>Resina viva di Blackberry Kush<\/strong> \u00e8 ideale per gli utenti che cercano di alleviare l'ansia, la depressione e i disturbi del sonno<a href=\"https:\/\/fuelpackz.com\/\" target=\"_blank\" rel=\"noopener\">.<\/a><\/p>\n<ul>\n<li><strong>Effetti<\/strong> Euforia, Calma, Sonnolenza, Sensazione di calma<\/li>\n<li><strong>Ideale per<\/strong> Sollievo da ansia, depressione, insonnia e riduzione dello stress<\/li>\n<\/ul>\n<h3>Utilizzo ed esperienza<\/h3>\n<p>Grazie alla sua consistenza liquida e all'elevato contenuto di terpeni, la <strong>Resina viva Blackberry Kush<\/strong> \u00e8 facile da maneggiare e ideale per il dabbing o la vaporizzazione. I suoi effetti sono potenti ma delicati, offrendo un rilassamento completo senza eccessiva sonnolenza.<\/p>\n<h3>Ordina Live Resin Blackberry Kush su <a href=\"https:\/\/pressurezone.shop\/it\/\" target=\"_new\" rel=\"noopener\">Negozio della zona di pressione<\/a><\/h3>\n<p>Pronti per l'esperienza di relax definitiva? Ordinate il <strong>Resina viva di Blackberry Kush<\/strong> su <a href=\"https:\/\/pressurezone.shop\/it\/\" target=\"_new\" rel=\"noopener\">Negozio della zona di pressione<\/a> e beneficiare di una consegna rapida e discreta in tutta Europa. Godetevi i benefici terapeutici e il sapore indimenticabile di questa eccezionale resina viva.<\/p>\n<\/div>\n<\/div>\n<\/div>\n<\/div>\n<\/div>\n<\/div>","protected":false},"excerpt":{"rendered":"<p>Achetez du Live Resin Blackberry Kush Strain sur Pressure Zone Shop D\u00e9couvrez le Live Resin Blackberry Kush, un concentr\u00e9 d&rsquo;indica extr\u00eamement puissant, id\u00e9al pour une relaxation profonde et durable. Ce Live Resin est issu de la c\u00e9l\u00e8bre vari\u00e9t\u00e9 Blackberry Kush, connue pour ses effets calmants et son taux de THC atteignant les 20%, offrant une [&hellip;]<\/p>","protected":false},"featured_media":3342,"comment_status":"closed","ping_status":"closed","template":"","meta":{"_uag_custom_page_level_css":"","site-sidebar-layout":"default","site-content-layout":"","ast-site-content-layout":"default","site-content-style":"default","site-sidebar-style":"default","ast-global-header-display":"","ast-banner-title-visibility":"","ast-main-header-display":"","ast-hfb-above-header-display":"","ast-hfb-below-header-display":"","ast-hfb-mobile-header-display":"","site-post-title":"","ast-breadcrumbs-content":"","ast-featured-img":"","footer-sml-layout":"","theme-transparent-header-meta":"default","adv-header-id-meta":"","stick-header-meta":"","header-above-stick-meta":"","header-main-stick-meta":"","header-below-stick-meta":"","astra-migrate-meta-layouts":"set","ast-page-background-enabled":"default","ast-page-background-meta":{"desktop":{"background-color":"","background-image":"","background-repeat":"repeat","background-position":"center center","background-size":"auto","background-attachment":"scroll","background-type":"","background-media":"","overlay-type":"","overlay-color":"","overlay-opacity":"","overlay-gradient":""},"tablet":{"background-color":"","background-image":"","background-repeat":"repeat","background-position":"center center","background-size":"auto","background-attachment":"scroll","background-type":"","background-media":"","overlay-type":"","overlay-color":"","overlay-opacity":"","overlay-gradient":""},"mobile":{"background-color":"","background-image":"","background-repeat":"repeat","background-position":"center center","background-size":"auto","background-attachment":"scroll","background-type":"","background-media":"","overlay-type":"","overlay-color":"","overlay-opacity":"","overlay-gradient":""}},"ast-content-background-meta":{"desktop":{"background-color":"var(--ast-global-color-5)","background-image":"","background-repeat":"repeat","background-position":"center center","background-size":"auto","background-attachment":"scroll","background-type":"","background-media":"","overlay-type":"","overlay-color":"","overlay-opacity":"","overlay-gradient":""},"tablet":{"background-color":"var(--ast-global-color-5)","background-image":"","background-repeat":"repeat","background-position":"center center","background-size":"auto","background-attachment":"scroll","background-type":"","background-media":"","overlay-type":"","overlay-color":"","overlay-opacity":"","overlay-gradient":""},"mobile":{"background-color":"var(--ast-global-color-5)","background-image":"","background-repeat":"repeat","background-position":"center center","background-size":"auto","background-attachment":"scroll","background-type":"","background-media":"","overlay-type":"","overlay-color":"","overlay-opacity":"","overlay-gradient":""}}},"product_brand":[],"product_cat":[334,411],"product_tag":[420],"class_list":{"0":"post-3265","1":"product","2":"type-product","3":"status-publish","4":"has-post-thumbnail","6":"product_cat-concentres-de-marijuana","7":"product_cat-live-resin-concentrates","8":"product_tag-buy-blackberry-kush-strain-live-resin-online-europe","9":"desktop-align-left","10":"tablet-align-left","11":"mobile-align-left","13":"first","14":"instock","15":"shipping-taxable","16":"purchasable","17":"product-type-variable"},"uagb_featured_image_src":{"full":["https:\/\/pressurezone.shop\/wp-content\/uploads\/2024\/10\/Buy-Blackberry-Kush-Strain-Live-Resin.webp",2048,1365,false],"thumbnail":["https:\/\/pressurezone.shop\/wp-content\/uploads\/2024\/10\/Buy-Blackberry-Kush-Strain-Live-Resin-150x150.webp",150,150,true],"medium":["https:\/\/pressurezone.shop\/wp-content\/uploads\/2024\/10\/Buy-Blackberry-Kush-Strain-Live-Resin-300x200.webp",300,200,true],"medium_large":["https:\/\/pressurezone.shop\/wp-content\/uploads\/2024\/10\/Buy-Blackberry-Kush-Strain-Live-Resin-768x512.webp",768,512,true],"large":["https:\/\/pressurezone.shop\/wp-content\/uploads\/2024\/10\/Buy-Blackberry-Kush-Strain-Live-Resin-1024x683.webp",1024,683,true],"1536x1536":["https:\/\/pressurezone.shop\/wp-content\/uploads\/2024\/10\/Buy-Blackberry-Kush-Strain-Live-Resin-1536x1024.webp",1536,1024,true],"2048x2048":["https:\/\/pressurezone.shop\/wp-content\/uploads\/2024\/10\/Buy-Blackberry-Kush-Strain-Live-Resin.webp",2048,1365,false],"trp-custom-language-flag":["https:\/\/pressurezone.shop\/wp-content\/uploads\/2024\/10\/Buy-Blackberry-Kush-Strain-Live-Resin-18x12.webp",18,12,true],"woocommerce_thumbnail":["https:\/\/pressurezone.shop\/wp-content\/uploads\/2024\/10\/Buy-Blackberry-Kush-Strain-Live-Resin-300x300.webp",300,300,true],"woocommerce_single":["https:\/\/pressurezone.shop\/wp-content\/uploads\/2024\/10\/Buy-Blackberry-Kush-Strain-Live-Resin-600x400.webp",600,400,true],"woocommerce_gallery_thumbnail":["https:\/\/pressurezone.shop\/wp-content\/uploads\/2024\/10\/Buy-Blackberry-Kush-Strain-Live-Resin-100x100.webp",100,100,true]},"uagb_author_info":{"display_name":"pressurezone.shop","author_link":"https:\/\/pressurezone.shop\/it\/author\/"},"uagb_comment_info":0,"uagb_excerpt":"Achetez du Live Resin Blackberry Kush Strain sur Pressure Zone Shop D\u00e9couvrez le Live Resin Blackberry Kush, un concentr\u00e9 d&rsquo;indica extr\u00eamement puissant, id\u00e9al pour une relaxation profonde et durable. Ce Live Resin est issu de la c\u00e9l\u00e8bre vari\u00e9t\u00e9 Blackberry Kush, connue pour ses effets calmants et son taux de THC atteignant les 20%, offrant une&hellip;","_links":{"self":[{"href":"https:\/\/pressurezone.shop\/it\/wp-json\/wp\/v2\/product\/3265"}],"collection":[{"href":"https:\/\/pressurezone.shop\/it\/wp-json\/wp\/v2\/product"}],"about":[{"href":"https:\/\/pressurezone.shop\/it\/wp-json\/wp\/v2\/types\/product"}],"replies":[{"embeddable":true,"href":"https:\/\/pressurezone.shop\/it\/wp-json\/wp\/v2\/comments?post=3265"}],"version-history":[{"count":3,"href":"https:\/\/pressurezone.shop\/it\/wp-json\/wp\/v2\/product\/3265\/revisions"}],"predecessor-version":[{"id":4275,"href":"https:\/\/pressurezone.shop\/it\/wp-json\/wp\/v2\/product\/3265\/revisions\/4275"}],"wp:featuredmedia":[{"embeddable":true,"href":"https:\/\/pressurezone.shop\/it\/wp-json\/wp\/v2\/media\/3342"}],"wp:attachment":[{"href":"https:\/\/pressurezone.shop\/it\/wp-json\/wp\/v2\/media?parent=3265"}],"wp:term":[{"taxonomy":"product_brand","embeddable":true,"href":"https:\/\/pressurezone.shop\/it\/wp-json\/wp\/v2\/product_brand?post=3265"},{"taxonomy":"product_cat","embeddable":true,"href":"https:\/\/pressurezone.shop\/it\/wp-json\/wp\/v2\/product_cat?post=3265"},{"taxonomy":"product_tag","embeddable":true,"href":"https:\/\/pressurezone.shop\/it\/wp-json\/wp\/v2\/product_tag?post=3265"}],"curies":[{"name":"wp","href":"https:\/\/api.w.org\/{rel}","templated":true}]}}