{"id":3276,"date":"2024-10-11T00:57:28","date_gmt":"2024-10-10T22:57:28","guid":{"rendered":"https:\/\/pressurezone.shop\/?post_type=product&#038;p=3276"},"modified":"2024-11-08T21:23:46","modified_gmt":"2024-11-08T20:23:46","slug":"pineapple-express-live-resin","status":"publish","type":"product","link":"https:\/\/pressurezone.shop\/it\/prodotto\/pineapple-express-live-in-resina\/","title":{"rendered":"Ananas Express Resina viva"},"content":{"rendered":"<h3><strong>Acquista <\/strong>Ananas Express Resina viva <strong>In linea<\/strong><\/h3>\n<p>Scoprire il <strong>Resina viva di cannabis Pineapple Express<\/strong>una resina viva a dominanza sativa (60% sativa \/ 40% indica) che combina sapori tropicali con effetti energizzanti. Ispirata alla famosa variet\u00e0 di cannabis e all'iconico film che porta il suo nome, questa resina viva \u00e8 ideale per chi cerca uno sballo rinvigorente e chiaro.<\/p>\n<h3>Perch\u00e9 scegliere Pineapple Express Live Resin?<\/h3>\n<p>La <strong>Ananas Express Resina viva<\/strong> \u00e8 la scelta perfetta per chi ha bisogno di una spinta, sia per gestire compiti creativi che semplicemente per una sessione di relax ai tropici. Conservando l'aroma e i terpeni naturali della cannabis, questa resina viva si distingue per la sua qualit\u00e0 e potenza superiori.<a href=\"https:\/\/fuelpackz.com\/\" target=\"_blank\" rel=\"noopener\">.<\/a><\/p>\n<ul>\n<li><strong>Tipo<\/strong> A predominanza sativa (60% Sativa \/ 40% Indica)<\/li>\n<li><strong>Origine<\/strong> Ispirato al famoso Pineapple Express<\/li>\n<\/ul>\n<h3>Effetti e benefici della resina viva di cannabis Pineapple Express<\/h3>\n<p>Questa resina viva fornisce una sensazione di euforia ed energia, perfetta per migliorare la concentrazione e mantenere uno stato d'animo positivo. Aiuta inoltre ad alleviare una serie di disturbi, in particolare quelli legati allo stress e alla depressione.<\/p>\n<ul>\n<li><strong>Effetti<\/strong> Energizzante, euforia, concentrazione<\/li>\n<li><strong>Consigliato per<\/strong> Dolore cronico, depressione, affaticamento, perdita di appetito, emicrania, nausea, incubi.<\/li>\n<\/ul>\n<h3>Sapori e aromi della resina viva di cannabis Pineapple Express<\/h3>\n<p>Assaporate i sapori esotici dell'ananas e delle note agrumate mescolate con un tocco di pino. Quando si aspira, la dolcezza tropicale dell'ananas ci avvolge, aggiungendo un'esperienza sensoriale unica a ogni boccata.<\/p>\n<ul>\n<li><strong>I sapori<\/strong> : Agrumi, Pino, Ananas, Dolce, Tropicale<\/li>\n<li><strong>Aromi<\/strong> Terroso, Pino, Ananas, Dolce<\/li>\n<\/ul>\n<h3>Una resina viva ideale per il rilassamento e la chiarezza mentale<\/h3>\n<p>La <strong>Ananas Express Resina viva<\/strong> \u00e8 ideale per il dabbing o il vaping. Non solo aiuta ad alleviare lievi dolori, ma \u00e8 anche molto efficace nell'alleviare i sintomi di ansia, stress e depressione. La sua consistenza ricca di terpeni e gli effetti equilibrati la rendono perfetta per il consumo diurno.<\/p>\n<h3>Ordina la tua resina viva Pineapple Express su <a href=\"https:\/\/pressurezone.shop\/it\/\" target=\"_new\" rel=\"noopener\">Negozio della zona di pressione<\/a><\/h3>\n<p>Provate Pineapple Express nella sua forma pi\u00f9 pura con la nostra resina dal vivo, disponibile su <a href=\"https:\/\/pressurezone.shop\/it\/\" target=\"_new\" rel=\"noopener\">Negozio della zona di pressione<\/a>. Ideale per chi vuole unire sapore e sollievo, questa resina \u00e8 perfetta per ritrovare motivazione e benessere durante la giornata.<\/p>","protected":false},"excerpt":{"rendered":"<p>Achetez Pineapple Express Live Resin en Ligne D\u00e9couvrez la Pineapple Express Cannabis Live Resin, une r\u00e9sine live \u00e0 dominance sativa (60% sativa \/ 40% indica) qui combine des saveurs tropicales avec des effets \u00e9nergisants. Inspir\u00e9e par la c\u00e9l\u00e8bre vari\u00e9t\u00e9 de cannabis et le film embl\u00e9matique qui porte son nom, cette r\u00e9sine live est id\u00e9ale pour [&hellip;]<\/p>","protected":false},"featured_media":3364,"comment_status":"closed","ping_status":"closed","template":"","meta":{"_uag_custom_page_level_css":"","site-sidebar-layout":"default","site-content-layout":"","ast-site-content-layout":"default","site-content-style":"default","site-sidebar-style":"default","ast-global-header-display":"","ast-banner-title-visibility":"","ast-main-header-display":"","ast-hfb-above-header-display":"","ast-hfb-below-header-display":"","ast-hfb-mobile-header-display":"","site-post-title":"","ast-breadcrumbs-content":"","ast-featured-img":"","footer-sml-layout":"","theme-transparent-header-meta":"default","adv-header-id-meta":"","stick-header-meta":"","header-above-stick-meta":"","header-main-stick-meta":"","header-below-stick-meta":"","astra-migrate-meta-layouts":"set","ast-page-background-enabled":"default","ast-page-background-meta":{"desktop":{"background-color":"","background-image":"","background-repeat":"repeat","background-position":"center center","background-size":"auto","background-attachment":"scroll","background-type":"","background-media":"","overlay-type":"","overlay-color":"","overlay-opacity":"","overlay-gradient":""},"tablet":{"background-color":"","background-image":"","background-repeat":"repeat","background-position":"center center","background-size":"auto","background-attachment":"scroll","background-type":"","background-media":"","overlay-type":"","overlay-color":"","overlay-opacity":"","overlay-gradient":""},"mobile":{"background-color":"","background-image":"","background-repeat":"repeat","background-position":"center center","background-size":"auto","background-attachment":"scroll","background-type":"","background-media":"","overlay-type":"","overlay-color":"","overlay-opacity":"","overlay-gradient":""}},"ast-content-background-meta":{"desktop":{"background-color":"var(--ast-global-color-5)","background-image":"","background-repeat":"repeat","background-position":"center center","background-size":"auto","background-attachment":"scroll","background-type":"","background-media":"","overlay-type":"","overlay-color":"","overlay-opacity":"","overlay-gradient":""},"tablet":{"background-color":"var(--ast-global-color-5)","background-image":"","background-repeat":"repeat","background-position":"center center","background-size":"auto","background-attachment":"scroll","background-type":"","background-media":"","overlay-type":"","overlay-color":"","overlay-opacity":"","overlay-gradient":""},"mobile":{"background-color":"var(--ast-global-color-5)","background-image":"","background-repeat":"repeat","background-position":"center center","background-size":"auto","background-attachment":"scroll","background-type":"","background-media":"","overlay-type":"","overlay-color":"","overlay-opacity":"","overlay-gradient":""}}},"product_brand":[],"product_cat":[334,411],"product_tag":[427],"class_list":{"0":"post-3276","1":"product","2":"type-product","3":"status-publish","4":"has-post-thumbnail","6":"product_cat-concentres-de-marijuana","7":"product_cat-live-resin-concentrates","8":"product_tag-order-pineapple-express-cannabis-live-resin-europe","9":"desktop-align-left","10":"tablet-align-left","11":"mobile-align-left","13":"first","14":"instock","15":"shipping-taxable","16":"purchasable","17":"product-type-variable"},"uagb_featured_image_src":{"full":["https:\/\/pressurezone.shop\/wp-content\/uploads\/2024\/10\/Pineapple-Express-Cannabis-Live-Resin.webp",2048,1365,false],"thumbnail":["https:\/\/pressurezone.shop\/wp-content\/uploads\/2024\/10\/Pineapple-Express-Cannabis-Live-Resin-150x150.webp",150,150,true],"medium":["https:\/\/pressurezone.shop\/wp-content\/uploads\/2024\/10\/Pineapple-Express-Cannabis-Live-Resin-300x200.webp",300,200,true],"medium_large":["https:\/\/pressurezone.shop\/wp-content\/uploads\/2024\/10\/Pineapple-Express-Cannabis-Live-Resin-768x512.webp",768,512,true],"large":["https:\/\/pressurezone.shop\/wp-content\/uploads\/2024\/10\/Pineapple-Express-Cannabis-Live-Resin-1024x683.webp",1024,683,true],"1536x1536":["https:\/\/pressurezone.shop\/wp-content\/uploads\/2024\/10\/Pineapple-Express-Cannabis-Live-Resin-1536x1024.webp",1536,1024,true],"2048x2048":["https:\/\/pressurezone.shop\/wp-content\/uploads\/2024\/10\/Pineapple-Express-Cannabis-Live-Resin.webp",2048,1365,false],"trp-custom-language-flag":["https:\/\/pressurezone.shop\/wp-content\/uploads\/2024\/10\/Pineapple-Express-Cannabis-Live-Resin-18x12.webp",18,12,true],"woocommerce_thumbnail":["https:\/\/pressurezone.shop\/wp-content\/uploads\/2024\/10\/Pineapple-Express-Cannabis-Live-Resin-300x300.webp",300,300,true],"woocommerce_single":["https:\/\/pressurezone.shop\/wp-content\/uploads\/2024\/10\/Pineapple-Express-Cannabis-Live-Resin-600x400.webp",600,400,true],"woocommerce_gallery_thumbnail":["https:\/\/pressurezone.shop\/wp-content\/uploads\/2024\/10\/Pineapple-Express-Cannabis-Live-Resin-100x100.webp",100,100,true]},"uagb_author_info":{"display_name":"pressurezone.shop","author_link":"https:\/\/pressurezone.shop\/it\/author\/"},"uagb_comment_info":0,"uagb_excerpt":"Achetez Pineapple Express Live Resin en Ligne D\u00e9couvrez la Pineapple Express Cannabis Live Resin, une r\u00e9sine live \u00e0 dominance sativa (60% sativa \/ 40% indica) qui combine des saveurs tropicales avec des effets \u00e9nergisants. Inspir\u00e9e par la c\u00e9l\u00e8bre vari\u00e9t\u00e9 de cannabis et le film embl\u00e9matique qui porte son nom, cette r\u00e9sine live est id\u00e9ale pour&hellip;","_links":{"self":[{"href":"https:\/\/pressurezone.shop\/it\/wp-json\/wp\/v2\/product\/3276"}],"collection":[{"href":"https:\/\/pressurezone.shop\/it\/wp-json\/wp\/v2\/product"}],"about":[{"href":"https:\/\/pressurezone.shop\/it\/wp-json\/wp\/v2\/types\/product"}],"replies":[{"embeddable":true,"href":"https:\/\/pressurezone.shop\/it\/wp-json\/wp\/v2\/comments?post=3276"}],"version-history":[{"count":3,"href":"https:\/\/pressurezone.shop\/it\/wp-json\/wp\/v2\/product\/3276\/revisions"}],"predecessor-version":[{"id":4324,"href":"https:\/\/pressurezone.shop\/it\/wp-json\/wp\/v2\/product\/3276\/revisions\/4324"}],"wp:featuredmedia":[{"embeddable":true,"href":"https:\/\/pressurezone.shop\/it\/wp-json\/wp\/v2\/media\/3364"}],"wp:attachment":[{"href":"https:\/\/pressurezone.shop\/it\/wp-json\/wp\/v2\/media?parent=3276"}],"wp:term":[{"taxonomy":"product_brand","embeddable":true,"href":"https:\/\/pressurezone.shop\/it\/wp-json\/wp\/v2\/product_brand?post=3276"},{"taxonomy":"product_cat","embeddable":true,"href":"https:\/\/pressurezone.shop\/it\/wp-json\/wp\/v2\/product_cat?post=3276"},{"taxonomy":"product_tag","embeddable":true,"href":"https:\/\/pressurezone.shop\/it\/wp-json\/wp\/v2\/product_tag?post=3276"}],"curies":[{"name":"wp","href":"https:\/\/api.w.org\/{rel}","templated":true}]}}