{"id":3281,"date":"2024-10-11T00:57:50","date_gmt":"2024-10-10T22:57:50","guid":{"rendered":"https:\/\/pressurezone.shop\/?post_type=product&#038;p=3281"},"modified":"2024-11-08T20:33:27","modified_gmt":"2024-11-08T19:33:27","slug":"purple-kush-live-resin","status":"publish","type":"product","link":"https:\/\/pressurezone.shop\/it\/prodotto\/resina-viva-di-purple-kush\/","title":{"rendered":"Resina viva di Purple Kush"},"content":{"rendered":"<div class=\"flex-shrink-0 flex flex-col relative items-end\">\n<div>\n<div class=\"pt-0\">\n<div class=\"gizmo-bot-avatar flex h-8 w-8 items-center justify-center overflow-hidden rounded-full\">\n<div class=\"relative p-1 rounded-sm flex items-center justify-center bg-token-main-surface-primary text-token-text-primary h-8 w-8\"><\/div>\n<\/div>\n<\/div>\n<\/div>\n<\/div>\n<div class=\"group\/conversation-turn relative flex w-full min-w-0 flex-col agent-turn\">\n<div class=\"flex-col gap-1 md:gap-3\">\n<div class=\"flex max-w-full flex-col flex-grow\">\n<div class=\"min-h-8 text-message flex w-full flex-col items-end gap-2 whitespace-normal break-words [.text-message+&amp;]:mt-5\" dir=\"auto\" data-message-author-role=\"assistant\" data-message-id=\"6934c2fa-129c-47e1-95d2-10b1f3654af4\" data-message-model-slug=\"gpt-4o\">\n<div class=\"flex w-full flex-col gap-1 empty:hidden first:pt-[3px]\">\n<div class=\"markdown prose w-full break-words dark:prose-invert light\">\n<h3><strong>Acquista la resina viva di Purple Kush - Indica pura per il rilassamento profondo<\/strong><\/h3>\n<p>Disponibile in Europa su <a href=\"https:\/\/pressurezone.shop\/it\/\" target=\"_new\" rel=\"noopener\">Negozio della zona di pressione<\/a><\/p>\n<p>Le <strong>Resina viva Purple Kush<\/strong> \u00e8 l'essenza di un classico della cannabis, una potente resina che cattura le qualit\u00e0 uniche di questa variet\u00e0 indica 100%. Creata incrociando le famose variet\u00e0 Hindu Kush e Purple Afghani, questa resina viva \u00e8 un'esperienza di intenso relax e profonda felicit\u00e0 per gli amanti dell'indica.<\/p>\n<h3>Perch\u00e9 scegliere la Live Resin Purple Kush?<\/h3>\n<p>Le <strong>Resina viva di Purple Kush<\/strong> \u00e8 un'estrazione concentrata di alta qualit\u00e0 che conserva la ricchezza dei terpeni e dei cannabinoidi naturali della pianta, offrendo un'esperienza aromatica e gustativa senza pari. Con un profilo aromatico distinto e un alto contenuto di THC, questo concentrato \u00e8 perfetto per chi cerca un potente rilassamento del corpo e un sonno ristoratore.<a href=\"https:\/\/fuelpackz.com\/\" target=\"_blank\" rel=\"noopener\">.<\/a><\/p>\n<ul>\n<li><strong>Tipo<\/strong> Indica pura<\/li>\n<li><strong>Origine<\/strong> Incrocio Hindu Kush X Purple Afghani<\/li>\n<li><strong>Effetto principale<\/strong> Rilassamento intenso, dolce euforia<\/li>\n<\/ul>\n<h3>Effetti e benefici della resina viva di Purple Kush<\/h3>\n<p>Le <strong>Resina viva Purple Kush<\/strong> induce una leggera euforia seguita da un intenso rilassamento fisico che porta a un sonno profondo. Ideale per chi soffre di insonnia, dolore cronico e stress, questo concentrato \u00e8 perfetto per l'uso serale.<\/p>\n<ul>\n<li><strong>Effetti<\/strong> Euforia, rilassamento corporeo, sonnolenza, benessere<\/li>\n<li><strong>Ideale per<\/strong> Insonnia, dolore cronico, spasmi muscolari, stress, perdita di appetito<\/li>\n<\/ul>\n<h3>Sapori e aromi di Purple Kush Live Resin<\/h3>\n<p>Questa resina viva offre ricchi sapori di bacche e uva e una dolcezza naturale che ricorda il vino rosso. Il suo aroma \u00e8 altrettanto potente, con note terrose e speziate, e offre un'esperienza sensoriale unica ad ogni inalazione.<\/p>\n<ul>\n<li><strong>I sapori<\/strong> Bacca, Uva, Dolce<\/li>\n<li><strong>Aromi<\/strong> Terroso, Uva, Speziato, Dolce<\/li>\n<\/ul>\n<h3>Esperienza del consumatore<\/h3>\n<p>Progettato per gli appassionati di resine potenti, il <strong>Resina viva di Purple Kush<\/strong> offre una consistenza fluida e facile da maneggiare, ideale per tamponare e vaporizzare. Lasciatevi trasportare da un profondo relax e godetevi un momento di assoluta calma.<\/p>\n<h3>Ordina Live Resin Purple Kush su <a href=\"https:\/\/pressurezone.shop\/it\/\" target=\"_new\" rel=\"noopener\">Negozio della zona di pressione<\/a><\/h3>\n<p>Siete pronti a scoprire la pura essenza dell'indica? Ordinate la <strong>Resina viva di Purple Kush<\/strong> da oggi in poi <a href=\"https:\/\/pressurezone.shop\/it\/\" target=\"_new\" rel=\"noopener\">Negozio della zona di pressione<\/a> e beneficiare di una consegna rapida in Europa. Questa resina viva \u00e8 la scelta perfetta per chi cerca un rilassamento profondo e un sollievo duraturo.<\/p>\n<\/div>\n<\/div>\n<\/div>\n<\/div>\n<\/div>\n<\/div>","protected":false},"excerpt":{"rendered":"<p>Achetez du Purple Kush Live Resin \u2013 Indica Pure pour Relaxation Profonde Disponible en Europe sur Pressure Zone Shop Le Live Resin Purple Kush est l\u2019essence d\u2019un classique du cannabis, une r\u00e9sine puissante qui capture les qualit\u00e9s uniques de cette vari\u00e9t\u00e9 100% indica. Cr\u00e9\u00e9 par un croisement entre les c\u00e9l\u00e8bres souches Hindu Kush et Purple [&hellip;]<\/p>","protected":false},"featured_media":3366,"comment_status":"closed","ping_status":"closed","template":"","meta":{"_uag_custom_page_level_css":"","site-sidebar-layout":"default","site-content-layout":"","ast-site-content-layout":"default","site-content-style":"default","site-sidebar-style":"default","ast-global-header-display":"","ast-banner-title-visibility":"","ast-main-header-display":"","ast-hfb-above-header-display":"","ast-hfb-below-header-display":"","ast-hfb-mobile-header-display":"","site-post-title":"","ast-breadcrumbs-content":"","ast-featured-img":"","footer-sml-layout":"","theme-transparent-header-meta":"default","adv-header-id-meta":"","stick-header-meta":"","header-above-stick-meta":"","header-main-stick-meta":"","header-below-stick-meta":"","astra-migrate-meta-layouts":"set","ast-page-background-enabled":"default","ast-page-background-meta":{"desktop":{"background-color":"","background-image":"","background-repeat":"repeat","background-position":"center center","background-size":"auto","background-attachment":"scroll","background-type":"","background-media":"","overlay-type":"","overlay-color":"","overlay-opacity":"","overlay-gradient":""},"tablet":{"background-color":"","background-image":"","background-repeat":"repeat","background-position":"center center","background-size":"auto","background-attachment":"scroll","background-type":"","background-media":"","overlay-type":"","overlay-color":"","overlay-opacity":"","overlay-gradient":""},"mobile":{"background-color":"","background-image":"","background-repeat":"repeat","background-position":"center center","background-size":"auto","background-attachment":"scroll","background-type":"","background-media":"","overlay-type":"","overlay-color":"","overlay-opacity":"","overlay-gradient":""}},"ast-content-background-meta":{"desktop":{"background-color":"var(--ast-global-color-5)","background-image":"","background-repeat":"repeat","background-position":"center center","background-size":"auto","background-attachment":"scroll","background-type":"","background-media":"","overlay-type":"","overlay-color":"","overlay-opacity":"","overlay-gradient":""},"tablet":{"background-color":"var(--ast-global-color-5)","background-image":"","background-repeat":"repeat","background-position":"center center","background-size":"auto","background-attachment":"scroll","background-type":"","background-media":"","overlay-type":"","overlay-color":"","overlay-opacity":"","overlay-gradient":""},"mobile":{"background-color":"var(--ast-global-color-5)","background-image":"","background-repeat":"repeat","background-position":"center center","background-size":"auto","background-attachment":"scroll","background-type":"","background-media":"","overlay-type":"","overlay-color":"","overlay-opacity":"","overlay-gradient":""}}},"product_brand":[],"product_cat":[334,411],"product_tag":[416,428,418,419],"class_list":{"0":"post-3281","1":"product","2":"type-product","3":"status-publish","4":"has-post-thumbnail","6":"product_cat-concentres-de-marijuana","7":"product_cat-live-resin-concentrates","8":"product_tag-bulk-dabs-online","9":"product_tag-order-buy-purple-kush-strain-live-resin-europe","10":"product_tag-thca-rosin-online-europe","11":"product_tag-where-to-shop-live-resin-europe","12":"desktop-align-left","13":"tablet-align-left","14":"mobile-align-left","16":"first","17":"instock","18":"shipping-taxable","19":"purchasable","20":"product-type-variable"},"uagb_featured_image_src":{"full":["https:\/\/pressurezone.shop\/wp-content\/uploads\/2024\/10\/Buy-Purple-Kush-Strain-Live-Resin.webp",2048,1365,false],"thumbnail":["https:\/\/pressurezone.shop\/wp-content\/uploads\/2024\/10\/Buy-Purple-Kush-Strain-Live-Resin-150x150.webp",150,150,true],"medium":["https:\/\/pressurezone.shop\/wp-content\/uploads\/2024\/10\/Buy-Purple-Kush-Strain-Live-Resin-300x200.webp",300,200,true],"medium_large":["https:\/\/pressurezone.shop\/wp-content\/uploads\/2024\/10\/Buy-Purple-Kush-Strain-Live-Resin-768x512.webp",768,512,true],"large":["https:\/\/pressurezone.shop\/wp-content\/uploads\/2024\/10\/Buy-Purple-Kush-Strain-Live-Resin-1024x683.webp",1024,683,true],"1536x1536":["https:\/\/pressurezone.shop\/wp-content\/uploads\/2024\/10\/Buy-Purple-Kush-Strain-Live-Resin-1536x1024.webp",1536,1024,true],"2048x2048":["https:\/\/pressurezone.shop\/wp-content\/uploads\/2024\/10\/Buy-Purple-Kush-Strain-Live-Resin.webp",2048,1365,false],"trp-custom-language-flag":["https:\/\/pressurezone.shop\/wp-content\/uploads\/2024\/10\/Buy-Purple-Kush-Strain-Live-Resin-18x12.webp",18,12,true],"woocommerce_thumbnail":["https:\/\/pressurezone.shop\/wp-content\/uploads\/2024\/10\/Buy-Purple-Kush-Strain-Live-Resin-300x300.webp",300,300,true],"woocommerce_single":["https:\/\/pressurezone.shop\/wp-content\/uploads\/2024\/10\/Buy-Purple-Kush-Strain-Live-Resin-600x400.webp",600,400,true],"woocommerce_gallery_thumbnail":["https:\/\/pressurezone.shop\/wp-content\/uploads\/2024\/10\/Buy-Purple-Kush-Strain-Live-Resin-100x100.webp",100,100,true]},"uagb_author_info":{"display_name":"pressurezone.shop","author_link":"https:\/\/pressurezone.shop\/it\/author\/"},"uagb_comment_info":0,"uagb_excerpt":"Achetez du Purple Kush Live Resin \u2013 Indica Pure pour Relaxation Profonde Disponible en Europe sur Pressure Zone Shop Le Live Resin Purple Kush est l\u2019essence d\u2019un classique du cannabis, une r\u00e9sine puissante qui capture les qualit\u00e9s uniques de cette vari\u00e9t\u00e9 100% indica. Cr\u00e9\u00e9 par un croisement entre les c\u00e9l\u00e8bres souches Hindu Kush et Purple&hellip;","_links":{"self":[{"href":"https:\/\/pressurezone.shop\/it\/wp-json\/wp\/v2\/product\/3281"}],"collection":[{"href":"https:\/\/pressurezone.shop\/it\/wp-json\/wp\/v2\/product"}],"about":[{"href":"https:\/\/pressurezone.shop\/it\/wp-json\/wp\/v2\/types\/product"}],"replies":[{"embeddable":true,"href":"https:\/\/pressurezone.shop\/it\/wp-json\/wp\/v2\/comments?post=3281"}],"version-history":[{"count":3,"href":"https:\/\/pressurezone.shop\/it\/wp-json\/wp\/v2\/product\/3281\/revisions"}],"predecessor-version":[{"id":4291,"href":"https:\/\/pressurezone.shop\/it\/wp-json\/wp\/v2\/product\/3281\/revisions\/4291"}],"wp:featuredmedia":[{"embeddable":true,"href":"https:\/\/pressurezone.shop\/it\/wp-json\/wp\/v2\/media\/3366"}],"wp:attachment":[{"href":"https:\/\/pressurezone.shop\/it\/wp-json\/wp\/v2\/media?parent=3281"}],"wp:term":[{"taxonomy":"product_brand","embeddable":true,"href":"https:\/\/pressurezone.shop\/it\/wp-json\/wp\/v2\/product_brand?post=3281"},{"taxonomy":"product_cat","embeddable":true,"href":"https:\/\/pressurezone.shop\/it\/wp-json\/wp\/v2\/product_cat?post=3281"},{"taxonomy":"product_tag","embeddable":true,"href":"https:\/\/pressurezone.shop\/it\/wp-json\/wp\/v2\/product_tag?post=3281"}],"curies":[{"name":"wp","href":"https:\/\/api.w.org\/{rel}","templated":true}]}}