{"id":3300,"date":"2024-10-11T00:58:50","date_gmt":"2024-10-10T22:58:50","guid":{"rendered":"https:\/\/pressurezone.shop\/?post_type=product&#038;p=3300"},"modified":"2024-11-13T17:59:48","modified_gmt":"2024-11-13T16:59:48","slug":"blackberry-cobbler-weed-live-resin","status":"publish","type":"product","link":"https:\/\/pressurezone.shop\/it\/prodotto\/mirtillo-nero-in-resina-viva\/","title":{"rendered":"Mora Cobbler Erba viva in resina"},"content":{"rendered":"<div class=\"flex-shrink-0 flex flex-col relative items-end\">\n<div>\n<div class=\"pt-0\">\n<div class=\"gizmo-bot-avatar flex h-8 w-8 items-center justify-center overflow-hidden rounded-full\">\n<div class=\"relative p-1 rounded-sm flex items-center justify-center bg-token-main-surface-primary text-token-text-primary h-8 w-8\"><\/div>\n<\/div>\n<\/div>\n<\/div>\n<\/div>\n<div class=\"group\/conversation-turn relative flex w-full min-w-0 flex-col agent-turn\">\n<div class=\"flex-col gap-1 md:gap-3\">\n<div class=\"flex max-w-full flex-col flex-grow\">\n<div class=\"min-h-8 text-message flex w-full flex-col items-end gap-2 whitespace-normal break-words [.text-message+&amp;]:mt-5\" dir=\"auto\" data-message-author-role=\"assistant\" data-message-id=\"d726ea1c-d389-4e26-8e95-e2ec311ca1cc\" data-message-model-slug=\"gpt-4o\">\n<div class=\"flex w-full flex-col gap-1 empty:hidden first:pt-[3px]\">\n<div class=\"markdown prose w-full break-words dark:prose-invert light\">\n<h3><strong>Acquistare la resina viva di Blackberry Cobbler Weed in Europa<\/strong><\/h3>\n<p>Scoprire il<strong>Eccezionale mora Cobbler Erba viva in resina<\/strong>un concentrato di cannabis di qualit\u00e0 superiore ottenuto dalle famose variet\u00e0 <strong>Mora Kush<\/strong> e <strong>Trainwreck<\/strong>. Questo concentrato ibrido a leggera dominanza indica offre un'esperienza rilassante unica, ricreando i ricchi sapori naturali della pianta con un profilo di effetti morbido e potente. Con la sua seducente miscela di dolcezza fruttata e note terrose, Blackberry Cobbler Live Resin \u00e8 ideale per chi cerca un concentrato gustoso ed efficace.<\/p>\n<hr \/>\n<h3><strong>Perch\u00e9 scegliere la resina viva di Blackberry Cobbler Weed?<\/strong><\/h3>\n<p>Il Blackberry Cobbler Live Resin \u00e8 apprezzato per la sua <strong>effetti equilibrati<\/strong> che offrono uno sballo corporeo di lunga durata e uno stato di rilassamento, perfetto per rilassarsi dopo una lunga giornata. L'influenza dell'indica fornisce un effetto calmo e rilassante, mentre un tocco di sativa aiuta a mantenere la mente fresca e vigile, ideale per una serata tranquilla o un weekend rilassante.<\/p>\n<hr \/>\n<h3><strong>Effetti della resina viva di Blackberry Cobbler Weed :<\/strong><\/h3>\n<ul>\n<li><strong>Alta Corporeit\u00e0<\/strong> Un'ondata di comfort rilassante che distende i muscoli e allevia le tensioni.<\/li>\n<li><strong>A lungo termine<\/strong> Effetti di lunga durata, perfetti per un rilassamento prolungato.<\/li>\n<li><strong>Rilassante<\/strong> Calma la mente e il corpo, aiutando a ridurre lo stress.<\/li>\n<\/ul>\n<h3><strong>Ideale per alleviare :<\/strong><\/h3>\n<ul>\n<li><strong>Dolore cronico<\/strong> Perfetto per lenire i disagi fisici.<\/li>\n<li><strong>Depressione e stanchezza<\/strong> Migliora l'umore e combatte la stanchezza.<\/li>\n<li><strong>Insonnia<\/strong> Aiuta ad addormentarsi per un sonno profondo e ristoratore.<\/li>\n<\/ul>\n<hr \/>\n<h3><strong>Sapore e aroma della resina viva Blackberry Cobbler<\/strong><\/h3>\n<p>Questa resina dal vivo offre <strong>sapore di bacche dolci<\/strong> con un pizzico di erbe speziate, rendendo ogni inalazione piacevole come la precedente. Con un pizzico di terriccio e di puzzola, Blackberry Cobbler offre una ricca esperienza sensoriale, sia per quanto riguarda il gusto che per il sapore. <strong>dolce<\/strong> e <strong>potente<\/strong>.<\/p>\n<ul>\n<li><strong>I sapori<\/strong> Frutto di bosco, fruttato, dolce<\/li>\n<li><strong>Aromi<\/strong> Bacca, terroso, fruttato, potente<\/li>\n<\/ul>\n<hr \/>\n<h3><strong>Cosa rende speciale Live Resin?<\/strong><\/h3>\n<p>La resina viva \u00e8 diventata rapidamente la scelta preferita dagli appassionati di cannabis per la sua capacit\u00e0 di catturare l'essenza della pianta. <strong>spettro completo di cannabinoidi e terpeni<\/strong> presenti nella pianta. La resina viva di Blackberry Cobbler preserva gli oli naturali, dando vita a un concentrato delicato e aromatico dalla consistenza fluida e ricca di terpeni, spesso pi\u00f9 malleabile dei concentrati tradizionali.<a href=\"https:\/\/fuelpackz.com\/\" target=\"_blank\" rel=\"noopener\">.<\/a><\/p>\n<ul>\n<li><strong>Opzioni di coerenza<\/strong> Linfa, Zucchero, Badder, Budder e Salsa - con il Blackberry Cobbler che tende ad una consistenza di <strong>salsa<\/strong> per ottenere il massimo del sapore e dell'aroma.<\/li>\n<\/ul>\n<hr \/>\n<h3><strong>Come gustare il Blackberry Cobbler in resina viva<\/strong><\/h3>\n<ol>\n<li><strong>Dabbing<\/strong> Per un gusto puro ed effetti rapidi.<\/li>\n<li><strong>Vaporizzazione<\/strong> Utilizzare un flacone spray progettato per i concentrati per un'esperienza delicata e controllata.<\/li>\n<li><strong>Migliorare i fiori<\/strong> Aggiungete una piccola quantit\u00e0 alla vostra canna o al vostro tubo per ottenere maggiore forza e sapore.<\/li>\n<\/ol>\n<hr \/>\n<h3><strong>Ordina oggi stesso da Pressure Zone Shop<\/strong><\/h3>\n<p>Non perdetevi l'esperienza premium di <strong>Mora Cobbler Erba viva in resina<\/strong>. Ordina ora su <a href=\"https:\/\/pressurezone.shop\/it\/\" target=\"_new\" rel=\"noopener\">Negozio della zona di pressione<\/a> e godetevi questo eccezionale concentrato, rinomato per i suoi potenti effetti e il suo sapore delizioso. Concedetevi il concentrato di cannabis per eccellenza e trasformate ogni momento in un viaggio rilassante e ricco di sapori.<\/p>\n<\/div>\n<\/div>\n<\/div>\n<\/div>\n<\/div>\n<\/div>","protected":false},"excerpt":{"rendered":"<p>Achetez le Live Resin de Blackberry Cobbler Weed en Ligne en Europe D\u00e9couvrez l\u2019exceptionnel Blackberry Cobbler Weed Live Resin, un concentr\u00e9 de cannabis premium fabriqu\u00e9 \u00e0 partir des c\u00e9l\u00e8bres vari\u00e9t\u00e9s Blackberry Kush et Trainwreck. Ce concentr\u00e9 hybride l\u00e9g\u00e8rement \u00e0 dominante indica offre une exp\u00e9rience relaxante unique, restituant les riches saveurs naturelles de la plante avec [&hellip;]<\/p>","protected":false},"featured_media":3382,"comment_status":"closed","ping_status":"closed","template":"","meta":{"_uag_custom_page_level_css":"","site-sidebar-layout":"default","site-content-layout":"","ast-site-content-layout":"default","site-content-style":"default","site-sidebar-style":"default","ast-global-header-display":"","ast-banner-title-visibility":"","ast-main-header-display":"","ast-hfb-above-header-display":"","ast-hfb-below-header-display":"","ast-hfb-mobile-header-display":"","site-post-title":"","ast-breadcrumbs-content":"","ast-featured-img":"","footer-sml-layout":"","theme-transparent-header-meta":"default","adv-header-id-meta":"","stick-header-meta":"","header-above-stick-meta":"","header-main-stick-meta":"","header-below-stick-meta":"","astra-migrate-meta-layouts":"set","ast-page-background-enabled":"default","ast-page-background-meta":{"desktop":{"background-color":"","background-image":"","background-repeat":"repeat","background-position":"center center","background-size":"auto","background-attachment":"scroll","background-type":"","background-media":"","overlay-type":"","overlay-color":"","overlay-opacity":"","overlay-gradient":""},"tablet":{"background-color":"","background-image":"","background-repeat":"repeat","background-position":"center center","background-size":"auto","background-attachment":"scroll","background-type":"","background-media":"","overlay-type":"","overlay-color":"","overlay-opacity":"","overlay-gradient":""},"mobile":{"background-color":"","background-image":"","background-repeat":"repeat","background-position":"center center","background-size":"auto","background-attachment":"scroll","background-type":"","background-media":"","overlay-type":"","overlay-color":"","overlay-opacity":"","overlay-gradient":""}},"ast-content-background-meta":{"desktop":{"background-color":"var(--ast-global-color-5)","background-image":"","background-repeat":"repeat","background-position":"center center","background-size":"auto","background-attachment":"scroll","background-type":"","background-media":"","overlay-type":"","overlay-color":"","overlay-opacity":"","overlay-gradient":""},"tablet":{"background-color":"var(--ast-global-color-5)","background-image":"","background-repeat":"repeat","background-position":"center center","background-size":"auto","background-attachment":"scroll","background-type":"","background-media":"","overlay-type":"","overlay-color":"","overlay-opacity":"","overlay-gradient":""},"mobile":{"background-color":"var(--ast-global-color-5)","background-image":"","background-repeat":"repeat","background-position":"center center","background-size":"auto","background-attachment":"scroll","background-type":"","background-media":"","overlay-type":"","overlay-color":"","overlay-opacity":"","overlay-gradient":""}}},"product_brand":[],"product_cat":[334,436],"product_tag":[437],"class_list":{"0":"post-3300","1":"product","2":"type-product","3":"status-publish","4":"has-post-thumbnail","6":"product_cat-concentres-de-marijuana","7":"product_cat-achetez-du-shatter-dab-wax","8":"product_tag-buy-blackberry-cobbler-weed-live-resin-online-europe","9":"desktop-align-left","10":"tablet-align-left","11":"mobile-align-left","13":"first","14":"instock","15":"shipping-taxable","16":"purchasable","17":"product-type-variable"},"uagb_featured_image_src":{"full":["https:\/\/pressurezone.shop\/wp-content\/uploads\/2024\/10\/Blackberry-Cobbler-Weed-Live-Resin.webp",2048,1365,false],"thumbnail":["https:\/\/pressurezone.shop\/wp-content\/uploads\/2024\/10\/Blackberry-Cobbler-Weed-Live-Resin-150x150.webp",150,150,true],"medium":["https:\/\/pressurezone.shop\/wp-content\/uploads\/2024\/10\/Blackberry-Cobbler-Weed-Live-Resin-300x200.webp",300,200,true],"medium_large":["https:\/\/pressurezone.shop\/wp-content\/uploads\/2024\/10\/Blackberry-Cobbler-Weed-Live-Resin-768x512.webp",768,512,true],"large":["https:\/\/pressurezone.shop\/wp-content\/uploads\/2024\/10\/Blackberry-Cobbler-Weed-Live-Resin-1024x683.webp",1024,683,true],"1536x1536":["https:\/\/pressurezone.shop\/wp-content\/uploads\/2024\/10\/Blackberry-Cobbler-Weed-Live-Resin-1536x1024.webp",1536,1024,true],"2048x2048":["https:\/\/pressurezone.shop\/wp-content\/uploads\/2024\/10\/Blackberry-Cobbler-Weed-Live-Resin.webp",2048,1365,false],"trp-custom-language-flag":["https:\/\/pressurezone.shop\/wp-content\/uploads\/2024\/10\/Blackberry-Cobbler-Weed-Live-Resin-18x12.webp",18,12,true],"woocommerce_thumbnail":["https:\/\/pressurezone.shop\/wp-content\/uploads\/2024\/10\/Blackberry-Cobbler-Weed-Live-Resin-300x300.webp",300,300,true],"woocommerce_single":["https:\/\/pressurezone.shop\/wp-content\/uploads\/2024\/10\/Blackberry-Cobbler-Weed-Live-Resin-600x400.webp",600,400,true],"woocommerce_gallery_thumbnail":["https:\/\/pressurezone.shop\/wp-content\/uploads\/2024\/10\/Blackberry-Cobbler-Weed-Live-Resin-100x100.webp",100,100,true]},"uagb_author_info":{"display_name":"pressurezone.shop","author_link":"https:\/\/pressurezone.shop\/it\/author\/"},"uagb_comment_info":0,"uagb_excerpt":"Achetez le Live Resin de Blackberry Cobbler Weed en Ligne en Europe D\u00e9couvrez l\u2019exceptionnel Blackberry Cobbler Weed Live Resin, un concentr\u00e9 de cannabis premium fabriqu\u00e9 \u00e0 partir des c\u00e9l\u00e8bres vari\u00e9t\u00e9s Blackberry Kush et Trainwreck. Ce concentr\u00e9 hybride l\u00e9g\u00e8rement \u00e0 dominante indica offre une exp\u00e9rience relaxante unique, restituant les riches saveurs naturelles de la plante avec&hellip;","_links":{"self":[{"href":"https:\/\/pressurezone.shop\/it\/wp-json\/wp\/v2\/product\/3300"}],"collection":[{"href":"https:\/\/pressurezone.shop\/it\/wp-json\/wp\/v2\/product"}],"about":[{"href":"https:\/\/pressurezone.shop\/it\/wp-json\/wp\/v2\/types\/product"}],"replies":[{"embeddable":true,"href":"https:\/\/pressurezone.shop\/it\/wp-json\/wp\/v2\/comments?post=3300"}],"version-history":[{"count":3,"href":"https:\/\/pressurezone.shop\/it\/wp-json\/wp\/v2\/product\/3300\/revisions"}],"predecessor-version":[{"id":4376,"href":"https:\/\/pressurezone.shop\/it\/wp-json\/wp\/v2\/product\/3300\/revisions\/4376"}],"wp:featuredmedia":[{"embeddable":true,"href":"https:\/\/pressurezone.shop\/it\/wp-json\/wp\/v2\/media\/3382"}],"wp:attachment":[{"href":"https:\/\/pressurezone.shop\/it\/wp-json\/wp\/v2\/media?parent=3300"}],"wp:term":[{"taxonomy":"product_brand","embeddable":true,"href":"https:\/\/pressurezone.shop\/it\/wp-json\/wp\/v2\/product_brand?post=3300"},{"taxonomy":"product_cat","embeddable":true,"href":"https:\/\/pressurezone.shop\/it\/wp-json\/wp\/v2\/product_cat?post=3300"},{"taxonomy":"product_tag","embeddable":true,"href":"https:\/\/pressurezone.shop\/it\/wp-json\/wp\/v2\/product_tag?post=3300"}],"curies":[{"name":"wp","href":"https:\/\/api.w.org\/{rel}","templated":true}]}}