{"id":3312,"date":"2024-10-11T00:59:17","date_gmt":"2024-10-10T22:59:17","guid":{"rendered":"https:\/\/pressurezone.shop\/?post_type=product&#038;p=3312"},"modified":"2024-11-08T21:10:05","modified_gmt":"2024-11-08T20:10:05","slug":"king-tut-live-resin","status":"publish","type":"product","link":"https:\/\/pressurezone.shop\/it\/prodotto\/re-tut-dal-vivo-in-resina\/","title":{"rendered":"Re Tut in resina viva"},"content":{"rendered":"<div class=\"flex-shrink-0 flex flex-col relative items-end\">\n<div>\n<div class=\"pt-0\">\n<div class=\"gizmo-bot-avatar flex h-8 w-8 items-center justify-center overflow-hidden rounded-full\">\n<div class=\"relative p-1 rounded-sm flex items-center justify-center bg-token-main-surface-primary text-token-text-primary h-8 w-8\"><\/div>\n<\/div>\n<\/div>\n<\/div>\n<\/div>\n<div class=\"group\/conversation-turn relative flex w-full min-w-0 flex-col agent-turn\">\n<div class=\"flex-col gap-1 md:gap-3\">\n<div class=\"flex max-w-full flex-col flex-grow\">\n<div class=\"min-h-8 text-message flex w-full flex-col items-end gap-2 whitespace-normal break-words [.text-message+&amp;]:mt-5\" dir=\"auto\" data-message-author-role=\"assistant\" data-message-id=\"006a4b41-a5c8-4495-9073-a5c845d7573d\" data-message-model-slug=\"gpt-4o\">\n<div class=\"flex w-full flex-col gap-1 empty:hidden first:pt-[3px]\">\n<div class=\"markdown prose w-full break-words dark:prose-invert light\">\n<h3><strong>Acquista online la variet\u00e0 di cannabis King Tut Live Resin - Disponibile in Europa<\/strong><\/h3>\n<p>Scoprite l'intensit\u00e0 di <strong>Resina viva di Cannabis del ceppo King Tut<\/strong>disponibile all'indirizzo <a href=\"https:\/\/pressurezone.shop\/it\/\" target=\"_new\" rel=\"noopener\">Negozio della zona di pressione<\/a>. Ispirato all'antica leggenda egizia, King Tut \u00e8 un concentrato a dominanza sativa (80% sativa\/20% indica) rinomato per i suoi effetti energizzanti ed euforici. Si pensa che il suo capostipite sia l'incomparabile <strong>AK-47<\/strong>famosa per il suo aroma puzzolente e i suoi potenti effetti cerebrali.<\/p>\n<h3>Cosa rende unico il King Tut Live Resin?<\/h3>\n<p>La <strong>Re Tut in resina viva<\/strong> \u00e8 una delle preferite dagli amanti della sativa per il suo high attivo e vibrante, perfetto per chi vuole rimanere funzionale godendosi una sensazione esaltante. Questo concentrato \u00e8 realizzato con materie prime fresche, garantendo un prodotto ricco di terpeni e aromi naturali.<a href=\"https:\/\/fuelpackz.com\/\" target=\"_blank\" rel=\"noopener\">.<\/a><\/p>\n<ul>\n<li><strong>Tipo<\/strong> Ibrido a dominanza sativa (80% Sativa \/ 20% Indica)<\/li>\n<li><strong>Origine<\/strong> AK-47 probabile genitore<\/li>\n<\/ul>\n<h3>Effetti e benefici della resina King Tut Live<\/h3>\n<p>Ideale per l'uso diurno, il <strong>Re Tut in resina viva<\/strong> stimola la mente mantenendo il corpo rilassato e libero dallo stress. Gli effetti sono caratterizzati da un rapido aumento dell'euforia e da un'energia duratura, perfetta per affrontare compiti creativi o sociali.<\/p>\n<ul>\n<li><strong>Effetti<\/strong> Ronzio cerebrale, Energia, Euforia, Gioia, Stimolante<\/li>\n<li><strong>Consigliato per<\/strong> Dolore cronico, depressione, insonnia, stress<\/li>\n<\/ul>\n<h3>Sapori e aromi della resina viva King Tut<\/h3>\n<p>Con note di limone e terra, King Tut Live Resin offre un'esperienza di gusto unica. Il profilo gustativo \u00e8 ricco di aromi di agrumi e skunky, con un accenno di terrosit\u00e0 che spicca alla prima inspirazione. Gli intenditori di cannabis apprezzeranno il carattere audace e pronunciato di questo concentrato.<\/p>\n<ul>\n<li><strong>I sapori<\/strong> Agrumi, terroso, speziato, sapido<\/li>\n<li><strong>Aromi<\/strong> Agrumi, terroso, sapido, piccante<\/li>\n<\/ul>\n<h3>Come utilizzare King Tut Live Resin<\/h3>\n<p>La <strong>Re Tut in resina viva<\/strong> \u00e8 perfetto per il dabbing e il vaping grazie alla sua consistenza fluida e ai terpeni naturali conservati. Godetevi questo concentrato per una carica di energia creativa o per alleggerire la giornata con uno stato d'animo positivo.<\/p>\n<h3>Ordina King Tut Live Resin su <a href=\"https:\/\/pressurezone.shop\/it\/\" target=\"_new\" rel=\"noopener\">Negozio della zona di pressione<\/a><\/h3>\n<p>Rivitalizzate la vostra giornata con <strong>Re Tut in resina viva<\/strong> da <a href=\"https:\/\/pressurezone.shop\/it\/\" target=\"_new\" rel=\"noopener\">Negozio della zona di pressione<\/a>. Questo concentrato a predominanza sativa \u00e8 l'accompagnamento ideale per chi cerca un effetto stimolante e creativo. Ordinate dall'Europa e godetevi la resina viva di alta qualit\u00e0 a portata di mano per ogni occasione!<\/p>\n<\/div>\n<\/div>\n<\/div>\n<\/div>\n<\/div>\n<\/div>","protected":false},"excerpt":{"rendered":"<p>Achetez King Tut Live Resin Cannabis Strain en Ligne &#8211; Disponible en Europe D\u00e9couvrez l&rsquo;intensit\u00e9 de King Tut Strain Cannabis Live Resin, disponible sur Pressure Zone Shop. Inspir\u00e9 par la l\u00e9gende de l\u2019\u00c9gypte antique, le King Tut est un concentr\u00e9 \u00e0 dominance sativa (80% sativa\/20% indica), reconnu pour ses effets \u00e9nergisants et euphoriques. On pense [&hellip;]<\/p>","protected":false},"featured_media":3394,"comment_status":"closed","ping_status":"closed","template":"","meta":{"_uag_custom_page_level_css":"","site-sidebar-layout":"default","site-content-layout":"","ast-site-content-layout":"default","site-content-style":"default","site-sidebar-style":"default","ast-global-header-display":"","ast-banner-title-visibility":"","ast-main-header-display":"","ast-hfb-above-header-display":"","ast-hfb-below-header-display":"","ast-hfb-mobile-header-display":"","site-post-title":"","ast-breadcrumbs-content":"","ast-featured-img":"","footer-sml-layout":"","theme-transparent-header-meta":"default","adv-header-id-meta":"","stick-header-meta":"","header-above-stick-meta":"","header-main-stick-meta":"","header-below-stick-meta":"","astra-migrate-meta-layouts":"set","ast-page-background-enabled":"default","ast-page-background-meta":{"desktop":{"background-color":"","background-image":"","background-repeat":"repeat","background-position":"center center","background-size":"auto","background-attachment":"scroll","background-type":"","background-media":"","overlay-type":"","overlay-color":"","overlay-opacity":"","overlay-gradient":""},"tablet":{"background-color":"","background-image":"","background-repeat":"repeat","background-position":"center center","background-size":"auto","background-attachment":"scroll","background-type":"","background-media":"","overlay-type":"","overlay-color":"","overlay-opacity":"","overlay-gradient":""},"mobile":{"background-color":"","background-image":"","background-repeat":"repeat","background-position":"center center","background-size":"auto","background-attachment":"scroll","background-type":"","background-media":"","overlay-type":"","overlay-color":"","overlay-opacity":"","overlay-gradient":""}},"ast-content-background-meta":{"desktop":{"background-color":"var(--ast-global-color-5)","background-image":"","background-repeat":"repeat","background-position":"center center","background-size":"auto","background-attachment":"scroll","background-type":"","background-media":"","overlay-type":"","overlay-color":"","overlay-opacity":"","overlay-gradient":""},"tablet":{"background-color":"var(--ast-global-color-5)","background-image":"","background-repeat":"repeat","background-position":"center center","background-size":"auto","background-attachment":"scroll","background-type":"","background-media":"","overlay-type":"","overlay-color":"","overlay-opacity":"","overlay-gradient":""},"mobile":{"background-color":"var(--ast-global-color-5)","background-image":"","background-repeat":"repeat","background-position":"center center","background-size":"auto","background-attachment":"scroll","background-type":"","background-media":"","overlay-type":"","overlay-color":"","overlay-opacity":"","overlay-gradient":""}}},"product_brand":[],"product_cat":[334,411],"product_tag":[416,441,418,419],"class_list":{"0":"post-3312","1":"product","2":"type-product","3":"status-publish","4":"has-post-thumbnail","6":"product_cat-concentres-de-marijuana","7":"product_cat-live-resin-concentrates","8":"product_tag-bulk-dabs-online","9":"product_tag-order-king-tut-strain-cannabis-live-resin-europe","10":"product_tag-thca-rosin-online-europe","11":"product_tag-where-to-shop-live-resin-europe","12":"desktop-align-left","13":"tablet-align-left","14":"mobile-align-left","16":"first","17":"instock","18":"shipping-taxable","19":"purchasable","20":"product-type-variable"},"uagb_featured_image_src":{"full":["https:\/\/pressurezone.shop\/wp-content\/uploads\/2024\/10\/King-Tut-Strain-Cannabis-Live-Resin.webp",2048,1365,false],"thumbnail":["https:\/\/pressurezone.shop\/wp-content\/uploads\/2024\/10\/King-Tut-Strain-Cannabis-Live-Resin-150x150.webp",150,150,true],"medium":["https:\/\/pressurezone.shop\/wp-content\/uploads\/2024\/10\/King-Tut-Strain-Cannabis-Live-Resin-300x200.webp",300,200,true],"medium_large":["https:\/\/pressurezone.shop\/wp-content\/uploads\/2024\/10\/King-Tut-Strain-Cannabis-Live-Resin-768x512.webp",768,512,true],"large":["https:\/\/pressurezone.shop\/wp-content\/uploads\/2024\/10\/King-Tut-Strain-Cannabis-Live-Resin-1024x683.webp",1024,683,true],"1536x1536":["https:\/\/pressurezone.shop\/wp-content\/uploads\/2024\/10\/King-Tut-Strain-Cannabis-Live-Resin-1536x1024.webp",1536,1024,true],"2048x2048":["https:\/\/pressurezone.shop\/wp-content\/uploads\/2024\/10\/King-Tut-Strain-Cannabis-Live-Resin.webp",2048,1365,false],"trp-custom-language-flag":["https:\/\/pressurezone.shop\/wp-content\/uploads\/2024\/10\/King-Tut-Strain-Cannabis-Live-Resin-18x12.webp",18,12,true],"woocommerce_thumbnail":["https:\/\/pressurezone.shop\/wp-content\/uploads\/2024\/10\/King-Tut-Strain-Cannabis-Live-Resin-300x300.webp",300,300,true],"woocommerce_single":["https:\/\/pressurezone.shop\/wp-content\/uploads\/2024\/10\/King-Tut-Strain-Cannabis-Live-Resin-600x400.webp",600,400,true],"woocommerce_gallery_thumbnail":["https:\/\/pressurezone.shop\/wp-content\/uploads\/2024\/10\/King-Tut-Strain-Cannabis-Live-Resin-100x100.webp",100,100,true]},"uagb_author_info":{"display_name":"pressurezone.shop","author_link":"https:\/\/pressurezone.shop\/it\/author\/"},"uagb_comment_info":0,"uagb_excerpt":"Achetez King Tut Live Resin Cannabis Strain en Ligne &#8211; Disponible en Europe D\u00e9couvrez l&rsquo;intensit\u00e9 de King Tut Strain Cannabis Live Resin, disponible sur Pressure Zone Shop. Inspir\u00e9 par la l\u00e9gende de l\u2019\u00c9gypte antique, le King Tut est un concentr\u00e9 \u00e0 dominance sativa (80% sativa\/20% indica), reconnu pour ses effets \u00e9nergisants et euphoriques. On pense&hellip;","_links":{"self":[{"href":"https:\/\/pressurezone.shop\/it\/wp-json\/wp\/v2\/product\/3312"}],"collection":[{"href":"https:\/\/pressurezone.shop\/it\/wp-json\/wp\/v2\/product"}],"about":[{"href":"https:\/\/pressurezone.shop\/it\/wp-json\/wp\/v2\/types\/product"}],"replies":[{"embeddable":true,"href":"https:\/\/pressurezone.shop\/it\/wp-json\/wp\/v2\/comments?post=3312"}],"version-history":[{"count":3,"href":"https:\/\/pressurezone.shop\/it\/wp-json\/wp\/v2\/product\/3312\/revisions"}],"predecessor-version":[{"id":4308,"href":"https:\/\/pressurezone.shop\/it\/wp-json\/wp\/v2\/product\/3312\/revisions\/4308"}],"wp:featuredmedia":[{"embeddable":true,"href":"https:\/\/pressurezone.shop\/it\/wp-json\/wp\/v2\/media\/3394"}],"wp:attachment":[{"href":"https:\/\/pressurezone.shop\/it\/wp-json\/wp\/v2\/media?parent=3312"}],"wp:term":[{"taxonomy":"product_brand","embeddable":true,"href":"https:\/\/pressurezone.shop\/it\/wp-json\/wp\/v2\/product_brand?post=3312"},{"taxonomy":"product_cat","embeddable":true,"href":"https:\/\/pressurezone.shop\/it\/wp-json\/wp\/v2\/product_cat?post=3312"},{"taxonomy":"product_tag","embeddable":true,"href":"https:\/\/pressurezone.shop\/it\/wp-json\/wp\/v2\/product_tag?post=3312"}],"curies":[{"name":"wp","href":"https:\/\/api.w.org\/{rel}","templated":true}]}}