{"id":3315,"date":"2024-10-11T00:59:18","date_gmt":"2024-10-10T22:59:18","guid":{"rendered":"https:\/\/pressurezone.shop\/?post_type=product&#038;p=3315"},"modified":"2024-11-15T21:22:01","modified_gmt":"2024-11-15T20:22:01","slug":"green-crack-shatter","status":"publish","type":"product","link":"https:\/\/pressurezone.shop\/it\/prodotto\/verde-crepa-frantumarsi\/","title":{"rendered":"Frammenti di crepe verdi"},"content":{"rendered":"<div class=\"flex-shrink-0 flex flex-col relative items-end\">\n<div>\n<div class=\"pt-0\">\n<div class=\"gizmo-bot-avatar flex h-8 w-8 items-center justify-center overflow-hidden rounded-full\">\n<div class=\"relative p-1 rounded-sm flex items-center justify-center bg-token-main-surface-primary text-token-text-primary h-8 w-8\"><\/div>\n<\/div>\n<\/div>\n<\/div>\n<\/div>\n<div class=\"group\/conversation-turn relative flex w-full min-w-0 flex-col agent-turn\">\n<div class=\"flex-col gap-1 md:gap-3\">\n<div class=\"flex max-w-full flex-col flex-grow\">\n<div class=\"min-h-8 text-message flex w-full flex-col items-end gap-2 whitespace-normal break-words [.text-message+&amp;]:mt-5\" dir=\"auto\" data-message-author-role=\"assistant\" data-message-id=\"bd29f4a4-615a-4dc4-bffb-5b2ddae4bfb8\" data-message-model-slug=\"gpt-4o\">\n<div class=\"flex w-full flex-col gap-1 empty:hidden first:pt-[3px]\">\n<div class=\"markdown prose w-full break-words dark:prose-invert light\">\n<h3><strong>Acquistare Green Crack Shatter online in Europa<\/strong><\/h3>\n<p>Scoprire il <strong>Frammenti di crepe verdi<\/strong>un eccezionale concentrato di cannabis che incarna energia e creativit\u00e0 grazie al suo profilo sativa dominante. Questo shatter di prima qualit\u00e0 \u00e8 derivato dalla famosa <strong>Puzzola #1<\/strong> per riproduzione selettiva, offrendo un'esperienza energizzante e rinvigorente.<a href=\"https:\/\/fuelpackz.com\/\" target=\"_blank\" rel=\"noopener\">.<\/a><\/p>\n<hr \/>\n<h3><strong>Perch\u00e9 scegliere Green Crack Shatter?<\/strong><\/h3>\n<p>Le <strong>Frammenti di crepe verdi<\/strong> \u00e8 l'opzione ideale per i consumatori alla ricerca di un intenso sballo cerebrale e di una spinta energetica. Con un rapporto <strong>65% Sativa \/ 35% Indica<\/strong>\u00c8 perfetto per stimolare la creativit\u00e0 e migliorare la produttivit\u00e0 durante la giornata.<\/p>\n<ul>\n<li><strong>Energia<\/strong> Ideale per combattere la stanchezza e mantenere la motivazione.<\/li>\n<li><strong>Stimolazione cerebrale<\/strong> Favorisce la concentrazione e la chiarezza mentale.<\/li>\n<li><strong>Cannabis di alta qualit\u00e0<\/strong> Realizzato con cura per ottenere purezza e sapore ottimali.<\/li>\n<\/ul>\n<hr \/>\n<h3><strong>Effetti della frantumazione del crack verde<\/strong><\/h3>\n<p>Le <strong>Frammenti di crepe verdi<\/strong> offre un'esperienza cerebrale esaltante, unita a effetti energizzanti che aiutano a rimanere attivi e produttivi.<\/p>\n<ul>\n<li><strong>Effetti principali<\/strong> :\n<ul>\n<li>Energia e motivazione.<\/li>\n<li>Miglioramento dell'umore.<\/li>\n<li>Chiarezza mentale e creativit\u00e0.<\/li>\n<\/ul>\n<\/li>\n<\/ul>\n<hr \/>\n<h3><strong>Benefici terapeutici<\/strong><\/h3>\n<p>Le <strong>Frammenti di crepe verdi<\/strong> \u00e8 apprezzata per le sue propriet\u00e0 terapeutiche, che forniscono un efficace sollievo per una variet\u00e0 di disturbi:<\/p>\n<ul>\n<li><strong>Pu\u00f2 alleviare<\/strong> :\n<ul>\n<li><strong>Ansia e depressione<\/strong> Promuove una sensazione di calma e felicit\u00e0.<\/li>\n<li><strong>ADHD e PTSD<\/strong> Aiuta a migliorare la concentrazione e a ridurre i sintomi legati allo stress.<\/li>\n<li><strong>Emicrania<\/strong> Allevia il dolore e il fastidio persistenti.<\/li>\n<\/ul>\n<\/li>\n<\/ul>\n<hr \/>\n<h3><strong>Gusti e aromi di Green Crack Shatter<\/strong><\/h3>\n<p>Questo concentrato \u00e8 apprezzato anche per il suo profilo aromatico e gustativo unico:<\/p>\n<ul>\n<li><strong>I sapori<\/strong> Fruttato, terroso, dolce.<\/li>\n<li><strong>Aromi<\/strong> Tropicale, fruttato, speziato.<\/li>\n<\/ul>\n<p>Il suo sapore agrumato e le sue sfumature dolci offrono un'esperienza di gusto rinfrescante, perfetta per gli amanti della cannabis di qualit\u00e0.<\/p>\n<hr \/>\n<h3><strong>Come utilizzare Green Crack Shatter?<\/strong><\/h3>\n<p>Sfruttate appieno i vantaggi di <strong>Frammenti di crepe verdi<\/strong> grazie ai seguenti metodi di consumo:<\/p>\n<ol>\n<li><strong>Dab<\/strong> Inalare nuvole concentrate per un'esperienza rapida e potente.<\/li>\n<li><strong>Vaporizzazione<\/strong> Un modo delicato ed efficace per gustare i sapori naturali.<\/li>\n<li><strong>Miscela<\/strong> Aggiungetelo agli spinelli o ai blunt per intensificare gli effetti.<\/li>\n<\/ol>\n<hr \/>\n<h3><strong>Perch\u00e9 acquistare da Pressure Zone Shop?<\/strong><\/h3>\n<p>Acquista su <a href=\"https:\/\/pressurezone.shop\/it\/\" target=\"_new\" rel=\"noopener\">Negozio della zona di pressione<\/a> garantito :<\/p>\n<ul>\n<li><strong>Qualit\u00e0 superiore<\/strong> Prodotti testati e certificati per la loro purezza.<\/li>\n<li><strong>Consegna discreta<\/strong> Spedizione rapida e sicura in tutta Europa.<\/li>\n<li><strong>Soddisfazione garantita<\/strong> Un servizio clienti eccezionale per soddisfare le vostre esigenze.<\/li>\n<\/ul>\n<hr \/>\n<h3><strong>Ordina ora Green Crack Shatter<\/strong><\/h3>\n<p>Migliorate la vostra vita quotidiana con <strong>Frammenti di crepe verdi<\/strong>un concentrato di cannabis di prima qualit\u00e0 che vi accompagner\u00e0 nei vostri momenti di creativit\u00e0 e produttivit\u00e0.<\/p>\n<p><strong>Non perdete questa opportunit\u00e0<\/strong> sperimentare un concentrato di cannabis di livello mondiale. <strong>Ordina oggi<\/strong> su <a href=\"https:\/\/pressurezone.shop\/it\/\" target=\"_new\" rel=\"noopener\">Negozio della zona di pressione<\/a> e ricevere il vostro prodotto in modo rapido e discreto.<\/p>\n<\/div>\n<\/div>\n<\/div>\n<\/div>\n<\/div>\n<\/div>","protected":false},"excerpt":{"rendered":"<h4 class=\"variety\"><strong>Ibrido a dominanza sativa - 65% Sativa \/ 35% Indica\u00a0<\/strong><strong>THC: 82%<\/strong><\/h4>\n<p><strong>Effetti<\/strong><\/p>\n<p>Cerebrale, Creativo, Energizzante, Concentrato, Felice<\/p>\n<p><strong>Pu\u00f2 alleviare<\/strong><\/p>\n<p>Ansia, Autismo, Disturbo bipolare, Dolore cronico, Depressione, Stanchezza, Perdita di appetito, Emicrania, PTSD, Stress<\/p>","protected":false},"featured_media":3400,"comment_status":"closed","ping_status":"closed","template":"","meta":{"_uag_custom_page_level_css":"","site-sidebar-layout":"default","site-content-layout":"","ast-site-content-layout":"default","site-content-style":"default","site-sidebar-style":"default","ast-global-header-display":"","ast-banner-title-visibility":"","ast-main-header-display":"","ast-hfb-above-header-display":"","ast-hfb-below-header-display":"","ast-hfb-mobile-header-display":"","site-post-title":"","ast-breadcrumbs-content":"","ast-featured-img":"","footer-sml-layout":"","theme-transparent-header-meta":"default","adv-header-id-meta":"","stick-header-meta":"","header-above-stick-meta":"","header-main-stick-meta":"","header-below-stick-meta":"","astra-migrate-meta-layouts":"set","ast-page-background-enabled":"default","ast-page-background-meta":{"desktop":{"background-color":"","background-image":"","background-repeat":"repeat","background-position":"center center","background-size":"auto","background-attachment":"scroll","background-type":"","background-media":"","overlay-type":"","overlay-color":"","overlay-opacity":"","overlay-gradient":""},"tablet":{"background-color":"","background-image":"","background-repeat":"repeat","background-position":"center center","background-size":"auto","background-attachment":"scroll","background-type":"","background-media":"","overlay-type":"","overlay-color":"","overlay-opacity":"","overlay-gradient":""},"mobile":{"background-color":"","background-image":"","background-repeat":"repeat","background-position":"center center","background-size":"auto","background-attachment":"scroll","background-type":"","background-media":"","overlay-type":"","overlay-color":"","overlay-opacity":"","overlay-gradient":""}},"ast-content-background-meta":{"desktop":{"background-color":"var(--ast-global-color-5)","background-image":"","background-repeat":"repeat","background-position":"center center","background-size":"auto","background-attachment":"scroll","background-type":"","background-media":"","overlay-type":"","overlay-color":"","overlay-opacity":"","overlay-gradient":""},"tablet":{"background-color":"var(--ast-global-color-5)","background-image":"","background-repeat":"repeat","background-position":"center center","background-size":"auto","background-attachment":"scroll","background-type":"","background-media":"","overlay-type":"","overlay-color":"","overlay-opacity":"","overlay-gradient":""},"mobile":{"background-color":"var(--ast-global-color-5)","background-image":"","background-repeat":"repeat","background-position":"center center","background-size":"auto","background-attachment":"scroll","background-type":"","background-media":"","overlay-type":"","overlay-color":"","overlay-opacity":"","overlay-gradient":""}}},"product_brand":[],"product_cat":[334,436],"product_tag":[443],"class_list":{"0":"post-3315","1":"product","2":"type-product","3":"status-publish","4":"has-post-thumbnail","6":"product_cat-concentres-de-marijuana","7":"product_cat-achetez-du-shatter-dab-wax","8":"product_tag-buy-green-crack-shatter-europe","9":"desktop-align-left","10":"tablet-align-left","11":"mobile-align-left","13":"first","14":"instock","15":"shipping-taxable","16":"purchasable","17":"product-type-variable"},"uagb_featured_image_src":{"full":["https:\/\/pressurezone.shop\/wp-content\/uploads\/2024\/10\/Buy-Green-Crack-Shatter.webp",800,800,false],"thumbnail":["https:\/\/pressurezone.shop\/wp-content\/uploads\/2024\/10\/Buy-Green-Crack-Shatter-150x150.webp",150,150,true],"medium":["https:\/\/pressurezone.shop\/wp-content\/uploads\/2024\/10\/Buy-Green-Crack-Shatter-300x300.webp",300,300,true],"medium_large":["https:\/\/pressurezone.shop\/wp-content\/uploads\/2024\/10\/Buy-Green-Crack-Shatter-768x768.webp",768,768,true],"large":["https:\/\/pressurezone.shop\/wp-content\/uploads\/2024\/10\/Buy-Green-Crack-Shatter.webp",800,800,false],"1536x1536":["https:\/\/pressurezone.shop\/wp-content\/uploads\/2024\/10\/Buy-Green-Crack-Shatter.webp",800,800,false],"2048x2048":["https:\/\/pressurezone.shop\/wp-content\/uploads\/2024\/10\/Buy-Green-Crack-Shatter.webp",800,800,false],"trp-custom-language-flag":["https:\/\/pressurezone.shop\/wp-content\/uploads\/2024\/10\/Buy-Green-Crack-Shatter-12x12.webp",12,12,true],"woocommerce_thumbnail":["https:\/\/pressurezone.shop\/wp-content\/uploads\/2024\/10\/Buy-Green-Crack-Shatter-300x300.webp",300,300,true],"woocommerce_single":["https:\/\/pressurezone.shop\/wp-content\/uploads\/2024\/10\/Buy-Green-Crack-Shatter-600x600.webp",600,600,true],"woocommerce_gallery_thumbnail":["https:\/\/pressurezone.shop\/wp-content\/uploads\/2024\/10\/Buy-Green-Crack-Shatter-100x100.webp",100,100,true]},"uagb_author_info":{"display_name":"pressurezone.shop","author_link":"https:\/\/pressurezone.shop\/it\/author\/"},"uagb_comment_info":0,"uagb_excerpt":"Sativa Dominant Hybrid \u2013 65% Sativa \/ 35% Indica |\u00a0THC: 82% Effects Cerebral, Creative, Energizing, Focus, Happy May Relieve Anxiety, Autism, Bipolar Disorder, Chronic Pain, Depression, Fatigue, Loss of Appetite, Migraines, PTSD, Stress","_links":{"self":[{"href":"https:\/\/pressurezone.shop\/it\/wp-json\/wp\/v2\/product\/3315"}],"collection":[{"href":"https:\/\/pressurezone.shop\/it\/wp-json\/wp\/v2\/product"}],"about":[{"href":"https:\/\/pressurezone.shop\/it\/wp-json\/wp\/v2\/types\/product"}],"replies":[{"embeddable":true,"href":"https:\/\/pressurezone.shop\/it\/wp-json\/wp\/v2\/comments?post=3315"}],"version-history":[{"count":3,"href":"https:\/\/pressurezone.shop\/it\/wp-json\/wp\/v2\/product\/3315\/revisions"}],"predecessor-version":[{"id":4441,"href":"https:\/\/pressurezone.shop\/it\/wp-json\/wp\/v2\/product\/3315\/revisions\/4441"}],"wp:featuredmedia":[{"embeddable":true,"href":"https:\/\/pressurezone.shop\/it\/wp-json\/wp\/v2\/media\/3400"}],"wp:attachment":[{"href":"https:\/\/pressurezone.shop\/it\/wp-json\/wp\/v2\/media?parent=3315"}],"wp:term":[{"taxonomy":"product_brand","embeddable":true,"href":"https:\/\/pressurezone.shop\/it\/wp-json\/wp\/v2\/product_brand?post=3315"},{"taxonomy":"product_cat","embeddable":true,"href":"https:\/\/pressurezone.shop\/it\/wp-json\/wp\/v2\/product_cat?post=3315"},{"taxonomy":"product_tag","embeddable":true,"href":"https:\/\/pressurezone.shop\/it\/wp-json\/wp\/v2\/product_tag?post=3315"}],"curies":[{"name":"wp","href":"https:\/\/api.w.org\/{rel}","templated":true}]}}