{"id":3327,"date":"2024-10-11T00:59:43","date_gmt":"2024-10-10T22:59:43","guid":{"rendered":"https:\/\/pressurezone.shop\/?post_type=product&#038;p=3327"},"modified":"2024-11-15T22:30:23","modified_gmt":"2024-11-15T21:30:23","slug":"white-widow-cannabis-shatter","status":"publish","type":"product","link":"https:\/\/pressurezone.shop\/it\/prodotto\/vedova-bianca-cannabis-in-frantumi\/","title":{"rendered":"Shatter di cannabis White Widow"},"content":{"rendered":"<div class=\"flex-shrink-0 flex flex-col relative items-end\">\n<div>\n<div class=\"pt-0\">\n<div class=\"gizmo-bot-avatar flex h-8 w-8 items-center justify-center overflow-hidden rounded-full\">\n<div class=\"relative p-1 rounded-sm flex items-center justify-center bg-token-main-surface-primary text-token-text-primary h-8 w-8\"><\/div>\n<\/div>\n<\/div>\n<\/div>\n<\/div>\n<div class=\"group\/conversation-turn relative flex w-full min-w-0 flex-col agent-turn\">\n<div class=\"flex-col gap-1 md:gap-3\">\n<div class=\"flex max-w-full flex-col flex-grow\">\n<div class=\"min-h-8 text-message flex w-full flex-col items-end gap-2 whitespace-normal break-words [.text-message+&amp;]:mt-5\" dir=\"auto\" data-message-author-role=\"assistant\" data-message-id=\"51fb3176-7635-44f2-a860-d5aef4284893\" data-message-model-slug=\"gpt-4o\">\n<div class=\"flex w-full flex-col gap-1 empty:hidden first:pt-[3px]\">\n<div class=\"markdown prose w-full break-words dark:prose-invert light\">\n<h3><strong>Acquista online lo shatter di cannabis White Widow<\/strong><\/h3>\n<p>Scoprite il leggendario <strong>Shatter di cannabis White Widow<\/strong>una variet\u00e0 ibrida che ha affascinato gli amanti della cannabis di tutto il mondo fin dalla sua prima apparizione nei primi anni '90. Questa variet\u00e0 iconica \u00e8 diventata un punto fermo nei coffee shop di Amsterdam. Questa variet\u00e0 iconica \u00e8 diventata un punto fermo nei coffee shop di Amsterdam, aumentando la sua popolarit\u00e0 grazie a riferimenti in programmi come <em>Erbacce<\/em> e l'industria del rap.<\/p>\n<hr \/>\n<h3><strong>Perch\u00e9 scegliere White Widow Cannabis Shatter?<\/strong><\/h3>\n<p>Le <strong>Shatter di cannabis White Widow<\/strong> \u00e8 un must per chi cerca un'esperienza equilibrata e potente. Ecco perch\u00e9:<\/p>\n<ul>\n<li><strong>Origine classica<\/strong> Una miscela perfetta di Sativa brasiliana e Indica dell'India meridionale, con un rapporto sativa\/indica di 60:40.<\/li>\n<li><strong>Effetto cognitivo<\/strong> Conosciuto per il suo effetto creativo e stimolante a livello cerebrale.<\/li>\n<li><strong>Qualit\u00e0 eccezionale<\/strong> Trasformata per offrire agli amanti della cannabis uno shatter puro e potente<a href=\"https:\/\/fuelpackz.com\/\" target=\"_blank\" rel=\"noopener\">.<\/a><\/li>\n<\/ul>\n<hr \/>\n<h3><strong>Effetti e benefici<\/strong><\/h3>\n<h4><strong>Effetti<\/strong> :<\/h4>\n<ul>\n<li>Elevazione ed euforia<\/li>\n<li>Chiarezza mentale con un tocco di relax<\/li>\n<li>Favorisce la concentrazione e la creativit\u00e0<\/li>\n<\/ul>\n<h4><strong>Pu\u00f2 alleviare<\/strong> :<\/h4>\n<ul>\n<li>Ansia e stress<\/li>\n<li>Dolore cronico e stanchezza<\/li>\n<li>Depressione e disturbi dell'umore<\/li>\n<li>Emicranie e mal di testa<\/li>\n<\/ul>\n<hr \/>\n<h3><strong>Profilo aromatico e gustativo<\/strong><\/h3>\n<ul>\n<li><strong>I sapori<\/strong> Terroso, pino, dolce, agrumi<\/li>\n<li><strong>Aromi<\/strong> Erbaceo, Speziato, Legnoso<\/li>\n<\/ul>\n<p>Assaporate le sfumature terrose e limonose che rendono la <strong>Shatter di cannabis White Widow<\/strong> un'intramontabile preferita dagli intenditori di cannabis.<\/p>\n<hr \/>\n<h3><strong>Che cos'\u00e8 la frantumazione?<\/strong><\/h3>\n<p>Le <strong>Frantumi<\/strong> \u00e8 un concentrato di cannabis di qualit\u00e0 superiore, noto per la sua consistenza traslucida, simile al vetro, e per l'elevato contenuto di THC. \u00c8 prodotto con tecniche di estrazione avanzate, che garantiscono la massima purezza e potenza.<\/p>\n<ul>\n<li><strong>Aspetto<\/strong> Concentrato, ambrato chiaro.<\/li>\n<li><strong>Utilizzo<\/strong> Ideale per tamponare, spruzzare o arricchire i fiori.<\/li>\n<\/ul>\n<hr \/>\n<h3><strong>Come usare il White Widow Cannabis Shatter<\/strong><\/h3>\n<ol>\n<li><strong>Dabbing<\/strong> Usare un impianto di tamponamento per inalazioni pulite e gustose.<\/li>\n<li><strong>Vaporizzazione<\/strong> Aggiungetelo al vostro dispositivo di svapo per ottenere nuvole morbide e potenti.<\/li>\n<li><strong>Migliorare i fiori<\/strong> Cospargetene un po' sul vostro spinello o sulla vostra ciotola per un'esperienza amplificata.<\/li>\n<\/ol>\n<hr \/>\n<h3><strong>Perch\u00e9 scegliere Pressure Zone Shop?<\/strong><\/h3>\n<p>A <a href=\"https:\/\/pressurezone.shop\/it\/\" target=\"_new\" rel=\"noopener\">Negozio della zona di pressione<\/a>Siamo orgogliosi di offrire prodotti di cannabis di alta qualit\u00e0.<\/p>\n<ul>\n<li><strong>Qualit\u00e0 testata in laboratorio<\/strong> Purezza e potenza garantite in ogni lotto.<\/li>\n<li><strong>Spedizione discreta<\/strong> Consegna sicura e privata in tutta Europa.<\/li>\n<li><strong>Soddisfazione del cliente<\/strong> Unitevi alla nostra crescente comunit\u00e0 di clienti soddisfatti.<\/li>\n<\/ul>\n<hr \/>\n<h3><strong>Ordinate oggi lo shatter di cannabis White Widow<\/strong><\/h3>\n<p>Scoprite il fascino senza tempo di <strong>Shatter di cannabis White Widow<\/strong>. Sia che vogliate rilassarvi o stimolare la vostra creativit\u00e0, questa variet\u00e0 offre il perfetto equilibrio tra relax e stimolazione mentale.<\/p>\n<p><strong>Non aspettate oltre<\/strong>-Ordina ora su <a href=\"https:\/\/pressurezone.shop\/it\/\" target=\"_new\" rel=\"noopener\">Negozio della zona di pressione<\/a> e migliorate la vostra esperienza con la cannabis oggi stesso!<\/p>\n<\/div>\n<\/div>\n<\/div>\n<\/div>\n<\/div>\n<\/div>","protected":false},"excerpt":{"rendered":"<p>Achetez White Widow Cannabis Shatter en Ligne D\u00e9couvrez le l\u00e9gendaire White Widow Cannabis Shatter, une vari\u00e9t\u00e9 hybride qui fascine les amateurs de cannabis du monde entier depuis son apparition au d\u00e9but des ann\u00e9es 90. Cette vari\u00e9t\u00e9 embl\u00e9matique est devenue un incontournable dans les coffee shops d&rsquo;Amsterdam, renfor\u00e7ant sa popularit\u00e9 gr\u00e2ce \u00e0 des r\u00e9f\u00e9rences dans des [&hellip;]<\/p>","protected":false},"featured_media":3415,"comment_status":"closed","ping_status":"closed","template":"","meta":{"_uag_custom_page_level_css":"","site-sidebar-layout":"default","site-content-layout":"","ast-site-content-layout":"default","site-content-style":"default","site-sidebar-style":"default","ast-global-header-display":"","ast-banner-title-visibility":"","ast-main-header-display":"","ast-hfb-above-header-display":"","ast-hfb-below-header-display":"","ast-hfb-mobile-header-display":"","site-post-title":"","ast-breadcrumbs-content":"","ast-featured-img":"","footer-sml-layout":"","theme-transparent-header-meta":"default","adv-header-id-meta":"","stick-header-meta":"","header-above-stick-meta":"","header-main-stick-meta":"","header-below-stick-meta":"","astra-migrate-meta-layouts":"set","ast-page-background-enabled":"default","ast-page-background-meta":{"desktop":{"background-color":"","background-image":"","background-repeat":"repeat","background-position":"center center","background-size":"auto","background-attachment":"scroll","background-type":"","background-media":"","overlay-type":"","overlay-color":"","overlay-opacity":"","overlay-gradient":""},"tablet":{"background-color":"","background-image":"","background-repeat":"repeat","background-position":"center center","background-size":"auto","background-attachment":"scroll","background-type":"","background-media":"","overlay-type":"","overlay-color":"","overlay-opacity":"","overlay-gradient":""},"mobile":{"background-color":"","background-image":"","background-repeat":"repeat","background-position":"center center","background-size":"auto","background-attachment":"scroll","background-type":"","background-media":"","overlay-type":"","overlay-color":"","overlay-opacity":"","overlay-gradient":""}},"ast-content-background-meta":{"desktop":{"background-color":"var(--ast-global-color-5)","background-image":"","background-repeat":"repeat","background-position":"center center","background-size":"auto","background-attachment":"scroll","background-type":"","background-media":"","overlay-type":"","overlay-color":"","overlay-opacity":"","overlay-gradient":""},"tablet":{"background-color":"var(--ast-global-color-5)","background-image":"","background-repeat":"repeat","background-position":"center center","background-size":"auto","background-attachment":"scroll","background-type":"","background-media":"","overlay-type":"","overlay-color":"","overlay-opacity":"","overlay-gradient":""},"mobile":{"background-color":"var(--ast-global-color-5)","background-image":"","background-repeat":"repeat","background-position":"center center","background-size":"auto","background-attachment":"scroll","background-type":"","background-media":"","overlay-type":"","overlay-color":"","overlay-opacity":"","overlay-gradient":""}}},"product_brand":[],"product_cat":[334,436],"product_tag":[448],"class_list":{"0":"post-3327","1":"product","2":"type-product","3":"status-publish","4":"has-post-thumbnail","6":"product_cat-concentres-de-marijuana","7":"product_cat-achetez-du-shatter-dab-wax","8":"product_tag-white-widow-cannabis-shatter-europe","9":"desktop-align-left","10":"tablet-align-left","11":"mobile-align-left","13":"first","14":"instock","15":"shipping-taxable","16":"purchasable","17":"product-type-variable"},"uagb_featured_image_src":{"full":["https:\/\/pressurezone.shop\/wp-content\/uploads\/2024\/10\/White-Widow-Cannabis-Shatter.jpg",1000,1000,false],"thumbnail":["https:\/\/pressurezone.shop\/wp-content\/uploads\/2024\/10\/White-Widow-Cannabis-Shatter-150x150.jpg",150,150,true],"medium":["https:\/\/pressurezone.shop\/wp-content\/uploads\/2024\/10\/White-Widow-Cannabis-Shatter-300x300.jpg",300,300,true],"medium_large":["https:\/\/pressurezone.shop\/wp-content\/uploads\/2024\/10\/White-Widow-Cannabis-Shatter-768x768.jpg",768,768,true],"large":["https:\/\/pressurezone.shop\/wp-content\/uploads\/2024\/10\/White-Widow-Cannabis-Shatter.jpg",1000,1000,false],"1536x1536":["https:\/\/pressurezone.shop\/wp-content\/uploads\/2024\/10\/White-Widow-Cannabis-Shatter.jpg",1000,1000,false],"2048x2048":["https:\/\/pressurezone.shop\/wp-content\/uploads\/2024\/10\/White-Widow-Cannabis-Shatter.jpg",1000,1000,false],"trp-custom-language-flag":["https:\/\/pressurezone.shop\/wp-content\/uploads\/2024\/10\/White-Widow-Cannabis-Shatter-12x12.jpg",12,12,true],"woocommerce_thumbnail":["https:\/\/pressurezone.shop\/wp-content\/uploads\/2024\/10\/White-Widow-Cannabis-Shatter-300x300.jpg",300,300,true],"woocommerce_single":["https:\/\/pressurezone.shop\/wp-content\/uploads\/2024\/10\/White-Widow-Cannabis-Shatter-600x600.jpg",600,600,true],"woocommerce_gallery_thumbnail":["https:\/\/pressurezone.shop\/wp-content\/uploads\/2024\/10\/White-Widow-Cannabis-Shatter-100x100.jpg",100,100,true]},"uagb_author_info":{"display_name":"pressurezone.shop","author_link":"https:\/\/pressurezone.shop\/it\/author\/"},"uagb_comment_info":0,"uagb_excerpt":"Achetez White Widow Cannabis Shatter en Ligne D\u00e9couvrez le l\u00e9gendaire White Widow Cannabis Shatter, une vari\u00e9t\u00e9 hybride qui fascine les amateurs de cannabis du monde entier depuis son apparition au d\u00e9but des ann\u00e9es 90. Cette vari\u00e9t\u00e9 embl\u00e9matique est devenue un incontournable dans les coffee shops d&rsquo;Amsterdam, renfor\u00e7ant sa popularit\u00e9 gr\u00e2ce \u00e0 des r\u00e9f\u00e9rences dans des&hellip;","_links":{"self":[{"href":"https:\/\/pressurezone.shop\/it\/wp-json\/wp\/v2\/product\/3327"}],"collection":[{"href":"https:\/\/pressurezone.shop\/it\/wp-json\/wp\/v2\/product"}],"about":[{"href":"https:\/\/pressurezone.shop\/it\/wp-json\/wp\/v2\/types\/product"}],"replies":[{"embeddable":true,"href":"https:\/\/pressurezone.shop\/it\/wp-json\/wp\/v2\/comments?post=3327"}],"version-history":[{"count":3,"href":"https:\/\/pressurezone.shop\/it\/wp-json\/wp\/v2\/product\/3327\/revisions"}],"predecessor-version":[{"id":4521,"href":"https:\/\/pressurezone.shop\/it\/wp-json\/wp\/v2\/product\/3327\/revisions\/4521"}],"wp:featuredmedia":[{"embeddable":true,"href":"https:\/\/pressurezone.shop\/it\/wp-json\/wp\/v2\/media\/3415"}],"wp:attachment":[{"href":"https:\/\/pressurezone.shop\/it\/wp-json\/wp\/v2\/media?parent=3327"}],"wp:term":[{"taxonomy":"product_brand","embeddable":true,"href":"https:\/\/pressurezone.shop\/it\/wp-json\/wp\/v2\/product_brand?post=3327"},{"taxonomy":"product_cat","embeddable":true,"href":"https:\/\/pressurezone.shop\/it\/wp-json\/wp\/v2\/product_cat?post=3327"},{"taxonomy":"product_tag","embeddable":true,"href":"https:\/\/pressurezone.shop\/it\/wp-json\/wp\/v2\/product_tag?post=3327"}],"curies":[{"name":"wp","href":"https:\/\/api.w.org\/{rel}","templated":true}]}}