{"id":3338,"date":"2024-10-11T01:00:10","date_gmt":"2024-10-10T23:00:10","guid":{"rendered":"https:\/\/pressurezone.shop\/?post_type=product&#038;p=3338"},"modified":"2024-11-15T22:01:23","modified_gmt":"2024-11-15T21:01:23","slug":"achetez-la-confidential-shatter-eu","status":"publish","type":"product","link":"https:\/\/pressurezone.shop\/it\/prodotto\/comprare-confidenziale-shatter-eu\/","title":{"rendered":"LA Confidential Shatter EU"},"content":{"rendered":"<h3><strong>Acquistare LA Confidential Shatter EU online<\/strong><\/h3>\n<p><strong>LA Confidential Shatter EU<\/strong> \u00e8 un concentrato molto apprezzato della <strong>LA Confidential<\/strong>un'indica dominante (95% indica\/5% sativa) risultante da un incrocio tra la leggendaria <strong>Afghani<\/strong> e <strong>California Indica<\/strong>. Questo shatter ultra potente \u00e8 stato progettato per fornire un profondo rilassamento e un sollievo di lunga durata, ideale per i pazienti e gli appassionati di cannabis.<\/p>\n<hr \/>\n<h3><strong>Perch\u00e9 scegliere LA Confidential Shatter EU?<\/strong><\/h3>\n<p><strong>LA Confidential Shatter EU<\/strong> combina effetti potenti con una qualit\u00e0 eccezionale, rendendola la scelta perfetta per le esigenze mediche e ricreative.<a href=\"https:\/\/fuelpackz.com\/\" target=\"_blank\" rel=\"noopener\">.<\/a><\/p>\n<ul>\n<li><strong>Effetti profondi<\/strong> Una sensazione di calma che calma la mente e rilassa il corpo.<\/li>\n<li><strong>Alta potenza<\/strong> Con un livello medio di THC di 26 a 30%, questo shatter offre un'esperienza impareggiabile.<\/li>\n<li><strong>Qualit\u00e0 Premium<\/strong> Creato da fiori AAA, ogni lotto viene estratto con cura per garantire la massima purezza.<\/li>\n<\/ul>\n<hr \/>\n<h3><strong>Effetti e benefici terapeutici<\/strong><\/h3>\n<p>Gli effetti di <strong>LA Confidential Shatter<\/strong> si accumulano gradualmente, offrendo un'esperienza rilassante ideale per rilassarsi dopo una lunga giornata.<\/p>\n<h4><strong>Effetti :<\/strong><\/h4>\n<ul>\n<li>Rilassamento profondo<\/li>\n<li>Calma mentale<\/li>\n<li>Sensazione di leggero riscaldamento<\/li>\n<\/ul>\n<h4><strong>Pu\u00f2 alleviare :<\/strong><\/h4>\n<ul>\n<li>Dolore cronico<\/li>\n<li>Insonnia<\/li>\n<li>Stress e ansia<\/li>\n<li>Depressione e sbalzi d'umore<\/li>\n<\/ul>\n<hr \/>\n<h3><strong>Sapore e aroma<\/strong><\/h3>\n<p>Il profilo aromatico e gustativo di <strong>LA Confidential Shatter EU<\/strong> \u00e8 impressionante quanto i suoi effetti:<\/p>\n<ul>\n<li><strong>I sapori<\/strong> Speziato, pino, erbaceo.<\/li>\n<li><strong>Aromi<\/strong> Terroso, speziato, legnoso.<\/li>\n<\/ul>\n<hr \/>\n<h3><strong>Che cos'\u00e8 la frantumazione?<\/strong><\/h3>\n<p>Le <strong>frantumarsi<\/strong> \u00e8 una forma concentrata di cannabis che si distingue per il suo aspetto vitreo e la sua eccezionale potenza. Questo concentrato \u00e8 realizzato con un rigoroso processo di estrazione che preserva i terpeni e i cannabinoidi, garantendo un'esperienza pura e potente.<\/p>\n<hr \/>\n<h3><strong>Come utilizzare Confidential Shatter<\/strong><\/h3>\n<p>Scoprite i modi migliori per godervi <strong>LA Confidential Shatter<\/strong> :<\/p>\n<ol>\n<li><strong>Dabbing<\/strong> Per effetti rapidi e intensi.<\/li>\n<li><strong>Vaporizzazione<\/strong> Preservare i terpeni e godere di un'esperienza delicata.<\/li>\n<li><strong>Miglioramento congiunto<\/strong> Aggiungere una piccola quantit\u00e0 ai fiori per intensificare le sedute.<\/li>\n<\/ol>\n<hr \/>\n<h3><strong>Perch\u00e9 acquistare da Pressure Zone Shop?<\/strong><\/h3>\n<p>A <a href=\"https:\/\/pressurezone.shop\/it\/\" target=\"_new\" rel=\"noopener\">Negozio della zona di pressione<\/a>Ci impegniamo a fornire i migliori concentrati di cannabis con un servizio clienti impeccabile.<\/p>\n<ul>\n<li><strong>Prodotti certificati<\/strong> Testato in laboratorio per garantire purezza ed efficacia.<\/li>\n<li><strong>Consegna discreta<\/strong> Ordinate in tutta tranquillit\u00e0 con una spedizione veloce e riservata.<\/li>\n<li><strong>Assistenza clienti dedicata<\/strong> Un team al vostro servizio per soddisfare tutte le vostre esigenze.<\/li>\n<\/ul>\n<hr \/>\n<h3><strong>Ordina ora LA Confidential Shatter EU<\/strong><\/h3>\n<p>Non perdete l'occasione di scoprire uno dei concentrati di cannabis pi\u00f9 popolari ed efficaci. <strong>Acquista LA Confidential Shatter EU<\/strong> da oggi in poi <a href=\"https:\/\/pressurezone.shop\/it\/\" target=\"_new\" rel=\"noopener\">Negozio della zona di pressione<\/a> e godetevi il massimo del relax.<\/p>","protected":false},"excerpt":{"rendered":"<p>Achetez LA Confidential Shatter EU en Ligne LA Confidential Shatter EU est un concentr\u00e9 hautement appr\u00e9ci\u00e9 issu de la vari\u00e9t\u00e9 LA Confidential, une indica dominante (95% indica\/5% sativa) r\u00e9sultant d&rsquo;un croisement entre les l\u00e9gendaires Afghani et California Indica. Ce shatter ultra-puissant est con\u00e7u pour offrir une relaxation profonde et un soulagement durable, id\u00e9al pour les [&hellip;]<\/p>","protected":false},"featured_media":3421,"comment_status":"closed","ping_status":"closed","template":"","meta":{"_uag_custom_page_level_css":"","site-sidebar-layout":"default","site-content-layout":"","ast-site-content-layout":"default","site-content-style":"default","site-sidebar-style":"default","ast-global-header-display":"","ast-banner-title-visibility":"","ast-main-header-display":"","ast-hfb-above-header-display":"","ast-hfb-below-header-display":"","ast-hfb-mobile-header-display":"","site-post-title":"","ast-breadcrumbs-content":"","ast-featured-img":"","footer-sml-layout":"","theme-transparent-header-meta":"default","adv-header-id-meta":"","stick-header-meta":"","header-above-stick-meta":"","header-main-stick-meta":"","header-below-stick-meta":"","astra-migrate-meta-layouts":"set","ast-page-background-enabled":"default","ast-page-background-meta":{"desktop":{"background-color":"","background-image":"","background-repeat":"repeat","background-position":"center center","background-size":"auto","background-attachment":"scroll","background-type":"","background-media":"","overlay-type":"","overlay-color":"","overlay-opacity":"","overlay-gradient":""},"tablet":{"background-color":"","background-image":"","background-repeat":"repeat","background-position":"center center","background-size":"auto","background-attachment":"scroll","background-type":"","background-media":"","overlay-type":"","overlay-color":"","overlay-opacity":"","overlay-gradient":""},"mobile":{"background-color":"","background-image":"","background-repeat":"repeat","background-position":"center center","background-size":"auto","background-attachment":"scroll","background-type":"","background-media":"","overlay-type":"","overlay-color":"","overlay-opacity":"","overlay-gradient":""}},"ast-content-background-meta":{"desktop":{"background-color":"var(--ast-global-color-5)","background-image":"","background-repeat":"repeat","background-position":"center center","background-size":"auto","background-attachment":"scroll","background-type":"","background-media":"","overlay-type":"","overlay-color":"","overlay-opacity":"","overlay-gradient":""},"tablet":{"background-color":"var(--ast-global-color-5)","background-image":"","background-repeat":"repeat","background-position":"center center","background-size":"auto","background-attachment":"scroll","background-type":"","background-media":"","overlay-type":"","overlay-color":"","overlay-opacity":"","overlay-gradient":""},"mobile":{"background-color":"var(--ast-global-color-5)","background-image":"","background-repeat":"repeat","background-position":"center center","background-size":"auto","background-attachment":"scroll","background-type":"","background-media":"","overlay-type":"","overlay-color":"","overlay-opacity":"","overlay-gradient":""}}},"product_brand":[],"product_cat":[334,436],"product_tag":[451],"class_list":{"0":"post-3338","1":"product","2":"type-product","3":"status-publish","4":"has-post-thumbnail","6":"product_cat-concentres-de-marijuana","7":"product_cat-achetez-du-shatter-dab-wax","8":"product_tag-buy-la-confidential-shatter-eu","9":"desktop-align-left","10":"tablet-align-left","11":"mobile-align-left","13":"first","14":"instock","15":"shipping-taxable","16":"purchasable","17":"product-type-variable"},"uagb_featured_image_src":{"full":["https:\/\/pressurezone.shop\/wp-content\/uploads\/2024\/10\/LA-Confidential-Shatter-EU.jpg",1000,1000,false],"thumbnail":["https:\/\/pressurezone.shop\/wp-content\/uploads\/2024\/10\/LA-Confidential-Shatter-EU-150x150.jpg",150,150,true],"medium":["https:\/\/pressurezone.shop\/wp-content\/uploads\/2024\/10\/LA-Confidential-Shatter-EU-300x300.jpg",300,300,true],"medium_large":["https:\/\/pressurezone.shop\/wp-content\/uploads\/2024\/10\/LA-Confidential-Shatter-EU-768x768.jpg",768,768,true],"large":["https:\/\/pressurezone.shop\/wp-content\/uploads\/2024\/10\/LA-Confidential-Shatter-EU.jpg",1000,1000,false],"1536x1536":["https:\/\/pressurezone.shop\/wp-content\/uploads\/2024\/10\/LA-Confidential-Shatter-EU.jpg",1000,1000,false],"2048x2048":["https:\/\/pressurezone.shop\/wp-content\/uploads\/2024\/10\/LA-Confidential-Shatter-EU.jpg",1000,1000,false],"trp-custom-language-flag":["https:\/\/pressurezone.shop\/wp-content\/uploads\/2024\/10\/LA-Confidential-Shatter-EU-12x12.jpg",12,12,true],"woocommerce_thumbnail":["https:\/\/pressurezone.shop\/wp-content\/uploads\/2024\/10\/LA-Confidential-Shatter-EU-300x300.jpg",300,300,true],"woocommerce_single":["https:\/\/pressurezone.shop\/wp-content\/uploads\/2024\/10\/LA-Confidential-Shatter-EU-600x600.jpg",600,600,true],"woocommerce_gallery_thumbnail":["https:\/\/pressurezone.shop\/wp-content\/uploads\/2024\/10\/LA-Confidential-Shatter-EU-100x100.jpg",100,100,true]},"uagb_author_info":{"display_name":"pressurezone.shop","author_link":"https:\/\/pressurezone.shop\/it\/author\/"},"uagb_comment_info":0,"uagb_excerpt":"Achetez LA Confidential Shatter EU en Ligne LA Confidential Shatter EU est un concentr\u00e9 hautement appr\u00e9ci\u00e9 issu de la vari\u00e9t\u00e9 LA Confidential, une indica dominante (95% indica\/5% sativa) r\u00e9sultant d&rsquo;un croisement entre les l\u00e9gendaires Afghani et California Indica. Ce shatter ultra-puissant est con\u00e7u pour offrir une relaxation profonde et un soulagement durable, id\u00e9al pour les&hellip;","_links":{"self":[{"href":"https:\/\/pressurezone.shop\/it\/wp-json\/wp\/v2\/product\/3338"}],"collection":[{"href":"https:\/\/pressurezone.shop\/it\/wp-json\/wp\/v2\/product"}],"about":[{"href":"https:\/\/pressurezone.shop\/it\/wp-json\/wp\/v2\/types\/product"}],"replies":[{"embeddable":true,"href":"https:\/\/pressurezone.shop\/it\/wp-json\/wp\/v2\/comments?post=3338"}],"version-history":[{"count":3,"href":"https:\/\/pressurezone.shop\/it\/wp-json\/wp\/v2\/product\/3338\/revisions"}],"predecessor-version":[{"id":4489,"href":"https:\/\/pressurezone.shop\/it\/wp-json\/wp\/v2\/product\/3338\/revisions\/4489"}],"wp:featuredmedia":[{"embeddable":true,"href":"https:\/\/pressurezone.shop\/it\/wp-json\/wp\/v2\/media\/3421"}],"wp:attachment":[{"href":"https:\/\/pressurezone.shop\/it\/wp-json\/wp\/v2\/media?parent=3338"}],"wp:term":[{"taxonomy":"product_brand","embeddable":true,"href":"https:\/\/pressurezone.shop\/it\/wp-json\/wp\/v2\/product_brand?post=3338"},{"taxonomy":"product_cat","embeddable":true,"href":"https:\/\/pressurezone.shop\/it\/wp-json\/wp\/v2\/product_cat?post=3338"},{"taxonomy":"product_tag","embeddable":true,"href":"https:\/\/pressurezone.shop\/it\/wp-json\/wp\/v2\/product_tag?post=3338"}],"curies":[{"name":"wp","href":"https:\/\/api.w.org\/{rel}","templated":true}]}}