{"id":3339,"date":"2024-10-11T01:00:10","date_gmt":"2024-10-10T23:00:10","guid":{"rendered":"https:\/\/pressurezone.shop\/?post_type=product&#038;p=3339"},"modified":"2024-11-15T21:55:08","modified_gmt":"2024-11-15T20:55:08","slug":"achetez-jack-herer-marijuana-shatter","status":"publish","type":"product","link":"https:\/\/pressurezone.shop\/it\/prodotto\/acquistare-la-marijuana-di-jack-herer\/","title":{"rendered":"Jack Herer Marijuana Shatter"},"content":{"rendered":"<div class=\"flex-shrink-0 flex flex-col relative items-end\">\n<div>\n<div class=\"pt-0\">\n<div class=\"gizmo-bot-avatar flex h-8 w-8 items-center justify-center overflow-hidden rounded-full\">\n<div class=\"relative p-1 rounded-sm flex items-center justify-center bg-token-main-surface-primary text-token-text-primary h-8 w-8\"><\/div>\n<\/div>\n<\/div>\n<\/div>\n<\/div>\n<div class=\"group\/conversation-turn relative flex w-full min-w-0 flex-col agent-turn\">\n<div class=\"flex-col gap-1 md:gap-3\">\n<div class=\"flex max-w-full flex-col flex-grow\">\n<div class=\"min-h-8 text-message flex w-full flex-col items-end gap-2 whitespace-normal break-words [.text-message+&amp;]:mt-5\" dir=\"auto\" data-message-author-role=\"assistant\" data-message-id=\"15f60975-e9ab-42d3-ad14-96b38a2e05c4\" data-message-model-slug=\"gpt-4o\">\n<div class=\"flex w-full flex-col gap-1 empty:hidden first:pt-[3px]\">\n<div class=\"markdown prose w-full break-words dark:prose-invert light\">\n<h3><strong>Comprare Jack Herer Marijuana Shatter Online Europa<\/strong><\/h3>\n<p><strong>Jack Herer Marijuana Shatter<\/strong> \u00e8 un concentrato iconico che prende il nome da una delle variet\u00e0 di cannabis pi\u00f9 famose al mondo: <strong>Jack Herer<\/strong>un ibrido a dominanza sativa (80% sativa\/20% indica). Questo shatter potente e aromatico \u00e8 una creazione eccezionale risultante da un incrocio tra le leggendarie variet\u00e0 <strong>Nebbia<\/strong>, <strong>Aurora boreale #5<\/strong>e <strong>Shiva Skunk<\/strong>.<\/p>\n<hr \/>\n<h3><strong>Perch\u00e9 scegliere lo Shatter di marijuana Jack Herer?<\/strong><\/h3>\n<p><strong>Jack Herer Shatter<\/strong> \u00e8 molto pi\u00f9 di un classico concentrato di cannabis. Combina effetti tonificanti, un aroma unico e una versatilit\u00e0 che lo rende ideale per una variet\u00e0 di applicazioni terapeutiche e ricreative.<a href=\"https:\/\/fuelpackz.com\/\" target=\"_blank\" rel=\"noopener\">.<\/a><\/p>\n<ul>\n<li><strong>Effetti energizzanti<\/strong> Ideale per le mattine difficili o per i giorni in cui si ha bisogno di una piccola spinta.<\/li>\n<li><strong>Sapori e aromi unici<\/strong> Una miscela di agrumi, pino e note terrose che risvegliano i sensi.<\/li>\n<li><strong>Potente THC<\/strong> Con una concentrazione media di THC da 15 a 24%, questo shatter offre effetti consistenti e duraturi.<\/li>\n<\/ul>\n<hr \/>\n<h3><strong>Effetti e benefici terapeutici<\/strong><\/h3>\n<p>Questo concentrato a predominanza sativa \u00e8 noto per i suoi effetti stimolanti ed euforici, che lo rendono ideale per il consumo diurno.<\/p>\n<h4><strong>Effetti :<\/strong><\/h4>\n<ul>\n<li>Energia e motivazione<\/li>\n<li>Leggera euforia<\/li>\n<li>Miglioramento della chiarezza mentale<\/li>\n<\/ul>\n<h4><strong>Pu\u00f2 alleviare :<\/strong><\/h4>\n<ul>\n<li>Stress cronico e ansia<\/li>\n<li>Depressione e sbalzi d'umore<\/li>\n<li>Mal di testa ed emicrania<\/li>\n<li>Stanchezza cronica<\/li>\n<\/ul>\n<hr \/>\n<h3><strong>Sapore e aroma<\/strong><\/h3>\n<p>L'esperienza del Jack Herer \u00e8 arricchita da sapori e aromi accattivanti:<\/p>\n<ul>\n<li><strong>I sapori<\/strong> Agrumi, pino, spezie.<\/li>\n<li><strong>Aromi<\/strong> Terroso, legnoso, fresco.<\/li>\n<\/ul>\n<hr \/>\n<h3><strong>Che cos'\u00e8 la frantumazione?<\/strong><\/h3>\n<p>Le <strong>frantumarsi<\/strong> \u00e8 un concentrato di cannabis altamente raffinato, apprezzato per la sua consistenza vitrea e la sua potenza. Prodotto da un'attenta estrazione, contiene alti livelli di THC, garantendo un'esperienza potente e pura.<\/p>\n<hr \/>\n<h3><strong>Come utilizzare Jack Herer Shatter<\/strong><\/h3>\n<p>Sfruttate al meglio questo concentrato esplorando le sue diverse modalit\u00e0 di consumo:<\/p>\n<ol>\n<li><strong>Dabbing<\/strong> Ottenete effetti immediati e potenti da un impianto di dab di qualit\u00e0.<\/li>\n<li><strong>Vaporizzazione<\/strong> Preservare i terpeni naturali e godere di un'esperienza delicata.<\/li>\n<li><strong>Miglioramento congiunto<\/strong> Mescolare una piccola quantit\u00e0 ai fiori per intensificare le sedute.<\/li>\n<\/ol>\n<hr \/>\n<h3><strong>Perch\u00e9 acquistare da Pressure Zone Shop?<\/strong><\/h3>\n<p>A <a href=\"https:\/\/pressurezone.shop\/it\/\" target=\"_new\" rel=\"noopener\">Negozio della zona di pressione<\/a>Ci impegniamo a fornire concentrati di cannabis di qualit\u00e0 superiore e un'esperienza cliente eccezionale.<\/p>\n<ul>\n<li><strong>Prodotti testati in laboratorio<\/strong> Purezza e potenza garantite.<\/li>\n<li><strong>Consegna rapida e discreta<\/strong> : Godetevi una spedizione affidabile e confidenziale.<\/li>\n<li><strong>Soddisfazione del cliente<\/strong> Il nostro team \u00e8 impegnato a soddisfare le vostre esigenze.<\/li>\n<\/ul>\n<hr \/>\n<h3><strong>Ordina ora il Jack Herer Marijuana Shatter<\/strong><\/h3>\n<p>Non perdete l'occasione di provare questo leggendario concentrato. <strong>Comprare Jack Herer Marijuana Shatter<\/strong> su <a href=\"https:\/\/pressurezone.shop\/it\/\" target=\"_new\" rel=\"noopener\">Negozio della zona di pressione<\/a> e scoprire perch\u00e9 \u00e8 una delle variet\u00e0 pi\u00f9 popolari al mondo.<\/p>\n<\/div>\n<\/div>\n<\/div>\n<\/div>\n<\/div>\n<\/div>","protected":false},"excerpt":{"rendered":"<p>Achetez Jack Herer Marijuana Shatter en Ligne Europe Jack Herer Marijuana Shatter est un concentr\u00e9 embl\u00e9matique qui tire son nom de l&rsquo;une des vari\u00e9t\u00e9s de cannabis les plus c\u00e9l\u00e8bres au monde : Jack Herer, un hybride \u00e0 dominance sativa (80% sativa\/20% indica). Ce shatter puissant et aromatique est une cr\u00e9ation exceptionnelle issue d&rsquo;un croisement entre [&hellip;]<\/p>","protected":false},"featured_media":3423,"comment_status":"closed","ping_status":"closed","template":"","meta":{"_uag_custom_page_level_css":"","site-sidebar-layout":"default","site-content-layout":"","ast-site-content-layout":"default","site-content-style":"default","site-sidebar-style":"default","ast-global-header-display":"","ast-banner-title-visibility":"","ast-main-header-display":"","ast-hfb-above-header-display":"","ast-hfb-below-header-display":"","ast-hfb-mobile-header-display":"","site-post-title":"","ast-breadcrumbs-content":"","ast-featured-img":"","footer-sml-layout":"","theme-transparent-header-meta":"default","adv-header-id-meta":"","stick-header-meta":"","header-above-stick-meta":"","header-main-stick-meta":"","header-below-stick-meta":"","astra-migrate-meta-layouts":"set","ast-page-background-enabled":"default","ast-page-background-meta":{"desktop":{"background-color":"","background-image":"","background-repeat":"repeat","background-position":"center center","background-size":"auto","background-attachment":"scroll","background-type":"","background-media":"","overlay-type":"","overlay-color":"","overlay-opacity":"","overlay-gradient":""},"tablet":{"background-color":"","background-image":"","background-repeat":"repeat","background-position":"center center","background-size":"auto","background-attachment":"scroll","background-type":"","background-media":"","overlay-type":"","overlay-color":"","overlay-opacity":"","overlay-gradient":""},"mobile":{"background-color":"","background-image":"","background-repeat":"repeat","background-position":"center center","background-size":"auto","background-attachment":"scroll","background-type":"","background-media":"","overlay-type":"","overlay-color":"","overlay-opacity":"","overlay-gradient":""}},"ast-content-background-meta":{"desktop":{"background-color":"var(--ast-global-color-5)","background-image":"","background-repeat":"repeat","background-position":"center center","background-size":"auto","background-attachment":"scroll","background-type":"","background-media":"","overlay-type":"","overlay-color":"","overlay-opacity":"","overlay-gradient":""},"tablet":{"background-color":"var(--ast-global-color-5)","background-image":"","background-repeat":"repeat","background-position":"center center","background-size":"auto","background-attachment":"scroll","background-type":"","background-media":"","overlay-type":"","overlay-color":"","overlay-opacity":"","overlay-gradient":""},"mobile":{"background-color":"var(--ast-global-color-5)","background-image":"","background-repeat":"repeat","background-position":"center center","background-size":"auto","background-attachment":"scroll","background-type":"","background-media":"","overlay-type":"","overlay-color":"","overlay-opacity":"","overlay-gradient":""}}},"product_brand":[],"product_cat":[334,436],"product_tag":[452],"class_list":{"0":"post-3339","1":"product","2":"type-product","3":"status-publish","4":"has-post-thumbnail","6":"product_cat-concentres-de-marijuana","7":"product_cat-achetez-du-shatter-dab-wax","8":"product_tag-order-jack-herer-marijuana-shatter-europe","9":"desktop-align-left","10":"tablet-align-left","11":"mobile-align-left","13":"first","14":"instock","15":"shipping-taxable","16":"purchasable","17":"product-type-variable"},"uagb_featured_image_src":{"full":["https:\/\/pressurezone.shop\/wp-content\/uploads\/2024\/10\/Jack-Herer-Marijuana-Shatter.jpg",1000,1000,false],"thumbnail":["https:\/\/pressurezone.shop\/wp-content\/uploads\/2024\/10\/Jack-Herer-Marijuana-Shatter-150x150.jpg",150,150,true],"medium":["https:\/\/pressurezone.shop\/wp-content\/uploads\/2024\/10\/Jack-Herer-Marijuana-Shatter-300x300.jpg",300,300,true],"medium_large":["https:\/\/pressurezone.shop\/wp-content\/uploads\/2024\/10\/Jack-Herer-Marijuana-Shatter-768x768.jpg",768,768,true],"large":["https:\/\/pressurezone.shop\/wp-content\/uploads\/2024\/10\/Jack-Herer-Marijuana-Shatter.jpg",1000,1000,false],"1536x1536":["https:\/\/pressurezone.shop\/wp-content\/uploads\/2024\/10\/Jack-Herer-Marijuana-Shatter.jpg",1000,1000,false],"2048x2048":["https:\/\/pressurezone.shop\/wp-content\/uploads\/2024\/10\/Jack-Herer-Marijuana-Shatter.jpg",1000,1000,false],"trp-custom-language-flag":["https:\/\/pressurezone.shop\/wp-content\/uploads\/2024\/10\/Jack-Herer-Marijuana-Shatter-12x12.jpg",12,12,true],"woocommerce_thumbnail":["https:\/\/pressurezone.shop\/wp-content\/uploads\/2024\/10\/Jack-Herer-Marijuana-Shatter-300x300.jpg",300,300,true],"woocommerce_single":["https:\/\/pressurezone.shop\/wp-content\/uploads\/2024\/10\/Jack-Herer-Marijuana-Shatter-600x600.jpg",600,600,true],"woocommerce_gallery_thumbnail":["https:\/\/pressurezone.shop\/wp-content\/uploads\/2024\/10\/Jack-Herer-Marijuana-Shatter-100x100.jpg",100,100,true]},"uagb_author_info":{"display_name":"pressurezone.shop","author_link":"https:\/\/pressurezone.shop\/it\/author\/"},"uagb_comment_info":0,"uagb_excerpt":"Achetez Jack Herer Marijuana Shatter en Ligne Europe Jack Herer Marijuana Shatter est un concentr\u00e9 embl\u00e9matique qui tire son nom de l&rsquo;une des vari\u00e9t\u00e9s de cannabis les plus c\u00e9l\u00e8bres au monde : Jack Herer, un hybride \u00e0 dominance sativa (80% sativa\/20% indica). Ce shatter puissant et aromatique est une cr\u00e9ation exceptionnelle issue d&rsquo;un croisement entre&hellip;","_links":{"self":[{"href":"https:\/\/pressurezone.shop\/it\/wp-json\/wp\/v2\/product\/3339"}],"collection":[{"href":"https:\/\/pressurezone.shop\/it\/wp-json\/wp\/v2\/product"}],"about":[{"href":"https:\/\/pressurezone.shop\/it\/wp-json\/wp\/v2\/types\/product"}],"replies":[{"embeddable":true,"href":"https:\/\/pressurezone.shop\/it\/wp-json\/wp\/v2\/comments?post=3339"}],"version-history":[{"count":3,"href":"https:\/\/pressurezone.shop\/it\/wp-json\/wp\/v2\/product\/3339\/revisions"}],"predecessor-version":[{"id":4481,"href":"https:\/\/pressurezone.shop\/it\/wp-json\/wp\/v2\/product\/3339\/revisions\/4481"}],"wp:featuredmedia":[{"embeddable":true,"href":"https:\/\/pressurezone.shop\/it\/wp-json\/wp\/v2\/media\/3423"}],"wp:attachment":[{"href":"https:\/\/pressurezone.shop\/it\/wp-json\/wp\/v2\/media?parent=3339"}],"wp:term":[{"taxonomy":"product_brand","embeddable":true,"href":"https:\/\/pressurezone.shop\/it\/wp-json\/wp\/v2\/product_brand?post=3339"},{"taxonomy":"product_cat","embeddable":true,"href":"https:\/\/pressurezone.shop\/it\/wp-json\/wp\/v2\/product_cat?post=3339"},{"taxonomy":"product_tag","embeddable":true,"href":"https:\/\/pressurezone.shop\/it\/wp-json\/wp\/v2\/product_tag?post=3339"}],"curies":[{"name":"wp","href":"https:\/\/api.w.org\/{rel}","templated":true}]}}