{"id":3348,"date":"2024-10-11T01:00:37","date_gmt":"2024-10-10T23:00:37","guid":{"rendered":"https:\/\/pressurezone.shop\/?post_type=product&#038;p=3348"},"modified":"2024-11-15T21:48:37","modified_gmt":"2024-11-15T20:48:37","slug":"ice-cream-cake-shatter","status":"publish","type":"product","link":"https:\/\/pressurezone.shop\/it\/prodotto\/torta-gelato-in-frantumi\/","title":{"rendered":"Torta gelato in frantumi"},"content":{"rendered":"<div class=\"flex-shrink-0 flex flex-col relative items-end\">\n<div>\n<div class=\"pt-0\">\n<div class=\"gizmo-bot-avatar flex h-8 w-8 items-center justify-center overflow-hidden rounded-full\">\n<div class=\"relative p-1 rounded-sm flex items-center justify-center bg-token-main-surface-primary text-token-text-primary h-8 w-8\"><\/div>\n<\/div>\n<\/div>\n<\/div>\n<\/div>\n<div class=\"group\/conversation-turn relative flex w-full min-w-0 flex-col agent-turn\">\n<div class=\"flex-col gap-1 md:gap-3\">\n<div class=\"flex max-w-full flex-col flex-grow\">\n<div class=\"min-h-8 text-message flex w-full flex-col items-end gap-2 whitespace-normal break-words [.text-message+&amp;]:mt-5\" dir=\"auto\" data-message-author-role=\"assistant\" data-message-id=\"555d4dce-16dc-41ba-836d-b52ab0c5d2ac\" data-message-model-slug=\"gpt-4o\">\n<div class=\"flex w-full flex-col gap-1 empty:hidden first:pt-[3px]\">\n<div class=\"markdown prose w-full break-words dark:prose-invert light\">\n<h3><strong>Acquista la Torta Gelato Shatter online<\/strong><\/h3>\n<p>Scoprite la ricchezza vellutata di <strong>Torta gelato in frantumi<\/strong>un raro concentrato a dominanza indica (75% Indica \/ 25% Sativa). Derivato dalla famosa <strong>Gelato 33<\/strong> e <strong>Torta nuziale<\/strong>Questo concentrato di cannabis di alta gamma offre un'esperienza impareggiabile sia agli appassionati di cannabis che ai principianti.<\/p>\n<hr \/>\n<h3><strong>Perch\u00e9 scegliere la Torta Gelato Shatter?<\/strong><\/h3>\n<p><strong>Torta gelato in frantumi<\/strong> si distingue per il suo sapore eccezionale, i suoi potenti effetti e i suoi benefici terapeutici.<\/p>\n<ul>\n<li><strong>Profilo aromatico delizioso<\/strong> Un gusto cremoso e formaggioso con sfumature dolci e di nocciola che permangono nel palato.<\/li>\n<li><strong>Aroma<\/strong> Un sottile tocco di piccantezza combinato con una dolcezza cremosa quando viene bruciato.<\/li>\n<li><strong>Alto contenuto di THC<\/strong> Con una concentrazione di THC di 20-25%, questo shatter offre effetti consistenti e potenti.<a href=\"https:\/\/fuelpackz.com\/\" target=\"_blank\" rel=\"noopener\">.<\/a><\/li>\n<\/ul>\n<hr \/>\n<h3><strong>Effetti e benefici terapeutici<\/strong><\/h3>\n<p>Questo concentrato ibrido a predominanza indica offre un'esperienza profondamente rilassante unita a chiarezza mentale:<\/p>\n<ul>\n<li><strong>Effetti<\/strong> :\n<ul>\n<li>Rilassamento rilassante per il corpo e la mente.<\/li>\n<li>Lieve euforia per migliorare l'umore.<\/li>\n<li>Calma, favorisce il sonno, ideale per l'uso notturno.<\/li>\n<\/ul>\n<\/li>\n<li><strong>Pu\u00f2 alleviare<\/strong> :\n<ul>\n<li>Depressione e sbalzi d'umore.<\/li>\n<li>Dolore cronico e tensione muscolare.<\/li>\n<li>Insonnia e irrequietezza.<\/li>\n<li>Nausea o perdita di appetito.<\/li>\n<\/ul>\n<\/li>\n<\/ul>\n<hr \/>\n<h3><strong>Sapore e aroma<\/strong><\/h3>\n<p><strong>Torta gelato in frantumi<\/strong> \u00e8 piacevole al gusto come all'olfatto:<\/p>\n<ul>\n<li><strong>I sapori<\/strong> Formaggio cremoso, nocciole dolci, delicatezza terrosa.<\/li>\n<li><strong>Aromi<\/strong> Dolcezza cremosa con una leggera nota speziata.<\/li>\n<\/ul>\n<hr \/>\n<h3><strong>Che cos'\u00e8 la frantumazione?<\/strong><\/h3>\n<p>Lo shatter \u00e8 un concentrato di cannabis di alta gamma noto per il suo aspetto traslucido, simile al vetro, e per i suoi potenti effetti.<\/p>\n<ul>\n<li><strong>Caratteristiche principali<\/strong> :\n<ul>\n<li>Alto contenuto di THC per risultati potenti.<\/li>\n<li>Sapore delicato e puro grazie a metodi di estrazione meticolosi.<\/li>\n<li>Versatile per il vaping, il dabbing o il rinforzo delle articolazioni.<\/li>\n<\/ul>\n<\/li>\n<\/ul>\n<hr \/>\n<h3><strong>Come utilizzare la torta gelato Shatter<\/strong><\/h3>\n<p>Ottimizzate la vostra esperienza con questi metodi di consumo:<\/p>\n<ol>\n<li><strong>Dabbing<\/strong> Un modo rapido ed efficace per godere di effetti intensi.<\/li>\n<li><strong>Vaping<\/strong> Conservare i ricchi sapori dei terpeni con uno spray di qualit\u00e0.<\/li>\n<li><strong>Rinforzare le guarnizioni<\/strong> Aggiungetene un pizzico ai vostri fiori preferiti per un effetto extra.<\/li>\n<\/ol>\n<hr \/>\n<h3><strong>Perch\u00e9 acquistare da Pressure Zone Shop?<\/strong><\/h3>\n<p><a href=\"https:\/\/pressurezone.shop\/it\/\" target=\"_new\" rel=\"noopener\">Negozio della zona di pressione<\/a> \u00e8 la vostra destinazione di fiducia per i concentrati di cannabis di qualit\u00e0 superiore:<\/p>\n<ul>\n<li><strong>Qualit\u00e0 Premium<\/strong> Tutti i prodotti sono testati in laboratorio per garantirne la purezza e la potenza.<\/li>\n<li><strong>Consegna rapida e discreta<\/strong> Garanzia di riservatezza e puntualit\u00e0.<\/li>\n<li><strong>Soddisfazione del cliente<\/strong> Il nostro team dedicato garantisce un'esperienza di acquisto senza problemi.<\/li>\n<\/ul>\n<hr \/>\n<h3><strong>Ordina oggi stesso la Torta Gelato Shatter online<\/strong><\/h3>\n<p>Non perdetevi l'esperienza indulgente di <strong>Torta gelato in frantumi<\/strong>. Effettuate ora il vostro ordine su <a href=\"https:\/\/pressurezone.shop\/it\/\" target=\"_new\" rel=\"noopener\">Negozio della zona di pressione<\/a> e migliorate la vostra esperienza con la cannabis con questo eccezionale concentrato.<\/p>\n<\/div>\n<\/div>\n<\/div>\n<\/div>\n<\/div>\n<\/div>","protected":false},"excerpt":{"rendered":"<p>Achetez Ice Cream Cake Shatter en Ligne D\u00e9couvrez la richesse velout\u00e9e de Ice Cream Cake Shatter, un concentr\u00e9 rare \u00e0 dominance indica (75% Indica \/ 25% Sativa). Issu des c\u00e9l\u00e8bres souches Gelato 33 et Wedding Cake, ce concentr\u00e9 de cannabis haut de gamme offre une exp\u00e9rience in\u00e9gal\u00e9e pour les amateurs de cannabis et les novices. [&hellip;]<\/p>","protected":false},"featured_media":3425,"comment_status":"closed","ping_status":"closed","template":"","meta":{"_uag_custom_page_level_css":"","site-sidebar-layout":"default","site-content-layout":"","ast-site-content-layout":"default","site-content-style":"default","site-sidebar-style":"default","ast-global-header-display":"","ast-banner-title-visibility":"","ast-main-header-display":"","ast-hfb-above-header-display":"","ast-hfb-below-header-display":"","ast-hfb-mobile-header-display":"","site-post-title":"","ast-breadcrumbs-content":"","ast-featured-img":"","footer-sml-layout":"","theme-transparent-header-meta":"default","adv-header-id-meta":"","stick-header-meta":"","header-above-stick-meta":"","header-main-stick-meta":"","header-below-stick-meta":"","astra-migrate-meta-layouts":"set","ast-page-background-enabled":"default","ast-page-background-meta":{"desktop":{"background-color":"","background-image":"","background-repeat":"repeat","background-position":"center center","background-size":"auto","background-attachment":"scroll","background-type":"","background-media":"","overlay-type":"","overlay-color":"","overlay-opacity":"","overlay-gradient":""},"tablet":{"background-color":"","background-image":"","background-repeat":"repeat","background-position":"center center","background-size":"auto","background-attachment":"scroll","background-type":"","background-media":"","overlay-type":"","overlay-color":"","overlay-opacity":"","overlay-gradient":""},"mobile":{"background-color":"","background-image":"","background-repeat":"repeat","background-position":"center center","background-size":"auto","background-attachment":"scroll","background-type":"","background-media":"","overlay-type":"","overlay-color":"","overlay-opacity":"","overlay-gradient":""}},"ast-content-background-meta":{"desktop":{"background-color":"var(--ast-global-color-5)","background-image":"","background-repeat":"repeat","background-position":"center center","background-size":"auto","background-attachment":"scroll","background-type":"","background-media":"","overlay-type":"","overlay-color":"","overlay-opacity":"","overlay-gradient":""},"tablet":{"background-color":"var(--ast-global-color-5)","background-image":"","background-repeat":"repeat","background-position":"center center","background-size":"auto","background-attachment":"scroll","background-type":"","background-media":"","overlay-type":"","overlay-color":"","overlay-opacity":"","overlay-gradient":""},"mobile":{"background-color":"var(--ast-global-color-5)","background-image":"","background-repeat":"repeat","background-position":"center center","background-size":"auto","background-attachment":"scroll","background-type":"","background-media":"","overlay-type":"","overlay-color":"","overlay-opacity":"","overlay-gradient":""}}},"product_brand":[],"product_cat":[334,436],"product_tag":[453],"class_list":{"0":"post-3348","1":"product","2":"type-product","3":"status-publish","4":"has-post-thumbnail","6":"product_cat-concentres-de-marijuana","7":"product_cat-achetez-du-shatter-dab-wax","8":"product_tag-order-ice-cream-cake-shatter-finland","9":"desktop-align-left","10":"tablet-align-left","11":"mobile-align-left","13":"first","14":"instock","15":"shipping-taxable","16":"purchasable","17":"product-type-variable"},"uagb_featured_image_src":{"full":["https:\/\/pressurezone.shop\/wp-content\/uploads\/2024\/10\/Ice-Cream-Cake-Shatter.jpg",1000,1000,false],"thumbnail":["https:\/\/pressurezone.shop\/wp-content\/uploads\/2024\/10\/Ice-Cream-Cake-Shatter-150x150.jpg",150,150,true],"medium":["https:\/\/pressurezone.shop\/wp-content\/uploads\/2024\/10\/Ice-Cream-Cake-Shatter-300x300.jpg",300,300,true],"medium_large":["https:\/\/pressurezone.shop\/wp-content\/uploads\/2024\/10\/Ice-Cream-Cake-Shatter-768x768.jpg",768,768,true],"large":["https:\/\/pressurezone.shop\/wp-content\/uploads\/2024\/10\/Ice-Cream-Cake-Shatter.jpg",1000,1000,false],"1536x1536":["https:\/\/pressurezone.shop\/wp-content\/uploads\/2024\/10\/Ice-Cream-Cake-Shatter.jpg",1000,1000,false],"2048x2048":["https:\/\/pressurezone.shop\/wp-content\/uploads\/2024\/10\/Ice-Cream-Cake-Shatter.jpg",1000,1000,false],"trp-custom-language-flag":["https:\/\/pressurezone.shop\/wp-content\/uploads\/2024\/10\/Ice-Cream-Cake-Shatter-12x12.jpg",12,12,true],"woocommerce_thumbnail":["https:\/\/pressurezone.shop\/wp-content\/uploads\/2024\/10\/Ice-Cream-Cake-Shatter-300x300.jpg",300,300,true],"woocommerce_single":["https:\/\/pressurezone.shop\/wp-content\/uploads\/2024\/10\/Ice-Cream-Cake-Shatter-600x600.jpg",600,600,true],"woocommerce_gallery_thumbnail":["https:\/\/pressurezone.shop\/wp-content\/uploads\/2024\/10\/Ice-Cream-Cake-Shatter-100x100.jpg",100,100,true]},"uagb_author_info":{"display_name":"pressurezone.shop","author_link":"https:\/\/pressurezone.shop\/it\/author\/"},"uagb_comment_info":0,"uagb_excerpt":"Achetez Ice Cream Cake Shatter en Ligne D\u00e9couvrez la richesse velout\u00e9e de Ice Cream Cake Shatter, un concentr\u00e9 rare \u00e0 dominance indica (75% Indica \/ 25% Sativa). Issu des c\u00e9l\u00e8bres souches Gelato 33 et Wedding Cake, ce concentr\u00e9 de cannabis haut de gamme offre une exp\u00e9rience in\u00e9gal\u00e9e pour les amateurs de cannabis et les novices.&hellip;","_links":{"self":[{"href":"https:\/\/pressurezone.shop\/it\/wp-json\/wp\/v2\/product\/3348"}],"collection":[{"href":"https:\/\/pressurezone.shop\/it\/wp-json\/wp\/v2\/product"}],"about":[{"href":"https:\/\/pressurezone.shop\/it\/wp-json\/wp\/v2\/types\/product"}],"replies":[{"embeddable":true,"href":"https:\/\/pressurezone.shop\/it\/wp-json\/wp\/v2\/comments?post=3348"}],"version-history":[{"count":3,"href":"https:\/\/pressurezone.shop\/it\/wp-json\/wp\/v2\/product\/3348\/revisions"}],"predecessor-version":[{"id":4473,"href":"https:\/\/pressurezone.shop\/it\/wp-json\/wp\/v2\/product\/3348\/revisions\/4473"}],"wp:featuredmedia":[{"embeddable":true,"href":"https:\/\/pressurezone.shop\/it\/wp-json\/wp\/v2\/media\/3425"}],"wp:attachment":[{"href":"https:\/\/pressurezone.shop\/it\/wp-json\/wp\/v2\/media?parent=3348"}],"wp:term":[{"taxonomy":"product_brand","embeddable":true,"href":"https:\/\/pressurezone.shop\/it\/wp-json\/wp\/v2\/product_brand?post=3348"},{"taxonomy":"product_cat","embeddable":true,"href":"https:\/\/pressurezone.shop\/it\/wp-json\/wp\/v2\/product_cat?post=3348"},{"taxonomy":"product_tag","embeddable":true,"href":"https:\/\/pressurezone.shop\/it\/wp-json\/wp\/v2\/product_tag?post=3348"}],"curies":[{"name":"wp","href":"https:\/\/api.w.org\/{rel}","templated":true}]}}