{"id":3350,"date":"2024-10-11T01:00:37","date_gmt":"2024-10-10T23:00:37","guid":{"rendered":"https:\/\/pressurezone.shop\/?post_type=product&#038;p=3350"},"modified":"2024-11-15T20:57:37","modified_gmt":"2024-11-15T19:57:37","slug":"shatter-ghost-train-haze","status":"publish","type":"product","link":"https:\/\/pressurezone.shop\/it\/prodotto\/infrangere-la-foschia-del-treno-fantasma\/","title":{"rendered":"Shatter Ghost Train Haze"},"content":{"rendered":"<div class=\"flex-shrink-0 flex flex-col relative items-end\">\n<div>\n<div class=\"pt-0\">\n<div class=\"gizmo-bot-avatar flex h-8 w-8 items-center justify-center overflow-hidden rounded-full\">\n<div class=\"relative p-1 rounded-sm flex items-center justify-center bg-token-main-surface-primary text-token-text-primary h-8 w-8\"><\/div>\n<\/div>\n<\/div>\n<\/div>\n<\/div>\n<div class=\"group\/conversation-turn relative flex w-full min-w-0 flex-col agent-turn\">\n<div class=\"flex-col gap-1 md:gap-3\">\n<div class=\"flex max-w-full flex-col flex-grow\">\n<div class=\"min-h-8 text-message flex w-full flex-col items-end gap-2 whitespace-normal break-words [.text-message+&amp;]:mt-5\" dir=\"auto\" data-message-author-role=\"assistant\" data-message-id=\"31e1dc90-319c-4a51-aa0c-37ccefdb3452\" data-message-model-slug=\"gpt-4o\">\n<div class=\"flex w-full flex-col gap-1 empty:hidden first:pt-[3px]\">\n<div class=\"markdown prose w-full break-words dark:prose-invert light\">\n<h3><strong>Comprare Shatter Ghost Train Haze Online Europa<\/strong><\/h3>\n<p>Scoprite un'esperienza di cannabis eccezionale con <strong>Shatter Ghost Train Haze<\/strong>un concentrato di qualit\u00e0 superiore del famoso <strong>Fantasma OG<\/strong> e <strong>Il relitto di Neville<\/strong>. Con un <strong>impressionante contenuto di THC della 27%<\/strong>Questo shatter \u00e8 solo per gli intenditori.<\/p>\n<hr \/>\n<h3><strong>Cosa rende unico Ghost Train Haze Shatter?<\/strong><\/h3>\n<p>Le <strong>Shatter Ghost Train Haze<\/strong> \u00e8 un <strong>ibrido a dominanza sativa<\/strong> con un rapporto <strong>80:20 sativa\/indica<\/strong>progettato per fornire un eccitante sballo cerebrale accompagnato da un sottile rilassamento corporeo. Rinomato per la sua <strong>effetti psichedelici<\/strong>Questo concentrato offre un'esperienza di cannabis intensa e indimenticabile.<\/p>\n<ul>\n<li><strong>Potenza estrema<\/strong> Con 27% di THC, questo \u00e8 uno degli shatter pi\u00f9 potenti disponibili.<\/li>\n<li><strong>Effetti cerebrali<\/strong> Ideale per stimolare la creativit\u00e0 e i momenti produttivi.<\/li>\n<li><strong>Qualit\u00e0 Premium<\/strong> Ottenuto da ceppi AAA+ con metodi di estrazione avanzati<a href=\"https:\/\/fuelpackz.com\/\" target=\"_blank\" rel=\"noopener\">.<\/a><\/li>\n<\/ul>\n<hr \/>\n<h3><strong>Effetti di Shatter Ghost Train Haze<\/strong><\/h3>\n<p>Le <strong>Ghost Train Haze Shatter<\/strong> offre effetti straordinari, combinando euforia e aumento della concentrazione. Tuttavia, un consumo eccessivo pu\u00f2 portare a <strong>sballo psichedelico<\/strong>che lo rende pi\u00f9 adatto agli utenti esperti.<\/p>\n<ul>\n<li><strong>Cerebrale alto<\/strong> Favorisce la creativit\u00e0 e la concentrazione.<\/li>\n<li><strong>Energetico<\/strong> Perfetto per eventi sociali o giornate produttive.<\/li>\n<li><strong>Rilassamento sottile<\/strong> Bilancia l'intensit\u00e0 con un leggero rilassamento del corpo.<\/li>\n<\/ul>\n<hr \/>\n<h3><strong>Chi dovrebbe usare Shatter Ghost Train Haze?<\/strong><\/h3>\n<p>Anche se il <strong>Ghost Train Haze Erba Shatter<\/strong> \u00e8 eccellente per il rilassamento, ma offre anche benefici terapeutici, il che lo rende una scelta popolare per gli utenti medici:<\/p>\n<ul>\n<li><strong>Pu\u00f2 alleviare<\/strong> :\n<ul>\n<li><strong>Depressione<\/strong> Aiuta a migliorare l'umore e ad allontanare i pensieri negativi.<\/li>\n<li><strong>Lo stress<\/strong> Fornisce chiarezza mentale e relax.<\/li>\n<li><strong>Stanchezza<\/strong> : Dona una rinnovata energia.<\/li>\n<\/ul>\n<\/li>\n<\/ul>\n<p><strong>Attenzione<\/strong> Fumo: i fumatori alle prime armi o le persone inclini all'ansia dovrebbero usare con cautela a causa dell'intensit\u00e0 degli effetti di questa variet\u00e0.<\/p>\n<hr \/>\n<h3><strong>Sapori e aromi<\/strong><\/h3>\n<p>Le <strong>Ghost Train Haze Erba Shatter<\/strong> \u00e8 tanto gustoso quanto potente e offre un'esperienza sensoriale unica:<\/p>\n<ul>\n<li><strong>I sapori<\/strong> Agrumi, Floreale, Pino, Dolce.<\/li>\n<li><strong>Aromi<\/strong> Terroso, speziato, piccante, diesel.<\/li>\n<\/ul>\n<p>La combinazione di note dolci e agrumate e di un aroma pungente di gasolio crea una <strong>profilo terpenico accattivante<\/strong> che far\u00e0 la gioia degli amanti della cannabis.<\/p>\n<hr \/>\n<h3><strong>Come si usa Ghost Train Haze Shatter?<\/strong><\/h3>\n<p>Sia che siate utenti esperti o intenditori di concentrati, ecco diversi modi per goderne <strong>Shatter Ghost Train Haze<\/strong> :<\/p>\n<ol>\n<li><strong>Dab<\/strong> Perfetto per un'esperienza pura e potente.<\/li>\n<li><strong>Vaporizzazione<\/strong> Utilizzare penne o dispositivi compatibili per un'inalazione delicata.<\/li>\n<li><strong>Guarnizioni o tubi<\/strong> Mescolatelo con i fiori per uno sballo amplificato.<\/li>\n<\/ol>\n<hr \/>\n<h3><strong>Perch\u00e9 scegliere Shatter Ghost Train Haze?<\/strong><\/h3>\n<p>Le <strong>Ghost Train Haze Shatter<\/strong> si distingue per la sua qualit\u00e0 ineguagliabile e i suoi potenti effetti. Acquistando da <a href=\"https:\/\/pressurezone.shop\/it\/\" target=\"_new\" rel=\"noopener\">Negozio della zona di pressione<\/a>Potrete beneficiare di concentrati di qualit\u00e0 superiore sviluppati con cura.<\/p>\n<ul>\n<li><strong>Estrazione di alta gamma<\/strong> Garantisce la massima potenza e purezza.<\/li>\n<li><strong>Testato in laboratorio<\/strong> Sicurezza e coerenza garantite.<\/li>\n<li><strong>Consegna discreta<\/strong> Spedizione rapida e sicura in tutta Europa.<\/li>\n<\/ul>\n<hr \/>\n<h3><strong>Ordina oggi stesso la Shatter Ghost Train Haze online<\/strong><\/h3>\n<p>Non perdetevi questo <strong>concentrato di cannabis premium<\/strong> che combina potenza, sapore e benefici terapeutici. Che siate alla ricerca di una spinta creativa, di uno sballo energizzante o di un sollievo da patologie croniche, il <strong>Shatter Ghost Train Haze<\/strong> \u00e8 per voi.<\/p>\n<p><strong>Ordina ora<\/strong> su <a href=\"https:\/\/pressurezone.shop\/it\/\" target=\"_new\" rel=\"noopener\">Negozio della zona di pressione<\/a> e scoprite la potenza di questa variet\u00e0 leggendaria!<\/p>\n<\/div>\n<\/div>\n<\/div>\n<\/div>\n<\/div>\n<\/div>","protected":false},"excerpt":{"rendered":"<p>Achetez du Shatter Ghost Train Haze en Ligne Europe D\u00e9couvrez une exp\u00e9rience de cannabis exceptionnelle avec le Shatter Ghost Train Haze, un concentr\u00e9 premium issu des c\u00e9l\u00e8bres souches Ghost OG et Neville\u2019s Wreck. Avec un taux de THC impressionnant de 27%, ce shatter est r\u00e9serv\u00e9 aux connaisseurs. Qu\u2019est-ce qui Rend le Ghost Train Haze Shatter [&hellip;]<\/p>","protected":false},"featured_media":3429,"comment_status":"closed","ping_status":"closed","template":"","meta":{"_uag_custom_page_level_css":"","site-sidebar-layout":"default","site-content-layout":"","ast-site-content-layout":"default","site-content-style":"default","site-sidebar-style":"default","ast-global-header-display":"","ast-banner-title-visibility":"","ast-main-header-display":"","ast-hfb-above-header-display":"","ast-hfb-below-header-display":"","ast-hfb-mobile-header-display":"","site-post-title":"","ast-breadcrumbs-content":"","ast-featured-img":"","footer-sml-layout":"","theme-transparent-header-meta":"default","adv-header-id-meta":"","stick-header-meta":"","header-above-stick-meta":"","header-main-stick-meta":"","header-below-stick-meta":"","astra-migrate-meta-layouts":"set","ast-page-background-enabled":"default","ast-page-background-meta":{"desktop":{"background-color":"","background-image":"","background-repeat":"repeat","background-position":"center center","background-size":"auto","background-attachment":"scroll","background-type":"","background-media":"","overlay-type":"","overlay-color":"","overlay-opacity":"","overlay-gradient":""},"tablet":{"background-color":"","background-image":"","background-repeat":"repeat","background-position":"center center","background-size":"auto","background-attachment":"scroll","background-type":"","background-media":"","overlay-type":"","overlay-color":"","overlay-opacity":"","overlay-gradient":""},"mobile":{"background-color":"","background-image":"","background-repeat":"repeat","background-position":"center center","background-size":"auto","background-attachment":"scroll","background-type":"","background-media":"","overlay-type":"","overlay-color":"","overlay-opacity":"","overlay-gradient":""}},"ast-content-background-meta":{"desktop":{"background-color":"var(--ast-global-color-5)","background-image":"","background-repeat":"repeat","background-position":"center center","background-size":"auto","background-attachment":"scroll","background-type":"","background-media":"","overlay-type":"","overlay-color":"","overlay-opacity":"","overlay-gradient":""},"tablet":{"background-color":"var(--ast-global-color-5)","background-image":"","background-repeat":"repeat","background-position":"center center","background-size":"auto","background-attachment":"scroll","background-type":"","background-media":"","overlay-type":"","overlay-color":"","overlay-opacity":"","overlay-gradient":""},"mobile":{"background-color":"var(--ast-global-color-5)","background-image":"","background-repeat":"repeat","background-position":"center center","background-size":"auto","background-attachment":"scroll","background-type":"","background-media":"","overlay-type":"","overlay-color":"","overlay-opacity":"","overlay-gradient":""}}},"product_brand":[],"product_cat":[334,436],"product_tag":[455],"class_list":{"0":"post-3350","1":"product","2":"type-product","3":"status-publish","4":"has-post-thumbnail","6":"product_cat-concentres-de-marijuana","7":"product_cat-achetez-du-shatter-dab-wax","8":"product_tag-buy-ghost-train-haze-weed-shatter-europe","9":"desktop-align-left","10":"tablet-align-left","11":"mobile-align-left","13":"first","14":"instock","15":"shipping-taxable","16":"purchasable","17":"product-type-variable"},"uagb_featured_image_src":{"full":["https:\/\/pressurezone.shop\/wp-content\/uploads\/2024\/10\/Buy-Ghost-Train-Haze-Weed-Shatter.jpg",1000,1000,false],"thumbnail":["https:\/\/pressurezone.shop\/wp-content\/uploads\/2024\/10\/Buy-Ghost-Train-Haze-Weed-Shatter-150x150.jpg",150,150,true],"medium":["https:\/\/pressurezone.shop\/wp-content\/uploads\/2024\/10\/Buy-Ghost-Train-Haze-Weed-Shatter-300x300.jpg",300,300,true],"medium_large":["https:\/\/pressurezone.shop\/wp-content\/uploads\/2024\/10\/Buy-Ghost-Train-Haze-Weed-Shatter-768x768.jpg",768,768,true],"large":["https:\/\/pressurezone.shop\/wp-content\/uploads\/2024\/10\/Buy-Ghost-Train-Haze-Weed-Shatter.jpg",1000,1000,false],"1536x1536":["https:\/\/pressurezone.shop\/wp-content\/uploads\/2024\/10\/Buy-Ghost-Train-Haze-Weed-Shatter.jpg",1000,1000,false],"2048x2048":["https:\/\/pressurezone.shop\/wp-content\/uploads\/2024\/10\/Buy-Ghost-Train-Haze-Weed-Shatter.jpg",1000,1000,false],"trp-custom-language-flag":["https:\/\/pressurezone.shop\/wp-content\/uploads\/2024\/10\/Buy-Ghost-Train-Haze-Weed-Shatter-12x12.jpg",12,12,true],"woocommerce_thumbnail":["https:\/\/pressurezone.shop\/wp-content\/uploads\/2024\/10\/Buy-Ghost-Train-Haze-Weed-Shatter-300x300.jpg",300,300,true],"woocommerce_single":["https:\/\/pressurezone.shop\/wp-content\/uploads\/2024\/10\/Buy-Ghost-Train-Haze-Weed-Shatter-600x600.jpg",600,600,true],"woocommerce_gallery_thumbnail":["https:\/\/pressurezone.shop\/wp-content\/uploads\/2024\/10\/Buy-Ghost-Train-Haze-Weed-Shatter-100x100.jpg",100,100,true]},"uagb_author_info":{"display_name":"pressurezone.shop","author_link":"https:\/\/pressurezone.shop\/it\/author\/"},"uagb_comment_info":0,"uagb_excerpt":"Achetez du Shatter Ghost Train Haze en Ligne Europe D\u00e9couvrez une exp\u00e9rience de cannabis exceptionnelle avec le Shatter Ghost Train Haze, un concentr\u00e9 premium issu des c\u00e9l\u00e8bres souches Ghost OG et Neville\u2019s Wreck. Avec un taux de THC impressionnant de 27%, ce shatter est r\u00e9serv\u00e9 aux connaisseurs. Qu\u2019est-ce qui Rend le Ghost Train Haze Shatter&hellip;","_links":{"self":[{"href":"https:\/\/pressurezone.shop\/it\/wp-json\/wp\/v2\/product\/3350"}],"collection":[{"href":"https:\/\/pressurezone.shop\/it\/wp-json\/wp\/v2\/product"}],"about":[{"href":"https:\/\/pressurezone.shop\/it\/wp-json\/wp\/v2\/types\/product"}],"replies":[{"embeddable":true,"href":"https:\/\/pressurezone.shop\/it\/wp-json\/wp\/v2\/comments?post=3350"}],"version-history":[{"count":3,"href":"https:\/\/pressurezone.shop\/it\/wp-json\/wp\/v2\/product\/3350\/revisions"}],"predecessor-version":[{"id":4425,"href":"https:\/\/pressurezone.shop\/it\/wp-json\/wp\/v2\/product\/3350\/revisions\/4425"}],"wp:featuredmedia":[{"embeddable":true,"href":"https:\/\/pressurezone.shop\/it\/wp-json\/wp\/v2\/media\/3429"}],"wp:attachment":[{"href":"https:\/\/pressurezone.shop\/it\/wp-json\/wp\/v2\/media?parent=3350"}],"wp:term":[{"taxonomy":"product_brand","embeddable":true,"href":"https:\/\/pressurezone.shop\/it\/wp-json\/wp\/v2\/product_brand?post=3350"},{"taxonomy":"product_cat","embeddable":true,"href":"https:\/\/pressurezone.shop\/it\/wp-json\/wp\/v2\/product_cat?post=3350"},{"taxonomy":"product_tag","embeddable":true,"href":"https:\/\/pressurezone.shop\/it\/wp-json\/wp\/v2\/product_tag?post=3350"}],"curies":[{"name":"wp","href":"https:\/\/api.w.org\/{rel}","templated":true}]}}