{"id":3363,"date":"2024-10-11T01:01:04","date_gmt":"2024-10-10T23:01:04","guid":{"rendered":"https:\/\/pressurezone.shop\/?post_type=product&#038;p=3363"},"modified":"2024-11-13T17:52:57","modified_gmt":"2024-11-13T16:52:57","slug":"banana-mimosa-cannabis-shatter","status":"publish","type":"product","link":"https:\/\/pressurezone.shop\/it\/prodotto\/shatter-di-cannabis-alla-banana-mimosa\/","title":{"rendered":"Banana Mimosa Cannabis Shatter"},"content":{"rendered":"<div class=\"flex-shrink-0 flex flex-col relative items-end\">\n<div>\n<div class=\"pt-0\">\n<div class=\"gizmo-bot-avatar flex h-8 w-8 items-center justify-center overflow-hidden rounded-full\">\n<div class=\"relative p-1 rounded-sm flex items-center justify-center bg-token-main-surface-primary text-token-text-primary h-8 w-8\"><\/div>\n<\/div>\n<\/div>\n<\/div>\n<\/div>\n<div class=\"group\/conversation-turn relative flex w-full min-w-0 flex-col agent-turn\">\n<div class=\"flex-col gap-1 md:gap-3\">\n<div class=\"flex max-w-full flex-col flex-grow\">\n<div class=\"min-h-8 text-message flex w-full flex-col items-end gap-2 whitespace-normal break-words [.text-message+&amp;]:mt-5\" dir=\"auto\" data-message-author-role=\"assistant\" data-message-id=\"4f2689ec-aa7b-4f46-ac48-a07ba79f9240\" data-message-model-slug=\"gpt-4o\">\n<div class=\"flex w-full flex-col gap-1 empty:hidden first:pt-[3px]\">\n<div class=\"markdown prose w-full break-words dark:prose-invert light\">\n<h3><strong>Acquistare Banana Mimosa Cannabis Shatter online in Europa<\/strong><\/h3>\n<p>La Banana Mimosa Cannabis Shatter \u00e8 un popolare concentrato ibrido, frutto di un incrocio tra i famosi ceppi <strong>Banana Kush<\/strong> e <strong>Punch viola<\/strong>. Questo shatter \u00e8 apprezzato per la sua potenza e i suoi sapori ricchi, perfetti per chi cerca un effetto equilibrato tra stimolazione e relax. Con i suoi aromi tropicali di banana e agrumi, Banana Mimosa \u00e8 un must per gli appassionati di cannabis.<a href=\"https:\/\/fuelpackz.com\/\" target=\"_blank\" rel=\"noopener\">.<\/a><\/p>\n<hr \/>\n<h3><strong>Perch\u00e9 scegliere Banana Mimosa Cannabis Shatter?<\/strong><\/h3>\n<p>La Banana Mimosa offre un effetto versatile che pu\u00f2 essere adattato alle vostre esigenze. In piccole dosi, fornisce una sensazione di <strong>benessere<\/strong>di <strong>motivazione<\/strong>e<strong>elevazione<\/strong> ideale per le attivit\u00e0 quotidiane. A dosi pi\u00f9 elevate, questo shatter fornisce una sensazione di <strong>relax<\/strong> perfetto per rilassarsi e godersi una serata tranquilla.<\/p>\n<h4><strong>Effetti della Banana Mimosa Shatter :<\/strong><\/h4>\n<ul>\n<li><strong>Euforia<\/strong> Allevia i pensieri stressanti e migliora l'umore.<\/li>\n<li><strong>Motivazione<\/strong> Perfetto per rimanere concentrati e produttivi.<\/li>\n<li><strong>Rilassamento<\/strong> In dosi massicce, favorisce il rilassamento totale e il sonno profondo.<\/li>\n<\/ul>\n<h4><strong>Ideale per alleviare :<\/strong><\/h4>\n<ul>\n<li><strong>Depressione<\/strong> Aiuta a risollevare l'umore e offre una prospettiva pi\u00f9 luminosa.<\/li>\n<li><strong>Lo stress<\/strong> Un alleato naturale contro la tensione fisica e mentale.<\/li>\n<li><strong>Insonnia<\/strong> In dosi elevate, aiuta a combattere l'irrequietezza e favorisce un sonno ristoratore.<\/li>\n<\/ul>\n<hr \/>\n<h3><strong>Gusti e aromi di Banana Mimosa Shatter<\/strong><\/h3>\n<p>Con un <strong>intenso sapore di banana<\/strong> e<strong>agrumi<\/strong>Questo shatter \u00e8 un piacere sensoriale che evoca la freschezza tropicale. Note di frutta matura combinate con una fragranza morbida e dolce creano un'esperienza di gusto unica, vicina alla vera essenza della pianta.<\/p>\n<ul>\n<li><strong>I sapori<\/strong> Banana, Agrumi, Dolce<\/li>\n<li><strong>Aromi<\/strong> Tropicale, fruttato, dolce<\/li>\n<\/ul>\n<hr \/>\n<h3><strong>Come utilizzare Banana Mimosa Shatter<\/strong><\/h3>\n<ol>\n<li><strong>Dabbing<\/strong> Usare un dispositivo di tamponamento o una penna per un'inalazione rapida e diretta.<\/li>\n<li><strong>Vaporizzazione<\/strong> Godetevi un'inalazione pi\u00f9 delicata con uno spray progettato per i concentrati.<\/li>\n<li><strong>Aggiungi ai fiori<\/strong> Combinatela con i vostri fiori preferiti per un effetto ancora pi\u00f9 intenso.<\/li>\n<\/ol>\n<hr \/>\n<h3><strong>Perch\u00e9 acquistare da Pressure Zone Shop?<\/strong><\/h3>\n<p>A <a href=\"https:\/\/pressurezone.shop\/it\/\" target=\"_new\" rel=\"noopener\">Negozio della zona di pressione<\/a>Garantiamo prodotti testati in laboratorio, assicurando purezza e qualit\u00e0. Ogni shatter di Banana Mimosa \u00e8 realizzato con cura per offrire un'esperienza premium. Affidatevi alla nostra esperienza per le vostre esigenze di cannabis di alta qualit\u00e0.<\/p>\n<hr \/>\n<h3><strong>Ordina ora!<\/strong><\/h3>\n<p>Non aspettate oltre per scoprire i benefici della Banana Mimosa Cannabis Shatter. Questa stella nascente \u00e8 perfetta per chi cerca un effetto equilibrato e gustoso. Ordinate oggi stesso e ricevetela direttamente in Europa!<\/p>\n<\/div>\n<\/div>\n<\/div>\n<\/div>\n<\/div>\n<\/div>","protected":false},"excerpt":{"rendered":"<p>Achetez Banana Mimosa Cannabis Shatter en ligne en Europe Le Banana Mimosa Cannabis Shatter est un concentr\u00e9 hybride populaire, r\u00e9sultat du croisement entre les c\u00e9l\u00e8bres souches Banana Kush et Purple Punch. Ce shatter est appr\u00e9ci\u00e9 pour sa puissance et ses saveurs riches, parfait pour ceux qui recherchent un effet \u00e9quilibr\u00e9 entre stimulation et relaxation. Avec [&hellip;]<\/p>","protected":false},"featured_media":3447,"comment_status":"closed","ping_status":"closed","template":"","meta":{"_uag_custom_page_level_css":"","site-sidebar-layout":"default","site-content-layout":"","ast-site-content-layout":"default","site-content-style":"default","site-sidebar-style":"default","ast-global-header-display":"","ast-banner-title-visibility":"","ast-main-header-display":"","ast-hfb-above-header-display":"","ast-hfb-below-header-display":"","ast-hfb-mobile-header-display":"","site-post-title":"","ast-breadcrumbs-content":"","ast-featured-img":"","footer-sml-layout":"","theme-transparent-header-meta":"default","adv-header-id-meta":"","stick-header-meta":"","header-above-stick-meta":"","header-main-stick-meta":"","header-below-stick-meta":"","astra-migrate-meta-layouts":"set","ast-page-background-enabled":"default","ast-page-background-meta":{"desktop":{"background-color":"","background-image":"","background-repeat":"repeat","background-position":"center center","background-size":"auto","background-attachment":"scroll","background-type":"","background-media":"","overlay-type":"","overlay-color":"","overlay-opacity":"","overlay-gradient":""},"tablet":{"background-color":"","background-image":"","background-repeat":"repeat","background-position":"center center","background-size":"auto","background-attachment":"scroll","background-type":"","background-media":"","overlay-type":"","overlay-color":"","overlay-opacity":"","overlay-gradient":""},"mobile":{"background-color":"","background-image":"","background-repeat":"repeat","background-position":"center center","background-size":"auto","background-attachment":"scroll","background-type":"","background-media":"","overlay-type":"","overlay-color":"","overlay-opacity":"","overlay-gradient":""}},"ast-content-background-meta":{"desktop":{"background-color":"var(--ast-global-color-5)","background-image":"","background-repeat":"repeat","background-position":"center center","background-size":"auto","background-attachment":"scroll","background-type":"","background-media":"","overlay-type":"","overlay-color":"","overlay-opacity":"","overlay-gradient":""},"tablet":{"background-color":"var(--ast-global-color-5)","background-image":"","background-repeat":"repeat","background-position":"center center","background-size":"auto","background-attachment":"scroll","background-type":"","background-media":"","overlay-type":"","overlay-color":"","overlay-opacity":"","overlay-gradient":""},"mobile":{"background-color":"var(--ast-global-color-5)","background-image":"","background-repeat":"repeat","background-position":"center center","background-size":"auto","background-attachment":"scroll","background-type":"","background-media":"","overlay-type":"","overlay-color":"","overlay-opacity":"","overlay-gradient":""}}},"product_brand":[],"product_cat":[334,436],"product_tag":[461],"class_list":{"0":"post-3363","1":"product","2":"type-product","3":"status-publish","4":"has-post-thumbnail","6":"product_cat-concentres-de-marijuana","7":"product_cat-achetez-du-shatter-dab-wax","8":"product_tag-buy-banana-mimosa-cannabis-shatter-online-europe","9":"desktop-align-left","10":"tablet-align-left","11":"mobile-align-left","13":"first","14":"instock","15":"shipping-taxable","16":"purchasable","17":"product-type-variable"},"uagb_featured_image_src":{"full":["https:\/\/pressurezone.shop\/wp-content\/uploads\/2024\/10\/Banana-Mimosa-Cannabis-Shatter.jpg",1000,1000,false],"thumbnail":["https:\/\/pressurezone.shop\/wp-content\/uploads\/2024\/10\/Banana-Mimosa-Cannabis-Shatter-150x150.jpg",150,150,true],"medium":["https:\/\/pressurezone.shop\/wp-content\/uploads\/2024\/10\/Banana-Mimosa-Cannabis-Shatter-300x300.jpg",300,300,true],"medium_large":["https:\/\/pressurezone.shop\/wp-content\/uploads\/2024\/10\/Banana-Mimosa-Cannabis-Shatter-768x768.jpg",768,768,true],"large":["https:\/\/pressurezone.shop\/wp-content\/uploads\/2024\/10\/Banana-Mimosa-Cannabis-Shatter.jpg",1000,1000,false],"1536x1536":["https:\/\/pressurezone.shop\/wp-content\/uploads\/2024\/10\/Banana-Mimosa-Cannabis-Shatter.jpg",1000,1000,false],"2048x2048":["https:\/\/pressurezone.shop\/wp-content\/uploads\/2024\/10\/Banana-Mimosa-Cannabis-Shatter.jpg",1000,1000,false],"trp-custom-language-flag":["https:\/\/pressurezone.shop\/wp-content\/uploads\/2024\/10\/Banana-Mimosa-Cannabis-Shatter-12x12.jpg",12,12,true],"woocommerce_thumbnail":["https:\/\/pressurezone.shop\/wp-content\/uploads\/2024\/10\/Banana-Mimosa-Cannabis-Shatter-300x300.jpg",300,300,true],"woocommerce_single":["https:\/\/pressurezone.shop\/wp-content\/uploads\/2024\/10\/Banana-Mimosa-Cannabis-Shatter-600x600.jpg",600,600,true],"woocommerce_gallery_thumbnail":["https:\/\/pressurezone.shop\/wp-content\/uploads\/2024\/10\/Banana-Mimosa-Cannabis-Shatter-100x100.jpg",100,100,true]},"uagb_author_info":{"display_name":"pressurezone.shop","author_link":"https:\/\/pressurezone.shop\/it\/author\/"},"uagb_comment_info":0,"uagb_excerpt":"Achetez Banana Mimosa Cannabis Shatter en ligne en Europe Le Banana Mimosa Cannabis Shatter est un concentr\u00e9 hybride populaire, r\u00e9sultat du croisement entre les c\u00e9l\u00e8bres souches Banana Kush et Purple Punch. Ce shatter est appr\u00e9ci\u00e9 pour sa puissance et ses saveurs riches, parfait pour ceux qui recherchent un effet \u00e9quilibr\u00e9 entre stimulation et relaxation. Avec&hellip;","_links":{"self":[{"href":"https:\/\/pressurezone.shop\/it\/wp-json\/wp\/v2\/product\/3363"}],"collection":[{"href":"https:\/\/pressurezone.shop\/it\/wp-json\/wp\/v2\/product"}],"about":[{"href":"https:\/\/pressurezone.shop\/it\/wp-json\/wp\/v2\/types\/product"}],"replies":[{"embeddable":true,"href":"https:\/\/pressurezone.shop\/it\/wp-json\/wp\/v2\/comments?post=3363"}],"version-history":[{"count":3,"href":"https:\/\/pressurezone.shop\/it\/wp-json\/wp\/v2\/product\/3363\/revisions"}],"predecessor-version":[{"id":4368,"href":"https:\/\/pressurezone.shop\/it\/wp-json\/wp\/v2\/product\/3363\/revisions\/4368"}],"wp:featuredmedia":[{"embeddable":true,"href":"https:\/\/pressurezone.shop\/it\/wp-json\/wp\/v2\/media\/3447"}],"wp:attachment":[{"href":"https:\/\/pressurezone.shop\/it\/wp-json\/wp\/v2\/media?parent=3363"}],"wp:term":[{"taxonomy":"product_brand","embeddable":true,"href":"https:\/\/pressurezone.shop\/it\/wp-json\/wp\/v2\/product_brand?post=3363"},{"taxonomy":"product_cat","embeddable":true,"href":"https:\/\/pressurezone.shop\/it\/wp-json\/wp\/v2\/product_cat?post=3363"},{"taxonomy":"product_tag","embeddable":true,"href":"https:\/\/pressurezone.shop\/it\/wp-json\/wp\/v2\/product_tag?post=3363"}],"curies":[{"name":"wp","href":"https:\/\/api.w.org\/{rel}","templated":true}]}}