{"id":3371,"date":"2024-10-11T01:01:29","date_gmt":"2024-10-10T23:01:29","guid":{"rendered":"https:\/\/pressurezone.shop\/?post_type=product&#038;p=3371"},"modified":"2024-11-15T20:38:07","modified_gmt":"2024-11-15T19:38:07","slug":"shatter-apple-fritter","status":"publish","type":"product","link":"https:\/\/pressurezone.shop\/it\/prodotto\/frittella-di-mele-frantumate\/","title":{"rendered":"Frittella di mele frantumate"},"content":{"rendered":"<div class=\"flex-shrink-0 flex flex-col relative items-end\">\n<div>\n<div class=\"pt-0\">\n<div class=\"gizmo-bot-avatar flex h-8 w-8 items-center justify-center overflow-hidden rounded-full\">\n<div class=\"relative p-1 rounded-sm flex items-center justify-center bg-token-main-surface-primary text-token-text-primary h-8 w-8\"><\/div>\n<\/div>\n<\/div>\n<\/div>\n<\/div>\n<div class=\"group\/conversation-turn relative flex w-full min-w-0 flex-col agent-turn\">\n<div class=\"flex-col gap-1 md:gap-3\">\n<div class=\"flex max-w-full flex-col flex-grow\">\n<div class=\"min-h-8 text-message flex w-full flex-col items-end gap-2 whitespace-normal break-words [.text-message+&amp;]:mt-5\" dir=\"auto\" data-message-author-role=\"assistant\" data-message-id=\"fbcb2cd4-eba2-4492-867f-e68ffa1ade6f\" data-message-model-slug=\"gpt-4o\">\n<div class=\"flex w-full flex-col gap-1 empty:hidden first:pt-[3px]\">\n<div class=\"markdown prose w-full break-words dark:prose-invert light\">\n<h3><strong>Acquistare Apple Fritter Shatter online in Europa<\/strong><\/h3>\n<p>Scoprite l'eccezionale <strong>Frittella di mele frantumate<\/strong>una variet\u00e0 ibrida rara e perfettamente equilibrata (<strong>50 % Indica \/ 50 % Sativa<\/strong>). Questo shatter di prima qualit\u00e0 proviene dalla famosa <strong>Variet\u00e0 di cannabis con mela acida e biscotti animali<\/strong>che offre una miscela armoniosa di effetti cerebrali stimolanti e di profondo rilassamento fisico. Con potenti livelli di THC che vanno da <strong>Da 22 a 28 %<\/strong>Apple Fritter Shatter \u00e8 ideale per gli appassionati di cannabis a scopo ricreativo e terapeutico.<a href=\"https:\/\/fuelpackz.com\/\" target=\"_blank\" rel=\"noopener\">.<\/a><\/p>\n<hr \/>\n<h3><strong>Perch\u00e9 scegliere Apple Fritter Shatter?<\/strong><\/h3>\n<p>Shatter Apple Fritter si distingue per la sua combinazione unica di potenza, sapore e benefici terapeutici. Che siate esperti conoscitori o principianti, questo shatter \u00e8 la scelta perfetta per un'esperienza superiore.<\/p>\n<ul>\n<li><strong>Equilibrio perfetto<\/strong> Effetti armonici di Indica e Sativa.<\/li>\n<li><strong>Potenza eccezionale<\/strong> Alti livelli di THC per un effetto di lunga durata.<\/li>\n<li><strong>Qualit\u00e0 Premium<\/strong> Prodotto con fiori di cannabis AAA+ per il massimo del sapore e della potenza.<\/li>\n<\/ul>\n<hr \/>\n<h3><strong>Effetti della frittella di mele<\/strong><\/h3>\n<p>Gli effetti di <strong>Frittella di mele frantumate<\/strong> inizia con un eccitante sballo cerebrale che migliora l'umore e la creativit\u00e0. Segue un rilassamento corporeo rilassante, che allevia le tensioni e lascia in uno stato di calma assoluta.<\/p>\n<ul>\n<li><strong>Potenziamento del cervello<\/strong> Una sensazione di euforia ed energia.<\/li>\n<li><strong>Rilassamento del corpo<\/strong> Rilassa i muscoli ed elimina le tensioni.<\/li>\n<li><strong>Senza stress<\/strong> Immergetevi in una serenit\u00e0 totale.<\/li>\n<\/ul>\n<hr \/>\n<h3><strong>Pu\u00f2 alleviare :<\/strong><\/h3>\n<p>La frittella di mele Shatter \u00e8 molto apprezzata per le sue propriet\u00e0 terapeutiche. I suoi effetti equilibrati la rendono ideale per alleviare una serie di condizioni fisiche e mentali, tra cui :<\/p>\n<ul>\n<li><strong>Dolore cronico<\/strong> Lenisce il dolore e il fastidio.<\/li>\n<li><strong>Insonnia<\/strong> Favorisce un sonno ristoratore.<\/li>\n<li><strong>Depressione e sbalzi d'umore<\/strong> Miglioramento dell'umore e riduzione dei pensieri negativi.<\/li>\n<li><strong>Stress cronico<\/strong> Riduce l'ansia e la tensione.<\/li>\n<\/ul>\n<hr \/>\n<h3><strong>Profilo aromatico e gustativo<\/strong><\/h3>\n<p>Shatter Apple Fritter \u00e8 tanto piacevole da gustare quanto efficace. Il suo profilo aromatico mescola note di <strong>mele dolci e aspre<\/strong> con tocchi di<strong>erbe e pasticcini<\/strong> che persistono sul palato.<\/p>\n<ul>\n<li><strong>I sapori<\/strong> Mela dolce e aspra, erbe.<\/li>\n<li><strong>Aromi<\/strong> Fruttato, terroso, dolce.<\/li>\n<\/ul>\n<hr \/>\n<h3><strong>Aspetto e consistenza<\/strong><\/h3>\n<p>Questo shatter ha una qualit\u00e0 degna dei migliori concentrati. Il suo <strong>pepite a forma di vanga di colore verde oliva scuro<\/strong> sono potenziati con <strong>sottotono viola intenso<\/strong>di <strong>peli arancioni brillanti<\/strong> e uno strato sottile di <strong>cristalli bianchi scintillanti<\/strong>.<\/p>\n<hr \/>\n<h3><strong>Come si usa l'Apple Fritter Shatter?<\/strong><\/h3>\n<ol>\n<li><strong>Dabbing<\/strong> Perfetto per ottenere la massima potenza ed effetti rapidi.<\/li>\n<li><strong>Vaporizzazione<\/strong> Sfruttare appieno il profilo terpenico e gli aromi.<\/li>\n<li><strong>Mescolare con i fiori<\/strong> Arricchite le vostre articolazioni o ciotole per un'esperienza pi\u00f9 intensa.<\/li>\n<\/ol>\n<hr \/>\n<h3><strong>Ordina ora online la frittella di mele frantumate<\/strong><\/h3>\n<p>Scoprite gli effetti equilibrati e la qualit\u00e0 superiore di <strong>Frittella di mele frantumate<\/strong>. Ideale per rilassarsi dopo una lunga giornata o per alleviare il dolore cronico e lo stress, questo shatter \u00e8 un must per ogni amante della cannabis.<\/p>\n<p>Acquista oggi su <strong><a href=\"https:\/\/pressurezone.shop\/it\/\" target=\"_new\" rel=\"noopener\">Negozio della zona di pressione<\/a><\/strong> e migliorate la vostra esperienza con questo eccezionale shatter ibrido.<\/p>\n<\/div>\n<\/div>\n<\/div>\n<\/div>\n<\/div>\n<\/div>","protected":false},"excerpt":{"rendered":"<p>Achetez du Shatter Apple Fritter en Ligne en Europe D\u00e9couvrez l&rsquo;exceptionnel Shatter Apple Fritter, une vari\u00e9t\u00e9 hybride rare et parfaitement \u00e9quilibr\u00e9e (50 % Indica \/ 50 % Sativa). Ce shatter premium est issu des c\u00e9l\u00e8bres vari\u00e9t\u00e9s Sour Apple et Animal Cookies Cannabis, offrant un m\u00e9lange harmonieux d&rsquo;effets c\u00e9r\u00e9braux stimulants et de relaxation physique profonde. Avec [&hellip;]<\/p>","protected":false},"featured_media":3456,"comment_status":"closed","ping_status":"closed","template":"","meta":{"_uag_custom_page_level_css":"","site-sidebar-layout":"default","site-content-layout":"","ast-site-content-layout":"default","site-content-style":"default","site-sidebar-style":"default","ast-global-header-display":"","ast-banner-title-visibility":"","ast-main-header-display":"","ast-hfb-above-header-display":"","ast-hfb-below-header-display":"","ast-hfb-mobile-header-display":"","site-post-title":"","ast-breadcrumbs-content":"","ast-featured-img":"","footer-sml-layout":"","theme-transparent-header-meta":"default","adv-header-id-meta":"","stick-header-meta":"","header-above-stick-meta":"","header-main-stick-meta":"","header-below-stick-meta":"","astra-migrate-meta-layouts":"set","ast-page-background-enabled":"default","ast-page-background-meta":{"desktop":{"background-color":"","background-image":"","background-repeat":"repeat","background-position":"center center","background-size":"auto","background-attachment":"scroll","background-type":"","background-media":"","overlay-type":"","overlay-color":"","overlay-opacity":"","overlay-gradient":""},"tablet":{"background-color":"","background-image":"","background-repeat":"repeat","background-position":"center center","background-size":"auto","background-attachment":"scroll","background-type":"","background-media":"","overlay-type":"","overlay-color":"","overlay-opacity":"","overlay-gradient":""},"mobile":{"background-color":"","background-image":"","background-repeat":"repeat","background-position":"center center","background-size":"auto","background-attachment":"scroll","background-type":"","background-media":"","overlay-type":"","overlay-color":"","overlay-opacity":"","overlay-gradient":""}},"ast-content-background-meta":{"desktop":{"background-color":"var(--ast-global-color-5)","background-image":"","background-repeat":"repeat","background-position":"center center","background-size":"auto","background-attachment":"scroll","background-type":"","background-media":"","overlay-type":"","overlay-color":"","overlay-opacity":"","overlay-gradient":""},"tablet":{"background-color":"var(--ast-global-color-5)","background-image":"","background-repeat":"repeat","background-position":"center center","background-size":"auto","background-attachment":"scroll","background-type":"","background-media":"","overlay-type":"","overlay-color":"","overlay-opacity":"","overlay-gradient":""},"mobile":{"background-color":"var(--ast-global-color-5)","background-image":"","background-repeat":"repeat","background-position":"center center","background-size":"auto","background-attachment":"scroll","background-type":"","background-media":"","overlay-type":"","overlay-color":"","overlay-opacity":"","overlay-gradient":""}}},"product_brand":[],"product_cat":[334,436],"product_tag":[463],"class_list":{"0":"post-3371","1":"product","2":"type-product","3":"status-publish","4":"has-post-thumbnail","6":"product_cat-concentres-de-marijuana","7":"product_cat-achetez-du-shatter-dab-wax","8":"product_tag-buy-apple-fritter-shatter-online-europe","9":"desktop-align-left","10":"tablet-align-left","11":"mobile-align-left","13":"first","14":"instock","15":"shipping-taxable","16":"purchasable","17":"product-type-variable"},"uagb_featured_image_src":{"full":["https:\/\/pressurezone.shop\/wp-content\/uploads\/2024\/10\/Buy-Apple-Fritter-Shatter.jpg",1000,1000,false],"thumbnail":["https:\/\/pressurezone.shop\/wp-content\/uploads\/2024\/10\/Buy-Apple-Fritter-Shatter-150x150.jpg",150,150,true],"medium":["https:\/\/pressurezone.shop\/wp-content\/uploads\/2024\/10\/Buy-Apple-Fritter-Shatter-300x300.jpg",300,300,true],"medium_large":["https:\/\/pressurezone.shop\/wp-content\/uploads\/2024\/10\/Buy-Apple-Fritter-Shatter-768x768.jpg",768,768,true],"large":["https:\/\/pressurezone.shop\/wp-content\/uploads\/2024\/10\/Buy-Apple-Fritter-Shatter.jpg",1000,1000,false],"1536x1536":["https:\/\/pressurezone.shop\/wp-content\/uploads\/2024\/10\/Buy-Apple-Fritter-Shatter.jpg",1000,1000,false],"2048x2048":["https:\/\/pressurezone.shop\/wp-content\/uploads\/2024\/10\/Buy-Apple-Fritter-Shatter.jpg",1000,1000,false],"trp-custom-language-flag":["https:\/\/pressurezone.shop\/wp-content\/uploads\/2024\/10\/Buy-Apple-Fritter-Shatter-12x12.jpg",12,12,true],"woocommerce_thumbnail":["https:\/\/pressurezone.shop\/wp-content\/uploads\/2024\/10\/Buy-Apple-Fritter-Shatter-300x300.jpg",300,300,true],"woocommerce_single":["https:\/\/pressurezone.shop\/wp-content\/uploads\/2024\/10\/Buy-Apple-Fritter-Shatter-600x600.jpg",600,600,true],"woocommerce_gallery_thumbnail":["https:\/\/pressurezone.shop\/wp-content\/uploads\/2024\/10\/Buy-Apple-Fritter-Shatter-100x100.jpg",100,100,true]},"uagb_author_info":{"display_name":"pressurezone.shop","author_link":"https:\/\/pressurezone.shop\/it\/author\/"},"uagb_comment_info":0,"uagb_excerpt":"Achetez du Shatter Apple Fritter en Ligne en Europe D\u00e9couvrez l&rsquo;exceptionnel Shatter Apple Fritter, une vari\u00e9t\u00e9 hybride rare et parfaitement \u00e9quilibr\u00e9e (50 % Indica \/ 50 % Sativa). Ce shatter premium est issu des c\u00e9l\u00e8bres vari\u00e9t\u00e9s Sour Apple et Animal Cookies Cannabis, offrant un m\u00e9lange harmonieux d&rsquo;effets c\u00e9r\u00e9braux stimulants et de relaxation physique profonde. Avec&hellip;","_links":{"self":[{"href":"https:\/\/pressurezone.shop\/it\/wp-json\/wp\/v2\/product\/3371"}],"collection":[{"href":"https:\/\/pressurezone.shop\/it\/wp-json\/wp\/v2\/product"}],"about":[{"href":"https:\/\/pressurezone.shop\/it\/wp-json\/wp\/v2\/types\/product"}],"replies":[{"embeddable":true,"href":"https:\/\/pressurezone.shop\/it\/wp-json\/wp\/v2\/comments?post=3371"}],"version-history":[{"count":3,"href":"https:\/\/pressurezone.shop\/it\/wp-json\/wp\/v2\/product\/3371\/revisions"}],"predecessor-version":[{"id":4401,"href":"https:\/\/pressurezone.shop\/it\/wp-json\/wp\/v2\/product\/3371\/revisions\/4401"}],"wp:featuredmedia":[{"embeddable":true,"href":"https:\/\/pressurezone.shop\/it\/wp-json\/wp\/v2\/media\/3456"}],"wp:attachment":[{"href":"https:\/\/pressurezone.shop\/it\/wp-json\/wp\/v2\/media?parent=3371"}],"wp:term":[{"taxonomy":"product_brand","embeddable":true,"href":"https:\/\/pressurezone.shop\/it\/wp-json\/wp\/v2\/product_brand?post=3371"},{"taxonomy":"product_cat","embeddable":true,"href":"https:\/\/pressurezone.shop\/it\/wp-json\/wp\/v2\/product_cat?post=3371"},{"taxonomy":"product_tag","embeddable":true,"href":"https:\/\/pressurezone.shop\/it\/wp-json\/wp\/v2\/product_tag?post=3371"}],"curies":[{"name":"wp","href":"https:\/\/api.w.org\/{rel}","templated":true}]}}