{"id":3433,"date":"2024-10-11T01:03:04","date_gmt":"2024-10-10T23:03:04","guid":{"rendered":"https:\/\/pressurezone.shop\/?post_type=product&#038;p=3433"},"modified":"2024-11-04T02:24:02","modified_gmt":"2024-11-04T01:24:02","slug":"haschisch-blueberry-marijuana","status":"publish","type":"product","link":"https:\/\/pressurezone.shop\/it\/prodotto\/hashish-mirtillo-marijuana\/","title":{"rendered":"Hashish Mirtillo Marijuana"},"content":{"rendered":"<div class=\"flex-shrink-0 flex flex-col relative items-end\">\n<div>\n<div class=\"pt-0\">\n<div class=\"gizmo-bot-avatar flex h-8 w-8 items-center justify-center overflow-hidden rounded-full\">\n<div class=\"relative p-1 rounded-sm flex items-center justify-center bg-token-main-surface-primary text-token-text-primary h-8 w-8\"><\/div>\n<\/div>\n<\/div>\n<\/div>\n<\/div>\n<div class=\"group\/conversation-turn relative flex w-full min-w-0 flex-col agent-turn\">\n<div class=\"flex-col gap-1 md:gap-3\">\n<div class=\"flex max-w-full flex-col flex-grow\">\n<div class=\"min-h-8 text-message flex w-full flex-col items-end gap-2 whitespace-normal break-words [.text-message+&amp;]:mt-5\" dir=\"auto\" data-message-author-role=\"assistant\" data-message-id=\"92374b25-683d-4e26-a76f-c0f7f2ce54ee\" data-message-model-slug=\"gpt-4o\">\n<div class=\"flex w-full flex-col gap-1 empty:hidden first:pt-[3px]\">\n<div class=\"markdown prose w-full break-words dark:prose-invert light\">\n<h3><strong>Comprare Hashish Blueberry Marijuana online in Europa su <a href=\"https:\/\/pressurezone.shop\/it\/\" target=\"_new\" rel=\"noopener\">Negozio della zona di pressione<\/a><\/strong><\/h3>\n<p>Scoprire il <strong>Hashish Mirtillo Marijuana<\/strong>un raffinato hashish domestico prodotto con cura nel cuore della British Columbia. Questo concentrato unico e stuzzicante \u00e8 ottenuto da veri fiori di hashish. <strong>Mirtillo Kush<\/strong>che aggiungono un profilo terpenico delizioso e fruttato a un hashish gi\u00e0 eccezionale.<\/p>\n<h3>Hashish autentico e fruttato<\/h3>\n<p>Le <strong>Hashish Mirtillo Marijuana<\/strong> \u00e8 realizzata con una meticolosa attenzione ai dettagli. Le teste dei tricomi di Blueberry Kush vengono accuratamente setacciate per rimuovere tutta la materia vegetale, garantendo la purezza del prodotto finale. Una volta raccolti, i tricomi resinosi vengono surgelati prima di essere pressati, preservando la delicatezza dei terpeni naturali della Blueberry Kush. Il risultato \u00e8 un hashish morbido, saporito e fedele all'eccellenza che la British Columbia pu\u00f2 offrire.<\/p>\n<ul>\n<li><strong>Tipo<\/strong> Hashish Premium Blueberry Kush<\/li>\n<li><strong>Origine<\/strong> Columbia Britannica, Canada<\/li>\n<\/ul>\n<h3>Perch\u00e9 scegliere l'Hashish Blueberry Marijuana?<\/h3>\n<p>Le <strong>Hashish Mirtillo Marijuana<\/strong> \u00e8 la scelta perfetta per gli appassionati di cannabis che cercano un hashish potente e artigianale con un profilo aromatico distinto. Questo hashish offre un'esplosione di sapori fruttati e un high di lunga durata, perfetto per rilassarsi e distendersi.<a href=\"https:\/\/fuelpackz.com\/\" target=\"_blank\" rel=\"noopener\">.<\/a><\/p>\n<ul>\n<li><strong>Aromi<\/strong> Dolcezza fruttata e terrosa con sentori di mirtillo<\/li>\n<li><strong>Effetti<\/strong> Rilassamento, Felicit\u00e0, Distensione<\/li>\n<li><strong>Perfetto per<\/strong> Alleviare lo stress, rilassamento serale, momenti di relax<\/li>\n<\/ul>\n<h3>Processo di produzione dell'Hashish al mirtillo<\/h3>\n<p>Il nostro <strong>Hashish Mirtillo Marijuana<\/strong> segue un processo di produzione attento e tradizionale. Conservando solo i tricomi resinosi e surgelandoli prima della spremitura, garantiamo un prodotto puro, ricco di terpeni e aromi.<\/p>\n<h3>Sapori e aromi della marijuana Hashish Blueberry<\/h3>\n<p>Le <strong>Hashish Mirtillo Marijuana<\/strong> offre un profilo gustativo ricco e fruttato, dominato da note di mirtillo e dolcezza terrosa. Oltre al gusto delizioso, i suoi aromi intensi rendono ogni inalazione un'esperienza sensoriale completa.<\/p>\n<ul>\n<li><strong>I sapori<\/strong> Fruttato, mirtillo, dolcezza terrosa<\/li>\n<li><strong>Aromi<\/strong> Frutti di bosco, terroso, dolce<\/li>\n<\/ul>\n<h3>Utilizzo ed esperienza<\/h3>\n<p>Grazie alla sua consistenza morbida <strong>Hashish Mirtillo Marijuana<\/strong> \u00e8 facile da usare e si adatta a diversi metodi di consumo:<\/p>\n<ul>\n<li><strong>Fumare in una pipa o in un bong<\/strong> per un rapido aumento degli effetti.<\/li>\n<li><strong>Spray<\/strong> per un'esperienza di gusto pi\u00f9 morbida e controllata.<\/li>\n<li><strong>Integrato in un'articolazione<\/strong> per una maggiore intensit\u00e0 e sapore.<\/li>\n<\/ul>\n<h3>Ordina Hashish Blueberry Marijuana online da Pressure Zone Shop<\/h3>\n<p>Pronti a scoprire i sapori eccezionali e l'effetto potente di <strong>Hashish Mirtillo Marijuana<\/strong> ? Ordina ora su <a href=\"https:\/\/pressurezone.shop\/it\/\" target=\"_new\" rel=\"noopener\">Negozio della zona di pressione<\/a> per gustare questo hashish artigianale di alta qualit\u00e0. Sia che siate intenditori o neofiti, la <strong>Hashish Mirtillo<\/strong> \u00e8 la scelta ideale per un'esperienza di cannabis autentica e fruttata.<\/p>\n<\/div>\n<\/div>\n<\/div>\n<\/div>\n<\/div>\n<\/div>","protected":false},"excerpt":{"rendered":"<p>Achetez du Haschisch Blueberry Marijuana en Ligne en Europe sur Pressure Zone Shop D\u00e9couvrez le Haschisch Blueberry Marijuana, un haschisch domestique raffin\u00e9, produit avec soin dans le c\u0153ur de la Colombie-Britannique. Ce concentr\u00e9 unique et all\u00e9chant est fabriqu\u00e9 \u00e0 partir de v\u00e9ritables fleurs de Blueberry Kush, qui ajoutent un profil de terp\u00e8nes fruit\u00e9 et d\u00e9licieux [&hellip;]<\/p>","protected":false},"featured_media":3494,"comment_status":"closed","ping_status":"closed","template":"","meta":{"_uag_custom_page_level_css":"","site-sidebar-layout":"default","site-content-layout":"","ast-site-content-layout":"default","site-content-style":"default","site-sidebar-style":"default","ast-global-header-display":"","ast-banner-title-visibility":"","ast-main-header-display":"","ast-hfb-above-header-display":"","ast-hfb-below-header-display":"","ast-hfb-mobile-header-display":"","site-post-title":"","ast-breadcrumbs-content":"","ast-featured-img":"","footer-sml-layout":"","theme-transparent-header-meta":"default","adv-header-id-meta":"","stick-header-meta":"","header-above-stick-meta":"","header-main-stick-meta":"","header-below-stick-meta":"","astra-migrate-meta-layouts":"set","ast-page-background-enabled":"default","ast-page-background-meta":{"desktop":{"background-color":"","background-image":"","background-repeat":"repeat","background-position":"center center","background-size":"auto","background-attachment":"scroll","background-type":"","background-media":"","overlay-type":"","overlay-color":"","overlay-opacity":"","overlay-gradient":""},"tablet":{"background-color":"","background-image":"","background-repeat":"repeat","background-position":"center center","background-size":"auto","background-attachment":"scroll","background-type":"","background-media":"","overlay-type":"","overlay-color":"","overlay-opacity":"","overlay-gradient":""},"mobile":{"background-color":"","background-image":"","background-repeat":"repeat","background-position":"center center","background-size":"auto","background-attachment":"scroll","background-type":"","background-media":"","overlay-type":"","overlay-color":"","overlay-opacity":"","overlay-gradient":""}},"ast-content-background-meta":{"desktop":{"background-color":"var(--ast-global-color-5)","background-image":"","background-repeat":"repeat","background-position":"center center","background-size":"auto","background-attachment":"scroll","background-type":"","background-media":"","overlay-type":"","overlay-color":"","overlay-opacity":"","overlay-gradient":""},"tablet":{"background-color":"var(--ast-global-color-5)","background-image":"","background-repeat":"repeat","background-position":"center center","background-size":"auto","background-attachment":"scroll","background-type":"","background-media":"","overlay-type":"","overlay-color":"","overlay-opacity":"","overlay-gradient":""},"mobile":{"background-color":"var(--ast-global-color-5)","background-image":"","background-repeat":"repeat","background-position":"center center","background-size":"auto","background-attachment":"scroll","background-type":"","background-media":"","overlay-type":"","overlay-color":"","overlay-opacity":"","overlay-gradient":""}}},"product_brand":[],"product_cat":[334,29],"product_tag":[151,502,482],"class_list":{"0":"post-3433","1":"product","2":"type-product","3":"status-publish","4":"has-post-thumbnail","6":"product_cat-concentres-de-marijuana","7":"product_cat-haschisch","8":"product_tag-haschisch","9":"product_tag-haschisch-blueberry-marijuana","10":"product_tag-order-blueberry-marijuana-hash-europe","11":"desktop-align-left","12":"tablet-align-left","13":"mobile-align-left","15":"first","16":"instock","17":"shipping-taxable","18":"purchasable","19":"product-type-variable"},"uagb_featured_image_src":{"full":["https:\/\/pressurezone.shop\/wp-content\/uploads\/2024\/10\/Blueberry-Marijuana-Hash-Europe.jpg",768,768,false],"thumbnail":["https:\/\/pressurezone.shop\/wp-content\/uploads\/2024\/10\/Blueberry-Marijuana-Hash-Europe-150x150.jpg",150,150,true],"medium":["https:\/\/pressurezone.shop\/wp-content\/uploads\/2024\/10\/Blueberry-Marijuana-Hash-Europe-300x300.jpg",300,300,true],"medium_large":["https:\/\/pressurezone.shop\/wp-content\/uploads\/2024\/10\/Blueberry-Marijuana-Hash-Europe.jpg",768,768,false],"large":["https:\/\/pressurezone.shop\/wp-content\/uploads\/2024\/10\/Blueberry-Marijuana-Hash-Europe.jpg",768,768,false],"1536x1536":["https:\/\/pressurezone.shop\/wp-content\/uploads\/2024\/10\/Blueberry-Marijuana-Hash-Europe.jpg",768,768,false],"2048x2048":["https:\/\/pressurezone.shop\/wp-content\/uploads\/2024\/10\/Blueberry-Marijuana-Hash-Europe.jpg",768,768,false],"trp-custom-language-flag":["https:\/\/pressurezone.shop\/wp-content\/uploads\/2024\/10\/Blueberry-Marijuana-Hash-Europe-12x12.jpg",12,12,true],"woocommerce_thumbnail":["https:\/\/pressurezone.shop\/wp-content\/uploads\/2024\/10\/Blueberry-Marijuana-Hash-Europe-300x300.jpg",300,300,true],"woocommerce_single":["https:\/\/pressurezone.shop\/wp-content\/uploads\/2024\/10\/Blueberry-Marijuana-Hash-Europe-600x600.jpg",600,600,true],"woocommerce_gallery_thumbnail":["https:\/\/pressurezone.shop\/wp-content\/uploads\/2024\/10\/Blueberry-Marijuana-Hash-Europe-100x100.jpg",100,100,true]},"uagb_author_info":{"display_name":"pressurezone.shop","author_link":"https:\/\/pressurezone.shop\/it\/author\/"},"uagb_comment_info":0,"uagb_excerpt":"Achetez du Haschisch Blueberry Marijuana en Ligne en Europe sur Pressure Zone Shop D\u00e9couvrez le Haschisch Blueberry Marijuana, un haschisch domestique raffin\u00e9, produit avec soin dans le c\u0153ur de la Colombie-Britannique. Ce concentr\u00e9 unique et all\u00e9chant est fabriqu\u00e9 \u00e0 partir de v\u00e9ritables fleurs de Blueberry Kush, qui ajoutent un profil de terp\u00e8nes fruit\u00e9 et d\u00e9licieux&hellip;","_links":{"self":[{"href":"https:\/\/pressurezone.shop\/it\/wp-json\/wp\/v2\/product\/3433"}],"collection":[{"href":"https:\/\/pressurezone.shop\/it\/wp-json\/wp\/v2\/product"}],"about":[{"href":"https:\/\/pressurezone.shop\/it\/wp-json\/wp\/v2\/types\/product"}],"replies":[{"embeddable":true,"href":"https:\/\/pressurezone.shop\/it\/wp-json\/wp\/v2\/comments?post=3433"}],"version-history":[{"count":3,"href":"https:\/\/pressurezone.shop\/it\/wp-json\/wp\/v2\/product\/3433\/revisions"}],"predecessor-version":[{"id":4126,"href":"https:\/\/pressurezone.shop\/it\/wp-json\/wp\/v2\/product\/3433\/revisions\/4126"}],"wp:featuredmedia":[{"embeddable":true,"href":"https:\/\/pressurezone.shop\/it\/wp-json\/wp\/v2\/media\/3494"}],"wp:attachment":[{"href":"https:\/\/pressurezone.shop\/it\/wp-json\/wp\/v2\/media?parent=3433"}],"wp:term":[{"taxonomy":"product_brand","embeddable":true,"href":"https:\/\/pressurezone.shop\/it\/wp-json\/wp\/v2\/product_brand?post=3433"},{"taxonomy":"product_cat","embeddable":true,"href":"https:\/\/pressurezone.shop\/it\/wp-json\/wp\/v2\/product_cat?post=3433"},{"taxonomy":"product_tag","embeddable":true,"href":"https:\/\/pressurezone.shop\/it\/wp-json\/wp\/v2\/product_tag?post=3433"}],"curies":[{"name":"wp","href":"https:\/\/api.w.org\/{rel}","templated":true}]}}