{"id":3449,"date":"2024-10-11T01:03:29","date_gmt":"2024-10-10T23:03:29","guid":{"rendered":"https:\/\/pressurezone.shop\/?post_type=product&#038;p=3449"},"modified":"2024-11-04T19:31:53","modified_gmt":"2024-11-04T18:31:53","slug":"haschisch-chanel-marijuana","status":"publish","type":"product","link":"https:\/\/pressurezone.shop\/it\/prodotto\/hashish-chanel-marijuana\/","title":{"rendered":"Hashish Chanel Marijuana"},"content":{"rendered":"<h3><strong>Comprare Hashish Chanel Marijuana online in Europa su <a href=\"https:\/\/pressurezone.shop\/it\/\" target=\"_new\" rel=\"noopener\">Negozio della zona di pressione<\/a><\/strong><\/h3>\n<p>Scoprire il <strong>Hashish Chanel Marijuana<\/strong>un hashish di lusso prodotto con cura nella British Columbia. Questo hashish domestico di qualit\u00e0 AAA+ \u00e8 prodotto esclusivamente da potenti variet\u00e0 di cannabis indica come Death Bubba, OG Kush e Pink Kush, selezionate per i loro tricomi resinosi e sapidi. Coltivate, raccolte e surgelate per preservarne la freschezza, queste variet\u00e0 vengono poi pressate per produrre un hashish di qualit\u00e0 eccezionale.<a href=\"https:\/\/fuelpackz.com\/\" target=\"_blank\" rel=\"noopener\">.<\/a><\/p>\n<h3>Perch\u00e9 scegliere l'hashish di marijuana Chanel?<\/h3>\n<p>Le <strong>Hashish Chanel Marijuana<\/strong> \u00e8 stata progettata per offrire un'esperienza unica e raffinata. Il suo meticoloso processo di produzione preserva l'integrit\u00e0 dei terpeni e la potenza di ogni variet\u00e0, creando un prodotto finale ricco di sapore ed effetto. Perfetta per gli intenditori e per chi cerca un rilassamento profondo e una sensazione di lusso, Chanel Hash \u00e8 una scelta eccezionale per un relax di alto livello.<a href=\"https:\/\/fuelpackz.com\/\" target=\"_blank\" rel=\"noopener\">.<\/a><\/p>\n<ul>\n<li><strong>Tipo<\/strong> Hashish Indica Premium<\/li>\n<li><strong>Origine<\/strong> Prodotto in British Columbia, Canada<\/li>\n<\/ul>\n<h3>Aromi e sapori dell'hashish di marijuana Chanel<\/h3>\n<p>Le <strong>Hashish Chanel Marijuana<\/strong> si distingue per un profilo aromatico complesso, che combina note speziate e terrose con una dolcezza erbacea. Combinando diverse variet\u00e0 potenti, offre un'esperienza sensoriale completa, arricchita da aromi profondi e da una ricchezza di terpeni.<\/p>\n<ul>\n<li><strong>I sapori<\/strong> Speziato, terroso, erbaceo<\/li>\n<li><strong>Aromi<\/strong> Note ricche, terrose e di pino<\/li>\n<\/ul>\n<h3>Effetti e benefici della marijuana Hashish Chanel<\/h3>\n<p>Grazie alla sua miscela di variet\u00e0 indica, la <strong>Hashish Chanel Marijuana<\/strong> fornisce uno sballo intenso e duraturo, perfetto per rilassarsi e alleviare lo stress. Questo hashish offre un'esperienza corporea rilassante, ideale per una serata rilassante o una fine serena della giornata.<\/p>\n<ul>\n<li><strong>Effetti<\/strong> Rilassamento, euforia, distensione<\/li>\n<li><strong>Perfetto per<\/strong> Alleviare lo stress, rilassare il corpo, rilassare la sera<\/li>\n<\/ul>\n<h3>Processo di produzione dell'hashish di marijuana Chanel<\/h3>\n<p>Prodotto in piccole quantit\u00e0 per garantire la qualit\u00e0, il <strong>Hashish Chanel Marijuana<\/strong> \u00e8 spremuto da tricomi raccolti da variet\u00e0 di alta qualit\u00e0, surgelati per preservarne la potenza. Ogni fase del processo \u00e8 studiata per massimizzare la purezza e il sapore, rendendo questo hashish un prodotto davvero di qualit\u00e0.<\/p>\n<h3>Utilizzo ed esperienza<\/h3>\n<p>Le <strong>Hashish Chanel Marijuana<\/strong> \u00e8 versatile e pu\u00f2 essere consumato in diversi modi a seconda delle preferenze:<\/p>\n<ul>\n<li><strong>Fumare in una pipa o in un bong<\/strong> per ottenere effetti rapidi e potenti.<\/li>\n<li><strong>Spray<\/strong> per un'esperienza di gusto puro e uno sballo controllato.<\/li>\n<li><strong>Incorporare in un'articolazione<\/strong> per una maggiore intensit\u00e0 e sapore.<\/li>\n<\/ul>\n<h3>Ordina l'hashish di marijuana Chanel online dal Pressure Zone Shop<\/h3>\n<p>Pronti per un'esperienza di lusso con il <strong>Hashish Chanel Marijuana<\/strong> ? Ordina ora su <a href=\"https:\/\/pressurezone.shop\/it\/\" target=\"_new\" rel=\"noopener\">Negozio della zona di pressione<\/a> per scoprire questo hashish raffinato e potente, perfetto per chi cerca il massimo del relax. Con <strong>Chanel Marijuana Hash<\/strong>Approfittate della qualit\u00e0 e dell'esperienza incomparabili.<\/p>","protected":false},"excerpt":{"rendered":"<p>Achetez le Haschisch Chanel Marijuana en Ligne en Europe sur Pressure Zone Shop D\u00e9couvrez le Haschisch Chanel Marijuana, un haschisch de luxe fabriqu\u00e9 avec soin en Colombie-Britannique. Ce haschisch domestique de qualit\u00e9 AAA+ est \u00e9labor\u00e9 exclusivement \u00e0 partir de vari\u00e9t\u00e9s de cannabis indica puissantes comme Death Bubba, OG Kush et Pink Kush, s\u00e9lectionn\u00e9es pour leurs [&hellip;]<\/p>","protected":false},"featured_media":3506,"comment_status":"closed","ping_status":"closed","template":"","meta":{"_uag_custom_page_level_css":"","site-sidebar-layout":"default","site-content-layout":"","ast-site-content-layout":"default","site-content-style":"default","site-sidebar-style":"default","ast-global-header-display":"","ast-banner-title-visibility":"","ast-main-header-display":"","ast-hfb-above-header-display":"","ast-hfb-below-header-display":"","ast-hfb-mobile-header-display":"","site-post-title":"","ast-breadcrumbs-content":"","ast-featured-img":"","footer-sml-layout":"","theme-transparent-header-meta":"default","adv-header-id-meta":"","stick-header-meta":"","header-above-stick-meta":"","header-main-stick-meta":"","header-below-stick-meta":"","astra-migrate-meta-layouts":"set","ast-page-background-enabled":"default","ast-page-background-meta":{"desktop":{"background-color":"","background-image":"","background-repeat":"repeat","background-position":"center center","background-size":"auto","background-attachment":"scroll","background-type":"","background-media":"","overlay-type":"","overlay-color":"","overlay-opacity":"","overlay-gradient":""},"tablet":{"background-color":"","background-image":"","background-repeat":"repeat","background-position":"center center","background-size":"auto","background-attachment":"scroll","background-type":"","background-media":"","overlay-type":"","overlay-color":"","overlay-opacity":"","overlay-gradient":""},"mobile":{"background-color":"","background-image":"","background-repeat":"repeat","background-position":"center center","background-size":"auto","background-attachment":"scroll","background-type":"","background-media":"","overlay-type":"","overlay-color":"","overlay-opacity":"","overlay-gradient":""}},"ast-content-background-meta":{"desktop":{"background-color":"var(--ast-global-color-5)","background-image":"","background-repeat":"repeat","background-position":"center center","background-size":"auto","background-attachment":"scroll","background-type":"","background-media":"","overlay-type":"","overlay-color":"","overlay-opacity":"","overlay-gradient":""},"tablet":{"background-color":"var(--ast-global-color-5)","background-image":"","background-repeat":"repeat","background-position":"center center","background-size":"auto","background-attachment":"scroll","background-type":"","background-media":"","overlay-type":"","overlay-color":"","overlay-opacity":"","overlay-gradient":""},"mobile":{"background-color":"var(--ast-global-color-5)","background-image":"","background-repeat":"repeat","background-position":"center center","background-size":"auto","background-attachment":"scroll","background-type":"","background-media":"","overlay-type":"","overlay-color":"","overlay-opacity":"","overlay-gradient":""}}},"product_brand":[],"product_cat":[334,29],"product_tag":[488],"class_list":{"0":"post-3449","1":"product","2":"type-product","3":"status-publish","4":"has-post-thumbnail","6":"product_cat-concentres-de-marijuana","7":"product_cat-haschisch","8":"product_tag-chanel-marijuana-hash-eu","9":"desktop-align-left","10":"tablet-align-left","11":"mobile-align-left","13":"first","14":"instock","15":"shipping-taxable","16":"purchasable","17":"product-type-variable"},"uagb_featured_image_src":{"full":["https:\/\/pressurezone.shop\/wp-content\/uploads\/2024\/10\/Chanel-Marijuana-Hash-EU.jpg",768,768,false],"thumbnail":["https:\/\/pressurezone.shop\/wp-content\/uploads\/2024\/10\/Chanel-Marijuana-Hash-EU-150x150.jpg",150,150,true],"medium":["https:\/\/pressurezone.shop\/wp-content\/uploads\/2024\/10\/Chanel-Marijuana-Hash-EU-300x300.jpg",300,300,true],"medium_large":["https:\/\/pressurezone.shop\/wp-content\/uploads\/2024\/10\/Chanel-Marijuana-Hash-EU.jpg",768,768,false],"large":["https:\/\/pressurezone.shop\/wp-content\/uploads\/2024\/10\/Chanel-Marijuana-Hash-EU.jpg",768,768,false],"1536x1536":["https:\/\/pressurezone.shop\/wp-content\/uploads\/2024\/10\/Chanel-Marijuana-Hash-EU.jpg",768,768,false],"2048x2048":["https:\/\/pressurezone.shop\/wp-content\/uploads\/2024\/10\/Chanel-Marijuana-Hash-EU.jpg",768,768,false],"trp-custom-language-flag":["https:\/\/pressurezone.shop\/wp-content\/uploads\/2024\/10\/Chanel-Marijuana-Hash-EU-12x12.jpg",12,12,true],"woocommerce_thumbnail":["https:\/\/pressurezone.shop\/wp-content\/uploads\/2024\/10\/Chanel-Marijuana-Hash-EU-300x300.jpg",300,300,true],"woocommerce_single":["https:\/\/pressurezone.shop\/wp-content\/uploads\/2024\/10\/Chanel-Marijuana-Hash-EU-600x600.jpg",600,600,true],"woocommerce_gallery_thumbnail":["https:\/\/pressurezone.shop\/wp-content\/uploads\/2024\/10\/Chanel-Marijuana-Hash-EU-100x100.jpg",100,100,true]},"uagb_author_info":{"display_name":"pressurezone.shop","author_link":"https:\/\/pressurezone.shop\/it\/author\/"},"uagb_comment_info":0,"uagb_excerpt":"Achetez le Haschisch Chanel Marijuana en Ligne en Europe sur Pressure Zone Shop D\u00e9couvrez le Haschisch Chanel Marijuana, un haschisch de luxe fabriqu\u00e9 avec soin en Colombie-Britannique. Ce haschisch domestique de qualit\u00e9 AAA+ est \u00e9labor\u00e9 exclusivement \u00e0 partir de vari\u00e9t\u00e9s de cannabis indica puissantes comme Death Bubba, OG Kush et Pink Kush, s\u00e9lectionn\u00e9es pour leurs&hellip;","_links":{"self":[{"href":"https:\/\/pressurezone.shop\/it\/wp-json\/wp\/v2\/product\/3449"}],"collection":[{"href":"https:\/\/pressurezone.shop\/it\/wp-json\/wp\/v2\/product"}],"about":[{"href":"https:\/\/pressurezone.shop\/it\/wp-json\/wp\/v2\/types\/product"}],"replies":[{"embeddable":true,"href":"https:\/\/pressurezone.shop\/it\/wp-json\/wp\/v2\/comments?post=3449"}],"version-history":[{"count":4,"href":"https:\/\/pressurezone.shop\/it\/wp-json\/wp\/v2\/product\/3449\/revisions"}],"predecessor-version":[{"id":4167,"href":"https:\/\/pressurezone.shop\/it\/wp-json\/wp\/v2\/product\/3449\/revisions\/4167"}],"wp:featuredmedia":[{"embeddable":true,"href":"https:\/\/pressurezone.shop\/it\/wp-json\/wp\/v2\/media\/3506"}],"wp:attachment":[{"href":"https:\/\/pressurezone.shop\/it\/wp-json\/wp\/v2\/media?parent=3449"}],"wp:term":[{"taxonomy":"product_brand","embeddable":true,"href":"https:\/\/pressurezone.shop\/it\/wp-json\/wp\/v2\/product_brand?post=3449"},{"taxonomy":"product_cat","embeddable":true,"href":"https:\/\/pressurezone.shop\/it\/wp-json\/wp\/v2\/product_cat?post=3449"},{"taxonomy":"product_tag","embeddable":true,"href":"https:\/\/pressurezone.shop\/it\/wp-json\/wp\/v2\/product_tag?post=3449"}],"curies":[{"name":"wp","href":"https:\/\/api.w.org\/{rel}","templated":true}]}}