{"id":1671,"date":"2024-04-07T23:44:49","date_gmt":"2024-04-07T22:44:49","guid":{"rendered":"https:\/\/pressurezone.shop\/?post_type=product&#038;p=1671"},"modified":"2026-03-26T09:40:49","modified_gmt":"2026-03-26T08:40:49","slug":"kaws-slurpee-moonstone","status":"publish","type":"product","link":"https:\/\/pressurezone.shop\/nl\/product\/kaws-slurpee-maansteen\/","title":{"rendered":"Kaws Slurpee Maansteen"},"content":{"rendered":"<p>Het verbeteren van uw routine vernieuwen met de Kaws Slurpee Opgelost ! Deze zoete ijs single is een heerlijke combinatie van smaken en een in het oog springend design, ideaal voor de drukke schema &#039; s. Koop een vandaag en veel plezier ! Kaws Slurpee Maansteen stam<\/p>\n<p><strong>USP :<\/strong><\/p>\n<p>Een combinatie van smaken uniek : De Kaws Slurpee Opgelost combineert de nostalgie van een drankje klassieker met een twist van unieke en heerlijk. (Denk : een wervelwind van smaak onverwachte of een speciale stof)<br \/>\nIn het oog springende Ontwerp : de Kaws Slurpee Opgelost presenteert een ontwerp visueel aantrekkelijke, die zich onderscheidt van de massa. (Denk aan : interessante kleuren, een enkele doos of texturen leuk)<br \/>\nGrootte : Perfect voor een drukke levensstijl, de Kaws Slurpee Opgelost is voorverpakt en klaar om van te genieten op de weg.<\/p>\n<p><strong>Voordelen:<\/strong><\/p>\n<p>Vernieuwen snel en eenvoudig : winnen van de warmte en voldoen aan uw zoete tand met deze candy ijs de praktijk.<br \/>\nLekker en leuk : de combinatie van smaken uniek en eye-catching design maken de Kaws Slurpee Opgelost leuk en lekker.<br \/>\nPerfect voor de drukke schema &#039; s-geen rij-of mix alles zelf. Neem een Kaws Slurpee Opgelost en genieten van een behandeling van vers, op elk moment en op elke plaats.Kaws Slurpee Moonston<a href=\"https:\/\/fuelpackz.com\/\" target=\"_blank\" rel=\"noopener\">e<\/a><\/p>","protected":false},"excerpt":{"rendered":"<h4><a href=\"https:\/\/pressurezone.shop\/nl\/\">Kaws Slurpee Maansteen<\/a><\/h4>\n<p>-De smakelijke bevroren behandelen, en unieke, perfect om mee te nemen !<\/p>","protected":false},"featured_media":1678,"comment_status":"open","ping_status":"closed","template":"","meta":{"_uag_custom_page_level_css":"","site-sidebar-layout":"default","site-content-layout":"","ast-site-content-layout":"default","site-content-style":"default","site-sidebar-style":"default","ast-global-header-display":"","ast-banner-title-visibility":"","ast-main-header-display":"","ast-hfb-above-header-display":"","ast-hfb-below-header-display":"","ast-hfb-mobile-header-display":"","site-post-title":"","ast-breadcrumbs-content":"","ast-featured-img":"","footer-sml-layout":"","theme-transparent-header-meta":"default","adv-header-id-meta":"","stick-header-meta":"","header-above-stick-meta":"","header-main-stick-meta":"","header-below-stick-meta":"","astra-migrate-meta-layouts":"set","ast-page-background-enabled":"default","ast-page-background-meta":{"desktop":{"background-color":"","background-image":"","background-repeat":"repeat","background-position":"center center","background-size":"auto","background-attachment":"scroll","background-type":"","background-media":"","overlay-type":"","overlay-color":"","overlay-opacity":"","overlay-gradient":""},"tablet":{"background-color":"","background-image":"","background-repeat":"repeat","background-position":"center center","background-size":"auto","background-attachment":"scroll","background-type":"","background-media":"","overlay-type":"","overlay-color":"","overlay-opacity":"","overlay-gradient":""},"mobile":{"background-color":"","background-image":"","background-repeat":"repeat","background-position":"center center","background-size":"auto","background-attachment":"scroll","background-type":"","background-media":"","overlay-type":"","overlay-color":"","overlay-opacity":"","overlay-gradient":""}},"ast-content-background-meta":{"desktop":{"background-color":"var(--ast-global-color-5)","background-image":"","background-repeat":"repeat","background-position":"center center","background-size":"auto","background-attachment":"scroll","background-type":"","background-media":"","overlay-type":"","overlay-color":"","overlay-opacity":"","overlay-gradient":""},"tablet":{"background-color":"var(--ast-global-color-5)","background-image":"","background-repeat":"repeat","background-position":"center center","background-size":"auto","background-attachment":"scroll","background-type":"","background-media":"","overlay-type":"","overlay-color":"","overlay-opacity":"","overlay-gradient":""},"mobile":{"background-color":"var(--ast-global-color-5)","background-image":"","background-repeat":"repeat","background-position":"center center","background-size":"auto","background-attachment":"scroll","background-type":"","background-media":"","overlay-type":"","overlay-color":"","overlay-opacity":"","overlay-gradient":""}}},"product_brand":[],"product_cat":[27],"product_tag":[218,217,219,105],"class_list":{"0":"post-1671","1":"product","2":"type-product","3":"status-publish","4":"has-post-thumbnail","6":"product_cat-commandez-vos-moonrocks-en-ligne","7":"product_tag-kaws-cereal-moonstone","8":"product_tag-kaws-slurpee-moonstone","9":"product_tag-moon-rock-a-vendre-en-ligne","10":"product_tag-shruberry-banana-moonrock","11":"desktop-align-left","12":"tablet-align-left","13":"mobile-align-left","15":"first","16":"instock","17":"sale","18":"shipping-taxable","19":"purchasable","20":"product-type-variable"},"uagb_featured_image_src":{"full":["https:\/\/pressurezone.shop\/wp-content\/uploads\/2024\/04\/photo1712374148.jpeg",600,800,false],"thumbnail":["https:\/\/pressurezone.shop\/wp-content\/uploads\/2024\/04\/photo1712374148-150x150.jpeg",150,150,true],"medium":["https:\/\/pressurezone.shop\/wp-content\/uploads\/2024\/04\/photo1712374148-225x300.jpeg",225,300,true],"medium_large":["https:\/\/pressurezone.shop\/wp-content\/uploads\/2024\/04\/photo1712374148.jpeg",600,800,false],"large":["https:\/\/pressurezone.shop\/wp-content\/uploads\/2024\/04\/photo1712374148.jpeg",600,800,false],"1536x1536":["https:\/\/pressurezone.shop\/wp-content\/uploads\/2024\/04\/photo1712374148.jpeg",600,800,false],"2048x2048":["https:\/\/pressurezone.shop\/wp-content\/uploads\/2024\/04\/photo1712374148.jpeg",600,800,false],"trp-custom-language-flag":["https:\/\/pressurezone.shop\/wp-content\/uploads\/2024\/04\/photo1712374148.jpeg",9,12,false],"woocommerce_thumbnail":["https:\/\/pressurezone.shop\/wp-content\/uploads\/2024\/04\/photo1712374148-300x300.jpeg",300,300,true],"woocommerce_single":["https:\/\/pressurezone.shop\/wp-content\/uploads\/2024\/04\/photo1712374148.jpeg",600,800,false],"woocommerce_gallery_thumbnail":["https:\/\/pressurezone.shop\/wp-content\/uploads\/2024\/04\/photo1712374148-100x100.jpeg",100,100,true]},"uagb_author_info":{"display_name":"pressurezone.shop","author_link":"https:\/\/pressurezone.shop\/nl\/author\/"},"uagb_comment_info":11,"uagb_excerpt":"Kaws Slurpee Moonstone -La g\u00e2terie glac\u00e9e d\u00e9licieuse et unique, parfaite \u00e0 emporter\u00a0!","_links":{"self":[{"href":"https:\/\/pressurezone.shop\/nl\/wp-json\/wp\/v2\/product\/1671"}],"collection":[{"href":"https:\/\/pressurezone.shop\/nl\/wp-json\/wp\/v2\/product"}],"about":[{"href":"https:\/\/pressurezone.shop\/nl\/wp-json\/wp\/v2\/types\/product"}],"replies":[{"embeddable":true,"href":"https:\/\/pressurezone.shop\/nl\/wp-json\/wp\/v2\/comments?post=1671"}],"version-history":[{"count":5,"href":"https:\/\/pressurezone.shop\/nl\/wp-json\/wp\/v2\/product\/1671\/revisions"}],"predecessor-version":[{"id":2172,"href":"https:\/\/pressurezone.shop\/nl\/wp-json\/wp\/v2\/product\/1671\/revisions\/2172"}],"wp:featuredmedia":[{"embeddable":true,"href":"https:\/\/pressurezone.shop\/nl\/wp-json\/wp\/v2\/media\/1678"}],"wp:attachment":[{"href":"https:\/\/pressurezone.shop\/nl\/wp-json\/wp\/v2\/media?parent=1671"}],"wp:term":[{"taxonomy":"product_brand","embeddable":true,"href":"https:\/\/pressurezone.shop\/nl\/wp-json\/wp\/v2\/product_brand?post=1671"},{"taxonomy":"product_cat","embeddable":true,"href":"https:\/\/pressurezone.shop\/nl\/wp-json\/wp\/v2\/product_cat?post=1671"},{"taxonomy":"product_tag","embeddable":true,"href":"https:\/\/pressurezone.shop\/nl\/wp-json\/wp\/v2\/product_tag?post=1671"}],"curies":[{"name":"wp","href":"https:\/\/api.w.org\/{rel}","templated":true}]}}