{"id":1797,"date":"2024-04-08T16:01:34","date_gmt":"2024-04-08T15:01:34","guid":{"rendered":"https:\/\/pressurezone.shop\/?post_type=product&#038;p=1797"},"modified":"2025-10-10T14:47:44","modified_gmt":"2025-10-10T12:47:44","slug":"flavorx-moon-rocks","status":"publish","type":"product","link":"https:\/\/pressurezone.shop\/nl\/product\/flavorx-maanstenen\/","title":{"rendered":"FLAVORX MAANSTENEN"},"content":{"rendered":"<p>De Moonrocks Flavorxs zijn gemaakt van exotische bloemen designer biologische, doordrenkt met hars leven en kief. 100% biologisch. Getest in het laboratorium.<br \/>\n*Let op: u ontvangt de stukken van de gedeeltelijke Moonrocks omdat dit artikel wordt verkocht door het gewicht.<\/p>\n<p>De Flavorx Moonrocks zijn zeer krachtig en kan leiden tot een meer intense effect en duurzaam. Ze zijn gemaakt van de toppen gedrenkt in hasj-olie of andere vloeibare concentraten van cannabis, en dan gerold in kief, die de hars klieren (bekend als de trichomen) die zijn verwijderd uit de kiem van de cannabis plant.<\/p>\n<p>Hoe om te consumeren van de Moonrocks : ten eerste, de Moonrocks hebben gescheurd te zijn om ze te plaatsen in een joint, een spray fles, een pijp, of een andere tool gebruikt voor het roken van cannabis. De schaar wordt aanbevolen als de Moonrocks dichte hebben de neiging om verstopping van de brekers. De Moonrocks kan het moeilijk zijn om in te schakelen en het moeilijk hadden om te blijven branden, dat is de reden waarom sommige consumenten geven de voorkeur aan waterpijpen of glazen buizen. Andere consumenten graag gebruik van cannabis bloemen met de Moonrocks geplaatst, en vinden dat het gemakkelijker is om in te schakelen en te verklaren dat het blijft br\u00fbl<a href=\"https:\/\/fuelpackz.com\/\" target=\"_blank\" rel=\"noopener\">er<\/a> effici\u00ebnter. De Moonrocks zijn vaak reco FLAVORX maanstenen<\/p>","protected":false},"excerpt":{"rendered":"<h2><a href=\"https:\/\/pressurezone.shop\/nl\/\">FLAVORX MAANSTENEN<\/a><\/h2>\n<p>Ontketen de nieuwsgierigheid van uw smaakpapillen met FlavorX Moonrocks ! Deze waterijsjes innovatieve bieden een avontuur van smaak, uniek voor elke hap. Beleef een heerlijk reis \u2013 meer informatie !<\/p>","protected":false},"featured_media":1798,"comment_status":"open","ping_status":"closed","template":"","meta":{"_uag_custom_page_level_css":"","site-sidebar-layout":"default","site-content-layout":"","ast-site-content-layout":"default","site-content-style":"default","site-sidebar-style":"default","ast-global-header-display":"","ast-banner-title-visibility":"","ast-main-header-display":"","ast-hfb-above-header-display":"","ast-hfb-below-header-display":"","ast-hfb-mobile-header-display":"","site-post-title":"","ast-breadcrumbs-content":"","ast-featured-img":"","footer-sml-layout":"","theme-transparent-header-meta":"default","adv-header-id-meta":"","stick-header-meta":"","header-above-stick-meta":"","header-main-stick-meta":"","header-below-stick-meta":"","astra-migrate-meta-layouts":"set","ast-page-background-enabled":"default","ast-page-background-meta":{"desktop":{"background-color":"","background-image":"","background-repeat":"repeat","background-position":"center center","background-size":"auto","background-attachment":"scroll","background-type":"","background-media":"","overlay-type":"","overlay-color":"","overlay-opacity":"","overlay-gradient":""},"tablet":{"background-color":"","background-image":"","background-repeat":"repeat","background-position":"center center","background-size":"auto","background-attachment":"scroll","background-type":"","background-media":"","overlay-type":"","overlay-color":"","overlay-opacity":"","overlay-gradient":""},"mobile":{"background-color":"","background-image":"","background-repeat":"repeat","background-position":"center center","background-size":"auto","background-attachment":"scroll","background-type":"","background-media":"","overlay-type":"","overlay-color":"","overlay-opacity":"","overlay-gradient":""}},"ast-content-background-meta":{"desktop":{"background-color":"var(--ast-global-color-5)","background-image":"","background-repeat":"repeat","background-position":"center center","background-size":"auto","background-attachment":"scroll","background-type":"","background-media":"","overlay-type":"","overlay-color":"","overlay-opacity":"","overlay-gradient":""},"tablet":{"background-color":"var(--ast-global-color-5)","background-image":"","background-repeat":"repeat","background-position":"center center","background-size":"auto","background-attachment":"scroll","background-type":"","background-media":"","overlay-type":"","overlay-color":"","overlay-opacity":"","overlay-gradient":""},"mobile":{"background-color":"var(--ast-global-color-5)","background-image":"","background-repeat":"repeat","background-position":"center center","background-size":"auto","background-attachment":"scroll","background-type":"","background-media":"","overlay-type":"","overlay-color":"","overlay-opacity":"","overlay-gradient":""}}},"product_brand":[],"product_cat":[27],"product_tag":[117],"class_list":{"0":"post-1797","1":"product","2":"type-product","3":"status-publish","4":"has-post-thumbnail","6":"product_cat-commandez-vos-moonrocks-en-ligne","7":"product_tag-flavorx-moonrocks","8":"desktop-align-left","9":"tablet-align-left","10":"mobile-align-left","12":"first","13":"instock","14":"shipping-taxable","15":"purchasable","16":"product-type-variable"},"uagb_featured_image_src":{"full":["https:\/\/pressurezone.shop\/wp-content\/uploads\/2024\/04\/photo1712373097.jpeg",1280,960,false],"thumbnail":["https:\/\/pressurezone.shop\/wp-content\/uploads\/2024\/04\/photo1712373097-150x150.jpeg",150,150,true],"medium":["https:\/\/pressurezone.shop\/wp-content\/uploads\/2024\/04\/photo1712373097-300x225.jpeg",300,225,true],"medium_large":["https:\/\/pressurezone.shop\/wp-content\/uploads\/2024\/04\/photo1712373097-768x576.jpeg",768,576,true],"large":["https:\/\/pressurezone.shop\/wp-content\/uploads\/2024\/04\/photo1712373097-1024x768.jpeg",1024,768,true],"1536x1536":["https:\/\/pressurezone.shop\/wp-content\/uploads\/2024\/04\/photo1712373097.jpeg",1280,960,false],"2048x2048":["https:\/\/pressurezone.shop\/wp-content\/uploads\/2024\/04\/photo1712373097.jpeg",1280,960,false],"trp-custom-language-flag":["https:\/\/pressurezone.shop\/wp-content\/uploads\/2024\/04\/photo1712373097.jpeg",16,12,false],"woocommerce_thumbnail":["https:\/\/pressurezone.shop\/wp-content\/uploads\/2024\/04\/photo1712373097-300x300.jpeg",300,300,true],"woocommerce_single":["https:\/\/pressurezone.shop\/wp-content\/uploads\/2024\/04\/photo1712373097-600x450.jpeg",600,450,true],"woocommerce_gallery_thumbnail":["https:\/\/pressurezone.shop\/wp-content\/uploads\/2024\/04\/photo1712373097-100x100.jpeg",100,100,true]},"uagb_author_info":{"display_name":"pressurezone.shop","author_link":"https:\/\/pressurezone.shop\/nl\/author\/"},"uagb_comment_info":15,"uagb_excerpt":"FLAVORX MOON ROCKS Lib\u00e9rez la curiosit\u00e9 de vos papilles gustatives avec FlavorX Moonrocks\u00a0! Ces friandises glac\u00e9es innovantes offrent une aventure gustative unique \u00e0 chaque bouch\u00e9e. Embarquez pour un d\u00e9licieux voyage - En savoir plus\u00a0!","_links":{"self":[{"href":"https:\/\/pressurezone.shop\/nl\/wp-json\/wp\/v2\/product\/1797"}],"collection":[{"href":"https:\/\/pressurezone.shop\/nl\/wp-json\/wp\/v2\/product"}],"about":[{"href":"https:\/\/pressurezone.shop\/nl\/wp-json\/wp\/v2\/types\/product"}],"replies":[{"embeddable":true,"href":"https:\/\/pressurezone.shop\/nl\/wp-json\/wp\/v2\/comments?post=1797"}],"version-history":[{"count":4,"href":"https:\/\/pressurezone.shop\/nl\/wp-json\/wp\/v2\/product\/1797\/revisions"}],"predecessor-version":[{"id":2116,"href":"https:\/\/pressurezone.shop\/nl\/wp-json\/wp\/v2\/product\/1797\/revisions\/2116"}],"wp:featuredmedia":[{"embeddable":true,"href":"https:\/\/pressurezone.shop\/nl\/wp-json\/wp\/v2\/media\/1798"}],"wp:attachment":[{"href":"https:\/\/pressurezone.shop\/nl\/wp-json\/wp\/v2\/media?parent=1797"}],"wp:term":[{"taxonomy":"product_brand","embeddable":true,"href":"https:\/\/pressurezone.shop\/nl\/wp-json\/wp\/v2\/product_brand?post=1797"},{"taxonomy":"product_cat","embeddable":true,"href":"https:\/\/pressurezone.shop\/nl\/wp-json\/wp\/v2\/product_cat?post=1797"},{"taxonomy":"product_tag","embeddable":true,"href":"https:\/\/pressurezone.shop\/nl\/wp-json\/wp\/v2\/product_tag?post=1797"}],"curies":[{"name":"wp","href":"https:\/\/api.w.org\/{rel}","templated":true}]}}