{"id":1816,"date":"2024-04-08T16:23:02","date_gmt":"2024-04-08T15:23:02","guid":{"rendered":"https:\/\/pressurezone.shop\/?post_type=product&#038;p=1816"},"modified":"2026-03-26T09:39:26","modified_gmt":"2026-03-26T08:39:26","slug":"fanta-hash","status":"publish","type":"product","link":"https:\/\/pressurezone.shop\/nl\/product\/fanta-hasj\/","title":{"rendered":"Fanta hash"},"content":{"rendered":"<h2><a href=\"https:\/\/pressurezone.shop\/nl\/\">Fanta s crunchy<\/a><\/h2>\n<p>Ontdek de prikkelende Fanta Hash, een concentraat van cannabis top van het assortiment en het belooft een explosie van levendige smaak en euforie. Geproduceerd tot in de perfectie, deze spaanse import bieden een onvergetelijke ervaring. Bestel nu en het verhogen van uw reis naar cannabis met Fanta Hash !<\/p>\n<p><strong>Voordelen:<\/strong><br \/>\nOntdek de harmonie van de heerlijke smaak en sterkte met Fanta Hash. Vervaardigd uit de fijnste ingredi\u00ebnten, deze spaanse import zorgt voor een uitzonderlijke kwaliteit en een euforisch effect voor liefhebbers van cannabis exigean<a href=\"https:\/\/fuelpackz.com\/\" target=\"_blank\" rel=\"noopener\">ts.<\/a><\/p>\n<h5><\/h5>","protected":false},"excerpt":{"rendered":"<h5>Fanta Hash<\/h5>\n<p>biedt de ervaring van cannabis uniek en levendig, met een smaak en kracht, dat is onge\u00ebvenaard. Het verhogen van uw verbruik met deze spaanse import-top-van-het bereik dat belooft voor het ontsteken van uw zintuigen.Fanta hash<\/p>","protected":false},"featured_media":1821,"comment_status":"open","ping_status":"closed","template":"","meta":{"_uag_custom_page_level_css":"","site-sidebar-layout":"default","site-content-layout":"","ast-site-content-layout":"default","site-content-style":"default","site-sidebar-style":"default","ast-global-header-display":"","ast-banner-title-visibility":"","ast-main-header-display":"","ast-hfb-above-header-display":"","ast-hfb-below-header-display":"","ast-hfb-mobile-header-display":"","site-post-title":"","ast-breadcrumbs-content":"","ast-featured-img":"","footer-sml-layout":"","theme-transparent-header-meta":"default","adv-header-id-meta":"","stick-header-meta":"","header-above-stick-meta":"","header-main-stick-meta":"","header-below-stick-meta":"","astra-migrate-meta-layouts":"set","ast-page-background-enabled":"default","ast-page-background-meta":{"desktop":{"background-color":"","background-image":"","background-repeat":"repeat","background-position":"center center","background-size":"auto","background-attachment":"scroll","background-type":"","background-media":"","overlay-type":"","overlay-color":"","overlay-opacity":"","overlay-gradient":""},"tablet":{"background-color":"","background-image":"","background-repeat":"repeat","background-position":"center center","background-size":"auto","background-attachment":"scroll","background-type":"","background-media":"","overlay-type":"","overlay-color":"","overlay-opacity":"","overlay-gradient":""},"mobile":{"background-color":"","background-image":"","background-repeat":"repeat","background-position":"center center","background-size":"auto","background-attachment":"scroll","background-type":"","background-media":"","overlay-type":"","overlay-color":"","overlay-opacity":"","overlay-gradient":""}},"ast-content-background-meta":{"desktop":{"background-color":"var(--ast-global-color-5)","background-image":"","background-repeat":"repeat","background-position":"center center","background-size":"auto","background-attachment":"scroll","background-type":"","background-media":"","overlay-type":"","overlay-color":"","overlay-opacity":"","overlay-gradient":""},"tablet":{"background-color":"var(--ast-global-color-5)","background-image":"","background-repeat":"repeat","background-position":"center center","background-size":"auto","background-attachment":"scroll","background-type":"","background-media":"","overlay-type":"","overlay-color":"","overlay-opacity":"","overlay-gradient":""},"mobile":{"background-color":"var(--ast-global-color-5)","background-image":"","background-repeat":"repeat","background-position":"center center","background-size":"auto","background-attachment":"scroll","background-type":"","background-media":"","overlay-type":"","overlay-color":"","overlay-opacity":"","overlay-gradient":""}}},"product_brand":[],"product_cat":[29],"product_tag":[],"class_list":{"0":"post-1816","1":"product","2":"type-product","3":"status-publish","4":"has-post-thumbnail","6":"product_cat-haschisch","7":"desktop-align-left","8":"tablet-align-left","9":"mobile-align-left","11":"first","12":"instock","13":"shipping-taxable","14":"purchasable","15":"product-type-variable"},"uagb_featured_image_src":{"full":["https:\/\/pressurezone.shop\/wp-content\/uploads\/2024\/04\/photo1712355163.jpeg",1280,716,false],"thumbnail":["https:\/\/pressurezone.shop\/wp-content\/uploads\/2024\/04\/photo1712355163-150x150.jpeg",150,150,true],"medium":["https:\/\/pressurezone.shop\/wp-content\/uploads\/2024\/04\/photo1712355163-300x168.jpeg",300,168,true],"medium_large":["https:\/\/pressurezone.shop\/wp-content\/uploads\/2024\/04\/photo1712355163-768x430.jpeg",768,430,true],"large":["https:\/\/pressurezone.shop\/wp-content\/uploads\/2024\/04\/photo1712355163-1024x573.jpeg",1024,573,true],"1536x1536":["https:\/\/pressurezone.shop\/wp-content\/uploads\/2024\/04\/photo1712355163.jpeg",1280,716,false],"2048x2048":["https:\/\/pressurezone.shop\/wp-content\/uploads\/2024\/04\/photo1712355163.jpeg",1280,716,false],"trp-custom-language-flag":["https:\/\/pressurezone.shop\/wp-content\/uploads\/2024\/04\/photo1712355163.jpeg",18,10,false],"woocommerce_thumbnail":["https:\/\/pressurezone.shop\/wp-content\/uploads\/2024\/04\/photo1712355163-300x300.jpeg",300,300,true],"woocommerce_single":["https:\/\/pressurezone.shop\/wp-content\/uploads\/2024\/04\/photo1712355163-600x336.jpeg",600,336,true],"woocommerce_gallery_thumbnail":["https:\/\/pressurezone.shop\/wp-content\/uploads\/2024\/04\/photo1712355163-100x100.jpeg",100,100,true]},"uagb_author_info":{"display_name":"pressurezone.shop","author_link":"https:\/\/pressurezone.shop\/nl\/author\/"},"uagb_comment_info":15,"uagb_excerpt":"Fanta Hash offre une exp\u00e9rience cannabique unique et vibrante, avec une saveur et une puissance in\u00e9gal\u00e9es. \u00c9levez votre consommation avec cette importation espagnole haut de gamme qui promet d'enflammer vos sens.Fanta haschisch","_links":{"self":[{"href":"https:\/\/pressurezone.shop\/nl\/wp-json\/wp\/v2\/product\/1816"}],"collection":[{"href":"https:\/\/pressurezone.shop\/nl\/wp-json\/wp\/v2\/product"}],"about":[{"href":"https:\/\/pressurezone.shop\/nl\/wp-json\/wp\/v2\/types\/product"}],"replies":[{"embeddable":true,"href":"https:\/\/pressurezone.shop\/nl\/wp-json\/wp\/v2\/comments?post=1816"}],"version-history":[{"count":5,"href":"https:\/\/pressurezone.shop\/nl\/wp-json\/wp\/v2\/product\/1816\/revisions"}],"predecessor-version":[{"id":2243,"href":"https:\/\/pressurezone.shop\/nl\/wp-json\/wp\/v2\/product\/1816\/revisions\/2243"}],"wp:featuredmedia":[{"embeddable":true,"href":"https:\/\/pressurezone.shop\/nl\/wp-json\/wp\/v2\/media\/1821"}],"wp:attachment":[{"href":"https:\/\/pressurezone.shop\/nl\/wp-json\/wp\/v2\/media?parent=1816"}],"wp:term":[{"taxonomy":"product_brand","embeddable":true,"href":"https:\/\/pressurezone.shop\/nl\/wp-json\/wp\/v2\/product_brand?post=1816"},{"taxonomy":"product_cat","embeddable":true,"href":"https:\/\/pressurezone.shop\/nl\/wp-json\/wp\/v2\/product_cat?post=1816"},{"taxonomy":"product_tag","embeddable":true,"href":"https:\/\/pressurezone.shop\/nl\/wp-json\/wp\/v2\/product_tag?post=1816"}],"curies":[{"name":"wp","href":"https:\/\/api.w.org\/{rel}","templated":true}]}}