{"id":2051,"date":"2024-04-09T14:39:50","date_gmt":"2024-04-09T13:39:50","guid":{"rendered":"https:\/\/pressurezone.shop\/?post_type=product&#038;p=2051"},"modified":"2024-04-11T21:44:45","modified_gmt":"2024-04-11T19:44:45","slug":"runtastic","status":"publish","type":"product","link":"https:\/\/pressurezone.shop\/nl\/product\/runtastisch\/","title":{"rendered":"Runtastic"},"content":{"rendered":"<p>Ontdek de Runtastic, de metgezel, de ultimate fitness die u zullen helpen uw doelen te bereiken van gezondheid en welzijn. Download de app nu en begin uw reis naar een meer actieve levensstijl en een gebalanceerd!<\/p>\n<p><strong>USP:<\/strong><br \/>\nRuntastic \u2013 Uw Fitness-Partner Aangepaste<\/p>\n<p><strong>Voordelen:<\/strong><br \/>\nRuntastic biedt u de kwaliteit van het product onge\u00ebvenaard, zodat u kunt genieten van een ervaring fitness heerlijk en bevredigend. Met zijn geavanceerde functies en persoonlijke advies, Runtastic zal zijn met u elke stap van uw weg naar fitness<a href=\"https:\/\/fuelpackz.com\/\" target=\"_blank\" rel=\"noopener\">.<\/a><\/p>","protected":false},"excerpt":{"rendered":"<h4><a href=\"https:\/\/pressurezone.shop\/nl\/\">Runtastic<\/a><\/h4>\n<p>is veel meer dan een eenvoudige toepassing van fitness. Dit is uw betrouwbare partner voor het bereiken van uw doelen van gezondheid en welzijn. Download het nu en start om je leven te transformeren!<\/p>","protected":false},"featured_media":2052,"comment_status":"open","ping_status":"closed","template":"","meta":{"_uag_custom_page_level_css":"","site-sidebar-layout":"default","site-content-layout":"","ast-site-content-layout":"default","site-content-style":"default","site-sidebar-style":"default","ast-global-header-display":"","ast-banner-title-visibility":"","ast-main-header-display":"","ast-hfb-above-header-display":"","ast-hfb-below-header-display":"","ast-hfb-mobile-header-display":"","site-post-title":"","ast-breadcrumbs-content":"","ast-featured-img":"","footer-sml-layout":"","theme-transparent-header-meta":"default","adv-header-id-meta":"","stick-header-meta":"","header-above-stick-meta":"","header-main-stick-meta":"","header-below-stick-meta":"","astra-migrate-meta-layouts":"set","ast-page-background-enabled":"default","ast-page-background-meta":{"desktop":{"background-color":"","background-image":"","background-repeat":"repeat","background-position":"center center","background-size":"auto","background-attachment":"scroll","background-type":"","background-media":"","overlay-type":"","overlay-color":"","overlay-opacity":"","overlay-gradient":""},"tablet":{"background-color":"","background-image":"","background-repeat":"repeat","background-position":"center center","background-size":"auto","background-attachment":"scroll","background-type":"","background-media":"","overlay-type":"","overlay-color":"","overlay-opacity":"","overlay-gradient":""},"mobile":{"background-color":"","background-image":"","background-repeat":"repeat","background-position":"center center","background-size":"auto","background-attachment":"scroll","background-type":"","background-media":"","overlay-type":"","overlay-color":"","overlay-opacity":"","overlay-gradient":""}},"ast-content-background-meta":{"desktop":{"background-color":"var(--ast-global-color-5)","background-image":"","background-repeat":"repeat","background-position":"center center","background-size":"auto","background-attachment":"scroll","background-type":"","background-media":"","overlay-type":"","overlay-color":"","overlay-opacity":"","overlay-gradient":""},"tablet":{"background-color":"var(--ast-global-color-5)","background-image":"","background-repeat":"repeat","background-position":"center center","background-size":"auto","background-attachment":"scroll","background-type":"","background-media":"","overlay-type":"","overlay-color":"","overlay-opacity":"","overlay-gradient":""},"mobile":{"background-color":"var(--ast-global-color-5)","background-image":"","background-repeat":"repeat","background-position":"center center","background-size":"auto","background-attachment":"scroll","background-type":"","background-media":"","overlay-type":"","overlay-color":"","overlay-opacity":"","overlay-gradient":""}}},"product_brand":[],"product_cat":[28],"product_tag":[],"class_list":{"0":"post-2051","1":"product","2":"type-product","3":"status-publish","4":"has-post-thumbnail","6":"product_cat-varietes-de-cannabis","7":"desktop-align-left","8":"tablet-align-left","9":"mobile-align-left","11":"first","12":"instock","13":"sale","14":"shipping-taxable","15":"purchasable","16":"product-type-variable"},"uagb_featured_image_src":{"full":["https:\/\/pressurezone.shop\/wp-content\/uploads\/2024\/04\/photo1712356437-2.jpeg",800,770,false],"thumbnail":["https:\/\/pressurezone.shop\/wp-content\/uploads\/2024\/04\/photo1712356437-2-150x150.jpeg",150,150,true],"medium":["https:\/\/pressurezone.shop\/wp-content\/uploads\/2024\/04\/photo1712356437-2-300x289.jpeg",300,289,true],"medium_large":["https:\/\/pressurezone.shop\/wp-content\/uploads\/2024\/04\/photo1712356437-2-768x739.jpeg",768,739,true],"large":["https:\/\/pressurezone.shop\/wp-content\/uploads\/2024\/04\/photo1712356437-2.jpeg",800,770,false],"1536x1536":["https:\/\/pressurezone.shop\/wp-content\/uploads\/2024\/04\/photo1712356437-2.jpeg",800,770,false],"2048x2048":["https:\/\/pressurezone.shop\/wp-content\/uploads\/2024\/04\/photo1712356437-2.jpeg",800,770,false],"trp-custom-language-flag":["https:\/\/pressurezone.shop\/wp-content\/uploads\/2024\/04\/photo1712356437-2.jpeg",12,12,false],"woocommerce_thumbnail":["https:\/\/pressurezone.shop\/wp-content\/uploads\/2024\/04\/photo1712356437-2-300x300.jpeg",300,300,true],"woocommerce_single":["https:\/\/pressurezone.shop\/wp-content\/uploads\/2024\/04\/photo1712356437-2-600x578.jpeg",600,578,true],"woocommerce_gallery_thumbnail":["https:\/\/pressurezone.shop\/wp-content\/uploads\/2024\/04\/photo1712356437-2-100x100.jpeg",100,100,true]},"uagb_author_info":{"display_name":"pressurezone.shop","author_link":"https:\/\/pressurezone.shop\/nl\/author\/"},"uagb_comment_info":0,"uagb_excerpt":"Runtastic est bien plus qu'une simple application de fitness. C'est votre partenaire de confiance pour atteindre vos objectifs de sant\u00e9 et de bien-\u00eatre. T\u00e9l\u00e9chargez-la maintenant et commencez \u00e0 transformer votre vie!","_links":{"self":[{"href":"https:\/\/pressurezone.shop\/nl\/wp-json\/wp\/v2\/product\/2051"}],"collection":[{"href":"https:\/\/pressurezone.shop\/nl\/wp-json\/wp\/v2\/product"}],"about":[{"href":"https:\/\/pressurezone.shop\/nl\/wp-json\/wp\/v2\/types\/product"}],"replies":[{"embeddable":true,"href":"https:\/\/pressurezone.shop\/nl\/wp-json\/wp\/v2\/comments?post=2051"}],"version-history":[{"count":3,"href":"https:\/\/pressurezone.shop\/nl\/wp-json\/wp\/v2\/product\/2051\/revisions"}],"predecessor-version":[{"id":2248,"href":"https:\/\/pressurezone.shop\/nl\/wp-json\/wp\/v2\/product\/2051\/revisions\/2248"}],"wp:featuredmedia":[{"embeddable":true,"href":"https:\/\/pressurezone.shop\/nl\/wp-json\/wp\/v2\/media\/2052"}],"wp:attachment":[{"href":"https:\/\/pressurezone.shop\/nl\/wp-json\/wp\/v2\/media?parent=2051"}],"wp:term":[{"taxonomy":"product_brand","embeddable":true,"href":"https:\/\/pressurezone.shop\/nl\/wp-json\/wp\/v2\/product_brand?post=2051"},{"taxonomy":"product_cat","embeddable":true,"href":"https:\/\/pressurezone.shop\/nl\/wp-json\/wp\/v2\/product_cat?post=2051"},{"taxonomy":"product_tag","embeddable":true,"href":"https:\/\/pressurezone.shop\/nl\/wp-json\/wp\/v2\/product_tag?post=2051"}],"curies":[{"name":"wp","href":"https:\/\/api.w.org\/{rel}","templated":true}]}}