{"id":2301,"date":"2024-04-14T02:10:23","date_gmt":"2024-04-14T00:10:23","guid":{"rendered":"https:\/\/pressurezone.shop\/?post_type=product&#038;p=2301"},"modified":"2024-10-06T16:17:43","modified_gmt":"2024-10-06T14:17:43","slug":"black-cherry-gelato","status":"publish","type":"product","link":"https:\/\/pressurezone.shop\/nl\/product\/zwarte-kersengelato\/","title":{"rendered":"Zwarte Kersen Ijs"},"content":{"rendered":"<p>Black Cherry Gelato is een hybride ras met een beetje dominante en indica (60% indica\/40% sativa), gemaakt door overschrijding van de beroemde steel Black Cherry Funk en Acai. Bekend om zijn heerlijke smaak en ontspannende werking, Zwarte Kersen Ijs is perfect voor fans van indica die ook genieten van een heerlijke smaak. Dit kruid heeft een zoete smaak van kersen en bessen met een hint van kruiden skunk. De aroma volgt hetzelfde profiel, met noten van kruiden, bessen en skunk geworden prikkelende en krachtige toen de hoofden zijn verbrand.<\/p>\n<p>Het effect van Zwarte Kersen Ijs is ook lekker, met een rustgevend gevoel, waardoor je je volledig te ontspannen, zelfs voordat je je het realiseert. Het begint met een lichte verhoging van de geest, het vullen van je geest een gevoel van welzijn dat verzacht de negatieve gedachten, of opgewonden.<\/p>\n<p>Terwijl je geest is ondergedompeld in deze staat van gelukzaligheid en mist, een tintelend gevoel in uw lichaam, zodat u volledig ontspannen en enigszins verdoofd op de bank. Als gevolg van deze effecten en de gemiddelde tarief van THC hoog (26%), Zwarte Kersen Ijs wordt vaak gekozen voor de behandeling van aandoeningen zoals slapeloosheid, chronische pijn, depressie, chronische stress, spier-spasmen of krampen. Dit kruid is in de vorm van kleine hoofden in de vorm van een druif, een donker groen, met bladeren, mint, fijn haar, oranje en een laag van kleine schubben amber goud en mat<a href=\"https:\/\/fuelpackz.com\/\" target=\"_blank\" rel=\"noopener\">.<\/a><\/p>","protected":false},"excerpt":{"rendered":"<h4><a href=\"https:\/\/pressurezone.shop\/nl\/\">Zwarte Kersen Ijs <\/a><\/h4>\n<p>heeft u een bevroren dessert verfijnd met zwarte kersen, een combinatie van romig en fruitig voor een onvergetelijke culinaire ervaring. Laat u verleiden door de verleiding mat Zwarte Kersen Ijs nu !<\/p>","protected":false},"featured_media":2302,"comment_status":"open","ping_status":"closed","template":"","meta":{"_uag_custom_page_level_css":"","site-sidebar-layout":"default","site-content-layout":"","ast-site-content-layout":"default","site-content-style":"default","site-sidebar-style":"default","ast-global-header-display":"","ast-banner-title-visibility":"","ast-main-header-display":"","ast-hfb-above-header-display":"","ast-hfb-below-header-display":"","ast-hfb-mobile-header-display":"","site-post-title":"","ast-breadcrumbs-content":"","ast-featured-img":"","footer-sml-layout":"","theme-transparent-header-meta":"default","adv-header-id-meta":"","stick-header-meta":"","header-above-stick-meta":"","header-main-stick-meta":"","header-below-stick-meta":"","astra-migrate-meta-layouts":"set","ast-page-background-enabled":"default","ast-page-background-meta":{"desktop":{"background-color":"","background-image":"","background-repeat":"repeat","background-position":"center center","background-size":"auto","background-attachment":"scroll","background-type":"","background-media":"","overlay-type":"","overlay-color":"","overlay-opacity":"","overlay-gradient":""},"tablet":{"background-color":"","background-image":"","background-repeat":"repeat","background-position":"center center","background-size":"auto","background-attachment":"scroll","background-type":"","background-media":"","overlay-type":"","overlay-color":"","overlay-opacity":"","overlay-gradient":""},"mobile":{"background-color":"","background-image":"","background-repeat":"repeat","background-position":"center center","background-size":"auto","background-attachment":"scroll","background-type":"","background-media":"","overlay-type":"","overlay-color":"","overlay-opacity":"","overlay-gradient":""}},"ast-content-background-meta":{"desktop":{"background-color":"var(--ast-global-color-5)","background-image":"","background-repeat":"repeat","background-position":"center center","background-size":"auto","background-attachment":"scroll","background-type":"","background-media":"","overlay-type":"","overlay-color":"","overlay-opacity":"","overlay-gradient":""},"tablet":{"background-color":"var(--ast-global-color-5)","background-image":"","background-repeat":"repeat","background-position":"center center","background-size":"auto","background-attachment":"scroll","background-type":"","background-media":"","overlay-type":"","overlay-color":"","overlay-opacity":"","overlay-gradient":""},"mobile":{"background-color":"var(--ast-global-color-5)","background-image":"","background-repeat":"repeat","background-position":"center center","background-size":"auto","background-attachment":"scroll","background-type":"","background-media":"","overlay-type":"","overlay-color":"","overlay-opacity":"","overlay-gradient":""}}},"product_brand":[],"product_cat":[28],"product_tag":[],"class_list":{"0":"post-2301","1":"product","2":"type-product","3":"status-publish","4":"has-post-thumbnail","6":"product_cat-varietes-de-cannabis","7":"desktop-align-left","8":"tablet-align-left","9":"mobile-align-left","11":"first","12":"instock","13":"sale","14":"shipping-taxable","15":"purchasable","16":"product-type-variable"},"uagb_featured_image_src":{"full":["https:\/\/pressurezone.shop\/wp-content\/uploads\/2024\/04\/photo1712356435-4.jpeg",1280,1072,false],"thumbnail":["https:\/\/pressurezone.shop\/wp-content\/uploads\/2024\/04\/photo1712356435-4-150x150.jpeg",150,150,true],"medium":["https:\/\/pressurezone.shop\/wp-content\/uploads\/2024\/04\/photo1712356435-4-300x251.jpeg",300,251,true],"medium_large":["https:\/\/pressurezone.shop\/wp-content\/uploads\/2024\/04\/photo1712356435-4-768x643.jpeg",768,643,true],"large":["https:\/\/pressurezone.shop\/wp-content\/uploads\/2024\/04\/photo1712356435-4-1024x858.jpeg",1024,858,true],"1536x1536":["https:\/\/pressurezone.shop\/wp-content\/uploads\/2024\/04\/photo1712356435-4.jpeg",1280,1072,false],"2048x2048":["https:\/\/pressurezone.shop\/wp-content\/uploads\/2024\/04\/photo1712356435-4.jpeg",1280,1072,false],"trp-custom-language-flag":["https:\/\/pressurezone.shop\/wp-content\/uploads\/2024\/04\/photo1712356435-4-14x12.jpeg",14,12,true],"woocommerce_thumbnail":["https:\/\/pressurezone.shop\/wp-content\/uploads\/2024\/04\/photo1712356435-4-300x300.jpeg",300,300,true],"woocommerce_single":["https:\/\/pressurezone.shop\/wp-content\/uploads\/2024\/04\/photo1712356435-4-600x503.jpeg",600,503,true],"woocommerce_gallery_thumbnail":["https:\/\/pressurezone.shop\/wp-content\/uploads\/2024\/04\/photo1712356435-4-100x100.jpeg",100,100,true]},"uagb_author_info":{"display_name":"pressurezone.shop","author_link":"https:\/\/pressurezone.shop\/nl\/author\/"},"uagb_comment_info":1,"uagb_excerpt":"Black Cherry Gelato vous offre un dessert glac\u00e9 raffin\u00e9 \u00e0 la cerise noire, alliant cr\u00e9meux et fruit\u00e9 pour une exp\u00e9rience gustative inoubliable. Laissez-vous s\u00e9duire par la tentation givr\u00e9e de Black Cherry Gelato d\u00e8s maintenant !","_links":{"self":[{"href":"https:\/\/pressurezone.shop\/nl\/wp-json\/wp\/v2\/product\/2301"}],"collection":[{"href":"https:\/\/pressurezone.shop\/nl\/wp-json\/wp\/v2\/product"}],"about":[{"href":"https:\/\/pressurezone.shop\/nl\/wp-json\/wp\/v2\/types\/product"}],"replies":[{"embeddable":true,"href":"https:\/\/pressurezone.shop\/nl\/wp-json\/wp\/v2\/comments?post=2301"}],"version-history":[{"count":4,"href":"https:\/\/pressurezone.shop\/nl\/wp-json\/wp\/v2\/product\/2301\/revisions"}],"predecessor-version":[{"id":2539,"href":"https:\/\/pressurezone.shop\/nl\/wp-json\/wp\/v2\/product\/2301\/revisions\/2539"}],"wp:featuredmedia":[{"embeddable":true,"href":"https:\/\/pressurezone.shop\/nl\/wp-json\/wp\/v2\/media\/2302"}],"wp:attachment":[{"href":"https:\/\/pressurezone.shop\/nl\/wp-json\/wp\/v2\/media?parent=2301"}],"wp:term":[{"taxonomy":"product_brand","embeddable":true,"href":"https:\/\/pressurezone.shop\/nl\/wp-json\/wp\/v2\/product_brand?post=2301"},{"taxonomy":"product_cat","embeddable":true,"href":"https:\/\/pressurezone.shop\/nl\/wp-json\/wp\/v2\/product_cat?post=2301"},{"taxonomy":"product_tag","embeddable":true,"href":"https:\/\/pressurezone.shop\/nl\/wp-json\/wp\/v2\/product_tag?post=2301"}],"curies":[{"name":"wp","href":"https:\/\/api.w.org\/{rel}","templated":true}]}}