{"id":2563,"date":"2024-04-19T06:14:53","date_gmt":"2024-04-19T04:14:53","guid":{"rendered":"https:\/\/pressurezone.shop\/?post_type=product&#038;p=2563"},"modified":"2024-04-19T06:14:54","modified_gmt":"2024-04-19T04:14:54","slug":"2g-spaceclub-disposable-replica-in-house-filled","status":"publish","type":"product","link":"https:\/\/pressurezone.shop\/nl\/product\/2g-spaceclub-wegwerp-replica-in-huis-gevuld\/","title":{"rendered":"2G SPACECLUB WEGWERP | REPLICA | IN HUIS GEVULD"},"content":{"rendered":"<p>Nieuwe horizonten verkennen van vaping met de Spaceclub 2g Disposables, verstuivers besteedbaar nauwkeurig gereproduceerd en gevuld in huis. Duik in een meeslepende ervaring met elk trekje. Bestel nu en ontdek de ruimte met de Spaceclub 2g Disposables !<\/p>\n<p><strong>USP : <\/strong><\/p>\n<p>Spaceclub 2g-Disposables \u2013 Reizen in de Ruimte met Stijl<\/p>\n<p><strong>Voordelen : <\/strong><\/p>\n<p>De Spaceclub 2g Disposables bieden een ervaring van vaping authentiek, vol van smaken en aroma &#039; s boeiend. Deze vaporizers besteedbaar zijn ontworpen voor mensen op zoek naar een meeslepende ervaring en praktijk.<\/p>","protected":false},"excerpt":{"rendered":"<p>De Spaceclub 2g Disposables bieden u een reis van vaping uniek en stijlvol, met hun ontwerp van de duplo &#039;s en hun aroma&#039; s te opwindend. Bestel nu en ontdek de ruimte met de Spaceclub 2g Disposables !<\/p>","protected":false},"featured_media":2564,"comment_status":"open","ping_status":"closed","template":"","meta":{"_uag_custom_page_level_css":"","site-sidebar-layout":"default","site-content-layout":"","ast-site-content-layout":"default","site-content-style":"default","site-sidebar-style":"default","ast-global-header-display":"","ast-banner-title-visibility":"","ast-main-header-display":"","ast-hfb-above-header-display":"","ast-hfb-below-header-display":"","ast-hfb-mobile-header-display":"","site-post-title":"","ast-breadcrumbs-content":"","ast-featured-img":"","footer-sml-layout":"","theme-transparent-header-meta":"default","adv-header-id-meta":"","stick-header-meta":"","header-above-stick-meta":"","header-main-stick-meta":"","header-below-stick-meta":"","astra-migrate-meta-layouts":"set","ast-page-background-enabled":"default","ast-page-background-meta":{"desktop":{"background-color":"","background-image":"","background-repeat":"repeat","background-position":"center center","background-size":"auto","background-attachment":"scroll","background-type":"","background-media":"","overlay-type":"","overlay-color":"","overlay-opacity":"","overlay-gradient":""},"tablet":{"background-color":"","background-image":"","background-repeat":"repeat","background-position":"center center","background-size":"auto","background-attachment":"scroll","background-type":"","background-media":"","overlay-type":"","overlay-color":"","overlay-opacity":"","overlay-gradient":""},"mobile":{"background-color":"","background-image":"","background-repeat":"repeat","background-position":"center center","background-size":"auto","background-attachment":"scroll","background-type":"","background-media":"","overlay-type":"","overlay-color":"","overlay-opacity":"","overlay-gradient":""}},"ast-content-background-meta":{"desktop":{"background-color":"var(--ast-global-color-5)","background-image":"","background-repeat":"repeat","background-position":"center center","background-size":"auto","background-attachment":"scroll","background-type":"","background-media":"","overlay-type":"","overlay-color":"","overlay-opacity":"","overlay-gradient":""},"tablet":{"background-color":"var(--ast-global-color-5)","background-image":"","background-repeat":"repeat","background-position":"center center","background-size":"auto","background-attachment":"scroll","background-type":"","background-media":"","overlay-type":"","overlay-color":"","overlay-opacity":"","overlay-gradient":""},"mobile":{"background-color":"var(--ast-global-color-5)","background-image":"","background-repeat":"repeat","background-position":"center center","background-size":"auto","background-attachment":"scroll","background-type":"","background-media":"","overlay-type":"","overlay-color":"","overlay-opacity":"","overlay-gradient":""}}},"product_brand":[],"product_cat":[31],"product_tag":[],"class_list":{"0":"post-2563","1":"product","2":"type-product","3":"status-publish","4":"has-post-thumbnail","6":"product_cat-thc-disposables","7":"desktop-align-left","8":"tablet-align-left","9":"mobile-align-left","11":"first","12":"instock","13":"shipping-taxable","14":"purchasable","15":"product-type-simple"},"uagb_featured_image_src":{"full":["https:\/\/pressurezone.shop\/wp-content\/uploads\/2024\/04\/photo1712354183-4.jpeg",1280,960,false],"thumbnail":["https:\/\/pressurezone.shop\/wp-content\/uploads\/2024\/04\/photo1712354183-4-150x150.jpeg",150,150,true],"medium":["https:\/\/pressurezone.shop\/wp-content\/uploads\/2024\/04\/photo1712354183-4-300x225.jpeg",300,225,true],"medium_large":["https:\/\/pressurezone.shop\/wp-content\/uploads\/2024\/04\/photo1712354183-4-768x576.jpeg",768,576,true],"large":["https:\/\/pressurezone.shop\/wp-content\/uploads\/2024\/04\/photo1712354183-4-1024x768.jpeg",1024,768,true],"1536x1536":["https:\/\/pressurezone.shop\/wp-content\/uploads\/2024\/04\/photo1712354183-4.jpeg",1280,960,false],"2048x2048":["https:\/\/pressurezone.shop\/wp-content\/uploads\/2024\/04\/photo1712354183-4.jpeg",1280,960,false],"trp-custom-language-flag":["https:\/\/pressurezone.shop\/wp-content\/uploads\/2024\/04\/photo1712354183-4-16x12.jpeg",16,12,true],"woocommerce_thumbnail":["https:\/\/pressurezone.shop\/wp-content\/uploads\/2024\/04\/photo1712354183-4-300x300.jpeg",300,300,true],"woocommerce_single":["https:\/\/pressurezone.shop\/wp-content\/uploads\/2024\/04\/photo1712354183-4-600x450.jpeg",600,450,true],"woocommerce_gallery_thumbnail":["https:\/\/pressurezone.shop\/wp-content\/uploads\/2024\/04\/photo1712354183-4-100x100.jpeg",100,100,true]},"uagb_author_info":{"display_name":"pressurezone.shop","author_link":"https:\/\/pressurezone.shop\/nl\/author\/"},"uagb_comment_info":0,"uagb_excerpt":"Les Spaceclub 2g Disposables vous offrent un voyage de vapotage unique et styl\u00e9, avec leur conception de r\u00e9plique et leurs saveurs exaltantes. Commandez d\u00e8s maintenant et explorez l'espace avec les Spaceclub 2g Disposables !","_links":{"self":[{"href":"https:\/\/pressurezone.shop\/nl\/wp-json\/wp\/v2\/product\/2563"}],"collection":[{"href":"https:\/\/pressurezone.shop\/nl\/wp-json\/wp\/v2\/product"}],"about":[{"href":"https:\/\/pressurezone.shop\/nl\/wp-json\/wp\/v2\/types\/product"}],"replies":[{"embeddable":true,"href":"https:\/\/pressurezone.shop\/nl\/wp-json\/wp\/v2\/comments?post=2563"}],"version-history":[{"count":1,"href":"https:\/\/pressurezone.shop\/nl\/wp-json\/wp\/v2\/product\/2563\/revisions"}],"predecessor-version":[{"id":2566,"href":"https:\/\/pressurezone.shop\/nl\/wp-json\/wp\/v2\/product\/2563\/revisions\/2566"}],"wp:featuredmedia":[{"embeddable":true,"href":"https:\/\/pressurezone.shop\/nl\/wp-json\/wp\/v2\/media\/2564"}],"wp:attachment":[{"href":"https:\/\/pressurezone.shop\/nl\/wp-json\/wp\/v2\/media?parent=2563"}],"wp:term":[{"taxonomy":"product_brand","embeddable":true,"href":"https:\/\/pressurezone.shop\/nl\/wp-json\/wp\/v2\/product_brand?post=2563"},{"taxonomy":"product_cat","embeddable":true,"href":"https:\/\/pressurezone.shop\/nl\/wp-json\/wp\/v2\/product_cat?post=2563"},{"taxonomy":"product_tag","embeddable":true,"href":"https:\/\/pressurezone.shop\/nl\/wp-json\/wp\/v2\/product_tag?post=2563"}],"curies":[{"name":"wp","href":"https:\/\/api.w.org\/{rel}","templated":true}]}}