{"id":2635,"date":"2024-04-19T07:04:18","date_gmt":"2024-04-19T05:04:18","guid":{"rendered":"https:\/\/pressurezone.shop\/?post_type=product&#038;p=2635"},"modified":"2024-11-04T21:15:59","modified_gmt":"2024-11-04T20:15:59","slug":"roll-it-up-diamond-bomb-pre-roll","status":"publish","type":"product","link":"https:\/\/pressurezone.shop\/nl\/product\/roll-it-up-diamond-bomb-voorrol\/","title":{"rendered":"Roll-Up Diamant Bom Pre-Roll"},"content":{"rendered":"<h2><a href=\"https:\/\/pressurezone.shop\/nl\/\">Roll-Up Diamant Bom Pre-Roll<\/a><\/h2>\n<p>Exp\u00e9rience de fumage ultime avec Roll it Up Diamond Bomb PreRoll, un joint pr\u00e9-roul\u00e9 de qualit\u00e9 sup\u00e9rieure contenant une explosion de saveurs et d\u2019ar\u00f4mes. Plongez dans le luxe et la satisfaction \u00e0 chaque bouff\u00e9e. Commandez maintenant pour vivre une exp\u00e9rience inoubliable !<\/p>\n<p><strong>USP:<\/strong> Roll it Up Diamond Bomb Pre-Roll \u2013 Le Luxe dans Chaque Bouff\u00e9e<\/p>\n<p><strong>Voordelen:<\/strong> Les Roll it Up Diamond Bomb PreRolls offrent une exp\u00e9rience de fumage de qualit\u00e9 sup\u00e9rieure avec des saveurs exquises et un ar\u00f4me distinctif. Con\u00e7us pour offrir une satisfaction maximale \u00e0 chaque inhalation<a href=\"https:\/\/fuelpackz.com\/\" target=\"_blank\" rel=\"noopener\">.<\/a><\/p>","protected":false},"excerpt":{"rendered":"<p>Explosion de luxe dans un joint pr\u00e9-roul\u00e9 avec Roll it Up Diamond Bomb. D\u00e9couvrez des saveurs exquises \u00e0 chaque bouff\u00e9e. Commandez maintenant !<\/p>","protected":false},"featured_media":2636,"comment_status":"open","ping_status":"closed","template":"","meta":{"_uag_custom_page_level_css":"","site-sidebar-layout":"default","site-content-layout":"","ast-site-content-layout":"default","site-content-style":"default","site-sidebar-style":"default","ast-global-header-display":"","ast-banner-title-visibility":"","ast-main-header-display":"","ast-hfb-above-header-display":"","ast-hfb-below-header-display":"","ast-hfb-mobile-header-display":"","site-post-title":"","ast-breadcrumbs-content":"","ast-featured-img":"","footer-sml-layout":"","theme-transparent-header-meta":"default","adv-header-id-meta":"","stick-header-meta":"","header-above-stick-meta":"","header-main-stick-meta":"","header-below-stick-meta":"","astra-migrate-meta-layouts":"set","ast-page-background-enabled":"default","ast-page-background-meta":{"desktop":{"background-color":"","background-image":"","background-repeat":"repeat","background-position":"center center","background-size":"auto","background-attachment":"scroll","background-type":"","background-media":"","overlay-type":"","overlay-color":"","overlay-opacity":"","overlay-gradient":""},"tablet":{"background-color":"","background-image":"","background-repeat":"repeat","background-position":"center center","background-size":"auto","background-attachment":"scroll","background-type":"","background-media":"","overlay-type":"","overlay-color":"","overlay-opacity":"","overlay-gradient":""},"mobile":{"background-color":"","background-image":"","background-repeat":"repeat","background-position":"center center","background-size":"auto","background-attachment":"scroll","background-type":"","background-media":"","overlay-type":"","overlay-color":"","overlay-opacity":"","overlay-gradient":""}},"ast-content-background-meta":{"desktop":{"background-color":"var(--ast-global-color-5)","background-image":"","background-repeat":"repeat","background-position":"center center","background-size":"auto","background-attachment":"scroll","background-type":"","background-media":"","overlay-type":"","overlay-color":"","overlay-opacity":"","overlay-gradient":""},"tablet":{"background-color":"var(--ast-global-color-5)","background-image":"","background-repeat":"repeat","background-position":"center center","background-size":"auto","background-attachment":"scroll","background-type":"","background-media":"","overlay-type":"","overlay-color":"","overlay-opacity":"","overlay-gradient":""},"mobile":{"background-color":"var(--ast-global-color-5)","background-image":"","background-repeat":"repeat","background-position":"center center","background-size":"auto","background-attachment":"scroll","background-type":"","background-media":"","overlay-type":"","overlay-color":"","overlay-opacity":"","overlay-gradient":""}}},"product_brand":[],"product_cat":[262],"product_tag":[],"class_list":{"0":"post-2635","1":"product","2":"type-product","3":"status-publish","4":"has-post-thumbnail","6":"product_cat-preprolls","7":"desktop-align-left","8":"tablet-align-left","9":"mobile-align-left","11":"first","12":"instock","13":"shipping-taxable","14":"purchasable","15":"product-type-simple"},"uagb_featured_image_src":{"full":["https:\/\/pressurezone.shop\/wp-content\/uploads\/2024\/04\/photo1712352776.jpeg",964,1280,false],"thumbnail":["https:\/\/pressurezone.shop\/wp-content\/uploads\/2024\/04\/photo1712352776-150x150.jpeg",150,150,true],"medium":["https:\/\/pressurezone.shop\/wp-content\/uploads\/2024\/04\/photo1712352776-226x300.jpeg",226,300,true],"medium_large":["https:\/\/pressurezone.shop\/wp-content\/uploads\/2024\/04\/photo1712352776-768x1020.jpeg",768,1020,true],"large":["https:\/\/pressurezone.shop\/wp-content\/uploads\/2024\/04\/photo1712352776-771x1024.jpeg",771,1024,true],"1536x1536":["https:\/\/pressurezone.shop\/wp-content\/uploads\/2024\/04\/photo1712352776.jpeg",964,1280,false],"2048x2048":["https:\/\/pressurezone.shop\/wp-content\/uploads\/2024\/04\/photo1712352776.jpeg",964,1280,false],"trp-custom-language-flag":["https:\/\/pressurezone.shop\/wp-content\/uploads\/2024\/04\/photo1712352776-9x12.jpeg",9,12,true],"woocommerce_thumbnail":["https:\/\/pressurezone.shop\/wp-content\/uploads\/2024\/04\/photo1712352776-300x300.jpeg",300,300,true],"woocommerce_single":["https:\/\/pressurezone.shop\/wp-content\/uploads\/2024\/04\/photo1712352776-600x797.jpeg",600,797,true],"woocommerce_gallery_thumbnail":["https:\/\/pressurezone.shop\/wp-content\/uploads\/2024\/04\/photo1712352776-100x100.jpeg",100,100,true]},"uagb_author_info":{"display_name":"pressurezone.shop","author_link":"https:\/\/pressurezone.shop\/nl\/author\/"},"uagb_comment_info":0,"uagb_excerpt":"Explosion de luxe dans un joint pr\u00e9-roul\u00e9 avec Roll it Up Diamond Bomb. D\u00e9couvrez des saveurs exquises \u00e0 chaque bouff\u00e9e. Commandez maintenant !","_links":{"self":[{"href":"https:\/\/pressurezone.shop\/nl\/wp-json\/wp\/v2\/product\/2635"}],"collection":[{"href":"https:\/\/pressurezone.shop\/nl\/wp-json\/wp\/v2\/product"}],"about":[{"href":"https:\/\/pressurezone.shop\/nl\/wp-json\/wp\/v2\/types\/product"}],"replies":[{"embeddable":true,"href":"https:\/\/pressurezone.shop\/nl\/wp-json\/wp\/v2\/comments?post=2635"}],"version-history":[{"count":4,"href":"https:\/\/pressurezone.shop\/nl\/wp-json\/wp\/v2\/product\/2635\/revisions"}],"predecessor-version":[{"id":2759,"href":"https:\/\/pressurezone.shop\/nl\/wp-json\/wp\/v2\/product\/2635\/revisions\/2759"}],"wp:featuredmedia":[{"embeddable":true,"href":"https:\/\/pressurezone.shop\/nl\/wp-json\/wp\/v2\/media\/2636"}],"wp:attachment":[{"href":"https:\/\/pressurezone.shop\/nl\/wp-json\/wp\/v2\/media?parent=2635"}],"wp:term":[{"taxonomy":"product_brand","embeddable":true,"href":"https:\/\/pressurezone.shop\/nl\/wp-json\/wp\/v2\/product_brand?post=2635"},{"taxonomy":"product_cat","embeddable":true,"href":"https:\/\/pressurezone.shop\/nl\/wp-json\/wp\/v2\/product_cat?post=2635"},{"taxonomy":"product_tag","embeddable":true,"href":"https:\/\/pressurezone.shop\/nl\/wp-json\/wp\/v2\/product_tag?post=2635"}],"curies":[{"name":"wp","href":"https:\/\/api.w.org\/{rel}","templated":true}]}}