{"id":2995,"date":"2024-10-11T00:48:46","date_gmt":"2024-10-10T22:48:46","guid":{"rendered":"https:\/\/pressurezone.shop\/?post_type=product&#038;p=2995"},"modified":"2024-11-02T20:29:52","modified_gmt":"2024-11-02T19:29:52","slug":"variete-amnesia-haze-aaa","status":"publish","type":"product","link":"https:\/\/pressurezone.shop\/nl\/product\/ras-amnesia-haze-aaa\/","title":{"rendered":"Amnesia Haze AAA vari\u00ebteit"},"content":{"rendered":"<div class=\"flex-shrink-0 flex flex-col relative items-end\">\n<div>\n<div class=\"pt-0\">\n<div class=\"gizmo-bot-avatar flex h-8 w-8 items-center justify-center overflow-hidden rounded-full\">\n<div class=\"relative p-1 rounded-sm flex items-center justify-center bg-token-main-surface-primary text-token-text-primary h-8 w-8\"><\/div>\n<\/div>\n<\/div>\n<\/div>\n<\/div>\n<div class=\"group\/conversation-turn relative flex w-full min-w-0 flex-col agent-turn\">\n<div class=\"flex-col gap-1 md:gap-3\">\n<div class=\"flex max-w-full flex-col flex-grow\">\n<div class=\"min-h-8 text-message flex w-full flex-col items-end gap-2 whitespace-normal break-words [.text-message+&amp;]:mt-5\" dir=\"auto\" data-message-author-role=\"assistant\" data-message-id=\"c196b9dc-78ca-4eba-b0a0-e89d30d874b9\" data-message-model-slug=\"gpt-4o\">\n<div class=\"flex w-full flex-col gap-1 empty:hidden first:pt-[3px]\">\n<div class=\"markdown prose w-full break-words dark:prose-invert light\">\n<h3><strong>Koop Amnesia Haze AAA Online in Europa op <a href=\"https:\/\/pressurezone.shop\/nl\/\" target=\"_new\" rel=\"noopener\">Drukzone<\/a><\/strong><\/h3>\n<p>Ontdek de kracht van<strong>Amnesia Waas AAA<\/strong>a <strong>cannabisvari\u00ebteit<\/strong> uitzonderlijk en een van de favoriete keuzes van wijnliefhebbers. <strong>sativa-dominante hybride<\/strong>. Deze soort is het resultaat van een genetische mix tussen een Jamaicaanse sativa, een Laotiaanse sativa en een Afghaanse Hawaiiaanse indica en staat bekend om haar stimulerende effecten en mentale helderheid. Als je op zoek bent naar een soort voor de hele dag, dan is Amnesia Haze AAA ideaal voor jou.<\/p>\n<h3>Effecten en voordelen van Amnesia Haze AAA Weed Strain<\/h3>\n<p>Dankzij de <strong>80% sativa \/ 20% indica<\/strong>de <strong>Amnesia Haze AAA cannabissoort<\/strong> is speciaal samengesteld voor momenten van mentale helderheid en energie. Het is perfect voor mensen die actief, gefocust en positief willen blijven. Dit zijn de belangrijkste effecten:<\/p>\n<ul>\n<li><strong>Creativiteit en euforie<\/strong> Amnesia Haze AAA stimuleert de geest en bevordert een aangename euforische staat.<\/li>\n<li><strong>Psychoactieve boost<\/strong> Ideaal om de stemming op te vrolijken en mensen aan het lachen te maken.<\/li>\n<li><strong>Duurzame energie<\/strong> Geeft je een energieboost, perfect om gemotiveerd de dag door te komen.<\/li>\n<\/ul>\n<p>Met een snelheid van <strong>Hoge THC van 22%<\/strong>deze <strong>cannabisvari\u00ebteit<\/strong> is ideaal voor wie op zoek is naar een intens effect zonder de zwaarte van indica.<\/p>\n<h3>Therapeutische voordelen van AAA Amnesia Haze<\/h3>\n<p>La <strong>Amnesia Haze AAA vari\u00ebteit<\/strong> staat ook bekend om zijn vele voordelen voor de gezondheid. Het stimulerende en euforische effect kan helpen verlichten:<\/p>\n<ul>\n<li><strong>Angst en depressie<\/strong> Vermindert stress en verbetert de stemming.<\/li>\n<li><strong>Vermoeidheid en ADHD<\/strong> Verhoogt de energie en concentratie en helpt vermoeidheid en ADHD-symptomen bestrijden.<\/li>\n<li><strong>Migraine en hoofdpijn<\/strong> : Effectief voor het verlichten van chronische pijn en hoofdpijn.<\/li>\n<li><strong>Fysieke pijn<\/strong> Kan lichte lichaamspijn verlichten zonder te verdoven.<\/li>\n<\/ul>\n<p>Met minder dan 1% CBD is Amnesia Haze AAA minder geschikt voor behandelingen die hoge concentraties CBD vereisen, zoals epilepsie, maar het is perfect voor mensen die hun stemming en energie willen verbeteren.<a href=\"https:\/\/fuelpackz.com\/\" target=\"_blank\" rel=\"noopener\">.<\/a><\/p>\n<h3>Smaak- en aromaprofiel<\/h3>\n<p>L'<strong>Amnesia Waas AAA<\/strong> valt ook op door zijn complexe smaakprofiel en rijke aroma. Je zult tonen vinden van :<\/p>\n<ul>\n<li><strong>Fruitig en Citroen<\/strong> Een pittige, frisse smaak die de smaakpapillen prikkelt.<\/li>\n<li><strong>Kruidig en aards<\/strong> Een diepte die een vleugje complexiteit toevoegt en de fruitige smaak in balans brengt.<\/li>\n<\/ul>\n<p>De unieke geur laat een blijvende indruk achter en combineert een aroma <strong>citroenachtig en aards<\/strong> die intenser wordt met elk trekje.<\/p>\n<h3>Waarom AAA Amnesia Haze kopen op <a href=\"https:\/\/pressurezone.shop\/nl\/\" target=\"_new\" rel=\"noopener\">Drukzone<\/a>?<\/h3>\n<p>Op <strong>Drukzone<\/strong>we zijn toegewijd aan het leveren van <strong>cannabis vari\u00ebteiten<\/strong> voor onze klanten in Europa. Onze <strong>Amnesia Haze AAA vari\u00ebteit<\/strong> is zorgvuldig getest om potentie, zuiverheid en veiligheid te garanderen, waardoor het de perfecte keuze is voor sativa liefhebbers:<\/p>\n<ul>\n<li><strong>Superieure kwaliteit<\/strong> Elke partij wordt gecontroleerd om een uitzonderlijke ervaring te garanderen.<\/li>\n<li><strong>Verscheidenheid voor de dag<\/strong> Ideaal voor momenten van creativiteit en energie.<\/li>\n<li><strong>Toegewijde klantenservice<\/strong> Ons team is er om je te helpen de vari\u00ebteit te kiezen die aan je behoeften voldoet.<\/li>\n<\/ul>\n<h3>Veelgestelde vragen<\/h3>\n<h4>Wat zijn de belangrijkste effecten van Amnesia Haze AAA?<\/h4>\n<p>Amnesia Haze AAA is energiek en euforisch, perfect voor actieve dagen, het stimuleren van creativiteit en het verbeteren van de stemming.<\/p>\n<h4>Is Amnesia Haze AAA geschikt voor chronische pijn?<\/h4>\n<p>Ja, deze vari\u00ebteit is effectief voor het verlichten van milde tot matige pijn, hoofdpijn en migraine, terwijl het positieve energie geeft.<\/p>\n<h4>Kan Amnesia Haze AAA worden gebruikt om angst te behandelen?<\/h4>\n<p>Ja, Amnesia Haze AAA helpt angst en depressie te verminderen door een positieve en kalme gemoedstoestand te bevorderen.<\/p>\n<h3>Bestel Amnesia Haze AAA online in Europa bij <a href=\"https:\/\/pressurezone.shop\/nl\/\" target=\"_new\" rel=\"noopener\">Drukzone<\/a><\/h3>\n<p>Klaar om de stimulerende voordelen van<strong>Amnesia Waas AAA<\/strong>? <strong>Bestel nu<\/strong> op <a href=\"https:\/\/pressurezone.shop\/nl\/\" target=\"_new\" rel=\"noopener\">Drukzone<\/a> voor een eersteklas ervaring <strong>cannabisvari\u00ebteit<\/strong>. Profiteer van onze exclusieve selectie en onze snelle, betrouwbare service voor een discrete, effici\u00ebnte levering.<\/p>\n<\/div>\n<\/div>\n<\/div>\n<\/div>\n<\/div>\n<\/div>","protected":false},"excerpt":{"rendered":"<p>Achetez la Vari\u00e9t\u00e9 Amnesia Haze AAA en Ligne en Europe sur Pressure Zone D\u00e9couvrez la puissance de l&rsquo;Amnesia Haze AAA, une vari\u00e9t\u00e9 de cannabis exceptionnelle et l&rsquo;un des choix pr\u00e9f\u00e9r\u00e9s des amateurs de sativa-dominant hybrid. Issue d\u2019un m\u00e9lange g\u00e9n\u00e9tique entre une sativa jama\u00efcaine, une sativa laotienne, et une indica Afghan Hawaiian, cette vari\u00e9t\u00e9 est c\u00e9l\u00e8bre [&hellip;]<\/p>","protected":false},"featured_media":3025,"comment_status":"closed","ping_status":"closed","template":"","meta":{"_uag_custom_page_level_css":"","site-sidebar-layout":"default","site-content-layout":"","ast-site-content-layout":"default","site-content-style":"default","site-sidebar-style":"default","ast-global-header-display":"","ast-banner-title-visibility":"","ast-main-header-display":"","ast-hfb-above-header-display":"","ast-hfb-below-header-display":"","ast-hfb-mobile-header-display":"","site-post-title":"","ast-breadcrumbs-content":"","ast-featured-img":"","footer-sml-layout":"","theme-transparent-header-meta":"default","adv-header-id-meta":"","stick-header-meta":"","header-above-stick-meta":"","header-main-stick-meta":"","header-below-stick-meta":"","astra-migrate-meta-layouts":"set","ast-page-background-enabled":"default","ast-page-background-meta":{"desktop":{"background-color":"","background-image":"","background-repeat":"repeat","background-position":"center center","background-size":"auto","background-attachment":"scroll","background-type":"","background-media":"","overlay-type":"","overlay-color":"","overlay-opacity":"","overlay-gradient":""},"tablet":{"background-color":"","background-image":"","background-repeat":"repeat","background-position":"center center","background-size":"auto","background-attachment":"scroll","background-type":"","background-media":"","overlay-type":"","overlay-color":"","overlay-opacity":"","overlay-gradient":""},"mobile":{"background-color":"","background-image":"","background-repeat":"repeat","background-position":"center center","background-size":"auto","background-attachment":"scroll","background-type":"","background-media":"","overlay-type":"","overlay-color":"","overlay-opacity":"","overlay-gradient":""}},"ast-content-background-meta":{"desktop":{"background-color":"var(--ast-global-color-5)","background-image":"","background-repeat":"repeat","background-position":"center center","background-size":"auto","background-attachment":"scroll","background-type":"","background-media":"","overlay-type":"","overlay-color":"","overlay-opacity":"","overlay-gradient":""},"tablet":{"background-color":"var(--ast-global-color-5)","background-image":"","background-repeat":"repeat","background-position":"center center","background-size":"auto","background-attachment":"scroll","background-type":"","background-media":"","overlay-type":"","overlay-color":"","overlay-opacity":"","overlay-gradient":""},"mobile":{"background-color":"var(--ast-global-color-5)","background-image":"","background-repeat":"repeat","background-position":"center center","background-size":"auto","background-attachment":"scroll","background-type":"","background-media":"","overlay-type":"","overlay-color":"","overlay-opacity":"","overlay-gradient":""}}},"product_brand":[],"product_cat":[28,273],"product_tag":[274],"class_list":{"0":"post-2995","1":"product","2":"type-product","3":"status-publish","4":"has-post-thumbnail","6":"product_cat-varietes-de-cannabis","7":"product_cat-varietes-de-cannabis-sativa","8":"product_tag-amnesia-haze-aaa-weed-strain-for-sale-poland","9":"desktop-align-left","10":"tablet-align-left","11":"mobile-align-left","13":"first","14":"instock","15":"shipping-taxable","16":"purchasable","17":"product-type-variable"},"uagb_featured_image_src":{"full":["https:\/\/pressurezone.shop\/wp-content\/uploads\/2024\/10\/Amnesia-Haze-AAA-Weed-Strain.jpg",1000,1000,false],"thumbnail":["https:\/\/pressurezone.shop\/wp-content\/uploads\/2024\/10\/Amnesia-Haze-AAA-Weed-Strain-150x150.jpg",150,150,true],"medium":["https:\/\/pressurezone.shop\/wp-content\/uploads\/2024\/10\/Amnesia-Haze-AAA-Weed-Strain-300x300.jpg",300,300,true],"medium_large":["https:\/\/pressurezone.shop\/wp-content\/uploads\/2024\/10\/Amnesia-Haze-AAA-Weed-Strain-768x768.jpg",768,768,true],"large":["https:\/\/pressurezone.shop\/wp-content\/uploads\/2024\/10\/Amnesia-Haze-AAA-Weed-Strain.jpg",1000,1000,false],"1536x1536":["https:\/\/pressurezone.shop\/wp-content\/uploads\/2024\/10\/Amnesia-Haze-AAA-Weed-Strain.jpg",1000,1000,false],"2048x2048":["https:\/\/pressurezone.shop\/wp-content\/uploads\/2024\/10\/Amnesia-Haze-AAA-Weed-Strain.jpg",1000,1000,false],"trp-custom-language-flag":["https:\/\/pressurezone.shop\/wp-content\/uploads\/2024\/10\/Amnesia-Haze-AAA-Weed-Strain-12x12.jpg",12,12,true],"woocommerce_thumbnail":["https:\/\/pressurezone.shop\/wp-content\/uploads\/2024\/10\/Amnesia-Haze-AAA-Weed-Strain-300x300.jpg",300,300,true],"woocommerce_single":["https:\/\/pressurezone.shop\/wp-content\/uploads\/2024\/10\/Amnesia-Haze-AAA-Weed-Strain-600x600.jpg",600,600,true],"woocommerce_gallery_thumbnail":["https:\/\/pressurezone.shop\/wp-content\/uploads\/2024\/10\/Amnesia-Haze-AAA-Weed-Strain-100x100.jpg",100,100,true]},"uagb_author_info":{"display_name":"pressurezone.shop","author_link":"https:\/\/pressurezone.shop\/nl\/author\/"},"uagb_comment_info":0,"uagb_excerpt":"Achetez la Vari\u00e9t\u00e9 Amnesia Haze AAA en Ligne en Europe sur Pressure Zone D\u00e9couvrez la puissance de l&rsquo;Amnesia Haze AAA, une vari\u00e9t\u00e9 de cannabis exceptionnelle et l&rsquo;un des choix pr\u00e9f\u00e9r\u00e9s des amateurs de sativa-dominant hybrid. Issue d\u2019un m\u00e9lange g\u00e9n\u00e9tique entre une sativa jama\u00efcaine, une sativa laotienne, et une indica Afghan Hawaiian, cette vari\u00e9t\u00e9 est c\u00e9l\u00e8bre&hellip;","_links":{"self":[{"href":"https:\/\/pressurezone.shop\/nl\/wp-json\/wp\/v2\/product\/2995"}],"collection":[{"href":"https:\/\/pressurezone.shop\/nl\/wp-json\/wp\/v2\/product"}],"about":[{"href":"https:\/\/pressurezone.shop\/nl\/wp-json\/wp\/v2\/types\/product"}],"replies":[{"embeddable":true,"href":"https:\/\/pressurezone.shop\/nl\/wp-json\/wp\/v2\/comments?post=2995"}],"version-history":[{"count":3,"href":"https:\/\/pressurezone.shop\/nl\/wp-json\/wp\/v2\/product\/2995\/revisions"}],"predecessor-version":[{"id":3625,"href":"https:\/\/pressurezone.shop\/nl\/wp-json\/wp\/v2\/product\/2995\/revisions\/3625"}],"wp:featuredmedia":[{"embeddable":true,"href":"https:\/\/pressurezone.shop\/nl\/wp-json\/wp\/v2\/media\/3025"}],"wp:attachment":[{"href":"https:\/\/pressurezone.shop\/nl\/wp-json\/wp\/v2\/media?parent=2995"}],"wp:term":[{"taxonomy":"product_brand","embeddable":true,"href":"https:\/\/pressurezone.shop\/nl\/wp-json\/wp\/v2\/product_brand?post=2995"},{"taxonomy":"product_cat","embeddable":true,"href":"https:\/\/pressurezone.shop\/nl\/wp-json\/wp\/v2\/product_cat?post=2995"},{"taxonomy":"product_tag","embeddable":true,"href":"https:\/\/pressurezone.shop\/nl\/wp-json\/wp\/v2\/product_tag?post=2995"}],"curies":[{"name":"wp","href":"https:\/\/api.w.org\/{rel}","templated":true}]}}