{"id":3011,"date":"2024-10-11T00:48:46","date_gmt":"2024-10-10T22:48:46","guid":{"rendered":"https:\/\/pressurezone.shop\/?post_type=product&#038;p=3011"},"modified":"2024-11-03T22:26:39","modified_gmt":"2024-11-03T21:26:39","slug":"white-castle-weed-strain","status":"publish","type":"product","link":"https:\/\/pressurezone.shop\/nl\/product\/white-castle-wietsoort\/","title":{"rendered":"White Castle Wiet"},"content":{"rendered":"<h3><strong>White Castle Weed Strain online kopen in Europa op <a href=\"https:\/\/pressurezone.shop\/nl\/\" target=\"_new\" rel=\"noopener\">Drukzone winkel<\/a><\/strong><\/h3>\n<p>Ontdek de <strong>White Castle Wiet<\/strong>een hybride vari\u00ebteit die licht gedomineerd wordt door indica (60% indica \/ 40% sativa) als resultaat van een kruising tussen de emblematische soorten <strong>Witte weduwe<\/strong> en <strong>IJs<\/strong>. Laat je niet misleiden door de naam, die doet denken aan de beroemde hamburgers, <strong>Wit Kasteel<\/strong> biedt een unieke smaak, met tonen van verse bessen en aardbeien voor een zachte, zoete ervaring bij elk trekje.<\/p>\n<h3>Waarom kiezen voor White Castle Weed Strain?<\/h3>\n<p><strong>White Castle Wiet<\/strong> is ideaal voor wie op zoek is naar een balans tussen euforie en ontspanning. Met haar mix van feel-good en kalme effecten biedt deze soort een high die begint met een gevoel van geluk en gezelligheid, perfect voor sociale gelegenheden. Dit wordt echter gevolgd door een zachte slaperigheid, ideaal om tot rust te komen aan het eind van de dag.<a href=\"https:\/\/fuelpackz.com\/\" target=\"_blank\" rel=\"noopener\">.<\/a><\/p>\n<ul>\n<li><strong>Type<\/strong> Indica-dominante hybride (60% Indica \/ 40% Sativa)<\/li>\n<li><strong>THC<\/strong> Tussen 13% en 19%, met een evenwichtig, rustgevend hoog<\/li>\n<\/ul>\n<h3>Effecten en voordelen van White Castle Weed Strain<\/h3>\n<p>La <strong>White Castle Wiet<\/strong> hult je in een vreugdevolle, communicatieve euforie die je gezelliger maakt. Als het effect wegebt, neemt een staat van kalmte en zachte slaperigheid het over, perfect voor die avonden waarop je moeiteloos wilt ontspannen.<\/p>\n<ul>\n<li><strong>Effecten<\/strong> Euforie, Lachen, Geluk, Ontspanning, Slaperigheid, Gezelligheid<\/li>\n<li><strong>Perfect voor<\/strong> Depressie, Ontsteking, Verlies van eetlust, Misselijkheid, Stress<\/li>\n<\/ul>\n<h3>Condities verlicht door White Castle Cannabis Strain<\/h3>\n<p>Dankzij de kalmerende, gematigde effecten, <strong>Wit Kasteel<\/strong> wordt vaak gekozen om een aantal lichamelijke en geestelijke kwalen te verlichten:<\/p>\n<ul>\n<li><strong>Stress en depressie<\/strong> Verbetert de stemming en geeft een gevoel van licht geluk.<\/li>\n<li><strong>Ontsteking en misselijkheid<\/strong> Helpt het lichaam te kalmeren en ongemak te verlichten.<\/li>\n<li><strong>Verlies van eetlust<\/strong> Stimuleert de eetlust met een aangenaam, ontspannend gevoel.<\/li>\n<\/ul>\n<h3>Smaken en aroma's van White Castle Weed Strain<\/h3>\n<p>La <strong>White Castle Wiet<\/strong> staat bekend om zijn <strong>bessen<\/strong>met zoete noten van <strong>aardbeien<\/strong> en een achtergrond <strong>aards<\/strong>. Het aroma is al even aangenaam en combineert de geur van rijp fruit en bessen met een vleugje zoetigheid dat in de mond blijft hangen.<\/p>\n<ul>\n<li><strong>Smaken<\/strong> Bes, Aardbei, Zoet<\/li>\n<li><strong>Smaken<\/strong> Bes, Aards, Fruitig, Zoet<\/li>\n<\/ul>\n<h3>Uiterlijk van White Castle Cannabis Bloem<\/h3>\n<p>De knoppen van <strong>Wit Kasteel<\/strong> zijn compact en lichtgroen van kleur, bezaaid met amberkleurige haartjes en een laag glinsterende trichomen. Hun levendige, harsachtige uiterlijk getuigt van de kwaliteit van deze hybride vari\u00ebteit.<\/p>\n<h3>Bestel White Castle Weed Strain online bij Pressure Zone Shop<\/h3>\n<p>Klaar om de zachte, ontspannende ervaring van <strong>White Castle Wiet<\/strong> ? Bestel vandaag nog bij <a href=\"https:\/\/pressurezone.shop\/nl\/\" target=\"_new\" rel=\"noopener\">Drukzone winkel<\/a> om te genieten van een uitgebalanceerde hybride vari\u00ebteit, ideaal voor momenten van ontspanning of om alledaagse ongemakken te verlichten. Of je nu op zoek bent naar een uitbarsting van geluk of om spanning te verlichten, <strong>Wit Kasteel<\/strong> is de perfecte keuze voor een kwaliteitservaring.<\/p>","protected":false},"excerpt":{"rendered":"<p>Achetez la White Castle Weed Strain en Ligne en Europe sur Pressure Zone Shop D\u00e9couvrez la White Castle Weed Strain, une vari\u00e9t\u00e9 hybride l\u00e9g\u00e8rement domin\u00e9e par l\u2019indica (60% indica \/ 40% sativa) issue du croisement entre les souches embl\u00e9matiques White Widow et Ice. Ne vous laissez pas tromper par son nom rappelant les c\u00e9l\u00e8bres burgers, [&hellip;]<\/p>","protected":false},"featured_media":3072,"comment_status":"closed","ping_status":"closed","template":"","meta":{"_uag_custom_page_level_css":"","site-sidebar-layout":"default","site-content-layout":"","ast-site-content-layout":"default","site-content-style":"default","site-sidebar-style":"default","ast-global-header-display":"","ast-banner-title-visibility":"","ast-main-header-display":"","ast-hfb-above-header-display":"","ast-hfb-below-header-display":"","ast-hfb-mobile-header-display":"","site-post-title":"","ast-breadcrumbs-content":"","ast-featured-img":"","footer-sml-layout":"","theme-transparent-header-meta":"default","adv-header-id-meta":"","stick-header-meta":"","header-above-stick-meta":"","header-main-stick-meta":"","header-below-stick-meta":"","astra-migrate-meta-layouts":"set","ast-page-background-enabled":"default","ast-page-background-meta":{"desktop":{"background-color":"","background-image":"","background-repeat":"repeat","background-position":"center center","background-size":"auto","background-attachment":"scroll","background-type":"","background-media":"","overlay-type":"","overlay-color":"","overlay-opacity":"","overlay-gradient":""},"tablet":{"background-color":"","background-image":"","background-repeat":"repeat","background-position":"center center","background-size":"auto","background-attachment":"scroll","background-type":"","background-media":"","overlay-type":"","overlay-color":"","overlay-opacity":"","overlay-gradient":""},"mobile":{"background-color":"","background-image":"","background-repeat":"repeat","background-position":"center center","background-size":"auto","background-attachment":"scroll","background-type":"","background-media":"","overlay-type":"","overlay-color":"","overlay-opacity":"","overlay-gradient":""}},"ast-content-background-meta":{"desktop":{"background-color":"var(--ast-global-color-5)","background-image":"","background-repeat":"repeat","background-position":"center center","background-size":"auto","background-attachment":"scroll","background-type":"","background-media":"","overlay-type":"","overlay-color":"","overlay-opacity":"","overlay-gradient":""},"tablet":{"background-color":"var(--ast-global-color-5)","background-image":"","background-repeat":"repeat","background-position":"center center","background-size":"auto","background-attachment":"scroll","background-type":"","background-media":"","overlay-type":"","overlay-color":"","overlay-opacity":"","overlay-gradient":""},"mobile":{"background-color":"var(--ast-global-color-5)","background-image":"","background-repeat":"repeat","background-position":"center center","background-size":"auto","background-attachment":"scroll","background-type":"","background-media":"","overlay-type":"","overlay-color":"","overlay-opacity":"","overlay-gradient":""}}},"product_brand":[],"product_cat":[28,278],"product_tag":[291],"class_list":{"0":"post-3011","1":"product","2":"type-product","3":"status-publish","4":"has-post-thumbnail","6":"product_cat-varietes-de-cannabis","7":"product_cat-varietes-de-marijuana-indica","8":"product_tag-order-white-castle-weed-strain-europe","9":"desktop-align-left","10":"tablet-align-left","11":"mobile-align-left","13":"first","14":"instock","15":"shipping-taxable","16":"purchasable","17":"product-type-variable"},"uagb_featured_image_src":{"full":["https:\/\/pressurezone.shop\/wp-content\/uploads\/2024\/10\/White-Castle-Weed-Strain.webp",2560,1707,false],"thumbnail":["https:\/\/pressurezone.shop\/wp-content\/uploads\/2024\/10\/White-Castle-Weed-Strain-150x150.webp",150,150,true],"medium":["https:\/\/pressurezone.shop\/wp-content\/uploads\/2024\/10\/White-Castle-Weed-Strain-300x200.webp",300,200,true],"medium_large":["https:\/\/pressurezone.shop\/wp-content\/uploads\/2024\/10\/White-Castle-Weed-Strain-768x512.webp",768,512,true],"large":["https:\/\/pressurezone.shop\/wp-content\/uploads\/2024\/10\/White-Castle-Weed-Strain-1024x683.webp",1024,683,true],"1536x1536":["https:\/\/pressurezone.shop\/wp-content\/uploads\/2024\/10\/White-Castle-Weed-Strain-1536x1024.webp",1536,1024,true],"2048x2048":["https:\/\/pressurezone.shop\/wp-content\/uploads\/2024\/10\/White-Castle-Weed-Strain-2048x1366.webp",2048,1366,true],"trp-custom-language-flag":["https:\/\/pressurezone.shop\/wp-content\/uploads\/2024\/10\/White-Castle-Weed-Strain-18x12.webp",18,12,true],"woocommerce_thumbnail":["https:\/\/pressurezone.shop\/wp-content\/uploads\/2024\/10\/White-Castle-Weed-Strain-300x300.webp",300,300,true],"woocommerce_single":["https:\/\/pressurezone.shop\/wp-content\/uploads\/2024\/10\/White-Castle-Weed-Strain-600x400.webp",600,400,true],"woocommerce_gallery_thumbnail":["https:\/\/pressurezone.shop\/wp-content\/uploads\/2024\/10\/White-Castle-Weed-Strain-100x100.webp",100,100,true]},"uagb_author_info":{"display_name":"pressurezone.shop","author_link":"https:\/\/pressurezone.shop\/nl\/author\/"},"uagb_comment_info":0,"uagb_excerpt":"Achetez la White Castle Weed Strain en Ligne en Europe sur Pressure Zone Shop D\u00e9couvrez la White Castle Weed Strain, une vari\u00e9t\u00e9 hybride l\u00e9g\u00e8rement domin\u00e9e par l\u2019indica (60% indica \/ 40% sativa) issue du croisement entre les souches embl\u00e9matiques White Widow et Ice. Ne vous laissez pas tromper par son nom rappelant les c\u00e9l\u00e8bres burgers,&hellip;","_links":{"self":[{"href":"https:\/\/pressurezone.shop\/nl\/wp-json\/wp\/v2\/product\/3011"}],"collection":[{"href":"https:\/\/pressurezone.shop\/nl\/wp-json\/wp\/v2\/product"}],"about":[{"href":"https:\/\/pressurezone.shop\/nl\/wp-json\/wp\/v2\/types\/product"}],"replies":[{"embeddable":true,"href":"https:\/\/pressurezone.shop\/nl\/wp-json\/wp\/v2\/comments?post=3011"}],"version-history":[{"count":2,"href":"https:\/\/pressurezone.shop\/nl\/wp-json\/wp\/v2\/product\/3011\/revisions"}],"predecessor-version":[{"id":4061,"href":"https:\/\/pressurezone.shop\/nl\/wp-json\/wp\/v2\/product\/3011\/revisions\/4061"}],"wp:featuredmedia":[{"embeddable":true,"href":"https:\/\/pressurezone.shop\/nl\/wp-json\/wp\/v2\/media\/3072"}],"wp:attachment":[{"href":"https:\/\/pressurezone.shop\/nl\/wp-json\/wp\/v2\/media?parent=3011"}],"wp:term":[{"taxonomy":"product_brand","embeddable":true,"href":"https:\/\/pressurezone.shop\/nl\/wp-json\/wp\/v2\/product_brand?post=3011"},{"taxonomy":"product_cat","embeddable":true,"href":"https:\/\/pressurezone.shop\/nl\/wp-json\/wp\/v2\/product_cat?post=3011"},{"taxonomy":"product_tag","embeddable":true,"href":"https:\/\/pressurezone.shop\/nl\/wp-json\/wp\/v2\/product_tag?post=3011"}],"curies":[{"name":"wp","href":"https:\/\/api.w.org\/{rel}","templated":true}]}}