{"id":3018,"date":"2024-10-11T00:48:47","date_gmt":"2024-10-10T22:48:47","guid":{"rendered":"https:\/\/pressurezone.shop\/?post_type=product&#038;p=3018"},"modified":"2024-11-02T22:00:35","modified_gmt":"2024-11-02T21:00:35","slug":"chemnesia-marijuana-sativa-flower","status":"publish","type":"product","link":"https:\/\/pressurezone.shop\/nl\/product\/chemnesia-marihuana-sativa-bloem\/","title":{"rendered":"Chemnesia Sativa Marihuana Bloem"},"content":{"rendered":"<div class=\"flex-shrink-0 flex flex-col relative items-end\">\n<div>\n<div class=\"pt-0\">\n<div class=\"gizmo-bot-avatar flex h-8 w-8 items-center justify-center overflow-hidden rounded-full\">\n<div class=\"relative p-1 rounded-sm flex items-center justify-center bg-token-main-surface-primary text-token-text-primary h-8 w-8\"><\/div>\n<\/div>\n<\/div>\n<\/div>\n<\/div>\n<div class=\"group\/conversation-turn relative flex w-full min-w-0 flex-col agent-turn\">\n<div class=\"flex-col gap-1 md:gap-3\">\n<div class=\"flex max-w-full flex-col flex-grow\">\n<div class=\"min-h-8 text-message flex w-full flex-col items-end gap-2 whitespace-normal break-words [.text-message+&amp;]:mt-5\" dir=\"auto\" data-message-author-role=\"assistant\" data-message-id=\"3080cb38-8d56-4b58-a889-8442814920d4\" data-message-model-slug=\"gpt-4o\">\n<div class=\"flex w-full flex-col gap-1 empty:hidden first:pt-[3px]\">\n<div class=\"markdown prose w-full break-words dark:prose-invert light\">\n<h3><strong>Koop Chemnesia Marijuana Sativa Bloemvari\u00ebteit Online in Europa op <a href=\"https:\/\/pressurezone.shop\/nl\/\" target=\"_new\" rel=\"noopener\">Drukzone<\/a><\/strong><\/h3>\n<p>Ontdek <strong>Chemnesia Sativa Marihuana Bloem<\/strong>a <strong>cannabisvari\u00ebteit<\/strong> krachtige sativa, geboren uit een kruising tussen de beroemde <strong>Amnesia Zure Diesel<\/strong> en <strong>I-95<\/strong>. Chemnesia staat bekend om zijn intense, langdurige effecten en biedt een unieke cerebrale ervaring die de geest stimuleert en de stemming verhoogt. Chemnesia is perfect voor sensatiezoekers en ideaal voor diegenen die op zoek zijn naar een stimulerende en energieke high.<\/p>\n<h3>Effecten en voordelen van Chemnesia marihuana Sativa bloem<\/h3>\n<p>La <strong>vari\u00ebteit Chemnesia marihuana Sativa bloem<\/strong> wordt gewaardeerd om zijn euforische en stimulerende effecten, die de geest wakker maken en creativiteit stimuleren:<\/p>\n<ul>\n<li><strong>Creativiteit en mentale helderheid<\/strong> Een cerebrale high die inspireert en concentratie stimuleert.<\/li>\n<li><strong>Euforie en goed humeur<\/strong> : Geeft een blijvend gevoel van geluk, perfect voor sociale contacten.<\/li>\n<li><strong>Energie en focus<\/strong> Stimuleert mentale energie, ideaal om productief en alert te blijven<a href=\"https:\/\/fuelpackz.com\/\" target=\"_blank\" rel=\"noopener\">.<\/a><\/li>\n<\/ul>\n<p>Met intense effecten en een <strong>hoog lange duur<\/strong>Chemnesia is de perfecte keuze voor wie de hele dag actief en creatief wil blijven.<\/p>\n<h3>Therapeutische voordelen van Chemnesia marihuana Sativa bloem<\/h3>\n<p>Dankzij zijn krachtige, evenwichtige profiel, <strong>Chemnesia<\/strong> wordt vaak gekozen om verschillende symptomen en aandoeningen te verlichten:<\/p>\n<ul>\n<li><strong>Vermindering van chronische pijn<\/strong> Effectief in het verlichten van aanhoudende pijn zonder kalmerende effecten.<\/li>\n<li><strong>Beheer van vermoeidheid en stress<\/strong> Geeft een boost aan mentale energie om vermoeidheid en stress tegen te gaan.<\/li>\n<li><strong>Behandeling van depressie en ADHD<\/strong> Bevordert mentale helderheid en een positieve stemming, ideaal voor gebruikers die op zoek zijn naar geestelijke verlichting.<\/li>\n<\/ul>\n<p>Deze <strong>cannabisvari\u00ebteit<\/strong> is perfect voor wie op zoek is naar een mentale oppepper zonder verdoving, ideaal voor gebruik overdag en om creativiteit te stimuleren.<\/p>\n<h3>Smaken en aroma's van Chemnesia<\/h3>\n<p>Chemnesia verleidt ook met zijn intense en unieke smaakprofiel, waardoor het een zintuiglijke ervaring wordt:<\/p>\n<ul>\n<li><strong>Smaken<\/strong> Een mix van citroen en diesel met een vleugje kruiden voor een verfrissende, pittige smaak.<\/li>\n<li><strong>Smaken<\/strong> Een chemische en dieselachtige geur, versterkt door noten van zure citroen en een licht vleugje zuur.<\/li>\n<\/ul>\n<p>Deze <strong>gedurfde smaken en aroma's<\/strong> maakt van elk trekje Chemnesia een gedenkwaardige ervaring, perfect voor liefhebbers van sterke, robuuste smaken.<\/p>\n<h3>Waarom Chemnesia marihuana Sativa bloem kopen op <a href=\"https:\/\/pressurezone.shop\/nl\/\" target=\"_new\" rel=\"noopener\">Drukzone<\/a>?<\/h3>\n<p>Op <strong>Drukzone<\/strong>bieden wij <strong>cannabis vari\u00ebteiten<\/strong> premium, zorgvuldig geselecteerd en getest om een onberispelijke kwaliteit te garanderen. <strong>Chemnesia Sativa Marihuana Bloem<\/strong> is een van onze beste soorten vanwege de krachtige effecten en intense smaken. Dit is waarom je bij ons zou moeten kopen:<\/p>\n<ul>\n<li><strong>Premium Kwaliteit<\/strong> Onze producten worden streng getest om zuiverheid en kracht te garanderen.<\/li>\n<li><strong>Energiek en stimulerend effect<\/strong> Ideaal om de hele dag productief en creatief te blijven.<\/li>\n<li><strong>Toegewijde klantenservice<\/strong> Ons team is er om je te begeleiden en al je vragen te beantwoorden over <strong>cannabisvari\u00ebteit<\/strong> die aan je behoeften voldoet.<\/li>\n<\/ul>\n<h3>Veelgestelde vragen<\/h3>\n<h4>Wat zijn de belangrijkste effecten van Chemnesia Marijuana Sativa Flower?<\/h4>\n<p>Chemnesia zorgt voor een intense, energieke cerebrale high, perfect voor creativiteit en euforie. Het is een ideale vari\u00ebteit om productief en goedgehumeurd te blijven.<\/p>\n<h4>Is Chemnesia effectief tegen pijn en vermoeidheid?<\/h4>\n<p>Ja, dit <strong>cannabisvari\u00ebteit<\/strong> is uitstekend voor het verlichten van chronische pijn, het verminderen van vermoeidheid en het verbeteren van de stemming door langdurige mentale energie te leveren.<\/p>\n<h4>Welke smaken en aroma's overheersen bij Chemnesia?<\/h4>\n<p>Chemnesia biedt citroen- en dieselsmaken, met aroma's van chemie, citroen en pittige noten, die een intense zintuiglijke ervaring cre\u00ebren.<\/p>\n<h3>Bestel Chemnesia Marijuana Sativa Bloemenvari\u00ebteit Online in Europa op <a href=\"https:\/\/pressurezone.shop\/nl\/\" target=\"_new\" rel=\"noopener\">Drukzone<\/a><\/h3>\n<p>Klaar om de krachtige en stimulerende effecten van <strong>Chemnesia Sativa Marihuana Bloem<\/strong>? <strong>Bestel nu<\/strong> op <a href=\"https:\/\/pressurezone.shop\/nl\/\" target=\"_new\" rel=\"noopener\">Drukzone<\/a> voor een ervaring van <strong>cannabisvari\u00ebteit<\/strong> Perfect om de stemming op te vrolijken en de geest te stimuleren. Met onze snelle en discrete bezorgservice kun je eenvoudig en veilig online winkelen.<\/p>\n<\/div>\n<\/div>\n<\/div>\n<\/div>\n<\/div>\n<\/div>","protected":false},"excerpt":{"rendered":"<p>Achetez la Vari\u00e9t\u00e9 Chemnesia Marijuana Sativa Flower en Ligne en Europe sur Pressure Zone D\u00e9couvrez Chemnesia Marijuana Sativa Flower, une vari\u00e9t\u00e9 de cannabis sativa puissante, n\u00e9e du croisement entre les c\u00e9l\u00e8bres Amnesia Sour Diesel et I-95. Chemnesia est r\u00e9put\u00e9e pour ses effets intenses et durables, offrant une exp\u00e9rience c\u00e9r\u00e9brale unique qui stimule l\u2019esprit et \u00e9l\u00e8ve [&hellip;]<\/p>","protected":false},"featured_media":3093,"comment_status":"closed","ping_status":"closed","template":"","meta":{"_uag_custom_page_level_css":"","site-sidebar-layout":"default","site-content-layout":"","ast-site-content-layout":"default","site-content-style":"default","site-sidebar-style":"default","ast-global-header-display":"","ast-banner-title-visibility":"","ast-main-header-display":"","ast-hfb-above-header-display":"","ast-hfb-below-header-display":"","ast-hfb-mobile-header-display":"","site-post-title":"","ast-breadcrumbs-content":"","ast-featured-img":"","footer-sml-layout":"","theme-transparent-header-meta":"default","adv-header-id-meta":"","stick-header-meta":"","header-above-stick-meta":"","header-main-stick-meta":"","header-below-stick-meta":"","astra-migrate-meta-layouts":"set","ast-page-background-enabled":"default","ast-page-background-meta":{"desktop":{"background-color":"","background-image":"","background-repeat":"repeat","background-position":"center center","background-size":"auto","background-attachment":"scroll","background-type":"","background-media":"","overlay-type":"","overlay-color":"","overlay-opacity":"","overlay-gradient":""},"tablet":{"background-color":"","background-image":"","background-repeat":"repeat","background-position":"center center","background-size":"auto","background-attachment":"scroll","background-type":"","background-media":"","overlay-type":"","overlay-color":"","overlay-opacity":"","overlay-gradient":""},"mobile":{"background-color":"","background-image":"","background-repeat":"repeat","background-position":"center center","background-size":"auto","background-attachment":"scroll","background-type":"","background-media":"","overlay-type":"","overlay-color":"","overlay-opacity":"","overlay-gradient":""}},"ast-content-background-meta":{"desktop":{"background-color":"var(--ast-global-color-5)","background-image":"","background-repeat":"repeat","background-position":"center center","background-size":"auto","background-attachment":"scroll","background-type":"","background-media":"","overlay-type":"","overlay-color":"","overlay-opacity":"","overlay-gradient":""},"tablet":{"background-color":"var(--ast-global-color-5)","background-image":"","background-repeat":"repeat","background-position":"center center","background-size":"auto","background-attachment":"scroll","background-type":"","background-media":"","overlay-type":"","overlay-color":"","overlay-opacity":"","overlay-gradient":""},"mobile":{"background-color":"var(--ast-global-color-5)","background-image":"","background-repeat":"repeat","background-position":"center center","background-size":"auto","background-attachment":"scroll","background-type":"","background-media":"","overlay-type":"","overlay-color":"","overlay-opacity":"","overlay-gradient":""}}},"product_brand":[],"product_cat":[28,273],"product_tag":[298],"class_list":{"0":"post-3018","1":"product","2":"type-product","3":"status-publish","4":"has-post-thumbnail","6":"product_cat-varietes-de-cannabis","7":"product_cat-varietes-de-cannabis-sativa","8":"product_tag-order-chemnesia-marijuana-sativa-flower-france","9":"desktop-align-left","10":"tablet-align-left","11":"mobile-align-left","13":"first","14":"instock","15":"shipping-taxable","16":"purchasable","17":"product-type-variable"},"uagb_featured_image_src":{"full":["https:\/\/pressurezone.shop\/wp-content\/uploads\/2024\/10\/Chemnesia-Marijuana-Sativa-Flower.webp",570,464,false],"thumbnail":["https:\/\/pressurezone.shop\/wp-content\/uploads\/2024\/10\/Chemnesia-Marijuana-Sativa-Flower-150x150.webp",150,150,true],"medium":["https:\/\/pressurezone.shop\/wp-content\/uploads\/2024\/10\/Chemnesia-Marijuana-Sativa-Flower-300x244.webp",300,244,true],"medium_large":["https:\/\/pressurezone.shop\/wp-content\/uploads\/2024\/10\/Chemnesia-Marijuana-Sativa-Flower.webp",570,464,false],"large":["https:\/\/pressurezone.shop\/wp-content\/uploads\/2024\/10\/Chemnesia-Marijuana-Sativa-Flower.webp",570,464,false],"1536x1536":["https:\/\/pressurezone.shop\/wp-content\/uploads\/2024\/10\/Chemnesia-Marijuana-Sativa-Flower.webp",570,464,false],"2048x2048":["https:\/\/pressurezone.shop\/wp-content\/uploads\/2024\/10\/Chemnesia-Marijuana-Sativa-Flower.webp",570,464,false],"trp-custom-language-flag":["https:\/\/pressurezone.shop\/wp-content\/uploads\/2024\/10\/Chemnesia-Marijuana-Sativa-Flower-15x12.webp",15,12,true],"woocommerce_thumbnail":["https:\/\/pressurezone.shop\/wp-content\/uploads\/2024\/10\/Chemnesia-Marijuana-Sativa-Flower-300x300.webp",300,300,true],"woocommerce_single":["https:\/\/pressurezone.shop\/wp-content\/uploads\/2024\/10\/Chemnesia-Marijuana-Sativa-Flower.webp",570,464,false],"woocommerce_gallery_thumbnail":["https:\/\/pressurezone.shop\/wp-content\/uploads\/2024\/10\/Chemnesia-Marijuana-Sativa-Flower-100x100.webp",100,100,true]},"uagb_author_info":{"display_name":"pressurezone.shop","author_link":"https:\/\/pressurezone.shop\/nl\/author\/"},"uagb_comment_info":0,"uagb_excerpt":"Achetez la Vari\u00e9t\u00e9 Chemnesia Marijuana Sativa Flower en Ligne en Europe sur Pressure Zone D\u00e9couvrez Chemnesia Marijuana Sativa Flower, une vari\u00e9t\u00e9 de cannabis sativa puissante, n\u00e9e du croisement entre les c\u00e9l\u00e8bres Amnesia Sour Diesel et I-95. Chemnesia est r\u00e9put\u00e9e pour ses effets intenses et durables, offrant une exp\u00e9rience c\u00e9r\u00e9brale unique qui stimule l\u2019esprit et \u00e9l\u00e8ve&hellip;","_links":{"self":[{"href":"https:\/\/pressurezone.shop\/nl\/wp-json\/wp\/v2\/product\/3018"}],"collection":[{"href":"https:\/\/pressurezone.shop\/nl\/wp-json\/wp\/v2\/product"}],"about":[{"href":"https:\/\/pressurezone.shop\/nl\/wp-json\/wp\/v2\/types\/product"}],"replies":[{"embeddable":true,"href":"https:\/\/pressurezone.shop\/nl\/wp-json\/wp\/v2\/comments?post=3018"}],"version-history":[{"count":3,"href":"https:\/\/pressurezone.shop\/nl\/wp-json\/wp\/v2\/product\/3018\/revisions"}],"predecessor-version":[{"id":3746,"href":"https:\/\/pressurezone.shop\/nl\/wp-json\/wp\/v2\/product\/3018\/revisions\/3746"}],"wp:featuredmedia":[{"embeddable":true,"href":"https:\/\/pressurezone.shop\/nl\/wp-json\/wp\/v2\/media\/3093"}],"wp:attachment":[{"href":"https:\/\/pressurezone.shop\/nl\/wp-json\/wp\/v2\/media?parent=3018"}],"wp:term":[{"taxonomy":"product_brand","embeddable":true,"href":"https:\/\/pressurezone.shop\/nl\/wp-json\/wp\/v2\/product_brand?post=3018"},{"taxonomy":"product_cat","embeddable":true,"href":"https:\/\/pressurezone.shop\/nl\/wp-json\/wp\/v2\/product_cat?post=3018"},{"taxonomy":"product_tag","embeddable":true,"href":"https:\/\/pressurezone.shop\/nl\/wp-json\/wp\/v2\/product_tag?post=3018"}],"curies":[{"name":"wp","href":"https:\/\/api.w.org\/{rel}","templated":true}]}}