{"id":3022,"date":"2024-10-11T00:48:47","date_gmt":"2024-10-10T22:48:47","guid":{"rendered":"https:\/\/pressurezone.shop\/?post_type=product&#038;p=3022"},"modified":"2024-11-02T22:23:09","modified_gmt":"2024-11-02T21:23:09","slug":"glazed-apricot-gelato-strain","status":"publish","type":"product","link":"https:\/\/pressurezone.shop\/nl\/product\/geglazuurde-abrikozen-gelato-stam\/","title":{"rendered":"Geglazuurde abrikozengelatostroop"},"content":{"rendered":"<div class=\"flex-shrink-0 flex flex-col relative items-end\">\n<div>\n<div class=\"pt-0\">\n<div class=\"gizmo-bot-avatar flex h-8 w-8 items-center justify-center overflow-hidden rounded-full\">\n<div class=\"relative p-1 rounded-sm flex items-center justify-center bg-token-main-surface-primary text-token-text-primary h-8 w-8\"><\/div>\n<\/div>\n<\/div>\n<\/div>\n<\/div>\n<div class=\"group\/conversation-turn relative flex w-full min-w-0 flex-col agent-turn\">\n<div class=\"flex-col gap-1 md:gap-3\">\n<div class=\"flex max-w-full flex-col flex-grow\">\n<div class=\"min-h-8 text-message flex w-full flex-col items-end gap-2 whitespace-normal break-words [.text-message+&amp;]:mt-5\" dir=\"auto\" data-message-author-role=\"assistant\" data-message-id=\"5b321af8-7689-4f75-8338-44df8724d2a7\" data-message-model-slug=\"gpt-4o\">\n<div class=\"flex w-full flex-col gap-1 empty:hidden first:pt-[3px]\">\n<div class=\"markdown prose w-full break-words dark:prose-invert light\">\n<h3><strong>Glazed Apricot Gelato Strain online kopen in Europa op <a href=\"https:\/\/pressurezone.shop\/nl\/\" target=\"_new\" rel=\"noopener\">Drukzone<\/a><\/strong><\/h3>\n<p>Ontdek <strong>Geglazuurde abrikozengelatostroop<\/strong>a <strong>cannabisvari\u00ebteit<\/strong> een indica-dominante hybride (70% indica \/ 30% sativa) die de beroemde <strong>Gelato #1<\/strong>, <strong>Legenda<\/strong>en <strong>Oranje Abrikoos<\/strong>. Met een hoog THC-gehalte tot 26% is deze soort perfect voor diegenen die op zoek zijn naar een euforische, ontspannen high die uren aanhoudt. Glazed Apricot Gelato is een ideale keuze voor een zoete en zachte ontspanning.<a href=\"https:\/\/fuelpackz.com\/\" target=\"_blank\" rel=\"noopener\">.<\/a><\/p>\n<h3>Effecten en voordelen van Glazed Apricot Gelato Strain<\/h3>\n<p>La <strong>Geglazuurde abrikozengelatostrooisoort<\/strong> wordt gewaardeerd om zijn ontspannende en stimulerende effecten, perfect om te ontspannen en te genieten van een moment van welzijn:<\/p>\n<ul>\n<li><strong>Euforie en goed humeur<\/strong> Brengt een gevoel van geluk en tevredenheid, ideaal om de stemming te verbeteren.<\/li>\n<li><strong>Hoog Lichamelijk en Stimulerend<\/strong> Ontspant het lichaam en wekt de zintuigen, ideaal voor ontspanning zonder zwaarte.<\/li>\n<li><strong>Langdurig en verzachtend effect<\/strong> Met zijn langdurige high is hij ideaal om spanning te verlichten en te genieten van de rust.<\/li>\n<\/ul>\n<p>Dankzij de uitgebalanceerde effecten en <strong>THC vari\u00ebrend van 17% tot 26%<\/strong>Geglaceerde abrikozengelato is ideaal om te ontspannen na een lange dag.<\/p>\n<h3>Therapeutische voordelen van Glazed Apricot Gelato Strain<\/h3>\n<p>Dankzij het kalmerende, euforische effect, <strong>Geglazuurde abrikozengelato<\/strong> wordt vaak gekozen vanwege de therapeutische voordelen:<\/p>\n<ul>\n<li><strong>Angst en stress verminderen<\/strong> Effectief om de geest te kalmeren en spanningen te verlichten.<\/li>\n<li><strong>Verlichting van depressie en PTSS<\/strong> Bevordert een positieve stemming en helpt stemmingsstoornissen te verminderen.<\/li>\n<li><strong>Slaapmiddel<\/strong> Helpt slapeloosheid te bestrijden door een staat van kalmte en ontspanning te bevorderen.<\/li>\n<\/ul>\n<p>Deze <strong>cannabisvari\u00ebteit<\/strong> is ideaal voor mensen die op zoek zijn naar een natuurlijke remedie voor mentale en fysieke ontspanning, terwijl ze alert en aandachtig blijven.<\/p>\n<h3>Smaken en aroma's van geglaceerde abrikozengelato<\/h3>\n<p>Geglaceerde abrikozengelato heeft ook een intens, zoet smaak- en aromaprofiel:<\/p>\n<ul>\n<li><strong>Smaken<\/strong> Een smaak van pittig fruit, room en citroen, die doet denken aan abrikozensorbet met een vleugje zoet.<\/li>\n<li><strong>Smaken<\/strong> Een rijke fruit- en citrusgeur met een pittige, zoete noot, perfect voor liefhebbers van gastronomische smaken.<\/li>\n<\/ul>\n<p>Deze <strong>zoete, fruitige smaken en aroma's<\/strong> maakt elk vleugje Glazed Apricot Gelato een gedenkwaardige ervaring voor cannabisliefhebbers met een zoete, verfrissende smaak.<\/p>\n<h3>Waarom Glazed Apricot Gelato Strain kopen op <a href=\"https:\/\/pressurezone.shop\/nl\/\" target=\"_new\" rel=\"noopener\">Drukzone<\/a>?<\/h3>\n<p>Op <strong>Drukzone<\/strong>bieden wij <strong>cannabis vari\u00ebteiten<\/strong> zorgvuldig geselecteerd om zuiverheid en kracht te garanderen. <strong>Geglazuurde abrikozengelatostroop<\/strong> is een van onze beste soorten vanwege de gebalanceerde effecten en fruitige smaken. Dit is waarom je voor Pressure Zone zou moeten kiezen:<\/p>\n<ul>\n<li><strong>Premium Kwaliteit<\/strong> Onze producten worden getest om een ervaring van hoge kwaliteit te garanderen.<\/li>\n<li><strong>Ontspannend en balancerend effect<\/strong> Perfect om te ontspannen en stress te verlichten.<\/li>\n<li><strong>Toegewijde klantenservice<\/strong> : Ons team is er om je te helpen de juiste <strong>cannabisvari\u00ebteit<\/strong> die het beste bij je behoeften past.<\/li>\n<\/ul>\n<h3>Veelgestelde vragen<\/h3>\n<h4>Wat zijn de belangrijkste effecten van Glazed Apricot Gelato Strain?<\/h4>\n<p>Glazed Apricot Gelato geeft je een euforische, ontspannen high, ideaal om tot rust te komen en je stemming te verbeteren. Het biedt de perfecte balans tussen lichamelijke ontspanning en mentale stimulatie.<\/p>\n<h4>Is Glazed Apricot Gelato effectief in het verlichten van angst en stress?<\/h4>\n<p>Ja, dit <strong>cannabisvari\u00ebteit<\/strong> is uitstekend voor het verminderen van angst, stress en stemmingsstoornissen en biedt natuurlijke, kalmerende verlichting.<\/p>\n<h4>Welke smaken en aroma's domineren Glazed Apricot Gelato?<\/h4>\n<p>Geglazuurde abrikozengelato biedt fruitige citrus- en citroensmaken, vergezeld van zoete en wrange aroma's die doen denken aan abrikozensorbet.<\/p>\n<h3>Bestel Glazed Apricot Gelato Strain online in Europa bij <a href=\"https:\/\/pressurezone.shop\/nl\/\" target=\"_new\" rel=\"noopener\">Drukzone<\/a><\/h3>\n<p>Klaar om de fruitige zoetheid van <strong>Geglazuurde abrikozengelatostroop<\/strong>? <strong>Bestel nu<\/strong> op <a href=\"https:\/\/pressurezone.shop\/nl\/\" target=\"_new\" rel=\"noopener\">Drukzone<\/a> voor een ervaring van <strong>cannabisvari\u00ebteit<\/strong> Perfect om de geest en het lichaam te kalmeren. Met een snelle, discrete levering garandeert Pressure Zone een zorgeloze winkelervaring.<\/p>\n<\/div>\n<\/div>\n<\/div>\n<\/div>\n<\/div>\n<\/div>","protected":false},"excerpt":{"rendered":"<p>Achetez la Vari\u00e9t\u00e9 Glazed Apricot Gelato Strain en Ligne en Europe sur Pressure Zone D\u00e9couvrez Glazed Apricot Gelato Strain, une vari\u00e9t\u00e9 de cannabis hybride \u00e0 dominance indica (70% indica \/ 30% sativa) qui combine les c\u00e9l\u00e8bres souches Gelato #1, Legend, et Orange Apricot. Avec un taux de THC \u00e9lev\u00e9, atteignant jusqu&rsquo;\u00e0 26%, cette vari\u00e9t\u00e9 est [&hellip;]<\/p>","protected":false},"featured_media":3106,"comment_status":"closed","ping_status":"closed","template":"","meta":{"_uag_custom_page_level_css":"","site-sidebar-layout":"default","site-content-layout":"","ast-site-content-layout":"default","site-content-style":"default","site-sidebar-style":"default","ast-global-header-display":"","ast-banner-title-visibility":"","ast-main-header-display":"","ast-hfb-above-header-display":"","ast-hfb-below-header-display":"","ast-hfb-mobile-header-display":"","site-post-title":"","ast-breadcrumbs-content":"","ast-featured-img":"","footer-sml-layout":"","theme-transparent-header-meta":"default","adv-header-id-meta":"","stick-header-meta":"","header-above-stick-meta":"","header-main-stick-meta":"","header-below-stick-meta":"","astra-migrate-meta-layouts":"set","ast-page-background-enabled":"default","ast-page-background-meta":{"desktop":{"background-color":"","background-image":"","background-repeat":"repeat","background-position":"center center","background-size":"auto","background-attachment":"scroll","background-type":"","background-media":"","overlay-type":"","overlay-color":"","overlay-opacity":"","overlay-gradient":""},"tablet":{"background-color":"","background-image":"","background-repeat":"repeat","background-position":"center center","background-size":"auto","background-attachment":"scroll","background-type":"","background-media":"","overlay-type":"","overlay-color":"","overlay-opacity":"","overlay-gradient":""},"mobile":{"background-color":"","background-image":"","background-repeat":"repeat","background-position":"center center","background-size":"auto","background-attachment":"scroll","background-type":"","background-media":"","overlay-type":"","overlay-color":"","overlay-opacity":"","overlay-gradient":""}},"ast-content-background-meta":{"desktop":{"background-color":"var(--ast-global-color-5)","background-image":"","background-repeat":"repeat","background-position":"center center","background-size":"auto","background-attachment":"scroll","background-type":"","background-media":"","overlay-type":"","overlay-color":"","overlay-opacity":"","overlay-gradient":""},"tablet":{"background-color":"var(--ast-global-color-5)","background-image":"","background-repeat":"repeat","background-position":"center center","background-size":"auto","background-attachment":"scroll","background-type":"","background-media":"","overlay-type":"","overlay-color":"","overlay-opacity":"","overlay-gradient":""},"mobile":{"background-color":"var(--ast-global-color-5)","background-image":"","background-repeat":"repeat","background-position":"center center","background-size":"auto","background-attachment":"scroll","background-type":"","background-media":"","overlay-type":"","overlay-color":"","overlay-opacity":"","overlay-gradient":""}}},"product_brand":[],"product_cat":[28,278],"product_tag":[302],"class_list":{"0":"post-3022","1":"product","2":"type-product","3":"status-publish","4":"has-post-thumbnail","6":"product_cat-varietes-de-cannabis","7":"product_cat-varietes-de-marijuana-indica","8":"product_tag-order-glazed-apricot-gelato-strain-europe","9":"desktop-align-left","10":"tablet-align-left","11":"mobile-align-left","13":"first","14":"instock","15":"shipping-taxable","16":"purchasable","17":"product-type-variable"},"uagb_featured_image_src":{"full":["https:\/\/pressurezone.shop\/wp-content\/uploads\/2024\/10\/Glazed-Apricot-Gelato-Strain.webp",2048,1365,false],"thumbnail":["https:\/\/pressurezone.shop\/wp-content\/uploads\/2024\/10\/Glazed-Apricot-Gelato-Strain-150x150.webp",150,150,true],"medium":["https:\/\/pressurezone.shop\/wp-content\/uploads\/2024\/10\/Glazed-Apricot-Gelato-Strain-300x200.webp",300,200,true],"medium_large":["https:\/\/pressurezone.shop\/wp-content\/uploads\/2024\/10\/Glazed-Apricot-Gelato-Strain-768x512.webp",768,512,true],"large":["https:\/\/pressurezone.shop\/wp-content\/uploads\/2024\/10\/Glazed-Apricot-Gelato-Strain-1024x683.webp",1024,683,true],"1536x1536":["https:\/\/pressurezone.shop\/wp-content\/uploads\/2024\/10\/Glazed-Apricot-Gelato-Strain-1536x1024.webp",1536,1024,true],"2048x2048":["https:\/\/pressurezone.shop\/wp-content\/uploads\/2024\/10\/Glazed-Apricot-Gelato-Strain.webp",2048,1365,false],"trp-custom-language-flag":["https:\/\/pressurezone.shop\/wp-content\/uploads\/2024\/10\/Glazed-Apricot-Gelato-Strain-18x12.webp",18,12,true],"woocommerce_thumbnail":["https:\/\/pressurezone.shop\/wp-content\/uploads\/2024\/10\/Glazed-Apricot-Gelato-Strain-300x300.webp",300,300,true],"woocommerce_single":["https:\/\/pressurezone.shop\/wp-content\/uploads\/2024\/10\/Glazed-Apricot-Gelato-Strain-600x400.webp",600,400,true],"woocommerce_gallery_thumbnail":["https:\/\/pressurezone.shop\/wp-content\/uploads\/2024\/10\/Glazed-Apricot-Gelato-Strain-100x100.webp",100,100,true]},"uagb_author_info":{"display_name":"pressurezone.shop","author_link":"https:\/\/pressurezone.shop\/nl\/author\/"},"uagb_comment_info":0,"uagb_excerpt":"Achetez la Vari\u00e9t\u00e9 Glazed Apricot Gelato Strain en Ligne en Europe sur Pressure Zone D\u00e9couvrez Glazed Apricot Gelato Strain, une vari\u00e9t\u00e9 de cannabis hybride \u00e0 dominance indica (70% indica \/ 30% sativa) qui combine les c\u00e9l\u00e8bres souches Gelato #1, Legend, et Orange Apricot. Avec un taux de THC \u00e9lev\u00e9, atteignant jusqu&rsquo;\u00e0 26%, cette vari\u00e9t\u00e9 est&hellip;","_links":{"self":[{"href":"https:\/\/pressurezone.shop\/nl\/wp-json\/wp\/v2\/product\/3022"}],"collection":[{"href":"https:\/\/pressurezone.shop\/nl\/wp-json\/wp\/v2\/product"}],"about":[{"href":"https:\/\/pressurezone.shop\/nl\/wp-json\/wp\/v2\/types\/product"}],"replies":[{"embeddable":true,"href":"https:\/\/pressurezone.shop\/nl\/wp-json\/wp\/v2\/comments?post=3022"}],"version-history":[{"count":3,"href":"https:\/\/pressurezone.shop\/nl\/wp-json\/wp\/v2\/product\/3022\/revisions"}],"predecessor-version":[{"id":3784,"href":"https:\/\/pressurezone.shop\/nl\/wp-json\/wp\/v2\/product\/3022\/revisions\/3784"}],"wp:featuredmedia":[{"embeddable":true,"href":"https:\/\/pressurezone.shop\/nl\/wp-json\/wp\/v2\/media\/3106"}],"wp:attachment":[{"href":"https:\/\/pressurezone.shop\/nl\/wp-json\/wp\/v2\/media?parent=3022"}],"wp:term":[{"taxonomy":"product_brand","embeddable":true,"href":"https:\/\/pressurezone.shop\/nl\/wp-json\/wp\/v2\/product_brand?post=3022"},{"taxonomy":"product_cat","embeddable":true,"href":"https:\/\/pressurezone.shop\/nl\/wp-json\/wp\/v2\/product_cat?post=3022"},{"taxonomy":"product_tag","embeddable":true,"href":"https:\/\/pressurezone.shop\/nl\/wp-json\/wp\/v2\/product_tag?post=3022"}],"curies":[{"name":"wp","href":"https:\/\/api.w.org\/{rel}","templated":true}]}}