{"id":3075,"date":"2024-10-11T00:50:08","date_gmt":"2024-10-10T22:50:08","guid":{"rendered":"https:\/\/pressurezone.shop\/?post_type=product&#038;p=3075"},"modified":"2024-11-02T20:49:58","modified_gmt":"2024-11-02T19:49:58","slug":"variete-berry-white-weed","status":"publish","type":"product","link":"https:\/\/pressurezone.shop\/nl\/product\/varieteit-bes-wit-wiet\/","title":{"rendered":"Berry White Wiet"},"content":{"rendered":"<h3><strong>Koop Berry White Weed Online in Europa op <a href=\"https:\/\/pressurezone.shop\/nl\/\" target=\"_new\" rel=\"noopener\">Drukzone<\/a><\/strong><\/h3>\n<p>Ontdek <strong>Berry Wit Wiet<\/strong>ook bekend als 'White Berry', een <strong>cannabisvari\u00ebteit<\/strong> Indica dominant die ontspanning en euforie combineert. Van de iconische kruising tussen <strong>Bosbessen<\/strong> en <strong>Witte weduwe<\/strong>Deze vari\u00ebteit wordt door cannabiskenners vaak beschouwd als een klassieker. <strong>Bessenwit<\/strong> biedt een evenwichtige ervaring met zowel kalmerende als stimulerende effecten, ideaal voor een ontspannen avond of om chronische pijn te verlichten.<\/p>\n<h3>Effecten en voordelen van Berry White Weed<\/h3>\n<p>La <strong>Berry White cannabissoort<\/strong> wordt gekenmerkt door snelle cerebrale effecten die je onmiddellijk onderdompelen in intense ontspanning. Dit is wat je van deze soort kunt verwachten:<\/p>\n<ul>\n<li><strong>Euforie en creativiteit<\/strong> Stimuleert de geest en bevordert een gevoel van welzijn.<\/li>\n<li><strong>Lichaamsontspanning<\/strong> Een kalmerend fysiek effect dat je helpt ontspannen.<\/li>\n<li><strong>Mild effect<\/strong> Ideaal voor een zachte, rustgevende ervaring, vaak vergezeld van een lichte couch-lock.<\/li>\n<\/ul>\n<p>Dankzij het evenwichtige profiel, <strong>Bessenwit<\/strong> is geschikt voor gebruikers die op zoek zijn naar de perfecte mix van lichamelijke ontspanning en mentale opleving. Geluid <strong>Krachtige THC<\/strong> maakt het een ideale optie voor een gezellige avond.<\/p>\n<h3>Therapeutische voordelen van Berry White Weed<\/h3>\n<p>Berry White wordt vaak aanbevolen om veel symptomen te verlichten dankzij de evenwichtige effecten:<\/p>\n<ul>\n<li><strong>Angst en stress verminderen<\/strong> Kalmeert de geest en helpt stressvolle gedachten te verminderen.<\/li>\n<li><strong>Verlichting van chronische pijn<\/strong> Verzacht hardnekkige lichaamspijnen.<\/li>\n<li><strong>Behandeling van slapeloosheid<\/strong> : Bevordert een diepe, rustgevende slaap.<\/li>\n<li><strong>Verbeterd humeur<\/strong> Effectief in het bestrijden van depressie en het verbeteren van de stemming.<\/li>\n<\/ul>\n<p>Deze <strong>cannabisvari\u00ebteit<\/strong> wordt ook gewaardeerd om zijn heilzame werking tegen migraine, hoofdpijn en zelfs de symptomen van ADHD en bipolaire stoornis.<\/p>\n<h3>Smaken en aroma's van Berry White Weed<\/h3>\n<p>La <strong>Berry White Onkruidvari\u00ebteit<\/strong> is ook een feest voor de zintuigen met zijn kenmerkende smaakprofiel:<\/p>\n<ul>\n<li><strong>Smaken<\/strong> Zoete bessen- en bosbessentonen, versterkt door een vleugje dennen en kruiden.<\/li>\n<li><strong>Smaken<\/strong> Een intense bosbessengeur, licht aards en pittig, met een vleugje zoetheid.<a href=\"https:\/\/fuelpackz.com\/\" target=\"_blank\" rel=\"noopener\">.<\/a><\/li>\n<\/ul>\n<p>De smaak van <strong>bosbessentaart<\/strong> geeft een gastronomisch tintje aan deze vari\u00ebteit, perfect voor wie houdt van een rijke, smakelijke ervaring.<\/p>\n<h3>Waarom Berry White Weed kopen op <a href=\"https:\/\/pressurezone.shop\/nl\/\" target=\"_new\" rel=\"noopener\">Drukzone<\/a>?<\/h3>\n<p>Op <strong>Drukzone<\/strong>selecteren we <strong>cannabis vari\u00ebteiten<\/strong> voor onze klanten in Europa. <strong>Berry Wit Wiet<\/strong> is een van onze vlaggenschipsoorten, bekend om zijn evenwichtige effecten en unieke smaakprofiel. Dit is waarom je bij ons zou moeten kopen:<\/p>\n<ul>\n<li><strong>Superieure kwaliteit<\/strong> Onze producten zijn getest en garanderen kracht en zuiverheid.<\/li>\n<li><strong>Uitgebalanceerde selectie<\/strong> Een variatie aangepast aan therapeutische behoeften en ontspanning.<\/li>\n<li><strong>Deskundige klantenservice<\/strong> We zijn hier om je te begeleiden naar <strong>cannabisvari\u00ebteit<\/strong> die aan je verwachtingen voldoet.<\/li>\n<\/ul>\n<h3>Veelgestelde vragen<\/h3>\n<h4>Wat zijn de belangrijkste effecten van Berry White Weed?<\/h4>\n<p>La <strong>Berry White Onkruidvari\u00ebteit<\/strong> biedt diepe ontspanning en een milde euforie. Het is ideaal om te ontspannen, creativiteit te stimuleren en te genieten van een gevoel van welzijn.<\/p>\n<h4>Is Berry White geschikt voor slapeloosheid?<\/h4>\n<p>Ja, Berry White is bijzonder effectief voor mensen die lijden aan slapeloosheid, dankzij de kalmerende effecten die een rustgevende slaap bevorderen.<\/p>\n<h4>Welke smaken en aroma's overheersen in Berry White?<\/h4>\n<p>De zoete, fruitige smaken van bessen en bosbessen overheersen, met aardse, pittige aroma's die de ervaring compleet en aangenaam maken.<\/p>\n<h3>Bestel Berry White Weed Variety online in Europa op <a href=\"https:\/\/pressurezone.shop\/nl\/\" target=\"_new\" rel=\"noopener\">Drukzone<\/a><\/h3>\n<p>Klaar om de perfecte balans van <strong>Berry Wit Wiet<\/strong>? <strong>Bestel nu<\/strong> op <a href=\"https:\/\/pressurezone.shop\/nl\/\" target=\"_new\" rel=\"noopener\">Drukzone<\/a> voor een ervaring van <strong>cannabisvari\u00ebteit<\/strong> ideaal voor ontspanning en welzijn. Onze producten van hoge kwaliteit en snelle, discrete service garanderen je een soepele, plezierige online winkelervaring.<\/p>","protected":false},"excerpt":{"rendered":"<p>Achetez la Vari\u00e9t\u00e9 Berry White Weed en Ligne en Europe sur Pressure Zone D\u00e9couvrez Berry White Weed, \u00e9galement connue sous le nom de \u201cWhite Berry\u201d, une vari\u00e9t\u00e9 de cannabis indica dominante qui allie relaxation et euphorie. Issue de l\u2019iconique croisement entre Blueberry et White Widow, cette vari\u00e9t\u00e9 est souvent consid\u00e9r\u00e9e comme un classique par les [&hellip;]<\/p>","protected":false},"featured_media":3162,"comment_status":"closed","ping_status":"closed","template":"","meta":{"_uag_custom_page_level_css":"","site-sidebar-layout":"default","site-content-layout":"","ast-site-content-layout":"default","site-content-style":"default","site-sidebar-style":"default","ast-global-header-display":"","ast-banner-title-visibility":"","ast-main-header-display":"","ast-hfb-above-header-display":"","ast-hfb-below-header-display":"","ast-hfb-mobile-header-display":"","site-post-title":"","ast-breadcrumbs-content":"","ast-featured-img":"","footer-sml-layout":"","theme-transparent-header-meta":"default","adv-header-id-meta":"","stick-header-meta":"","header-above-stick-meta":"","header-main-stick-meta":"","header-below-stick-meta":"","astra-migrate-meta-layouts":"set","ast-page-background-enabled":"default","ast-page-background-meta":{"desktop":{"background-color":"","background-image":"","background-repeat":"repeat","background-position":"center center","background-size":"auto","background-attachment":"scroll","background-type":"","background-media":"","overlay-type":"","overlay-color":"","overlay-opacity":"","overlay-gradient":""},"tablet":{"background-color":"","background-image":"","background-repeat":"repeat","background-position":"center center","background-size":"auto","background-attachment":"scroll","background-type":"","background-media":"","overlay-type":"","overlay-color":"","overlay-opacity":"","overlay-gradient":""},"mobile":{"background-color":"","background-image":"","background-repeat":"repeat","background-position":"center center","background-size":"auto","background-attachment":"scroll","background-type":"","background-media":"","overlay-type":"","overlay-color":"","overlay-opacity":"","overlay-gradient":""}},"ast-content-background-meta":{"desktop":{"background-color":"var(--ast-global-color-5)","background-image":"","background-repeat":"repeat","background-position":"center center","background-size":"auto","background-attachment":"scroll","background-type":"","background-media":"","overlay-type":"","overlay-color":"","overlay-opacity":"","overlay-gradient":""},"tablet":{"background-color":"var(--ast-global-color-5)","background-image":"","background-repeat":"repeat","background-position":"center center","background-size":"auto","background-attachment":"scroll","background-type":"","background-media":"","overlay-type":"","overlay-color":"","overlay-opacity":"","overlay-gradient":""},"mobile":{"background-color":"var(--ast-global-color-5)","background-image":"","background-repeat":"repeat","background-position":"center center","background-size":"auto","background-attachment":"scroll","background-type":"","background-media":"","overlay-type":"","overlay-color":"","overlay-opacity":"","overlay-gradient":""}}},"product_brand":[],"product_cat":[28,278],"product_tag":[321],"class_list":{"0":"post-3075","1":"product","2":"type-product","3":"status-publish","4":"has-post-thumbnail","6":"product_cat-varietes-de-cannabis","7":"product_cat-varietes-de-marijuana-indica","8":"product_tag-order-berry-white-weed-strain-europe","9":"desktop-align-left","10":"tablet-align-left","11":"mobile-align-left","13":"first","14":"instock","15":"shipping-taxable","16":"purchasable","17":"product-type-variable"},"uagb_featured_image_src":{"full":["https:\/\/pressurezone.shop\/wp-content\/uploads\/2024\/10\/Berry-White-Weed-Strain.webp",2048,1365,false],"thumbnail":["https:\/\/pressurezone.shop\/wp-content\/uploads\/2024\/10\/Berry-White-Weed-Strain-150x150.webp",150,150,true],"medium":["https:\/\/pressurezone.shop\/wp-content\/uploads\/2024\/10\/Berry-White-Weed-Strain-300x200.webp",300,200,true],"medium_large":["https:\/\/pressurezone.shop\/wp-content\/uploads\/2024\/10\/Berry-White-Weed-Strain-768x512.webp",768,512,true],"large":["https:\/\/pressurezone.shop\/wp-content\/uploads\/2024\/10\/Berry-White-Weed-Strain-1024x683.webp",1024,683,true],"1536x1536":["https:\/\/pressurezone.shop\/wp-content\/uploads\/2024\/10\/Berry-White-Weed-Strain-1536x1024.webp",1536,1024,true],"2048x2048":["https:\/\/pressurezone.shop\/wp-content\/uploads\/2024\/10\/Berry-White-Weed-Strain.webp",2048,1365,false],"trp-custom-language-flag":["https:\/\/pressurezone.shop\/wp-content\/uploads\/2024\/10\/Berry-White-Weed-Strain-18x12.webp",18,12,true],"woocommerce_thumbnail":["https:\/\/pressurezone.shop\/wp-content\/uploads\/2024\/10\/Berry-White-Weed-Strain-300x300.webp",300,300,true],"woocommerce_single":["https:\/\/pressurezone.shop\/wp-content\/uploads\/2024\/10\/Berry-White-Weed-Strain-600x400.webp",600,400,true],"woocommerce_gallery_thumbnail":["https:\/\/pressurezone.shop\/wp-content\/uploads\/2024\/10\/Berry-White-Weed-Strain-100x100.webp",100,100,true]},"uagb_author_info":{"display_name":"pressurezone.shop","author_link":"https:\/\/pressurezone.shop\/nl\/author\/"},"uagb_comment_info":0,"uagb_excerpt":"Achetez la Vari\u00e9t\u00e9 Berry White Weed en Ligne en Europe sur Pressure Zone D\u00e9couvrez Berry White Weed, \u00e9galement connue sous le nom de \u201cWhite Berry\u201d, une vari\u00e9t\u00e9 de cannabis indica dominante qui allie relaxation et euphorie. Issue de l\u2019iconique croisement entre Blueberry et White Widow, cette vari\u00e9t\u00e9 est souvent consid\u00e9r\u00e9e comme un classique par les&hellip;","_links":{"self":[{"href":"https:\/\/pressurezone.shop\/nl\/wp-json\/wp\/v2\/product\/3075"}],"collection":[{"href":"https:\/\/pressurezone.shop\/nl\/wp-json\/wp\/v2\/product"}],"about":[{"href":"https:\/\/pressurezone.shop\/nl\/wp-json\/wp\/v2\/types\/product"}],"replies":[{"embeddable":true,"href":"https:\/\/pressurezone.shop\/nl\/wp-json\/wp\/v2\/comments?post=3075"}],"version-history":[{"count":3,"href":"https:\/\/pressurezone.shop\/nl\/wp-json\/wp\/v2\/product\/3075\/revisions"}],"predecessor-version":[{"id":3641,"href":"https:\/\/pressurezone.shop\/nl\/wp-json\/wp\/v2\/product\/3075\/revisions\/3641"}],"wp:featuredmedia":[{"embeddable":true,"href":"https:\/\/pressurezone.shop\/nl\/wp-json\/wp\/v2\/media\/3162"}],"wp:attachment":[{"href":"https:\/\/pressurezone.shop\/nl\/wp-json\/wp\/v2\/media?parent=3075"}],"wp:term":[{"taxonomy":"product_brand","embeddable":true,"href":"https:\/\/pressurezone.shop\/nl\/wp-json\/wp\/v2\/product_brand?post=3075"},{"taxonomy":"product_cat","embeddable":true,"href":"https:\/\/pressurezone.shop\/nl\/wp-json\/wp\/v2\/product_cat?post=3075"},{"taxonomy":"product_tag","embeddable":true,"href":"https:\/\/pressurezone.shop\/nl\/wp-json\/wp\/v2\/product_tag?post=3075"}],"curies":[{"name":"wp","href":"https:\/\/api.w.org\/{rel}","templated":true}]}}